{"id":1958,"date":"2021-04-14T12:26:29","date_gmt":"2021-04-14T15:26:29","guid":{"rendered":"https:\/\/pamec.energy\/?page_id=1958"},"modified":"2025-08-01T11:12:34","modified_gmt":"2025-08-01T14:12:34","slug":"acerca-de-pamec","status":"publish","type":"page","link":"https:\/\/pamec.energy\/es\/acerca-de-pamec\/","title":{"rendered":"Acerca de PAMEC"},"content":{"rendered":"\n<p><span style=\"font-weight: 400;\">PAMEC.Energy Association es una organizaci\u00f3n sin \u00e1nimo de lucro creada para reunir a los investigadores en energ\u00edas marinas renovables de Am\u00e9rica (incluido el Caribe) mediante la Conferencia Panamericana de Energ\u00eda Marina (PAMEC), una conferencia de investigaci\u00f3n que forma parte de una red mundial de conferencias que incluye la <a href=\"https:\/\/ewtec.org\/\" target=\"_blank\" rel=\"noreferrer noopener\" data-type=\"URL\" data-id=\"https:\/\/ewtec.org\/\">Conferencia Europea sobre Energ\u00eda de las Olas y las Mareas<\/a> (EWTEC) y la <a href=\"https:\/\/www.awtec-headoffice.com\/\" data-type=\"URL\" data-id=\"https:\/\/www.awtec-headoffice.com\/\">Conferencia Asi\u00e1tica sobre Energ\u00eda de las Olas y las Mareas<\/a> (AWTEC). PAMEC tiene como objetivo fomentar el desarrollo de energ\u00edas renovables marinas a trav\u00e9s de la colaboraci\u00f3n entre investigadores, desarrolladores y proveedores.<\/span><\/p>\n\n<figure class=\"wp-block-image size-large\"><img fetchpriority=\"high\" decoding=\"async\" width=\"1000\" height=\"650\" src=\"https:\/\/pamec.energy\/wp-content\/uploads\/2021\/04\/About-Us.jpg\" alt=\"\" class=\"wp-image-1935\" srcset=\"https:\/\/pamec.energy\/wp-content\/uploads\/2021\/04\/About-Us.jpg 1000w, https:\/\/pamec.energy\/wp-content\/uploads\/2021\/04\/About-Us-250x163.jpg 250w, https:\/\/pamec.energy\/wp-content\/uploads\/2021\/04\/About-Us-768x499.jpg 768w\" sizes=\"(max-width: 1000px) 100vw, 1000px\" \/><figcaption class=\"wp-element-caption\"><em>Imagen cortes\u00eda de Grupo ICE.<\/em><\/figcaption><\/figure>\n\n<p><span style=\"font-weight: 400;\">PAMEC.Asociaci\u00f3n de Energ\u00eda se estableci\u00f3 para ser una organizaci\u00f3n permanente para brindar apoyo en la planificaci\u00f3n y ejecuci\u00f3n de las conferencias, as\u00ed como la continuidad entre eventos. La organizaci\u00f3n tiene como objetivo apoyar la investigaci\u00f3n y el desarrollo en una gama de tecnolog\u00edas de energ\u00edas renovables marinas, incluidas <a href=\"https:\/\/pamec.energy\/es\/acerca-de-pamec\/nuestro-alcance\/energia-de-vientos-de-la-costa\/\" target=\"_blank\" rel=\"noreferrer noopener\" data-type=\"URL\" data-id=\"https:\/\/pamec.energy\/about-pamec\/our-scope\/offshore-wind\/\">las e\u00f3licas marinas<\/a> , las <a href=\"https:\/\/pamec.energy\/es\/acerca-de-pamec\/nuestro-alcance\/energia-undimotriz\/\" target=\"_blank\" rel=\"noreferrer noopener\" data-type=\"URL\" data-id=\"https:\/\/pamec.energy\/about-pamec\/our-scope\/wave-energy\/\">olas<\/a> , las mareas, <a href=\"https:\/\/pamec.energy\/es\/acerca-de-pamec\/nuestro-alcance\/gradiente-salino\/\" target=\"_blank\" rel=\"noreferrer noopener\" data-type=\"URL\" data-id=\"https:\/\/pamec.energy\/about-pamec\/our-scope\/salinity-gradient\/\">los gradientes de salinidad<\/a> , <a href=\"https:\/\/pamec.energy\/es\/acerca-de-pamec\/nuestro-alcance\/corrientes-oceanicas\/\" target=\"_blank\" rel=\"noreferrer noopener\" data-type=\"URL\" data-id=\"https:\/\/pamec.energy\/about-pamec\/our-scope\/ocean-currents\/\">las corrientes oce\u00e1nicas<\/a> y los <a href=\"https:\/\/pamec.energy\/es\/acerca-de-pamec\/nuestro-alcance\/gradientes-termicos\/\" target=\"_blank\" rel=\"noreferrer noopener\" data-type=\"URL\" data-id=\"https:\/\/pamec.energy\/about-pamec\/our-scope\/thermal-gradients\/\">gradientes t\u00e9rmicos<\/a> . <\/span><\/p>\n\n<p><span style=\"font-weight: 400;\">La asociaci\u00f3n mantiene este sitio web y publica un bolet\u00edn para conectar a los miembros con actividades en todo el continente americano, incluido el Caribe. Luego del \u00e9xito de PAMEC 2020 y los talleres paralelos en Costa Rica, PAMEC.Energy Association ofrece su apoyo para la organizaci\u00f3n de eventos en Panamerica que se alineen con el alcance de la organizaci\u00f3n durante y entre conferencias. <\/span><\/p>\n\n<h2 class=\"wp-block-heading\">Junta Directiva<\/h2>\n\n<p><span style=\"font-weight: 400;\">La Junta Directiva fundadora estaba formada por personas con una larga experiencia e inter\u00e9s en asuntos de Energ\u00eda Renovable Marina. M\u00e1s miembros, procedentes de todas las regiones de Am\u00e9rica y de diversos \u00e1mbitos t\u00e9cnicos, se han unido a la Asociaci\u00f3n PAMEC.Energy y se ha constituido una lista completa de 13 Directores. M\u00e1s informaci\u00f3n sobre c\u00f3mo se eligen los Directores est\u00e1 disponible <a href=\"https:\/\/pamec.energy\/wp-content\/uploads\/2024\/12\/PAMEC-Policy_Board-Nominations-%5E0-Election-Procedures_December_2024.pdf\" data-type=\"URL\" data-id=\"https:\/\/pamec.energy\/wp-content\/uploads\/2021\/02\/PAMEC-Policy_Jan2021.pdf\">aqu\u00ed<\/a> , y los detalles de nuestra Junta Directiva actual se pueden encontrar <a href=\"https:\/\/pamec.energy\/es\/acerca-de-pamec\/estructura-organizacional\/junta-directiva\/\" data-type=\"URL\" data-id=\"https:\/\/pamec.energy\/directors\/\">aqu\u00ed<\/a> . <\/span><\/p>\n\n<h2 class=\"wp-block-heading\">Estructura organizativa<\/h2>\n\n<p><span style=\"font-weight: 400;\">PAMEC tiene varios comit\u00e9s\/juntas para ayudarnos a planificar e implementar nuestras conferencias. La<a href=\"https:\/\/pamec.energy\/es\/acerca-de-pamec\/estructura-organizacional\/junta-directiva\/\" target=\"_blank\" rel=\"noreferrer noopener\" data-type=\"URL\" data-id=\"https:\/\/pamec.energy\/about-pamec\/organizational-structure\/directors\/\"> Junta Directiva<\/a> de la Asociaci\u00f3n PAMEC.Energy es el \u00f3rgano de gobierno general, pero la <a href=\"https:\/\/pamec.energy\/about-pamec\/organizational-structure\/technical-and-program-board\/\" target=\"_blank\" rel=\"noreferrer noopener\">Junta T\u00e9cnica y de Programa<\/a>, as\u00ed como el Comit\u00e9 Organizador Local, desempe\u00f1an papeles importantes para garantizar que las conferencias que celebramos sean relevantes y \u00fatiles para apoyar las actividades de investigaci\u00f3n y desarrollo de energ\u00edas renovables en y desde el medio marino.  <\/span><\/p>\n\n<p><span style=\"font-weight: 400;\">Para unirnos a las Comunidades de Investigaci\u00f3n Internacionales representadas por EWTEC y AWTEC, tambi\u00e9n contamos con un <a href=\"https:\/\/pamec.energy\/es\/acerca-de-pamec\/estructura-organizacional\/junta-asesora-internacional\/\" target=\"_blank\" rel=\"noreferrer noopener\" data-type=\"URL\" data-id=\"https:\/\/pamec.energy\/about-pamec\/organizational-structure\/international-advisory-board\/\">Consejo Asesor Internacional<\/a> . <\/span><\/p>\n\n<h2 class=\"wp-block-heading\">estatutos<\/h2>\n\n<p><span style=\"font-weight: 400;\">PAMEC.Energy Association tiene estatus legal bajo la Ley de Sociedades de Nueva Escocia (Canad\u00e1). El Prop\u00f3sito de la organizaci\u00f3n y sus estatutos pretenden apoyar a una amplia membres\u00eda de personas interesadas en la investigaci\u00f3n y el desarrollo de energ\u00edas renovables marinas en las Am\u00e9ricas. Los estatutos de la <a href=\"https:\/\/pamec.energy\/wp-content\/uploads\/2024\/01\/PAMEC-Bylaws-5.pdf\" data-type=\"URL\" data-id=\"https:\/\/pamec.energy\/wp-content\/uploads\/2018\/08\/PAMEC-Bylaws-V3_3.pdf\" target=\"_blank\" rel=\"noreferrer noopener\">PAMEC.Energy Association<\/a> han sido aprobados por el Registro de Sociedades An\u00f3nimas de Nueva Escocia.<\/span><\/p>\n\n<div style=\"height:100px\" aria-hidden=\"true\" class=\"wp-block-spacer\"><\/div>\n<noscript class=\"ninja-forms-noscript-message\">\n\tAviso: JavaScript es necesario para este contenido.<\/noscript>\n<div id=\"nf-form-5-cont\" class=\"nf-form-cont\" aria-live=\"polite\" aria-labelledby=\"nf-form-title-5\" aria-describedby=\"nf-form-errors-5\" role=\"form\">\n\n    <div class=\"nf-loading-spinner\"><\/div>\n\n<\/div>\n        <!-- That data is being printed as a workaround to page builders reordering the order of the scripts loaded-->\n        <script>var formDisplay=1;var nfForms=nfForms||[];var form=[];form.id='5';form.settings={\"objectType\":\"Form Setting\",\"editActive\":true,\"title\":\"Contact Form\",\"created_at\":\"2022-04-16 11:13:31\",\"form_title\":\"Contact Form\",\"default_label_pos\":\"above\",\"show_title\":\"1\",\"clear_complete\":\"1\",\"hide_complete\":\"1\",\"logged_in\":\"0\",\"seq_num\":\"0\",\"key\":\"CF5b588df92d2b7\",\"conditions\":[],\"formContentData\":[\"header\",\"name\",\"email_address\",\"message\",\"comments_questions\",\"add_you_to_the_pamecenergy_newsletter_you_can_unsubscribe_at_any_time\",\"recaptcha_1735044113152\",\"submit\"],\"calculations\":[],\"allow_public_link\":0,\"embed_form\":\"\",\"wrapper_class\":\"\",\"element_class\":\"\",\"add_submit\":1,\"currency\":\"\",\"unique_field_error\":\"A form with this value has already been submitted.\",\"not_logged_in_msg\":\"\",\"sub_limit_msg\":\"The form has reached its submission limit.\",\"form_title_heading_level\":\"3\",\"changeEmailErrorMsg\":\"Introduce una direcci\\u00f3n de correo electr\\u00f3nico v\\u00e1lida.\",\"changeDateErrorMsg\":\"\\u00a1Introduce una fecha v\\u00e1lida!\",\"confirmFieldErrorMsg\":\"Estos campos deben coincidir.\",\"fieldNumberNumMinError\":\"Error de n\\u00famero m\\u00ednimo\",\"fieldNumberNumMaxError\":\"Error de n\\u00famero m\\u00e1ximo\",\"fieldNumberIncrementBy\":\"Increm\\u00e9ntalo por \",\"formErrorsCorrectErrors\":\"Corrige los errores antes de enviar este formulario.\",\"validateRequiredField\":\"Esto es un campo obligatorio.\",\"honeypotHoneypotError\":\"Error de Honeypot\",\"fieldsMarkedRequired\":\"Los campos marcados con <span class=\\\"ninja-forms-req-symbol\\\">*<\\\/span> son obligatorios\",\"objectDomain\":\"display\",\"drawerDisabled\":false,\"public_link\":\"https:\\\/\\\/pamec.energy\\\/ninja-forms\\\/5obzy\",\"public_link_key\":\"5obzy\",\"ninjaForms\":\"Ninja Forms\",\"fieldTextareaRTEInsertLink\":\"Insertar enlace\",\"fieldTextareaRTEInsertMedia\":\"Insertar medios\",\"fieldTextareaRTESelectAFile\":\"Seleccione un archivo\",\"tableInsertRowAbove\":\"Insert Row Above\",\"tableInsertRowBelow\":\"Insert Row Below\",\"tableInsertColumnLeft\":\"Insert Column Left\",\"tableInsertColumnRight\":\"Insert Column Right\",\"tableDeleteRow\":\"Delete Row\",\"tableDeleteColumn\":\"Delete Column\",\"tableDeleteTable\":\"Delete Table\",\"tableLegacyNotice\":\"This content has tables in the old editor format. Custom styles are preserved until converted. Editing will update to the new format.\",\"tableLegacyConvert\":\"Convert Now\",\"tableInsertTable\":\"Insert Table\",\"dismiss\":\"Descartar\",\"insertLink\":\"Insertar enlace\",\"formHoneypot\":\"Si eres un ser humano y est\\u00e1s viendo este campo, por favor d\\u00e9jalo vac\\u00edo.\",\"fileUploadOldCodeFileUploadInProgress\":\"Subida de archivo en curso.\",\"fileUploadOldCodeFileUpload\":\"SUBIDA DE ARCHIVO\",\"currencySymbol\":\"&#36;\",\"thousands_sep\":\".\",\"decimal_point\":\",\",\"siteLocale\":\"es_ES\",\"dateFormat\":\"m\\\/d\\\/Y\",\"startOfWeek\":\"1\",\"of\":\"de\",\"previousMonth\":\"Mes anterior\",\"nextMonth\":\"Pr\\u00f3ximo mes\",\"months\":[\"Enero\",\"Febrero\",\"Marzo\",\"Abril\",\"Mayo\",\"Junio\",\"Julio\",\"Agosto\",\"Septiembre\",\"Octubre\",\"Noviembre\",\"Diciembre\"],\"monthsShort\":[\"Ene\",\"Feb\",\"Mar\",\"Abr\",\"Mayo\",\"Jun\",\"Jul\",\"Ago\",\"Sep\",\"Oct\",\"Nov\",\"Dic\"],\"weekdays\":[\"Domingo\",\"Lunes\",\"Martes\",\"Mi\\u00e9rcoles\",\"Jueves\",\"Viernes\",\"S\\u00e1bado\"],\"weekdaysShort\":[\"Dom\",\"Lun\",\"Mar\",\"Mi\\u00e9\",\"Jue\",\"Vie\",\"S\\u00e1b\"],\"weekdaysMin\":[\"Do\",\"Lu\",\"Ma\",\"Mi\",\"Ju\",\"Vi\",\"S\\u00e1\"],\"recaptchaConsentMissing\":\"reCaptcha validation couldn&#039;t load.\",\"recaptchaMissingCookie\":\"reCaptcha v3 validation couldn&#039;t load the cookie needed to submit the form.\",\"recaptchaConsentEvent\":\"Accept reCaptcha cookies before sending the form.\",\"currency_symbol\":\"\",\"beforeForm\":\"\",\"beforeFields\":\"\",\"afterFields\":\"\",\"afterForm\":\"\"};form.fields=[{\"objectType\":\"Field\",\"objectDomain\":\"fields\",\"editActive\":false,\"order\":1,\"idAttribute\":\"id\",\"label\":\"header\",\"type\":\"html\",\"field_label\":\"header\",\"key\":\"header\",\"field_key\":\"header\",\"placeholder\":\"\",\"default\":\"<h2>Connect with PAMEC<\\\/h2>\\n\",\"desc_text\":\"\",\"personally_identifiable\":0,\"required\":0,\"label_pos\":\"above\",\"container_class\":\"\",\"element_class\":\"\",\"admin_label\":\"\",\"id\":81,\"beforeField\":\"\",\"afterField\":\"\",\"value\":\"<h2>Connect with PAMEC<\\\/h2>\\n\",\"parentType\":\"html\",\"element_templates\":[\"html\",\"input\"],\"old_classname\":\"\",\"wrap_template\":\"wrap\"},{\"objectType\":\"Field\",\"objectDomain\":\"fields\",\"editActive\":false,\"order\":2,\"idAttribute\":\"id\",\"label\":\"Full Name\",\"type\":\"textbox\",\"field_label\":\"Full Name\",\"key\":\"name\",\"field_key\":\"name\",\"placeholder\":\"\",\"default\":\"\",\"desc_text\":\"\",\"personally_identifiable\":0,\"required\":1,\"label_pos\":\"above\",\"container_class\":\"\",\"element_class\":\"\",\"input_limit\":\"\",\"input_limit_type\":\"characters\",\"input_limit_msg\":\"Character(s) left\",\"manual_key\":false,\"admin_label\":\"\",\"help_text\":\"\",\"mask\":\"\",\"custom_mask\":\"\",\"custom_name_attribute\":\"\",\"value\":\"\",\"drawerDisabled\":false,\"id\":82,\"beforeField\":\"\",\"afterField\":\"\",\"parentType\":\"textbox\",\"element_templates\":[\"textbox\",\"input\"],\"old_classname\":\"\",\"wrap_template\":\"wrap\"},{\"objectType\":\"Field\",\"objectDomain\":\"fields\",\"editActive\":false,\"order\":3,\"idAttribute\":\"id\",\"label\":\"Email Address\",\"type\":\"email\",\"field_label\":\"Email Address\",\"key\":\"email_address\",\"field_key\":\"email_address\",\"placeholder\":\"\",\"default\":\"\",\"desc_text\":\"\",\"personally_identifiable\":0,\"required\":1,\"label_pos\":\"above\",\"container_class\":\"\",\"element_class\":\"\",\"admin_label\":\"\",\"help_text\":\"\",\"custom_name_attribute\":\"email\",\"value\":\"\",\"id\":83,\"beforeField\":\"\",\"afterField\":\"\",\"parentType\":\"email\",\"element_templates\":[\"email\",\"input\"],\"old_classname\":\"\",\"wrap_template\":\"wrap\"},{\"objectType\":\"Field\",\"objectDomain\":\"fields\",\"editActive\":false,\"order\":4,\"idAttribute\":\"id\",\"label\":\"Message\",\"type\":\"html\",\"field_label\":\"Message\",\"key\":\"message\",\"field_key\":\"message\",\"placeholder\":\"\",\"default\":\"<h3>How can we help?<\\\/h3>\\n<p>Feel free to ask a question or simply leave a comment.<\\\/p>\",\"desc_text\":\"\",\"personally_identifiable\":0,\"required\":0,\"label_pos\":\"above\",\"container_class\":\"\",\"element_class\":\"\",\"drawerDisabled\":false,\"admin_label\":\"\",\"id\":84,\"beforeField\":\"\",\"afterField\":\"\",\"value\":\"<h3>How can we help?<\\\/h3>\\n<p>Feel free to ask a question or simply leave a comment.<\\\/p>\",\"parentType\":\"html\",\"element_templates\":[\"html\",\"input\"],\"old_classname\":\"\",\"wrap_template\":\"wrap\"},{\"objectType\":\"Field\",\"objectDomain\":\"fields\",\"editActive\":false,\"order\":5,\"idAttribute\":\"id\",\"label\":\"Comments \\\/ Questions\",\"type\":\"textarea\",\"field_label\":\"Comments \\\/ Questions\",\"key\":\"comments_questions\",\"field_key\":\"comments_questions\",\"placeholder\":\"\",\"default\":\"\",\"desc_text\":\"\",\"personally_identifiable\":0,\"required\":1,\"label_pos\":\"above\",\"container_class\":\"\",\"element_class\":\"\",\"input_limit\":\"\",\"input_limit_type\":\"characters\",\"input_limit_msg\":\"Character(s) left\",\"manual_key\":false,\"admin_label\":\"\",\"help_text\":\"\",\"textarea_rte\":\"\",\"disable_rte_mobile\":\"\",\"textarea_media\":\"\",\"value\":\"\",\"id\":85,\"beforeField\":\"\",\"afterField\":\"\",\"parentType\":\"textarea\",\"element_templates\":[\"textarea\",\"input\"],\"old_classname\":\"\",\"wrap_template\":\"wrap\"},{\"objectType\":\"Field\",\"objectDomain\":\"fields\",\"editActive\":false,\"order\":6,\"idAttribute\":\"id\",\"label\":\"Add you to the PAMEC.Energy newsletter? You can unsubscribe at any time.\",\"type\":\"listradio\",\"field_label\":\"Add you to the PAMEC.Energy newsletter? You can unsubscribe at any time.\",\"key\":\"add_you_to_the_pamecenergy_newsletter_you_can_unsubscribe_at_any_time\",\"field_key\":\"add_you_to_the_pamecenergy_newsletter_you_can_unsubscribe_at_any_time\",\"placeholder\":\"\",\"default\":\"\",\"desc_text\":\"\",\"personally_identifiable\":0,\"required\":1,\"label_pos\":\"above\",\"container_class\":\"\",\"options\":[{\"errors\":[],\"max_options\":0,\"label\":\"Yes\",\"value\":\"Yes\",\"calc\":\"Yes\",\"selected\":\"\",\"settingModel\":{\"settings\":false,\"hide_merge_tags\":false,\"error\":false,\"name\":\"options\",\"type\":\"option-repeater\",\"label\":\"Options <a href=\\\"#\\\" class=\\\"nf-add-new\\\">Add New<\\\/a> <a href=\\\"#\\\" class=\\\"extra nf-open-import-tooltip\\\"><i class=\\\"fa fa-sign-in\\\" aria-hidden=\\\"true\\\"><\\\/i> Import<\\\/a>\",\"width\":\"full\",\"group\":\"\",\"value\":[{\"label\":\"One\",\"value\":\"one\",\"calc\":\"\",\"selected\":0,\"order\":0},{\"label\":\"Two\",\"value\":\"two\",\"calc\":\"\",\"selected\":0,\"order\":1},{\"label\":\"Three\",\"value\":\"three\",\"calc\":\"\",\"selected\":0,\"order\":2}],\"columns\":{\"label\":{\"header\":\"Label\",\"default\":\"\"},\"value\":{\"header\":\"Value\",\"default\":\"\"},\"calc\":{\"header\":\"Calc Value\",\"default\":\"\"},\"selected\":{\"header\":\"<span class=\\\"dashicons dashicons-yes\\\"><\\\/span>\",\"default\":0}}}},{\"errors\":[],\"max_options\":0,\"label\":\"No\",\"value\":\"No\",\"calc\":\"No\",\"selected\":\"\",\"settingModel\":{\"settings\":false,\"hide_merge_tags\":false,\"error\":false,\"name\":\"options\",\"type\":\"option-repeater\",\"label\":\"Options <a href=\\\"#\\\" class=\\\"nf-add-new\\\">Add New<\\\/a> <a href=\\\"#\\\" class=\\\"extra nf-open-import-tooltip\\\"><i class=\\\"fa fa-sign-in\\\" aria-hidden=\\\"true\\\"><\\\/i> Import<\\\/a>\",\"width\":\"full\",\"group\":\"\",\"value\":[{\"label\":\"One\",\"value\":\"one\",\"calc\":\"\",\"selected\":0,\"order\":0},{\"label\":\"Two\",\"value\":\"two\",\"calc\":\"\",\"selected\":0,\"order\":1},{\"label\":\"Three\",\"value\":\"three\",\"calc\":\"\",\"selected\":0,\"order\":2}],\"columns\":{\"label\":{\"header\":\"Label\",\"default\":\"\"},\"value\":{\"header\":\"Value\",\"default\":\"\"},\"calc\":{\"header\":\"Calc Value\",\"default\":\"\"},\"selected\":{\"header\":\"<span class=\\\"dashicons dashicons-yes\\\"><\\\/span>\",\"default\":0}}}}],\"element_class\":\"\",\"admin_label\":\"\",\"help_text\":\"\",\"value\":\"\",\"drawerDisabled\":false,\"id\":86,\"beforeField\":\"\",\"afterField\":\"\",\"parentType\":\"list\",\"element_templates\":[\"listradio\",\"input\"],\"old_classname\":\"list-radio\",\"wrap_template\":\"wrap\"},{\"objectType\":\"Field\",\"objectDomain\":\"fields\",\"editActive\":false,\"order\":7,\"idAttribute\":\"id\",\"label\":\"Recaptcha v2\",\"type\":\"recaptcha\",\"container_class\":\"\",\"element_class\":\"\",\"size\":\"visible\",\"key\":\"recaptcha_1735044113152\",\"drawerDisabled\":false,\"id\":332,\"beforeField\":\"\",\"afterField\":\"\",\"value\":\"\",\"label_pos\":\"above\",\"parentType\":\"textbox\",\"element_templates\":[\"recaptcha\",\"input\"],\"old_classname\":\"\",\"wrap_template\":\"wrap\",\"site_key\":\"6LfA0KQqAAAAAALWPZW1rg8DaxSQ7IDvV9ehZQCq\",\"theme\":\"light\",\"lang\":false},{\"objectType\":\"Field\",\"objectDomain\":\"fields\",\"editActive\":false,\"order\":8,\"idAttribute\":\"id\",\"label\":\"Send Message\",\"type\":\"submit\",\"field_label\":\"Send Message\",\"key\":\"submit\",\"field_key\":\"submit\",\"placeholder\":\"\",\"default\":\"\",\"desc_text\":\"\",\"personally_identifiable\":0,\"required\":0,\"label_pos\":\"above\",\"container_class\":\"\",\"processing_label\":\"Processing\",\"element_class\":\"\",\"value\":\"\",\"admin_label\":\"\",\"id\":87,\"beforeField\":\"\",\"afterField\":\"\",\"parentType\":\"textbox\",\"element_templates\":[\"submit\",\"button\",\"input\"],\"old_classname\":\"\",\"wrap_template\":\"wrap-no-label\"}];nfForms.push(form);<\/script>\n        \n<div style=\"height:100px\" aria-hidden=\"true\" class=\"wp-block-spacer\"><\/div>\n\n<hr class=\"wp-block-separator has-css-opacity\"\/>\n\n<p>\u00a0<\/p>\n","protected":false},"excerpt":{"rendered":"<p>PAMEC.Energy Association es una organizaci\u00f3n sin \u00e1nimo de lucro creada para reunir a los investigadores en energ\u00edas marinas renovables de Am\u00e9rica (incluido el Caribe) mediante la Conferencia Panamericana de Energ\u00eda Marina (PAMEC), una conferencia de investigaci\u00f3n que forma parte de una red mundial de conferencias que incluye la Conferencia Europea sobre Energ\u00eda de las Olas &#8230; <a title=\"Acerca de PAMEC\" class=\"read-more\" href=\"https:\/\/pamec.energy\/es\/acerca-de-pamec\/\" aria-label=\"Leer m\u00e1s sobre Acerca de PAMEC\">Leer m\u00e1s<\/a><\/p>\n","protected":false},"author":3,"featured_media":0,"parent":0,"menu_order":0,"comment_status":"closed","ping_status":"closed","template":"","meta":{"generate_page_header":"","footnotes":""},"class_list":["post-1958","page","type-page","status-publish"],"_links":{"self":[{"href":"https:\/\/pamec.energy\/es\/wp-json\/wp\/v2\/pages\/1958","targetHints":{"allow":["GET"]}}],"collection":[{"href":"https:\/\/pamec.energy\/es\/wp-json\/wp\/v2\/pages"}],"about":[{"href":"https:\/\/pamec.energy\/es\/wp-json\/wp\/v2\/types\/page"}],"author":[{"embeddable":true,"href":"https:\/\/pamec.energy\/es\/wp-json\/wp\/v2\/users\/3"}],"replies":[{"embeddable":true,"href":"https:\/\/pamec.energy\/es\/wp-json\/wp\/v2\/comments?post=1958"}],"version-history":[{"count":21,"href":"https:\/\/pamec.energy\/es\/wp-json\/wp\/v2\/pages\/1958\/revisions"}],"predecessor-version":[{"id":8546,"href":"https:\/\/pamec.energy\/es\/wp-json\/wp\/v2\/pages\/1958\/revisions\/8546"}],"wp:attachment":[{"href":"https:\/\/pamec.energy\/es\/wp-json\/wp\/v2\/media?parent=1958"}],"curies":[{"name":"wp","href":"https:\/\/api.w.org\/{rel}","templated":true}]}}