{"id":2050,"date":"2021-04-15T22:10:02","date_gmt":"2021-04-16T01:10:02","guid":{"rendered":"https:\/\/pamec.energy\/?page_id=2050"},"modified":"2023-03-30T18:09:19","modified_gmt":"2023-03-30T21:09:19","slug":"nuestro-alcance","status":"publish","type":"page","link":"https:\/\/pamec.energy\/es\/acerca-de-pamec\/nuestro-alcance\/","title":{"rendered":"Nuestro Alcance"},"content":{"rendered":"\n<p>Eche un vistazo a la descripci\u00f3n de las tecnolog\u00edas que admitimos, escrita por nuestros colegas en las Am\u00e9ricas y seleccionadas seg\u00fan su experiencia.<\/p>\n\n<div style=\"height:21px\" aria-hidden=\"true\" class=\"wp-block-spacer\"><\/div>\n\n<div class=\"wp-block-columns is-layout-flex wp-container-core-columns-is-layout-9d6595d7 wp-block-columns-is-layout-flex\">\n<div class=\"wp-block-column is-layout-flow wp-block-column-is-layout-flow\"><div class=\"wp-block-image\">\n<figure class=\"aligncenter size-large\"><a href=\"https:\/\/pamec.energy\/es\/acerca-de-pamec\/nuestro-alcance\/corrientes-oceanicas\/\"><img fetchpriority=\"high\" decoding=\"async\" width=\"300\" height=\"300\" src=\"https:\/\/pamec.energy\/wp-content\/uploads\/2021\/04\/Ocean-Currents.jpg\" alt=\"\" class=\"wp-image-2028\" srcset=\"https:\/\/pamec.energy\/wp-content\/uploads\/2021\/04\/Ocean-Currents.jpg 300w, https:\/\/pamec.energy\/wp-content\/uploads\/2021\/04\/Ocean-Currents-250x250.jpg 250w, https:\/\/pamec.energy\/wp-content\/uploads\/2021\/04\/Ocean-Currents-150x150.jpg 150w\" sizes=\"(max-width: 300px) 100vw, 300px\" \/><\/a><figcaption class=\"wp-element-caption\"><strong><a href=\"https:\/\/pamec.energy\/es\/acerca-de-pamec\/nuestro-alcance\/corrientes-oceanicas\/\" data-type=\"URL\" data-id=\"https:\/\/pamec.energy\/about-pamec\/our-scope\/ocean-currents\/\">Corrientes Oce\u00e1nicas<\/a><\/strong><br\/><em><span class=\"has-inline-color has-black-color\">por<\/span><\/em><span class=\"has-inline-color has-cyan-bluish-gray-color\"> <\/span>PNNL<\/figcaption><\/figure>\n<\/div><\/div>\n\n\n\n<div class=\"wp-block-column is-layout-flow wp-block-column-is-layout-flow\"><div class=\"wp-block-image\">\n<figure class=\"aligncenter size-large\"><a href=\"https:\/\/pamec.energy\/es\/acerca-de-pamec\/nuestro-alcance\/energia-undimotriz\/\"><img decoding=\"async\" width=\"300\" height=\"300\" src=\"https:\/\/pamec.energy\/wp-content\/uploads\/2021\/04\/Waves.jpg\" alt=\"\" class=\"wp-image-2036\" srcset=\"https:\/\/pamec.energy\/wp-content\/uploads\/2021\/04\/Waves.jpg 300w, https:\/\/pamec.energy\/wp-content\/uploads\/2021\/04\/Waves-250x250.jpg 250w, https:\/\/pamec.energy\/wp-content\/uploads\/2021\/04\/Waves-150x150.jpg 150w\" sizes=\"(max-width: 300px) 100vw, 300px\" \/><\/a><figcaption class=\"wp-element-caption\"><strong><a href=\"https:\/\/pamec.energy\/es\/acerca-de-pamec\/nuestro-alcance\/energia-undimotriz\/\" data-type=\"URL\" data-id=\"https:\/\/pamec.energy\/about-pamec\/our-scope\/wave-energy\/\">Olas<\/a><\/strong><br\/><em><span class=\"has-inline-color has-black-color\">por<\/span><\/em> MERIC<\/figcaption><\/figure>\n<\/div><\/div>\n\n\n\n<div class=\"wp-block-column is-layout-flow wp-block-column-is-layout-flow\"><div class=\"wp-block-image\">\n<figure class=\"aligncenter size-large\"><img decoding=\"async\" width=\"300\" height=\"300\" src=\"https:\/\/pamec.energy\/wp-content\/uploads\/2021\/04\/Tidal-Currents.jpg\" alt=\"\" class=\"wp-image-2034\" srcset=\"https:\/\/pamec.energy\/wp-content\/uploads\/2021\/04\/Tidal-Currents.jpg 300w, https:\/\/pamec.energy\/wp-content\/uploads\/2021\/04\/Tidal-Currents-250x250.jpg 250w, https:\/\/pamec.energy\/wp-content\/uploads\/2021\/04\/Tidal-Currents-150x150.jpg 150w\" sizes=\"(max-width: 300px) 100vw, 300px\" \/><figcaption class=\"wp-element-caption\"><strong>Corrientes de Marea<\/strong><br\/><span class=\"has-inline-color has-black-color\"><em>por<\/em><\/span> Asociaci\u00f3n de Energ\u00eda PAMEC<\/figcaption><\/figure>\n<\/div><\/div>\n<\/div>\n\n<div style=\"height:13px\" aria-hidden=\"true\" class=\"wp-block-spacer\"><\/div>\n\n<div class=\"wp-block-columns is-layout-flex wp-container-core-columns-is-layout-9d6595d7 wp-block-columns-is-layout-flex\">\n<div class=\"wp-block-column is-layout-flow wp-block-column-is-layout-flow\">\n<figure class=\"wp-block-image size-large\"><a href=\"https:\/\/pamec.energy\/es\/acerca-de-pamec\/nuestro-alcance\/gradiente-salino\/\"><img loading=\"lazy\" decoding=\"async\" width=\"300\" height=\"300\" src=\"https:\/\/pamec.energy\/wp-content\/uploads\/2021\/04\/Salinity.jpg\" alt=\"\" class=\"wp-image-2032\" srcset=\"https:\/\/pamec.energy\/wp-content\/uploads\/2021\/04\/Salinity.jpg 300w, https:\/\/pamec.energy\/wp-content\/uploads\/2021\/04\/Salinity-250x250.jpg 250w, https:\/\/pamec.energy\/wp-content\/uploads\/2021\/04\/Salinity-150x150.jpg 150w\" sizes=\"(max-width: 300px) 100vw, 300px\" \/><\/a><figcaption class=\"wp-element-caption\"><strong><a href=\"https:\/\/pamec.energy\/es\/acerca-de-pamec\/nuestro-alcance\/gradiente-salino\/\" data-type=\"URL\" data-id=\"https:\/\/pamec.energy\/about-pamec\/our-scope\/salinity-gradient\/\">Gradiente de salinidad<\/a><\/strong><br\/><em>por<\/em> ESIQIE et al.<\/figcaption><\/figure>\n<\/div>\n\n\n\n<div class=\"wp-block-column is-layout-flow wp-block-column-is-layout-flow\">\n<figure class=\"wp-block-image size-large\"><a href=\"https:\/\/pamec.energy\/es\/acerca-de-pamec\/nuestro-alcance\/energia-de-vientos-de-la-costa\/\"><img loading=\"lazy\" decoding=\"async\" width=\"300\" height=\"300\" src=\"https:\/\/pamec.energy\/wp-content\/uploads\/2021\/04\/Wind.jpg\" alt=\"\" class=\"wp-image-2038\" srcset=\"https:\/\/pamec.energy\/wp-content\/uploads\/2021\/04\/Wind.jpg 300w, https:\/\/pamec.energy\/wp-content\/uploads\/2021\/04\/Wind-250x250.jpg 250w, https:\/\/pamec.energy\/wp-content\/uploads\/2021\/04\/Wind-150x150.jpg 150w\" sizes=\"(max-width: 300px) 100vw, 300px\" \/><\/a><figcaption class=\"wp-element-caption\"><strong><a href=\"https:\/\/pamec.energy\/es\/acerca-de-pamec\/nuestro-alcance\/energia-de-vientos-de-la-costa\/\">Vientos de la Costa<\/a><\/strong><br\/><em>por<\/em> GERO &amp; COPPE<\/figcaption><\/figure>\n<\/div>\n\n\n\n<div class=\"wp-block-column is-layout-flow wp-block-column-is-layout-flow\">\n<figure class=\"wp-block-image size-large\"><a href=\"https:\/\/pamec.energy\/es\/acerca-de-pamec\/nuestro-alcance\/gradientes-termicos\/\"><img loading=\"lazy\" decoding=\"async\" width=\"300\" height=\"300\" src=\"https:\/\/pamec.energy\/wp-content\/uploads\/2021\/04\/OTEC-1.jpg\" alt=\"\" class=\"wp-image-2047\" srcset=\"https:\/\/pamec.energy\/wp-content\/uploads\/2021\/04\/OTEC-1.jpg 300w, https:\/\/pamec.energy\/wp-content\/uploads\/2021\/04\/OTEC-1-250x250.jpg 250w, https:\/\/pamec.energy\/wp-content\/uploads\/2021\/04\/OTEC-1-150x150.jpg 150w\" sizes=\"(max-width: 300px) 100vw, 300px\" \/><\/a><figcaption class=\"wp-element-caption\"><strong><a href=\"https:\/\/pamec.energy\/es\/acerca-de-pamec\/nuestro-alcance\/gradientes-termicos\/\">Gradientes T\u00e9rmicos<\/a><\/strong><br\/><em>por<\/em> Facultad de Minas &#8211; UNAL<\/figcaption><\/figure>\n<\/div>\n<\/div>\n\n<div style=\"height:21px\" aria-hidden=\"true\" class=\"wp-block-spacer\"><\/div>\n","protected":false},"excerpt":{"rendered":"<p>Eche un vistazo a la descripci\u00f3n de las tecnolog\u00edas que admitimos, escrita por nuestros colegas en las Am\u00e9ricas y seleccionadas seg\u00fan su experiencia.<\/p>\n","protected":false},"author":3,"featured_media":0,"parent":1958,"menu_order":0,"comment_status":"closed","ping_status":"closed","template":"","meta":{"generate_page_header":"","footnotes":""},"class_list":["post-2050","page","type-page","status-publish"],"_links":{"self":[{"href":"https:\/\/pamec.energy\/es\/wp-json\/wp\/v2\/pages\/2050","targetHints":{"allow":["GET"]}}],"collection":[{"href":"https:\/\/pamec.energy\/es\/wp-json\/wp\/v2\/pages"}],"about":[{"href":"https:\/\/pamec.energy\/es\/wp-json\/wp\/v2\/types\/page"}],"author":[{"embeddable":true,"href":"https:\/\/pamec.energy\/es\/wp-json\/wp\/v2\/users\/3"}],"replies":[{"embeddable":true,"href":"https:\/\/pamec.energy\/es\/wp-json\/wp\/v2\/comments?post=2050"}],"version-history":[{"count":17,"href":"https:\/\/pamec.energy\/es\/wp-json\/wp\/v2\/pages\/2050\/revisions"}],"predecessor-version":[{"id":4941,"href":"https:\/\/pamec.energy\/es\/wp-json\/wp\/v2\/pages\/2050\/revisions\/4941"}],"up":[{"embeddable":true,"href":"https:\/\/pamec.energy\/es\/wp-json\/wp\/v2\/pages\/1958"}],"wp:attachment":[{"href":"https:\/\/pamec.energy\/es\/wp-json\/wp\/v2\/media?parent=2050"}],"curies":[{"name":"wp","href":"https:\/\/api.w.org\/{rel}","templated":true}]}}