{"id":2111,"date":"2021-04-16T01:33:52","date_gmt":"2021-04-16T04:33:52","guid":{"rendered":"https:\/\/pamec.energy\/?page_id=2111"},"modified":"2023-04-16T13:42:02","modified_gmt":"2023-04-16T16:42:02","slug":"corrientes-oceanicas","status":"publish","type":"page","link":"https:\/\/pamec.energy\/es\/acerca-de-pamec\/nuestro-alcance\/corrientes-oceanicas\/","title":{"rendered":"Tecnolog\u00edas de las corrientes oce\u00e1nicas"},"content":{"rendered":"\n<div class=\"wp-block-media-text is-stacked-on-mobile is-vertically-aligned-center\" style=\"grid-template-columns:34% auto\"><figure class=\"wp-block-media-text__media\"><img fetchpriority=\"high\" decoding=\"async\" width=\"300\" height=\"300\" src=\"https:\/\/pamec.energy\/wp-content\/uploads\/2021\/04\/Ocean-Currents.jpg\" alt=\"\" class=\"wp-image-2028 size-full\" srcset=\"https:\/\/pamec.energy\/wp-content\/uploads\/2021\/04\/Ocean-Currents.jpg 300w, https:\/\/pamec.energy\/wp-content\/uploads\/2021\/04\/Ocean-Currents-250x250.jpg 250w, https:\/\/pamec.energy\/wp-content\/uploads\/2021\/04\/Ocean-Currents-150x150.jpg 150w\" sizes=\"(max-width: 300px) 100vw, 300px\" \/><\/figure><div class=\"wp-block-media-text__content\">\n<div style=\"height:14px\" aria-hidden=\"true\" class=\"wp-block-spacer\"><\/div>\n\n\n\n<h1 class=\"wp-block-heading\">TECNOLOG\u00cdAS DE CORRIENTES OCE\u00c1NICAS<\/h1>\n\n\n\n<h5 class=\"wp-block-heading\"><em>\u00daltima actualizaci\u00f3n: Septiembre 2020<\/em><\/h5>\n\n\n\n<p><strong>Autor:<\/strong> <a rel=\"noreferrer noopener\" href=\"https:\/\/pamec.energy\/es\/acerca-de-pamec\/estructura-organizacional\/junta-directiva\/andrea-copping\/\" data-type=\"URL\" data-id=\"https:\/\/pamec.energy\/about-pamec\/organizational-structure\/directors\/andrea-copping\/\" target=\"_blank\">Andrea Copping<\/a>, PhD<\/p>\n\n\n\n<p><strong>Organizaci\u00f3n:<\/strong> <a rel=\"noreferrer noopener\" href=\"https:\/\/www.meric.cl\/en\/home\/\" data-type=\"URL\" data-id=\"https:\/\/www.meric.cl\/en\/home\/\" target=\"_blank\"><\/a><a href=\"https:\/\/www.pnnl.gov\/\" data-type=\"URL\" data-id=\"https:\/\/www.pnnl.gov\/\" target=\"_blank\" rel=\"noreferrer noopener\">Pacific Northwest National Lab<\/a>, Estados Unidos<\/p>\n<\/div><\/div>\n\n<p>En todas las cuencas oce\u00e1nicas del mundo hay corrientes persistentes que siguen trayectorias espec\u00edficas y estrechas, moviendo columnas de agua que se extienden desde la superficie hasta las profundidades oce\u00e1nicas. Las corrientes m\u00e1s persistentes, predecibles y ricas en energ\u00eda se encuentran en el l\u00edmite occidental de las cuencas oce\u00e1nicas. Las m\u00e1s notables, por lo que respecta al aprovechamiento de las energ\u00edas renovables marinas, son la corriente de Kuroshio, en el oc\u00e9ano Pac\u00edfico, que pasa por Corea, Taiw\u00e1n y Jap\u00f3n; la corriente del Golfo, en el oc\u00e9ano Atl\u00e1ntico, que pasa por Estados Unidos y Canad\u00e1; y la corriente de Agulhus, en el oc\u00e9ano \u00cdndico, que fluye a lo largo de la costa de Sud\u00e1frica.  <\/p>\n\n<p>El aprovechamiento de las grandes corrientes oce\u00e1nicas requerir\u00e1 turbinas muy grandes (de hasta 25-50 m de di\u00e1metro) para captar las corrientes lentas pero persistentes, que se suspender\u00e1n en la columna de agua a profundidades subsuperficiales \u00f3ptimas y se anclar\u00e1n al fondo marino, a menudo a cientos o miles de metros de profundidad. El aprovechamiento del potencial de las corrientes oce\u00e1nicas est\u00e1 en fase de investigaci\u00f3n y desarrollo, con un peque\u00f1o n\u00famero de ensayos de campo y proyectos de demostraci\u00f3n frente a las costas de Taiw\u00e1n y Jap\u00f3n, y Estados Unidos.<\/p>\n\n<p>Entre los retos tecnol\u00f3gicos que plantea el desarrollo de la energ\u00eda de las corrientes oce\u00e1nicas figuran el despliegue y el mantenimiento de la posici\u00f3n de las turbinas, as\u00ed como la necesidad de evitar las interacciones con el transporte mar\u00edtimo, los posibles problemas de colisi\u00f3n o enredo con grandes mam\u00edferos marinos y tortugas marinas, y el tendido de cables de exportaci\u00f3n a trav\u00e9s de h\u00e1bitats fr\u00e1giles cercanos a la costa, como los arrecifes de coral. En este momento, la generaci\u00f3n de corriente oce\u00e1nica es muy cara y debe mejorar la fiabilidad y reducir los costes para suministrar electricidad de carga base, lecciones que pueden aprenderse del desarrollo de turbinas fluviales y mareomotrices.<\/p>\n\n<figure class=\"wp-block-image size-large\"><img decoding=\"async\" width=\"876\" height=\"650\" src=\"https:\/\/pamec.energy\/wp-content\/uploads\/2021\/04\/Ocean-currents-images-of-turbines.jpg\" alt=\"\" class=\"wp-image-2447\" srcset=\"https:\/\/pamec.energy\/wp-content\/uploads\/2021\/04\/Ocean-currents-images-of-turbines.jpg 876w, https:\/\/pamec.energy\/wp-content\/uploads\/2021\/04\/Ocean-currents-images-of-turbines-250x186.jpg 250w, https:\/\/pamec.energy\/wp-content\/uploads\/2021\/04\/Ocean-currents-images-of-turbines-768x570.jpg 768w\" sizes=\"(max-width: 876px) 100vw, 876px\" \/><figcaption>Figura 1. Ejemplos de convertidores de energ\u00eda de corriente oce\u00e1nica.  <a rel=\"noreferrer noopener\" href=\"https:\/\/tethys-engineering.pnnl.gov\/photo-library\" target=\"_blank\">https:\/\/tethys-engineering.pnnl.gov\/photo-library<\/a><\/figcaption><\/figure>\n\n<div class=\"wp-block-image\"><figure class=\"aligncenter size-large\"><img decoding=\"async\" width=\"556\" height=\"276\" src=\"https:\/\/pamec.energy\/wp-content\/uploads\/2021\/03\/3.-OceanCurrentsResource.png\" alt=\"\" class=\"wp-image-1513\" srcset=\"https:\/\/pamec.energy\/wp-content\/uploads\/2021\/03\/3.-OceanCurrentsResource.png 556w, https:\/\/pamec.energy\/wp-content\/uploads\/2021\/03\/3.-OceanCurrentsResource-250x124.png 250w\" sizes=\"(max-width: 556px) 100vw, 556px\" \/><figcaption>Figura 2. World Energy Ocean Currents Resource.  <em>IPCC (2012). Fuentes renovables y mitigaci\u00f3n del cambio clim\u00e1tico. Informe.<\/em><\/figcaption><\/figure><\/div>\n\n<h3 class=\"wp-block-heading\">Institutos de Investigaci\u00f3n en Panam\u00e9rica<\/h3>\n\n<ul class=\"wp-block-list\"><li>Florida Atlantic University, Estados Unidos<\/li><li>Universidad Estatal de Carolina del Norte, Estados Unidos<\/li><li><a rel=\"noreferrer noopener\" href=\"https:\/\/www.pnnl.gov\/\" data-type=\"URL\" data-id=\"https:\/\/www.pnnl.gov\/\" target=\"_blank\">Laboratorio Nacional del Noroeste del Pac\u00edfico<\/a>, Estados Unidos  <\/li><li><a rel=\"noreferrer noopener\" href=\"https:\/\/www.nrel.gov\/\" data-type=\"URL\" data-id=\"https:\/\/www.nrel.gov\/\" target=\"_blank\">Laboratorio Nacional de Energ\u00edas Renovables<\/a>, Estados Unidos<\/li><li><a href=\"http:\/\/www.gero.coppe.ufrj.br\" data-type=\"URL\" data-id=\"www.gero.coppe.ufrj.br\" target=\"_blank\" rel=\"noreferrer noopener\">Grupo de Energ\u00edas Renovables<\/a> Marinas (GERO), Universidad Federal de R\u00edo de Janeiro, Brasil<\/li><\/ul>\n\n<p><strong><em>Nota:<\/em><\/strong> <em>Si desea ver su centro de investigaci\u00f3n en esta lista, comun\u00edquese con nosotros por correo electr\u00f3nico a <a href=\"mailto:tattiana@pamec.energy\">tattiana@pamec.energy<\/a><\/em> .<\/p>\n\n<div style=\"height:35px\" aria-hidden=\"true\" class=\"wp-block-spacer\"><\/div>\n\n<p><a href=\"https:\/\/pamec.energy\/es\/acerca-de-pamec\/nuestro-alcance\/\">\u2190 Ir a Tecnolog\u00edas a Nuestro Alcance<\/a><\/p>\n","protected":false},"excerpt":{"rendered":"<p>En todas las cuencas oce\u00e1nicas del mundo hay corrientes persistentes que siguen trayectorias espec\u00edficas y estrechas, moviendo columnas de agua que se extienden desde la superficie hasta las profundidades oce\u00e1nicas. Las corrientes m\u00e1s persistentes, predecibles y ricas en energ\u00eda se encuentran en el l\u00edmite occidental de las cuencas oce\u00e1nicas. Las m\u00e1s notables, por lo que &#8230; <a title=\"Tecnolog\u00edas de las corrientes oce\u00e1nicas\" class=\"read-more\" href=\"https:\/\/pamec.energy\/es\/acerca-de-pamec\/nuestro-alcance\/corrientes-oceanicas\/\" aria-label=\"Leer m\u00e1s sobre Tecnolog\u00edas de las corrientes oce\u00e1nicas\">Leer m\u00e1s<\/a><\/p>\n","protected":false},"author":3,"featured_media":0,"parent":2050,"menu_order":2,"comment_status":"closed","ping_status":"closed","template":"","meta":{"generate_page_header":"","footnotes":""},"class_list":["post-2111","page","type-page","status-publish"],"_links":{"self":[{"href":"https:\/\/pamec.energy\/es\/wp-json\/wp\/v2\/pages\/2111","targetHints":{"allow":["GET"]}}],"collection":[{"href":"https:\/\/pamec.energy\/es\/wp-json\/wp\/v2\/pages"}],"about":[{"href":"https:\/\/pamec.energy\/es\/wp-json\/wp\/v2\/types\/page"}],"author":[{"embeddable":true,"href":"https:\/\/pamec.energy\/es\/wp-json\/wp\/v2\/users\/3"}],"replies":[{"embeddable":true,"href":"https:\/\/pamec.energy\/es\/wp-json\/wp\/v2\/comments?post=2111"}],"version-history":[{"count":20,"href":"https:\/\/pamec.energy\/es\/wp-json\/wp\/v2\/pages\/2111\/revisions"}],"predecessor-version":[{"id":5968,"href":"https:\/\/pamec.energy\/es\/wp-json\/wp\/v2\/pages\/2111\/revisions\/5968"}],"up":[{"embeddable":true,"href":"https:\/\/pamec.energy\/es\/wp-json\/wp\/v2\/pages\/2050"}],"wp:attachment":[{"href":"https:\/\/pamec.energy\/es\/wp-json\/wp\/v2\/media?parent=2111"}],"curies":[{"name":"wp","href":"https:\/\/api.w.org\/{rel}","templated":true}]}}