{"id":2113,"date":"2021-04-16T01:34:23","date_gmt":"2021-04-16T04:34:23","guid":{"rendered":"https:\/\/pamec.energy\/?page_id=2113"},"modified":"2023-04-16T13:42:03","modified_gmt":"2023-04-16T16:42:03","slug":"energia-de-vientos-de-la-costa","status":"publish","type":"page","link":"https:\/\/pamec.energy\/es\/acerca-de-pamec\/nuestro-alcance\/energia-de-vientos-de-la-costa\/","title":{"rendered":"Tecnolog\u00edas de energ\u00eda e\u00f3lica marina"},"content":{"rendered":"\n<div class=\"wp-block-media-text is-stacked-on-mobile is-vertically-aligned-center\" style=\"grid-template-columns:34% auto\"><figure class=\"wp-block-media-text__media\"><img fetchpriority=\"high\" decoding=\"async\" width=\"300\" height=\"300\" src=\"https:\/\/pamec.energy\/wp-content\/uploads\/2021\/04\/Wind.jpg\" alt=\"\" class=\"wp-image-2038 size-full\" srcset=\"https:\/\/pamec.energy\/wp-content\/uploads\/2021\/04\/Wind.jpg 300w, https:\/\/pamec.energy\/wp-content\/uploads\/2021\/04\/Wind-250x250.jpg 250w, https:\/\/pamec.energy\/wp-content\/uploads\/2021\/04\/Wind-150x150.jpg 150w\" sizes=\"(max-width: 300px) 100vw, 300px\" \/><\/figure><div class=\"wp-block-media-text__content\">\n<div style=\"height:10px\" aria-hidden=\"true\" class=\"wp-block-spacer\"><\/div>\n\n\n\n<h1 class=\"wp-block-heading\">TECNOLOG\u00cdAS DE ENERG\u00cdA E\u00d3LICA MARINA<\/h1>\n\n\n\n<h5 class=\"wp-block-heading\"><em>\u00daltima actualizaci\u00f3n: octubre de 2020<\/em><\/h5>\n\n\n\n<p><strong>Autores:<\/strong> Segen Estefen, Milad Shadman<\/p>\n\n\n\n<p><strong>Organizaciones:<\/strong> <a rel=\"noreferrer noopener\" href=\"https:\/\/www.meric.cl\/en\/home\/\" data-type=\"URL\" data-id=\"https:\/\/www.meric.cl\/en\/home\/\" target=\"_blank\"><\/a><a href=\"http:\/\/www.gero.coppe.ufrj.br\" data-type=\"URL\" data-id=\"www.gero.coppe.ufrj.br\" target=\"_blank\" rel=\"noreferrer noopener\">Estructuras Oce\u00e1nicas e Ingenier\u00eda Submarina<\/a> (GERO), Departamento de Ingenier\u00eda Oce\u00e1nica \/ COPPE &#8211; Universidad Federal de R\u00edo de <sup>Janeiro1<\/sup><\/p>\n<\/div><\/div>\n\n<p>El viento sopla con mayor intensidad y tiene m\u00e1s estabilidad en el mar que en tierra. El resultado es una mayor generaci\u00f3n de energ\u00eda; sin embargo, los costes de instalaci\u00f3n y mantenimiento aumentan con la distancia a la costa y la profundidad. Otras ventajas de la e\u00f3lica marina son la posibilidad de utilizar aerogeneradores de mayor tama\u00f1o gracias a la posibilidad de transporte mar\u00edtimo, la posibilidad de construir parques e\u00f3licos m\u00e1s grandes que en tierra y la eventual reducci\u00f3n de costes de la infraestructura de transmisi\u00f3n terrestre por la proximidad a los centros de consumo. La principal diferencia entre las instalaciones terrestres y las marinas es la cimentaci\u00f3n del aerogenerador, que puede ser de fondo o flotante. En general, las cimentaciones de fondo, que en 2020 incluir\u00e1n m\u00e1s del 95% de los aerogeneradores instalados en todo el mundo, son t\u00e9cnica y econ\u00f3micamente viables en profundidades de agua de hasta 60 m. Las cimentaciones flotantes han demostrado ser soluciones viables para mayores profundidades de agua.<\/p>\n\n<figure class=\"wp-block-image size-large\"><img decoding=\"async\" width=\"1024\" height=\"468\" src=\"https:\/\/pamec.energy\/wp-content\/uploads\/2021\/03\/1.-OffshoreWindFoundations-1024x468.jpg\" alt=\"\" class=\"wp-image-1519\" srcset=\"https:\/\/pamec.energy\/wp-content\/uploads\/2021\/03\/1.-OffshoreWindFoundations-1024x468.jpg 1024w, https:\/\/pamec.energy\/wp-content\/uploads\/2021\/03\/1.-OffshoreWindFoundations-250x114.jpg 250w, https:\/\/pamec.energy\/wp-content\/uploads\/2021\/03\/1.-OffshoreWindFoundations-768x351.jpg 768w, https:\/\/pamec.energy\/wp-content\/uploads\/2021\/03\/1.-OffshoreWindFoundations.jpg 1500w\" sizes=\"(max-width: 1024px) 100vw, 1024px\" \/><figcaption>Figura 1 &#8211; Cimientos utilizados para la extracci\u00f3n de energ\u00eda e\u00f3lica marina [1].<\/figcaption><\/figure>\n\n<p>A finales de 2019, la capacidad e\u00f3lica marina instalada era de unos 29,1 GW, lo que representaba el 5% de la capacidad e\u00f3lica mundial total [GWEC .NET]. Adem\u00e1s, seg\u00fan IRENA, se crean 17,3 empleos directos por MW de capacidad de generaci\u00f3n durante los 25 a\u00f1os de vida \u00fatil de un proyecto e\u00f3lico marino.  <\/p>\n\n<p>La figura 2, presentada por el NREL, muestra la velocidad media anual del viento en las regiones costeras de todo el mundo, dentro de la zona econ\u00f3mica exclusiva (ZEE) de cada pa\u00eds. Se pueden observar zonas propicias a lo largo de las costas de Am\u00e9rica.  <\/p>\n\n<figure class=\"wp-block-image size-large\"><img decoding=\"async\" width=\"1024\" height=\"545\" src=\"https:\/\/pamec.energy\/wp-content\/uploads\/2021\/03\/2.-OffshoreWindPotential-1024x545.jpg\" alt=\"\" class=\"wp-image-1521\" srcset=\"https:\/\/pamec.energy\/wp-content\/uploads\/2021\/03\/2.-OffshoreWindPotential-1024x545.jpg 1024w, https:\/\/pamec.energy\/wp-content\/uploads\/2021\/03\/2.-OffshoreWindPotential-250x133.jpg 250w, https:\/\/pamec.energy\/wp-content\/uploads\/2021\/03\/2.-OffshoreWindPotential-768x409.jpg 768w, https:\/\/pamec.energy\/wp-content\/uploads\/2021\/03\/2.-OffshoreWindPotential.jpg 1500w\" sizes=\"(max-width: 1024px) 100vw, 1024px\" \/><figcaption>Figura 2 &#8211; Velocidad media anual del viento ajustada a 90 m de altura del buje [2].<\/figcaption><\/figure>\n\n<p>Las estimaciones del potencial t\u00e9cnico de la energ\u00eda e\u00f3lica marina se sit\u00faan entre 4.000 y 37.000 TWh\/a\u00f1o, teniendo en cuenta las aguas relativamente poco profundas y las aplicaciones cercanas a la costa. Sin embargo, se puede alcanzar un mayor potencial t\u00e9cnico considerando aplicaciones en aguas m\u00e1s profundas utilizando aerogeneradores flotantes [1].<\/p>\n\n<h3 class=\"wp-block-heading\">Institutos de Investigaci\u00f3n en Panam\u00e9rica<\/h3>\n\n<ul class=\"wp-block-list\"><li><a href=\"http:\/\/www.gero.coppe.ufrj.br\" data-type=\"URL\" data-id=\"www.gero.coppe.ufrj.br\" target=\"_blank\" rel=\"noreferrer noopener\">Grupo de Energ\u00edas Renovables<\/a> Marinas (GERO), Universidad Federal de R\u00edo de Janeiro, Brasil<\/li><li>Universidad de la Costa, Colombia<\/li><li>Universidad Aut\u00f3noma de M\u00e9xico, M\u00e9xico<\/li><li><a rel=\"noreferrer noopener\" href=\"https:\/\/www.nrel.gov\/\" data-type=\"URL\" data-id=\"https:\/\/www.nrel.gov\/\" target=\"_blank\">Laboratorio Nacional de Energ\u00eda Renovable<\/a> , EE. UU.<\/li><\/ul>\n\n<p><strong><em>Nota:<\/em><\/strong> <em>Si desea ver su centro de investigaci\u00f3n en esta lista, comun\u00edquese con nosotros por correo electr\u00f3nico a <a href=\"mailto:tattiana@pamec.energy\">tattiana@pamec.energy<\/a><\/em> .<\/p>\n\n<hr class=\"wp-block-separator\"\/>\n\n<h3 class=\"wp-block-heading\" style=\"font-size:15px\">Referencias<\/h3>\n\n<p style=\"font-size:11px\">[<strong>1]<\/strong> Fuentes de energ\u00eda renovables y mitigaci\u00f3n del cambio clim\u00e1tico, Informe especial del Grupo Intergubernamental de Expertos sobre el Cambio Clim\u00e1tico. IPCC, 2012. Cambridge Press<\/p>\n\n<p style=\"font-size:11px\">[<strong>2]<\/strong> Improved Offshore Wind Resource Assessment in Global Climate Stabilization Scenarios, NREL &#8211; Informe t\u00e9cnico, 2012.<\/p>\n\n<div style=\"height:35px\" aria-hidden=\"true\" class=\"wp-block-spacer\"><\/div>\n\n<p><a href=\"https:\/\/pamec.energy\/es\/acerca-de-pamec\/nuestro-alcance\/\">\u2190 Ir a Tecnolog\u00edas a Nuestro Alcance<\/a><\/p>\n","protected":false},"excerpt":{"rendered":"<p>El viento sopla con mayor intensidad y tiene m\u00e1s estabilidad en el mar que en tierra. El resultado es una mayor generaci\u00f3n de energ\u00eda; sin embargo, los costes de instalaci\u00f3n y mantenimiento aumentan con la distancia a la costa y la profundidad. Otras ventajas de la e\u00f3lica marina son la posibilidad de utilizar aerogeneradores de &#8230; <a title=\"Tecnolog\u00edas de energ\u00eda e\u00f3lica marina\" class=\"read-more\" href=\"https:\/\/pamec.energy\/es\/acerca-de-pamec\/nuestro-alcance\/energia-de-vientos-de-la-costa\/\" aria-label=\"Leer m\u00e1s sobre Tecnolog\u00edas de energ\u00eda e\u00f3lica marina\">Leer m\u00e1s<\/a><\/p>\n","protected":false},"author":3,"featured_media":0,"parent":2050,"menu_order":2,"comment_status":"closed","ping_status":"closed","template":"","meta":{"generate_page_header":"","footnotes":""},"class_list":["post-2113","page","type-page","status-publish"],"_links":{"self":[{"href":"https:\/\/pamec.energy\/es\/wp-json\/wp\/v2\/pages\/2113","targetHints":{"allow":["GET"]}}],"collection":[{"href":"https:\/\/pamec.energy\/es\/wp-json\/wp\/v2\/pages"}],"about":[{"href":"https:\/\/pamec.energy\/es\/wp-json\/wp\/v2\/types\/page"}],"author":[{"embeddable":true,"href":"https:\/\/pamec.energy\/es\/wp-json\/wp\/v2\/users\/3"}],"replies":[{"embeddable":true,"href":"https:\/\/pamec.energy\/es\/wp-json\/wp\/v2\/comments?post=2113"}],"version-history":[{"count":13,"href":"https:\/\/pamec.energy\/es\/wp-json\/wp\/v2\/pages\/2113\/revisions"}],"predecessor-version":[{"id":5962,"href":"https:\/\/pamec.energy\/es\/wp-json\/wp\/v2\/pages\/2113\/revisions\/5962"}],"up":[{"embeddable":true,"href":"https:\/\/pamec.energy\/es\/wp-json\/wp\/v2\/pages\/2050"}],"wp:attachment":[{"href":"https:\/\/pamec.energy\/es\/wp-json\/wp\/v2\/media?parent=2113"}],"curies":[{"name":"wp","href":"https:\/\/api.w.org\/{rel}","templated":true}]}}