{"id":2117,"date":"2021-04-16T01:34:55","date_gmt":"2021-04-16T04:34:55","guid":{"rendered":"https:\/\/pamec.energy\/?page_id=2117"},"modified":"2023-04-16T13:42:01","modified_gmt":"2023-04-16T16:42:01","slug":"gradientes-termicos","status":"publish","type":"page","link":"https:\/\/pamec.energy\/es\/acerca-de-pamec\/nuestro-alcance\/gradientes-termicos\/","title":{"rendered":"Tecnolog\u00edas de gradientes t\u00e9rmicos"},"content":{"rendered":"\n<div class=\"wp-block-media-text is-stacked-on-mobile is-vertically-aligned-center\" style=\"grid-template-columns:30% auto\"><figure class=\"wp-block-media-text__media\"><img fetchpriority=\"high\" decoding=\"async\" width=\"300\" height=\"300\" src=\"https:\/\/pamec.energy\/wp-content\/uploads\/2021\/04\/OTEC-1.jpg\" alt=\"\" class=\"wp-image-2047 size-full\" srcset=\"https:\/\/pamec.energy\/wp-content\/uploads\/2021\/04\/OTEC-1.jpg 300w, https:\/\/pamec.energy\/wp-content\/uploads\/2021\/04\/OTEC-1-250x250.jpg 250w, https:\/\/pamec.energy\/wp-content\/uploads\/2021\/04\/OTEC-1-150x150.jpg 150w\" sizes=\"(max-width: 300px) 100vw, 300px\" \/><\/figure><div class=\"wp-block-media-text__content\">\n<div style=\"height:10px\" aria-hidden=\"true\" class=\"wp-block-spacer\"><\/div>\n\n\n\n<h1 class=\"wp-block-heading\">TECNOLOG\u00cdAS DE GRADIENTES T\u00c9RMICOS<\/h1>\n\n\n\n<h5 class=\"wp-block-heading\"><em>\u00daltima actualizaci\u00f3n: Septiembre 2020<\/em><\/h5>\n\n\n\n<p><strong>Autores:<\/strong> Jessica Arias-Gaviria, Andr\u00e9s Osorio, Santiago Arango-Aramburo<\/p>\n\n\n\n<p><strong>Organizaci\u00f3n:<\/strong> <a href=\"https:\/\/minas.medellin.unal.edu.co\/\" data-type=\"URL\" target=\"_blank\" rel=\"noreferrer noopener\"><\/a><a href=\"https:\/\/minas.medellin.unal.edu.co\/\">Facultad de Minas &#8211; Universidad Nacional de Colombia sede Medell\u00edn<\/a>, Colombia<\/p>\n<\/div><\/div>\n\n<p>El oc\u00e9ano puede proporcionar energ\u00eda a partir de gradientes t\u00e9rmicos entre el agua oce\u00e1nica profunda (DOW) y la superficie a trav\u00e9s de diferentes tecnolog\u00edas. DOW es el agua fr\u00eda situada bajo la capa superficial del oc\u00e9ano (y por debajo de la termoclina), normalmente con temperaturas estables de unos 5\u00b0C y concentraciones de nutrientes m\u00e1s elevadas que las aguas poco profundas.  <\/p>\n\n<p>DOW es una alternativa renovable a los numerosos retos de sostenibilidad a los que se enfrenta hoy el Caribe.  <\/p>\n\n<p>En un sistema de aire acondicionado por agua de mar (SWAC), el agua de diatomeas se utiliza para enfriar agua dulce a trav\u00e9s de una instalaci\u00f3n de intercambio de calor, y el agua dulce enfriada circula despu\u00e9s por una red de distribuci\u00f3n en la comunidad de consumidores. El proceso finaliza con la devoluci\u00f3n del agua de mar al oc\u00e9ano o su utilizaci\u00f3n en otras aplicaciones. Tambi\u00e9n es posible utilizar agua fr\u00eda del fondo de los lagos situados cerca de las ciudades.<\/p>\n\n<p>Una planta de conversi\u00f3n de energ\u00eda t\u00e9rmica oce\u00e1nica (OTEC) utiliza el gradiente de temperatura entre el agua de mar y el agua superficial para producir electricidad. La primera central OTEC se propuso en 1881. Sin embargo, esta tecnolog\u00eda no ha cobrado especial inter\u00e9s hasta las tres \u00faltimas d\u00e9cadas, dadas las necesidades de energ\u00edas renovables alternativas y su gran potencial, sobre todo en las regiones tropicales. La tecnolog\u00eda OTEC puede implantarse a trav\u00e9s de tres ciclos principales: Un ciclo cerrado (CC-OTEC), un ciclo abierto (OC-OTEC) y un ciclo h\u00edbrido (HC-OTEC).<\/p>\n\n<p>Tanto la SWAC como la OTEC pueden funcionar en paralelo con otras tecnolog\u00edas como invernaderos de agua de mar, plantas desalinizadoras de agua, etc.<\/p>\n\n<figure class=\"wp-block-image size-large\"><img decoding=\"async\" width=\"1024\" height=\"995\" src=\"https:\/\/pamec.energy\/wp-content\/uploads\/2021\/03\/1.-JPG_DOW_cover_recort-1024x995.jpg\" alt=\"\" class=\"wp-image-1523\" srcset=\"https:\/\/pamec.energy\/wp-content\/uploads\/2021\/03\/1.-JPG_DOW_cover_recort-1024x995.jpg 1024w, https:\/\/pamec.energy\/wp-content\/uploads\/2021\/03\/1.-JPG_DOW_cover_recort-250x243.jpg 250w, https:\/\/pamec.energy\/wp-content\/uploads\/2021\/03\/1.-JPG_DOW_cover_recort-768x746.jpg 768w, https:\/\/pamec.energy\/wp-content\/uploads\/2021\/03\/1.-JPG_DOW_cover_recort-1536x1492.jpg 1536w, https:\/\/pamec.energy\/wp-content\/uploads\/2021\/03\/1.-JPG_DOW_cover_recort.jpg 2016w\" sizes=\"(max-width: 1024px) 100vw, 1024px\" \/><figcaption>Fuente: Jessica Arias-Gaviria (2019) Tecnolog\u00edas de aguas profundas y su contribuci\u00f3n al desarrollo sostenible en el Caribe. Referencia: Laura Luc\u00eda Torres, <a href=\"https:\/\/holalula.com\/\" data-type=\"URL\" data-id=\"https:\/\/holalula.com\/\" target=\"_blank\" rel=\"noreferrer noopener\">www.holalula.com<\/a><br\/><\/figcaption><\/figure>\n\n<div class=\"wp-block-image\"><figure class=\"aligncenter size-large\"><img decoding=\"async\" width=\"384\" height=\"251\" src=\"https:\/\/pamec.energy\/wp-content\/uploads\/2021\/03\/2.-OTECGloblalResource.png\" alt=\"\" class=\"wp-image-1525\" srcset=\"https:\/\/pamec.energy\/wp-content\/uploads\/2021\/03\/2.-OTECGloblalResource.png 384w, https:\/\/pamec.energy\/wp-content\/uploads\/2021\/03\/2.-OTECGloblalResource-250x163.png 250w\" sizes=\"(max-width: 384px) 100vw, 384px\" \/><figcaption>Diferencia de temperatura media mundial del oc\u00e9ano entre 20 m y 1000 m de profundidad. Fuente: IPCC (2012). <em>Fuentes renovables y mitigaci\u00f3n del cambio<\/em> clim\u00e1tico. Informe.<\/figcaption><\/figure><\/div>\n\n<h3 class=\"wp-block-heading\">Institutos de Investigaci\u00f3n en Panam\u00e9rica<\/h3>\n\n<ul class=\"wp-block-list\"><li><a href=\"https:\/\/minas.medellin.unal.edu.co\/gruposdeinvestigacion\/oceanicos\/\" data-type=\"URL\" data-id=\"https:\/\/minas.medellin.unal.edu.co\/gruposdeinvestigacion\/oceanicos\/\" target=\"_blank\" rel=\"noreferrer noopener\">Grupo de Investigaci\u00f3n OCE\u00c1NICOS<\/a>, Universidad Nacional de Colombia, Colombia<\/li><li><a href=\"https:\/\/cemieoceano.mx\/index.html\" data-type=\"URL\" data-id=\"https:\/\/cemieoceano.mx\/index.html\" target=\"_blank\" rel=\"noreferrer noopener\">Centro Mexicano de Innovaci\u00f3n en Energ\u00eda del Oc\u00e9ano<\/a> (CEMIE Oc\u00e9ano), M\u00e9xico<\/li><li><a href=\"https:\/\/www.cemarin.org\/en\/\" data-type=\"URL\" data-id=\"https:\/\/www.cemarin.org\/en\/\" target=\"_blank\" rel=\"noreferrer noopener\">Corporaci\u00f3n Centro de Excelencia en Ciencias Marinas<\/a> (CEMARIN), Colombia  <\/li><li><a href=\"https:\/\/www.coralina.gov.co\/\" data-type=\"URL\" data-id=\"https:\/\/www.coralina.gov.co\/\" target=\"_blank\" rel=\"noreferrer noopener\">Corporaci\u00f3n para el Desarrollo Sostenible del Archipi\u00e9lago de San Andr\u00e9s, Providencia y Santa Catalina<\/a> (CORALINA), Colombia<\/li><li><a href=\"https:\/\/www.makai.com\/\" data-type=\"URL\" data-id=\"https:\/\/www.makai.com\/\" target=\"_blank\" rel=\"noreferrer noopener\">Makai Ocean<\/a> Engineering, Estados Unidos<\/li><li><a href=\"https:\/\/nelha.hawaii.gov\/\" data-type=\"URL\" data-id=\"https:\/\/nelha.hawaii.gov\/\" target=\"_blank\" rel=\"noreferrer noopener\">NELHA &#8211; Parque Hawaiano de Ciencia y Tecnolog\u00eda Oce\u00e1nicas<\/a>, Estados Unidos<\/li><li>Universidad Nacional de Colombia, Colombia<\/li><\/ul>\n\n<p><strong><em>Nota:<\/em><\/strong> <em>Si desea ver su centro de investigaci\u00f3n en esta lista, comun\u00edquese con nosotros por correo electr\u00f3nico a <a href=\"mailto:tattiana@pamec.energy\">tattiana@pamec.energy<\/a><\/em> .<\/p>\n\n<div style=\"height:35px\" aria-hidden=\"true\" class=\"wp-block-spacer\"><\/div>\n\n<p><a href=\"https:\/\/pamec.energy\/es\/acerca-de-pamec\/nuestro-alcance\/\">\u2190 Ir a Tecnolog\u00edas a Nuestro Alcance<\/a><\/p>\n","protected":false},"excerpt":{"rendered":"<p>El oc\u00e9ano puede proporcionar energ\u00eda a partir de gradientes t\u00e9rmicos entre el agua oce\u00e1nica profunda (DOW) y la superficie a trav\u00e9s de diferentes tecnolog\u00edas. DOW es el agua fr\u00eda situada bajo la capa superficial del oc\u00e9ano (y por debajo de la termoclina), normalmente con temperaturas estables de unos 5\u00b0C y concentraciones de nutrientes m\u00e1s elevadas &#8230; <a title=\"Tecnolog\u00edas de gradientes t\u00e9rmicos\" class=\"read-more\" href=\"https:\/\/pamec.energy\/es\/acerca-de-pamec\/nuestro-alcance\/gradientes-termicos\/\" aria-label=\"Leer m\u00e1s sobre Tecnolog\u00edas de gradientes t\u00e9rmicos\">Leer m\u00e1s<\/a><\/p>\n","protected":false},"author":3,"featured_media":0,"parent":2050,"menu_order":2,"comment_status":"closed","ping_status":"closed","template":"","meta":{"generate_page_header":"","footnotes":""},"class_list":["post-2117","page","type-page","status-publish"],"_links":{"self":[{"href":"https:\/\/pamec.energy\/es\/wp-json\/wp\/v2\/pages\/2117","targetHints":{"allow":["GET"]}}],"collection":[{"href":"https:\/\/pamec.energy\/es\/wp-json\/wp\/v2\/pages"}],"about":[{"href":"https:\/\/pamec.energy\/es\/wp-json\/wp\/v2\/types\/page"}],"author":[{"embeddable":true,"href":"https:\/\/pamec.energy\/es\/wp-json\/wp\/v2\/users\/3"}],"replies":[{"embeddable":true,"href":"https:\/\/pamec.energy\/es\/wp-json\/wp\/v2\/comments?post=2117"}],"version-history":[{"count":9,"href":"https:\/\/pamec.energy\/es\/wp-json\/wp\/v2\/pages\/2117\/revisions"}],"predecessor-version":[{"id":5963,"href":"https:\/\/pamec.energy\/es\/wp-json\/wp\/v2\/pages\/2117\/revisions\/5963"}],"up":[{"embeddable":true,"href":"https:\/\/pamec.energy\/es\/wp-json\/wp\/v2\/pages\/2050"}],"wp:attachment":[{"href":"https:\/\/pamec.energy\/es\/wp-json\/wp\/v2\/media?parent=2117"}],"curies":[{"name":"wp","href":"https:\/\/api.w.org\/{rel}","templated":true}]}}