{"id":2119,"date":"2021-04-16T01:35:22","date_gmt":"2021-04-16T04:35:22","guid":{"rendered":"https:\/\/pamec.energy\/?page_id=2119"},"modified":"2022-04-25T13:26:29","modified_gmt":"2022-04-25T16:26:29","slug":"energia-undimotriz","status":"publish","type":"page","link":"https:\/\/pamec.energy\/es\/acerca-de-pamec\/nuestro-alcance\/energia-undimotriz\/","title":{"rendered":"Tecnolog\u00edas de energ\u00eda de las olas"},"content":{"rendered":"\n<div class=\"wp-block-media-text is-stacked-on-mobile is-vertically-aligned-center\" style=\"grid-template-columns:34% auto\"><figure class=\"wp-block-media-text__media\"><img fetchpriority=\"high\" decoding=\"async\" width=\"300\" height=\"300\" src=\"https:\/\/pamec.energy\/wp-content\/uploads\/2021\/04\/Waves.jpg\" alt=\"\" class=\"wp-image-2037 size-full\" srcset=\"https:\/\/pamec.energy\/wp-content\/uploads\/2021\/04\/Waves.jpg 300w, https:\/\/pamec.energy\/wp-content\/uploads\/2021\/04\/Waves-250x250.jpg 250w, https:\/\/pamec.energy\/wp-content\/uploads\/2021\/04\/Waves-150x150.jpg 150w\" sizes=\"(max-width: 300px) 100vw, 300px\" \/><\/figure><div class=\"wp-block-media-text__content\">\n<div style=\"height:10px\" aria-hidden=\"true\" class=\"wp-block-spacer\"><\/div>\n\n\n\n<h1 class=\"wp-block-heading\">TECNOLOG\u00cdAS DE ENERG\u00cdA DE LAS ONDAS<\/h1>\n\n\n\n<h5 class=\"wp-block-heading\"><em>\u00daltima actualizaci\u00f3n: octubre de 2020<\/em><\/h5>\n\n\n\n<p><strong>Autor:<\/strong> Dernis Mediavilla<\/p>\n\n\n\n<p><strong>Organizaci\u00f3n:<\/strong> <a href=\"https:\/\/www.meric.cl\/en\/home\/\" data-type=\"URL\" data-id=\"https:\/\/www.meric.cl\/en\/home\/\" target=\"_blank\" rel=\"noreferrer noopener\">Centro de Investigaci\u00f3n e Innovaci\u00f3n en Energ\u00eda Marina<\/a> , Chile<\/p>\n<\/div><\/div>\n\n\n\n<p>La energ\u00eda de las olas se refiere a la energ\u00eda transportada por las olas del viento, cuya potencia puede ser extra\u00edda y convertida en electricidad o agua a presi\u00f3n. La energ\u00eda de las olas proviene del movimiento de arriba hacia abajo del agua (energ\u00eda potencial) o del movimiento del agua debajo de ellas (energ\u00eda cin\u00e9tica). La energ\u00eda de las olas est\u00e1 siempre presente en cualquier cuerpo de agua, siendo una fuente prometedora de energ\u00eda limpia en cualquier parte del mundo: las olas son omnipresentes y est\u00e1n presentes las 24 horas del d\u00eda, los 7 d\u00edas de la semana, durante todo el a\u00f1o. El potencial mundial de energ\u00eda undimotriz se estima en 2,11 TW, con 427 GW disponibles en las costas de Am\u00e9rica del Norte y Central, y 374 GW en las costas de Am\u00e9rica del Sur (Gunn &amp; Stock-Williams, 2012).<\/p>\n\n\n\n<figure class=\"wp-block-image size-large\"><img decoding=\"async\" width=\"1024\" height=\"503\" src=\"https:\/\/pamec.energy\/wp-content\/uploads\/2021\/03\/1.-Waves-AnnualMeanPowerDensity-1024x503.png\" alt=\"\" class=\"wp-image-1492\" srcset=\"https:\/\/pamec.energy\/wp-content\/uploads\/2021\/03\/1.-Waves-AnnualMeanPowerDensity-1024x503.png 1024w, https:\/\/pamec.energy\/wp-content\/uploads\/2021\/03\/1.-Waves-AnnualMeanPowerDensity-250x123.png 250w, https:\/\/pamec.energy\/wp-content\/uploads\/2021\/03\/1.-Waves-AnnualMeanPowerDensity-768x377.png 768w, https:\/\/pamec.energy\/wp-content\/uploads\/2021\/03\/1.-Waves-AnnualMeanPowerDensity.png 1104w\" sizes=\"(max-width: 1024px) 100vw, 1024px\" \/><figcaption>Figura 1. Densidad de potencia media anual de energ\u00eda de las olas [1]<\/figcaption><\/figure>\n\n\n\n<p>Hoy en d\u00eda, las tecnolog\u00edas de conversi\u00f3n de energ\u00eda de las olas (WEC) se encuentran en diferentes etapas de desarrollo, teniendo una amplia gama de conceptos y formatos, as\u00ed como posibilidades de captura y generaci\u00f3n de energ\u00eda. Vale la pena mencionar que estos dispositivos deben operar bajo una amplia gama de condiciones ambientales, incluidos los peligros naturales como tormentas y tsunamis, y por lo tanto, la capacidad de supervivencia es uno de sus principales desaf\u00edos, en el que la comprensi\u00f3n de las condiciones locales juega un papel importante. Ocean Energy Systems, grupo de trabajo internacional que forma parte de la Agencia Internacional de Energ\u00eda, sugiere una clasificaci\u00f3n tecnol\u00f3gica para los WEC: atenuadores, desbordamiento, columna de agua oscilante, convertidores de sobretensi\u00f3n de onda oscilante, puntos de absorci\u00f3n y otros conceptos [2]. Dependiendo de la escala y la funcionalidad, los WEC podr\u00edan suministrar energ\u00eda a una red el\u00e9ctrica o, de lo contrario, ser la fuente de energ\u00eda limpia y\/o agua dulce en mar abierto, lo que desencadenar\u00eda y apoyar\u00eda el desarrollo comunitario e industrial donde estos recursos son escasos.<\/p>\n\n\n\n<figure class=\"wp-block-image size-large\"><img decoding=\"async\" width=\"1024\" height=\"484\" src=\"https:\/\/pamec.energy\/wp-content\/uploads\/2021\/03\/2.-WaveEnergyTechnologies-ENGLISH-1024x484.png\" alt=\"\" class=\"wp-image-1495\" srcset=\"https:\/\/pamec.energy\/wp-content\/uploads\/2021\/03\/2.-WaveEnergyTechnologies-ENGLISH-1024x484.png 1024w, https:\/\/pamec.energy\/wp-content\/uploads\/2021\/03\/2.-WaveEnergyTechnologies-ENGLISH-250x118.png 250w, https:\/\/pamec.energy\/wp-content\/uploads\/2021\/03\/2.-WaveEnergyTechnologies-ENGLISH-768x363.png 768w, https:\/\/pamec.energy\/wp-content\/uploads\/2021\/03\/2.-WaveEnergyTechnologies-ENGLISH.png 1184w\" sizes=\"(max-width: 1024px) 100vw, 1024px\" \/><figcaption>Figura 2. Clasificaci\u00f3n de la tecnolog\u00eda de energ\u00eda de las olas [2]<\/figcaption><\/figure>\n\n\n\n<h3 class=\"wp-block-heading\">Institutos de Investigaci\u00f3n en Panam\u00e9rica<\/h3>\n\n\n\n<ul class=\"wp-block-list\"><li><a rel=\"noreferrer noopener\" href=\"https:\/\/www.meric.cl\/en\/home\/\" data-type=\"URL\" data-id=\"https:\/\/www.meric.cl\/en\/home\/\" target=\"_blank\">Energ\u00eda Marina SpA y MERIC<\/a> , Chile<\/li><li><a href=\"http:\/\/www.gero.coppe.ufrj.br\" data-type=\"URL\" data-id=\"www.gero.coppe.ufrj.br\" target=\"_blank\" rel=\"noreferrer noopener\">Grupo de Energ\u00edas Renovables<\/a> Marinas (GERO), Universidad Federal de R\u00edo de Janeiro, Brasil<\/li><li><a href=\"https:\/\/onlineacademiccommunity.uvic.ca\/primed\/\" data-type=\"URL\" data-id=\"https:\/\/onlineacademiccommunity.uvic.ca\/primed\/\" target=\"_blank\" rel=\"noreferrer noopener\">Instituto Regional del Pac\u00edfico para el Descubrimiento de Energ\u00eda Marina<\/a> , Canad\u00e1<\/li><li><a rel=\"noreferrer noopener\" href=\"https:\/\/fern.acadiau.ca\/home.html\" data-type=\"URL\" data-id=\"https:\/\/fern.acadiau.ca\/home.html\" target=\"_blank\">Red de investigaci\u00f3n de energ\u00eda Fundy<\/a> , Canad\u00e1<\/li><li><a href=\"https:\/\/www.tec.ac.cr\/proyectos\/ewave-sistema-olamotriz-generacion-electrica\" data-type=\"URL\" data-id=\"https:\/\/www.tec.ac.cr\/proyectos\/ewave-sistema-olamotriz-generacion-electrica\" target=\"_blank\" rel=\"noreferrer noopener\">Instituto Tecnol\u00f3gico de Costa Rica<\/a> , Costa Rica<\/li><li>Universidad Aut\u00f3noma de M\u00e9xico, M\u00e9xico<\/li><li><a href=\"https:\/\/www.cicese.edu.mx\/\" data-type=\"URL\" data-id=\"https:\/\/www.cicese.edu.mx\/\" target=\"_blank\" rel=\"noreferrer noopener\">Centro de Investigaci\u00f3n Cient\u00edfica y de Educaci\u00f3n Superior de Ensenada<\/a> , M\u00e9xico<\/li><li><a rel=\"noreferrer noopener\" href=\"https:\/\/www.nrel.gov\/\" target=\"_blank\">Laboratorio Nacional de Energ\u00eda Renovable<\/a> , EE. UU.<\/li><\/ul>\n\n\n\n<p><strong><em>Nota:<\/em><\/strong> <em>Si desea ver su centro de investigaci\u00f3n en esta lista, comun\u00edquese con nosotros por correo electr\u00f3nico a <a href=\"mailto:tattiana@pamec.energy\">tattiana@pamec.energy<\/a><\/em> .<\/p>\n\n\n\n<hr class=\"wp-block-separator\">\n\n\n\n<h3 class=\"wp-block-heading\" style=\"font-size:15px\">Referencias<\/h3>\n\n\n\n<p style=\"font-size:11px\"><strong>[1]<\/strong> Gunn, K. y Stock-Williams, C. (2012). Cuantificaci\u00f3n del recurso global de energ\u00eda undimotriz.&nbsp;<em>Energ\u00eda renovable<\/em> ,&nbsp;<em>44<\/em> , 296-304.<\/p>\n\n\n\n<p style=\"font-size:11px\"><strong>[2]<\/strong> Ocean Energy Systems (2017), OES Vision for International Deployment of Ocean Energy, <a rel=\"noreferrer noopener\" href=\"https:\/\/www.ocean-energy-systems.org\/documents\/24845-oes-vision-2017.pdf\/\" target=\"_blank\">https:\/\/www.ocean-energy-systems.org\/documents\/24845-oes-vision-2017.pdf\/<\/a><\/p>\n\n\n\n<div style=\"height:35px\" aria-hidden=\"true\" class=\"wp-block-spacer\"><\/div>\n\n\n\n<p><a href=\"https:\/\/pamec.energy\/es\/acerca-de-pamec\/nuestro-alcance\/\">\u2190 Ir a Tecnolog\u00edas a Nuestro Alcance<\/a><\/p>\n","protected":false},"excerpt":{"rendered":"<p>La energ\u00eda de las olas se refiere a la energ\u00eda transportada por las olas del viento, cuya potencia puede ser extra\u00edda y convertida en electricidad o agua a presi\u00f3n. La energ\u00eda de las olas proviene del movimiento de arriba hacia abajo del agua (energ\u00eda potencial) o del movimiento del agua debajo de ellas (energ\u00eda cin\u00e9tica). &#8230; <a title=\"Tecnolog\u00edas de energ\u00eda de las olas\" class=\"read-more\" href=\"https:\/\/pamec.energy\/es\/acerca-de-pamec\/nuestro-alcance\/energia-undimotriz\/\" aria-label=\"Leer m\u00e1s sobre Tecnolog\u00edas de energ\u00eda de las olas\">Leer m\u00e1s<\/a><\/p>\n","protected":false},"author":3,"featured_media":0,"parent":2050,"menu_order":2,"comment_status":"closed","ping_status":"closed","template":"","meta":{"generate_page_header":"","footnotes":""},"class_list":["post-2119","page","type-page","status-publish"],"_links":{"self":[{"href":"https:\/\/pamec.energy\/es\/wp-json\/wp\/v2\/pages\/2119","targetHints":{"allow":["GET"]}}],"collection":[{"href":"https:\/\/pamec.energy\/es\/wp-json\/wp\/v2\/pages"}],"about":[{"href":"https:\/\/pamec.energy\/es\/wp-json\/wp\/v2\/types\/page"}],"author":[{"embeddable":true,"href":"https:\/\/pamec.energy\/es\/wp-json\/wp\/v2\/users\/3"}],"replies":[{"embeddable":true,"href":"https:\/\/pamec.energy\/es\/wp-json\/wp\/v2\/comments?post=2119"}],"version-history":[{"count":9,"href":"https:\/\/pamec.energy\/es\/wp-json\/wp\/v2\/pages\/2119\/revisions"}],"predecessor-version":[{"id":3000,"href":"https:\/\/pamec.energy\/es\/wp-json\/wp\/v2\/pages\/2119\/revisions\/3000"}],"up":[{"embeddable":true,"href":"https:\/\/pamec.energy\/es\/wp-json\/wp\/v2\/pages\/2050"}],"wp:attachment":[{"href":"https:\/\/pamec.energy\/es\/wp-json\/wp\/v2\/media?parent=2119"}],"curies":[{"name":"wp","href":"https:\/\/api.w.org\/{rel}","templated":true}]}}