{"id":2170,"date":"2021-04-16T16:04:13","date_gmt":"2021-04-16T19:04:13","guid":{"rendered":"https:\/\/pamec.energy\/?page_id=2170"},"modified":"2023-04-10T12:43:21","modified_gmt":"2023-04-10T15:43:21","slug":"estructura-organizacional","status":"publish","type":"page","link":"https:\/\/pamec.energy\/es\/acerca-de-pamec\/estructura-organizacional\/","title":{"rendered":"Estructura organizativa"},"content":{"rendered":"<p><span style=\"font-weight: 400;\">La Asociaci\u00f3n PAMEC.Energy es una organizaci\u00f3n sin \u00e1nimo de lucro registrada en Nueva Escocia, Canad\u00e1, en virtud de la <a href=\"https:\/\/www.nslegislature.ca\/sites\/default\/files\/legc\/statutes\/societie.htm\">Ley de Sociedades<\/a> de la provincia. La afiliaci\u00f3n a la Asociaci\u00f3n est\u00e1 abierta a todos los que apoyen el objetivo de hacer avanzar la investigaci\u00f3n y el desarrollo de las energ\u00edas marinas renovables en las Am\u00e9ricas. El <a href=\"https:\/\/pamec.energy\/es\/acerca-de-pamec\/estructura-organizacional\/junta-directiva\/\">Consejo<\/a> de Administraci\u00f3n tiene una composici\u00f3n internacional, con puestos reservados para Consejeros de diversas jurisdicciones de las Am\u00e9ricas, incluidos Canad\u00e1, EE.UU., Am\u00e9rica Central y M\u00e9xico, Am\u00e9rica del Sur, el Caribe, y Consejeros elegidos en general. La Asociaci\u00f3n act\u00faa como \u00f3rgano de supervisi\u00f3n administrativa de las conferencias y es responsable de su desarrollo. El objetivo de la Asociaci\u00f3n PAMEC.Energy es crear un espacio de colaboraci\u00f3n entre las distintas partes implicadas en el sector de las energ\u00edas renovables marinas dentro del continente americano y con el resto del mundo.  <\/span><\/p>\n<p><span style=\"font-weight: 400;\">La Asociaci\u00f3n PAMEC.Energy recibe, mantiene y distribuye formalmente fondos para su propio funcionamiento y el de las conferencias. Aprobar\u00e1n oficialmente la pertenencia y las decisiones de los \u00f3rganos consultivos, operativos y de gesti\u00f3n de conferencias.<\/span><\/p>\n<h2>Marco de la Conferencia<\/h2>\n<p><span style=\"font-weight: 400;\">Las sesiones de la conferencia se enmarcan con expertos internacionales invitados sobre un tema espec\u00edfico. A continuaci\u00f3n, las sesiones presentar\u00e1n los trabajos de las partes interesadas de la regi\u00f3n y de investigadores de nivel de m\u00e1ster, doctorado o postdoctorado sobre temas relacionados con el desarrollo de toda la gama de suministros energ\u00e9ticos a partir del medio marino o en \u00e9l.  <\/span><\/p>\n<p><span style=\"font-weight: 400;\">La conferencia abordar\u00e1 temas relacionados con las <a href=\"https:\/\/pamec.energy\/es\/acerca-de-pamec\/nuestro-alcance\/corrientes-oceanicas\/\">corrientes oce\u00e1nicas<\/a>, la energ\u00eda <a href=\"https:\/\/pamec.energy\/es\/acerca-de-pamec\/nuestro-alcance\/energia-de-vientos-de-la-costa\/\">e\u00f3lica marina<\/a>, las <a href=\"https:\/\/pamec.energy\/es\/acerca-de-pamec\/nuestro-alcance\/energia-undimotriz\/\">olas<\/a>, las mareas, los <a href=\"https:\/\/pamec.energy\/es\/acerca-de-pamec\/nuestro-alcance\/gradientes-termicos\/\">gradientes t\u00e9rmicos<\/a> y los recursos energ\u00e9ticos <a href=\"https:\/\/pamec.energy\/es\/acerca-de-pamec\/nuestro-alcance\/gradiente-salino\/\">de gradiente de salinidad<\/a>, as\u00ed como las tecnolog\u00edas necesarias para integrar las energ\u00edas renovables marinas en una red local. Los temas tratados en la conferencia incluyen, entre otros:<\/span><\/p>\n<ul>\n<li style=\"font-weight: 400;\" aria-level=\"1\"><span style=\"font-weight: 400;\">Liderazgo y direcci\u00f3n del Gobierno<\/span><\/li>\n<li style=\"font-weight: 400;\" aria-level=\"1\"><span style=\"font-weight: 400;\">Evaluaci\u00f3n de recursos<\/span><\/li>\n<li style=\"font-weight: 400;\" aria-level=\"1\"><span style=\"font-weight: 400;\">Impacto ambiental y medidas paliativas<\/span><\/li>\n<li style=\"font-weight: 400;\" aria-level=\"1\"><span style=\"font-weight: 400;\">Desarrollo tecnol\u00f3gico<\/span><\/li>\n<li style=\"font-weight: 400;\" aria-level=\"1\"><span style=\"font-weight: 400;\">Integraci\u00f3n de soluciones marinas y otras renovables<\/span><\/li>\n<li style=\"font-weight: 400;\" aria-level=\"1\"><span style=\"font-weight: 400;\">Oportunidades y experiencia de la energ\u00eda mareomotriz a peque\u00f1a escala en Am\u00e9rica<\/span><\/li>\n<li style=\"font-weight: 400;\" aria-level=\"1\"><span style=\"font-weight: 400;\">Cuestiones sociales y de apoyo pol\u00edtico<\/span><\/li>\n<\/ul>\n<h2>Comit\u00e9 T\u00e9cnico y de Programa<\/h2>\n<p><span style=\"font-weight: 400;\">El <a href=\"https:\/\/pamec.energy\/es\/acerca-de-pamec\/estructura-organizacional\/junta-tecnica-y-de-programas\/\" target=\"_blank\" rel=\"noopener\">Comit\u00e9 T\u00e9cnico y de Programa<\/a> es responsable del contenido de la conferencia, incluida la selecci\u00f3n de temas y ponentes clave, as\u00ed como de la supervisi\u00f3n de la selecci\u00f3n de ponencias. Si el Consejo lo desea, podr\u00e1n a\u00f1adirse otros expertos de las Am\u00e9ricas.<\/span><\/p>\n<p><span style=\"font-weight: 400;\">El n\u00facleo del Consejo est\u00e1 formado por aquellos que han aceptado previamente formar parte del Comit\u00e9 T\u00e9cnico de PAMEC 2020. Para reforzar la representaci\u00f3n regional y promover la experiencia de la pr\u00f3xima generaci\u00f3n de l\u00edderes de la investigaci\u00f3n, la Junta contar\u00e1 con representantes adicionales hasta alcanzar un total de 20 miembros.<\/span><\/p>\n<p><span style=\"font-weight: 400;\">Las comunicaciones entre los miembros del Consejo T\u00e9cnico se realizar\u00e1n a trav\u00e9s del correo electr\u00f3nico y de aplicaciones de Internet, pero los miembros del Consejo tambi\u00e9n se reunir\u00e1n anualmente, ya sea antes de una conferencia o coincidiendo con otra conferencia como <a href=\"https:\/\/ewtec.org\/\" target=\"_blank\" rel=\"noopener\">EWTEC<\/a>, <a href=\"https:\/\/awtec2020.com\/\" target=\"_blank\" rel=\"noopener\">AWTEC<\/a> o <a href=\"https:\/\/www.icoe-conference.com\/\" target=\"_blank\" rel=\"noopener\">ICOE<\/a>.<\/span><\/p>\n<h2>Comit\u00e9 Organizador Local de la Conferencia<\/h2>\n<p><span style=\"font-weight: 400;\">Este comit\u00e9 es responsable de la log\u00edstica y los eventos asociados a la conferencia. Ellos se encargar\u00e1n de planificar y ejecutar cuestiones como lugares de celebraci\u00f3n, recepciones, cenas, alojamientos recomendados, actividades paralelas y viajes. La promoci\u00f3n dentro del pa\u00eds tambi\u00e9n ser\u00e1 responsabilidad suya.<\/span><\/p>\n<p><span style=\"font-weight: 400;\">El Comit\u00e9 Organizador Local trabajar\u00e1 en colaboraci\u00f3n con la Asociaci\u00f3n PAMEC.Energy para garantizar que el presupuesto y los planes de la Conferencia sean factibles y realizables. Tambi\u00e9n trabajar\u00e1n con el Consejo T\u00e9cnico y de Programa para garantizar que el Programa propuesto para la Conferencia pueda ejecutarse adecuadamente en t\u00e9rminos de promoci\u00f3n, lugares de celebraci\u00f3n, etc. Los miembros del Comit\u00e9 tambi\u00e9n trabajan para confirmar el firme apoyo de los gobiernos y pa\u00edses a la conferencia.<\/span><\/p>\n<h2>Junta Consultiva Internacional<\/h2>\n<p><span style=\"font-weight: 400;\">Siguiendo la estructura de la Conferencia Asi\u00e1tica sobre Energ\u00eda de las Olas y las Mareas (AWTEC), PAMEC ha creado un <a href=\"https:\/\/pamec.energy\/es\/acerca-de-pamec\/estructura-organizacional\/junta-asesora-internacional\/\" target=\"_blank\" rel=\"noopener\">Consejo Asesor Internacional<\/a> compuesto por personas clave de la Conferencia Europea sobre Energ\u00eda de las Olas y las Mareas (EWTEC) para garantizar una comunicaci\u00f3n s\u00f3lida y crear una alianza internacional. Adem\u00e1s de los miembros del Consejo Asesor de EWTEC, el Consejo Asesor de PAMEC incluye a dirigentes clave de AWTEC. La Junta Consultiva proporcionar\u00e1 asesoramiento y un conducto para garantizar una comunicaci\u00f3n fluida entre las tres conferencias mundiales sobre energ\u00edas marinas renovables.<\/span><\/p>\n","protected":false},"excerpt":{"rendered":"<p>La Asociaci\u00f3n PAMEC.Energy es una organizaci\u00f3n sin \u00e1nimo de lucro registrada en Nueva Escocia, Canad\u00e1, en virtud de la Ley de Sociedades de la provincia. La afiliaci\u00f3n a la Asociaci\u00f3n est\u00e1 abierta a todos los que apoyen el objetivo de hacer avanzar la investigaci\u00f3n y el desarrollo de las energ\u00edas marinas renovables en las Am\u00e9ricas. &#8230; <a title=\"Estructura organizativa\" class=\"read-more\" href=\"https:\/\/pamec.energy\/es\/acerca-de-pamec\/estructura-organizacional\/\" aria-label=\"Leer m\u00e1s sobre Estructura organizativa\">Leer m\u00e1s<\/a><\/p>\n","protected":false},"author":3,"featured_media":0,"parent":1958,"menu_order":2,"comment_status":"closed","ping_status":"closed","template":"","meta":{"generate_page_header":"","footnotes":""},"class_list":["post-2170","page","type-page","status-publish"],"_links":{"self":[{"href":"https:\/\/pamec.energy\/es\/wp-json\/wp\/v2\/pages\/2170","targetHints":{"allow":["GET"]}}],"collection":[{"href":"https:\/\/pamec.energy\/es\/wp-json\/wp\/v2\/pages"}],"about":[{"href":"https:\/\/pamec.energy\/es\/wp-json\/wp\/v2\/types\/page"}],"author":[{"embeddable":true,"href":"https:\/\/pamec.energy\/es\/wp-json\/wp\/v2\/users\/3"}],"replies":[{"embeddable":true,"href":"https:\/\/pamec.energy\/es\/wp-json\/wp\/v2\/comments?post=2170"}],"version-history":[{"count":10,"href":"https:\/\/pamec.energy\/es\/wp-json\/wp\/v2\/pages\/2170\/revisions"}],"predecessor-version":[{"id":5639,"href":"https:\/\/pamec.energy\/es\/wp-json\/wp\/v2\/pages\/2170\/revisions\/5639"}],"up":[{"embeddable":true,"href":"https:\/\/pamec.energy\/es\/wp-json\/wp\/v2\/pages\/1958"}],"wp:attachment":[{"href":"https:\/\/pamec.energy\/es\/wp-json\/wp\/v2\/media?parent=2170"}],"curies":[{"name":"wp","href":"https:\/\/api.w.org\/{rel}","templated":true}]}}