{"id":2181,"date":"2021-04-16T21:32:44","date_gmt":"2021-04-17T00:32:44","guid":{"rendered":"https:\/\/pamec.energy\/?page_id=2181"},"modified":"2026-01-30T21:03:04","modified_gmt":"2026-01-31T01:03:04","slug":"red-poes","status":"publish","type":"page","link":"https:\/\/pamec.energy\/es\/red-poes\/","title":{"rendered":"Estudiantes"},"content":{"rendered":"<p><span style=\"font-weight: 400;\">PAMEC.Asociaci\u00f3n de Energ\u00eda, en colaboraci\u00f3n con<\/span> <a href=\"https:\/\/cemieoceano.mx\/\"><span style=\"font-weight: 400;\">CEMIE-Oc\u00e9ano<\/span><\/a> <span style=\"font-weight: 400;\">, est\u00e1 apoyando la creaci\u00f3n de la Red Panamericana de Estudiantes de Energ\u00eda Oce\u00e1nica (POES). Esta organizaci\u00f3n est\u00e1 dirigida por y para estudiantes e investigadores principiantes en las Am\u00e9ricas que est\u00e1n involucrados en el sector de la energ\u00eda marina. El objetivo principal de esta organizaci\u00f3n independiente es crear sinergias entre instituciones y asociaciones de diferentes pa\u00edses para promover la investigaci\u00f3n colaborativa en temas de energ\u00eda marina que est\u00e1n dentro de nuestro alcance.<\/span><\/p>\n\n\n<figure class=\"wp-block-image size-large\"><img fetchpriority=\"high\" decoding=\"async\" width=\"1024\" height=\"1022\" src=\"https:\/\/pamec.energy\/wp-content\/uploads\/2021\/04\/POES-at-PAMEC-2020-1024x1022.jpg\" alt=\"\" class=\"wp-image-1841\" srcset=\"https:\/\/pamec.energy\/wp-content\/uploads\/2021\/04\/POES-at-PAMEC-2020-1024x1022.jpg 1024w, https:\/\/pamec.energy\/wp-content\/uploads\/2021\/04\/POES-at-PAMEC-2020-250x250.jpg 250w, https:\/\/pamec.energy\/wp-content\/uploads\/2021\/04\/POES-at-PAMEC-2020-150x150.jpg 150w, https:\/\/pamec.energy\/wp-content\/uploads\/2021\/04\/POES-at-PAMEC-2020-768x766.jpg 768w, https:\/\/pamec.energy\/wp-content\/uploads\/2021\/04\/POES-at-PAMEC-2020.jpg 1250w\" sizes=\"(max-width: 1024px) 100vw, 1024px\" \/><figcaption class=\"wp-element-caption\"><em>La Red POES, sus lineamientos, implicaciones y beneficios de ser embajador fueron presentados durante PAMEC 2020 del 26 al 28 de enero en San Jos\u00e9 Costa Rica.<\/em><\/figcaption><\/figure>\n\n\n\n<p>La <a href=\"http:\/\/www.poesenergy.org\/\">Red POES<\/a> es una asociaci\u00f3n de voluntarios, que act\u00faa como un centro para organizaciones estudiantiles en Panam\u00e9rica, que tiene como objetivo facilitar el intercambio de informaci\u00f3n y la colaboraci\u00f3n entre estudiantes y j\u00f3venes investigadores de las Am\u00e9ricas con el resto del mundo. <\/p>\n\n\n\n<p>Buscan apoyar y promover el desarrollo, la investigaci\u00f3n y la implementaci\u00f3n futura de las energ\u00edas oce\u00e1nicas (p. ej., olas, corrientes de marea, gradientes t\u00e9rmicos y de salinidad, etc.) y temas relacionados interdisciplinarios. <\/p>\n\n\n\n<p>La iniciativa de la <a href=\"http:\/\/www.poesenergy.org\/\">Red POES<\/a> actualmente es administrada por representantes de <a href=\"https:\/\/cemieoceano.mx\/comite-estudiantil.html,%20https:\/www.facebook.com\/CEMIEO.estudiantil\">CEMIE-Oc\u00e9ano Estudiantil<\/a> y <a href=\"https:\/\/remarco.cl\/instituciones\/\">REMARCO<\/a> . Para consolidar la red, est\u00e1n identificando colaboradores que quisieran involucrarse como <em>embajadores.<\/em> Su funci\u00f3n principal ser\u00e1 la de representar y ser el punto de contacto de la organizaci\u00f3n. <\/p>\n\n\n\n<figure class=\"wp-block-image\"><img decoding=\"async\" src=\"https:\/\/pamec.energy\/wp-content\/uploads\/2021\/04\/POES.jpg\" alt=\"Esta imagen tiene un atributo alt vac\u00edo; su nombre de archivo es POES.jpg\"\/><\/figure>\n\n\n\n<p>\u00bfLe gustar\u00eda participar en la Red POES? Por favor, p\u00f3ngase en contacto con el enlace estudiantil de la Asociaci\u00f3n PAMEC.Energy, Emiliano Gorr<a href=\"mailto:emiliano.gorr@pamec.energy\">(emiliano.gorr@pamec.energy)<\/a>. Tambi\u00e9n puedes seguirlos en <a href=\"https:\/\/www.facebook.com\/POES.Energy\">Facebook<\/a> y <a rel=\"noreferrer noopener\" href=\"https:\/\/www.linkedin.com\/company\/poesenergy\/\" target=\"_blank\">LinkedIn<\/a> .<\/p>\n","protected":false},"excerpt":{"rendered":"<p>PAMEC.Asociaci\u00f3n de Energ\u00eda, en colaboraci\u00f3n con CEMIE-Oc\u00e9ano , est\u00e1 apoyando la creaci\u00f3n de la Red Panamericana de Estudiantes de Energ\u00eda Oce\u00e1nica (POES). Esta organizaci\u00f3n est\u00e1 dirigida por y para estudiantes e investigadores principiantes en las Am\u00e9ricas que est\u00e1n involucrados en el sector de la energ\u00eda marina. El objetivo principal de esta organizaci\u00f3n independiente es crear &#8230; <a title=\"Estudiantes\" class=\"read-more\" href=\"https:\/\/pamec.energy\/es\/red-poes\/\" aria-label=\"Leer m\u00e1s sobre Estudiantes\">Leer m\u00e1s<\/a><\/p>\n","protected":false},"author":3,"featured_media":0,"parent":0,"menu_order":0,"comment_status":"closed","ping_status":"closed","template":"","meta":{"generate_page_header":"","footnotes":""},"class_list":["post-2181","page","type-page","status-publish"],"_links":{"self":[{"href":"https:\/\/pamec.energy\/es\/wp-json\/wp\/v2\/pages\/2181","targetHints":{"allow":["GET"]}}],"collection":[{"href":"https:\/\/pamec.energy\/es\/wp-json\/wp\/v2\/pages"}],"about":[{"href":"https:\/\/pamec.energy\/es\/wp-json\/wp\/v2\/types\/page"}],"author":[{"embeddable":true,"href":"https:\/\/pamec.energy\/es\/wp-json\/wp\/v2\/users\/3"}],"replies":[{"embeddable":true,"href":"https:\/\/pamec.energy\/es\/wp-json\/wp\/v2\/comments?post=2181"}],"version-history":[{"count":9,"href":"https:\/\/pamec.energy\/es\/wp-json\/wp\/v2\/pages\/2181\/revisions"}],"predecessor-version":[{"id":5999,"href":"https:\/\/pamec.energy\/es\/wp-json\/wp\/v2\/pages\/2181\/revisions\/5999"}],"wp:attachment":[{"href":"https:\/\/pamec.energy\/es\/wp-json\/wp\/v2\/media?parent=2181"}],"curies":[{"name":"wp","href":"https:\/\/api.w.org\/{rel}","templated":true}]}}