{"id":2205,"date":"2021-04-16T22:04:00","date_gmt":"2021-04-17T01:04:00","guid":{"rendered":"https:\/\/pamec.energy\/?page_id=2205"},"modified":"2022-06-13T08:28:06","modified_gmt":"2022-06-13T11:28:06","slug":"tattiana-hernandez","status":"publish","type":"page","link":"https:\/\/pamec.energy\/es\/acerca-de-pamec\/estructura-organizacional\/junta-directiva\/tattiana-hernandez\/","title":{"rendered":"tatiana hernandez"},"content":{"rendered":"\n<h1 class=\"wp-block-heading\">Junta Directiva<\/h1>\n\n<div class=\"wp-block-media-text is-stacked-on-mobile is-vertically-aligned-center\" style=\"grid-template-columns:34% auto\"><figure class=\"wp-block-media-text__media\"><img fetchpriority=\"high\" decoding=\"async\" width=\"300\" height=\"300\" src=\"https:\/\/pamec.energy\/wp-content\/uploads\/2021\/04\/Tattiana_-colors.png\" alt=\"\" class=\"wp-image-1739 size-full\" srcset=\"https:\/\/pamec.energy\/wp-content\/uploads\/2021\/04\/Tattiana_-colors.png 300w, https:\/\/pamec.energy\/wp-content\/uploads\/2021\/04\/Tattiana_-colors-250x250.png 250w, https:\/\/pamec.energy\/wp-content\/uploads\/2021\/04\/Tattiana_-colors-150x150.png 150w\" sizes=\"(max-width: 300px) 100vw, 300px\" \/><\/figure><div class=\"wp-block-media-text__content\">\n<div style=\"height:5px\" aria-hidden=\"true\" class=\"wp-block-spacer\"><\/div>\n\n\n\n<h2 class=\"wp-block-heading\">Tattiana Hern\u00e1ndez-Madrigal<\/h2>\n\n\n\n<h3 class=\"wp-block-heading\">Vicepresidente | co-fundador<\/h3>\n\n\n\n<p>Maestr\u00eda en Ingenier\u00eda de Ingenier\u00eda, Doctorado<\/p>\n\n\n\n<p><a href=\"mailto:tattiana@pamec.energy\">tattiana@pamec.energy<\/a><\/p>\n<\/div><\/div>\n\n<div class=\"wp-block-columns is-layout-flex wp-container-core-columns-is-layout-9d6595d7 wp-block-columns-is-layout-flex\">\n<div class=\"wp-block-column is-layout-flow wp-block-column-is-layout-flow\" style=\"flex-basis:100%\">\n<p>Tatti es ingeniero mec\u00e1nico especializado en aeromec\u00e1nica de turbomaquinaria, con doctorado en Ingenier\u00eda. Su investigaci\u00f3n de doctorado se complet\u00f3 en el Grupo de Investigaci\u00f3n de Energ\u00eda Marina de Cardiff ( <a href=\"http:\/\/cmerg.engineering.cf.ac.uk\/\">CMERG<\/a> ) de la Universidad de Cardiff, donde realiz\u00f3 un an\u00e1lisis tecnoecon\u00f3mico de las turbinas de corriente de marea que operan en flujos de baja velocidad.<\/p>\n\n\n\n<p>Tatti ha estado utilizando su experiencia t\u00e9cnica en energ\u00eda marina para apoyar el crecimiento y la creaci\u00f3n de redes del sector: en La junta directiva de <a href=\"http:\/\/PAMEC.Energy\">PAMEC.Asociaci\u00f3n<\/a> de Energ\u00eda, asesorando al POES con iniciativas para estudiantes en y desde Panamerica, y anteriormente en <a href=\"https:\/\/inorean.org\/about-us_new\/\">INORE<\/a> como Coordinador de Investigaci\u00f3n gestionando las Becas OES Blue Energy y liderando talleres internacionales.<\/p>\n\n\n\n<p>Adem\u00e1s de su papel en <a href=\"http:\/\/PAMEC.Energy\">PAMEC.Energy<\/a> Association, Tatti tambi\u00e9n aplica su experiencia en turbomaquinaria y liderazgo de equipos internacionales en el sector de la energ\u00eda e\u00f3lica terrestre, como l\u00edder de grupo del equipo Global Blade Service Technology en Nordex Group.<\/p>\n<\/div>\n<\/div>\n\n<p><a href=\"https:\/\/pamec.energy\/es\/acerca-de-pamec\/estructura-organizacional\/junta-directiva\/\">\u2190 Ir a Junta Directiva<\/a><\/p>\n\n<p>\u00a0<\/p>\n","protected":false},"excerpt":{"rendered":"<p>Junta Directiva Tatti es ingeniero mec\u00e1nico especializado en aeromec\u00e1nica de turbomaquinaria, con doctorado en Ingenier\u00eda. Su investigaci\u00f3n de doctorado se complet\u00f3 en el Grupo de Investigaci\u00f3n de Energ\u00eda Marina de Cardiff ( CMERG ) de la Universidad de Cardiff, donde realiz\u00f3 un an\u00e1lisis tecnoecon\u00f3mico de las turbinas de corriente de marea que operan en flujos &#8230; <a title=\"tatiana hernandez\" class=\"read-more\" href=\"https:\/\/pamec.energy\/es\/acerca-de-pamec\/estructura-organizacional\/junta-directiva\/tattiana-hernandez\/\" aria-label=\"Leer m\u00e1s sobre tatiana hernandez\">Leer m\u00e1s<\/a><\/p>\n","protected":false},"author":3,"featured_media":0,"parent":2185,"menu_order":2,"comment_status":"closed","ping_status":"closed","template":"","meta":{"generate_page_header":"","footnotes":""},"class_list":["post-2205","page","type-page","status-publish"],"_links":{"self":[{"href":"https:\/\/pamec.energy\/es\/wp-json\/wp\/v2\/pages\/2205","targetHints":{"allow":["GET"]}}],"collection":[{"href":"https:\/\/pamec.energy\/es\/wp-json\/wp\/v2\/pages"}],"about":[{"href":"https:\/\/pamec.energy\/es\/wp-json\/wp\/v2\/types\/page"}],"author":[{"embeddable":true,"href":"https:\/\/pamec.energy\/es\/wp-json\/wp\/v2\/users\/3"}],"replies":[{"embeddable":true,"href":"https:\/\/pamec.energy\/es\/wp-json\/wp\/v2\/comments?post=2205"}],"version-history":[{"count":8,"href":"https:\/\/pamec.energy\/es\/wp-json\/wp\/v2\/pages\/2205\/revisions"}],"predecessor-version":[{"id":3765,"href":"https:\/\/pamec.energy\/es\/wp-json\/wp\/v2\/pages\/2205\/revisions\/3765"}],"up":[{"embeddable":true,"href":"https:\/\/pamec.energy\/es\/wp-json\/wp\/v2\/pages\/2185"}],"wp:attachment":[{"href":"https:\/\/pamec.energy\/es\/wp-json\/wp\/v2\/media?parent=2205"}],"curies":[{"name":"wp","href":"https:\/\/api.w.org\/{rel}","templated":true}]}}