{"id":2208,"date":"2021-04-16T22:04:38","date_gmt":"2021-04-17T01:04:38","guid":{"rendered":"https:\/\/pamec.energy\/?page_id=2208"},"modified":"2023-04-16T13:42:25","modified_gmt":"2023-04-16T16:42:25","slug":"rodrigo-rojas","status":"publish","type":"page","link":"https:\/\/pamec.energy\/es\/acerca-de-pamec\/estructura-organizacional\/junta-directiva\/rodrigo-rojas\/","title":{"rendered":"Rodrigo Rojas"},"content":{"rendered":"\n<h1 class=\"wp-block-heading\">Junta Directiva<\/h1>\n\n<div class=\"wp-block-media-text is-stacked-on-mobile is-vertically-aligned-center\" style=\"grid-template-columns:34% auto\"><figure class=\"wp-block-media-text__media\"><img fetchpriority=\"high\" decoding=\"async\" width=\"300\" height=\"300\" src=\"https:\/\/pamec.energy\/wp-content\/uploads\/2021\/03\/Jose-Rodrigo_-Colors-300.png\" alt=\"\" class=\"wp-image-1573 size-full\" srcset=\"https:\/\/pamec.energy\/wp-content\/uploads\/2021\/03\/Jose-Rodrigo_-Colors-300.png 300w, https:\/\/pamec.energy\/wp-content\/uploads\/2021\/03\/Jose-Rodrigo_-Colors-300-250x250.png 250w, https:\/\/pamec.energy\/wp-content\/uploads\/2021\/03\/Jose-Rodrigo_-Colors-300-150x150.png 150w\" sizes=\"(max-width: 300px) 100vw, 300px\" \/><\/figure><div class=\"wp-block-media-text__content\">\n<div style=\"height:5px\" aria-hidden=\"true\" class=\"wp-block-spacer\"><\/div>\n\n\n\n<h2 class=\"wp-block-heading\">jose rodrigo rojas morales<\/h2>\n\n\n\n<h3 class=\"wp-block-heading\">Representante de Centroam\u00e9rica<\/h3>\n\n\n\n<p>Doctor<\/p>\n<\/div><\/div>\n\n<div class=\"wp-block-columns is-layout-flex wp-container-core-columns-is-layout-9d6595d7 wp-block-columns-is-layout-flex\">\n<div class=\"wp-block-column is-layout-flow wp-block-column-is-layout-flow\" style=\"flex-basis:100%\">\n<p>Rodrigo es especialista en energ\u00eda y medio ambiente y trabaja para el<a href=\"https:\/\/www.grupoice.com\/wps\/portal\" data-type=\"URL\" data-id=\"https:\/\/www.grupoice.com\/wps\/portal\">Instituto<\/a> Costarricense de Electricidad (<a href=\"https:\/\/www.grupoice.com\/wps\/portal\" data-type=\"URL\" data-id=\"https:\/\/www.grupoice.com\/wps\/portal\">ICE<\/a>) desde hace m\u00e1s de 20 a\u00f1os. Actualmente dirige el grupo de trabajo sobre innovaci\u00f3n, observatorio de prospectiva energ\u00e9tica y miembro del equipo de expertos para el desarrollo de la cartera de renovables no convencionales. En los \u00faltimos a\u00f1os, ha coordinado la hoja de ruta costarricense en materia de energ\u00eda oce\u00e1nica, y fue el principal organizador de PAMEC-2020 en Costa Rica. Tambi\u00e9n es profesor del departamento de ecolog\u00eda de la Universidad Nacional de Costa Rica y director de tesis sobre temas relacionados con la energ\u00eda y el medio ambiente.<\/p>\n<\/div>\n<\/div>\n\n<p><a href=\"https:\/\/pamec.energy\/es\/acerca-de-pamec\/estructura-organizacional\/junta-directiva\/\" data-type=\"URL\" data-id=\"https:\/\/pamec.energy\/directors\/\"><\/a><a href=\"https:\/\/pamec.energy\/es\/acerca-de-pamec\/estructura-organizacional\/junta-directiva\/\">\u2190 Ir a Junta Directiva<\/a><\/p>\n\n<p>\u00a0<\/p>\n","protected":false},"excerpt":{"rendered":"<p>Junta Directiva Rodrigo es especialista en energ\u00eda y medio ambiente y trabaja para elInstituto Costarricense de Electricidad (ICE) desde hace m\u00e1s de 20 a\u00f1os. Actualmente dirige el grupo de trabajo sobre innovaci\u00f3n, observatorio de prospectiva energ\u00e9tica y miembro del equipo de expertos para el desarrollo de la cartera de renovables no convencionales. En los \u00faltimos &#8230; <a title=\"Rodrigo Rojas\" class=\"read-more\" href=\"https:\/\/pamec.energy\/es\/acerca-de-pamec\/estructura-organizacional\/junta-directiva\/rodrigo-rojas\/\" aria-label=\"Leer m\u00e1s sobre Rodrigo Rojas\">Leer m\u00e1s<\/a><\/p>\n","protected":false},"author":3,"featured_media":0,"parent":2185,"menu_order":5,"comment_status":"closed","ping_status":"closed","template":"","meta":{"generate_page_header":"","footnotes":""},"class_list":["post-2208","page","type-page","status-publish"],"_links":{"self":[{"href":"https:\/\/pamec.energy\/es\/wp-json\/wp\/v2\/pages\/2208","targetHints":{"allow":["GET"]}}],"collection":[{"href":"https:\/\/pamec.energy\/es\/wp-json\/wp\/v2\/pages"}],"about":[{"href":"https:\/\/pamec.energy\/es\/wp-json\/wp\/v2\/types\/page"}],"author":[{"embeddable":true,"href":"https:\/\/pamec.energy\/es\/wp-json\/wp\/v2\/users\/3"}],"replies":[{"embeddable":true,"href":"https:\/\/pamec.energy\/es\/wp-json\/wp\/v2\/comments?post=2208"}],"version-history":[{"count":8,"href":"https:\/\/pamec.energy\/es\/wp-json\/wp\/v2\/pages\/2208\/revisions"}],"predecessor-version":[{"id":5984,"href":"https:\/\/pamec.energy\/es\/wp-json\/wp\/v2\/pages\/2208\/revisions\/5984"}],"up":[{"embeddable":true,"href":"https:\/\/pamec.energy\/es\/wp-json\/wp\/v2\/pages\/2185"}],"wp:attachment":[{"href":"https:\/\/pamec.energy\/es\/wp-json\/wp\/v2\/media?parent=2208"}],"curies":[{"name":"wp","href":"https:\/\/api.w.org\/{rel}","templated":true}]}}