{"id":2209,"date":"2021-04-16T22:04:46","date_gmt":"2021-04-17T01:04:46","guid":{"rendered":"https:\/\/pamec.energy\/?page_id=2209"},"modified":"2026-03-09T18:09:37","modified_gmt":"2026-03-09T21:09:37","slug":"diego-acevedo","status":"publish","type":"page","link":"https:\/\/pamec.energy\/es\/acerca-de-pamec\/estructura-organizacional\/junta-directiva\/diego-acevedo\/","title":{"rendered":"diego acevedo"},"content":{"rendered":"\n<h1 class=\"wp-block-heading\">Junta Directiva<\/h1>\n\n<div class=\"wp-block-media-text is-stacked-on-mobile is-vertically-aligned-center\" style=\"grid-template-columns:34% auto\"><figure class=\"wp-block-media-text__media\"><img fetchpriority=\"high\" decoding=\"async\" width=\"300\" height=\"300\" src=\"https:\/\/pamec.energy\/wp-content\/uploads\/2021\/03\/Diego_-colors-300.png\" alt=\"\" class=\"wp-image-1589 size-full\" srcset=\"https:\/\/pamec.energy\/wp-content\/uploads\/2021\/03\/Diego_-colors-300.png 300w, https:\/\/pamec.energy\/wp-content\/uploads\/2021\/03\/Diego_-colors-300-250x250.png 250w, https:\/\/pamec.energy\/wp-content\/uploads\/2021\/03\/Diego_-colors-300-150x150.png 150w\" sizes=\"(max-width: 300px) 100vw, 300px\" \/><\/figure><div class=\"wp-block-media-text__content\">\n<div style=\"height:5px\" aria-hidden=\"true\" class=\"wp-block-spacer\"><\/div>\n\n\n\n<h2 class=\"wp-block-heading\">diego acevedo<\/h2>\n\n\n\n<h3 class=\"wp-block-heading\">Vicepresidente y Representante del Caribe<\/h3>\n\n\n\n<p>Doctorado<\/p>\n<\/div><\/div>\n\n<div class=\"wp-block-columns is-layout-flex wp-container-core-columns-is-layout-9d6595d7 wp-block-columns-is-layout-flex\">\n<div class=\"wp-block-column is-layout-flow wp-block-column-is-layout-flow\" style=\"flex-basis:100%\">\n<p>El Dr. Acevedo es ingeniero, experto en sostenibilidad e innovaci\u00f3n, especializado en el desarrollo de soluciones para los peque\u00f1os estados insulares. Residente en Aruba, actualmente es Profesor Asistente Senior dentro del programa SISSTEM (Soluciones Sostenibles para las Islas a trav\u00e9s de la Ciencia, la Tecnolog\u00eda, la Ingenier\u00eda y las Matem\u00e1ticas) de la Universidad de Aruba. Ha trabajado en el desarrollo de soluciones tecnol\u00f3gicas innovadoras relacionadas con la energ\u00eda marina, las redes de refrigeraci\u00f3n urbana, la generaci\u00f3n de agua potable, la generaci\u00f3n de electricidad fotovoltaica solar flotante de origen marino y las tecnolog\u00edas agr\u00edcolas para entornos dif\u00edciles.<br\/><br\/>Algunos aspectos destacados de su trabajo incluyen ser fundador de Eneda Engineering Services VBA, una empresa de consultor\u00eda de ingenier\u00eda centrada en tecnolog\u00edas de energ\u00eda sostenible, agua y alimentos, con especial atenci\u00f3n a las soluciones insulares; cofundador de Bluerise BV, ahora parte de Allseas Engineering BV, que trabaja en el desarrollo de tecnolog\u00eda de energ\u00eda t\u00e9rmica oce\u00e1nica, y copropietario de Happyponics VBA, una empresa pionera en soluciones agr\u00edcolas tropicales sostenibles.<br\/><br\/>El Dr. Acevedo es Doctor en Ingenier\u00eda Qu\u00edmica por la KU Leuven (B\u00e9lgica), MSc. en Energ\u00eda Sostenible por la TU Delft (Pa\u00edses Bajos) y un BSc. en Ingenier\u00eda Mec\u00e1nica por la Universidad de Florida (EE.UU.).<\/p>\n<\/div>\n<\/div>\n\n<p><a href=\"https:\/\/pamec.energy\/es\/acerca-de-pamec\/estructura-organizacional\/junta-directiva\/\"><\/a><a href=\"https:\/\/pamec.energy\/es\/acerca-de-pamec\/estructura-organizacional\/junta-directiva\/\">\u2190 Ir a Junta Directiva<\/a><\/p>\n\n<p>\u00a0<\/p>\n\n<p><\/p>\n","protected":false},"excerpt":{"rendered":"<p>Junta Directiva El Dr. Acevedo es ingeniero, experto en sostenibilidad e innovaci\u00f3n, especializado en el desarrollo de soluciones para los peque\u00f1os estados insulares. Residente en Aruba, actualmente es Profesor Asistente Senior dentro del programa SISSTEM (Soluciones Sostenibles para las Islas a trav\u00e9s de la Ciencia, la Tecnolog\u00eda, la Ingenier\u00eda y las Matem\u00e1ticas) de la Universidad &#8230; <a title=\"diego acevedo\" class=\"read-more\" href=\"https:\/\/pamec.energy\/es\/acerca-de-pamec\/estructura-organizacional\/junta-directiva\/diego-acevedo\/\" aria-label=\"Leer m\u00e1s sobre diego acevedo\">Leer m\u00e1s<\/a><\/p>\n","protected":false},"author":3,"featured_media":0,"parent":2185,"menu_order":6,"comment_status":"closed","ping_status":"closed","template":"","meta":{"generate_page_header":"","footnotes":""},"class_list":["post-2209","page","type-page","status-publish"],"_links":{"self":[{"href":"https:\/\/pamec.energy\/es\/wp-json\/wp\/v2\/pages\/2209","targetHints":{"allow":["GET"]}}],"collection":[{"href":"https:\/\/pamec.energy\/es\/wp-json\/wp\/v2\/pages"}],"about":[{"href":"https:\/\/pamec.energy\/es\/wp-json\/wp\/v2\/types\/page"}],"author":[{"embeddable":true,"href":"https:\/\/pamec.energy\/es\/wp-json\/wp\/v2\/users\/3"}],"replies":[{"embeddable":true,"href":"https:\/\/pamec.energy\/es\/wp-json\/wp\/v2\/comments?post=2209"}],"version-history":[{"count":15,"href":"https:\/\/pamec.energy\/es\/wp-json\/wp\/v2\/pages\/2209\/revisions"}],"predecessor-version":[{"id":9592,"href":"https:\/\/pamec.energy\/es\/wp-json\/wp\/v2\/pages\/2209\/revisions\/9592"}],"up":[{"embeddable":true,"href":"https:\/\/pamec.energy\/es\/wp-json\/wp\/v2\/pages\/2185"}],"wp:attachment":[{"href":"https:\/\/pamec.energy\/es\/wp-json\/wp\/v2\/media?parent=2209"}],"curies":[{"name":"wp","href":"https:\/\/api.w.org\/{rel}","templated":true}]}}