{"id":2210,"date":"2021-04-16T22:04:55","date_gmt":"2021-04-17T01:04:55","guid":{"rendered":"https:\/\/pamec.energy\/?page_id=2210"},"modified":"2023-04-16T13:42:03","modified_gmt":"2023-04-16T16:42:03","slug":"andrea-copping","status":"publish","type":"page","link":"https:\/\/pamec.energy\/es\/acerca-de-pamec\/estructura-organizacional\/junta-directiva\/andrea-copping\/","title":{"rendered":"andrea copping"},"content":{"rendered":"\n<h1 class=\"wp-block-heading\">Junta Directiva<\/h1>\n\n<div class=\"wp-block-media-text is-stacked-on-mobile is-vertically-aligned-center\" style=\"grid-template-columns:34% auto\"><figure class=\"wp-block-media-text__media\"><img fetchpriority=\"high\" decoding=\"async\" width=\"300\" height=\"300\" src=\"https:\/\/pamec.energy\/wp-content\/uploads\/2021\/03\/Andrea_-colors-300.png\" alt=\"\" class=\"wp-image-1581 size-full\" srcset=\"https:\/\/pamec.energy\/wp-content\/uploads\/2021\/03\/Andrea_-colors-300.png 300w, https:\/\/pamec.energy\/wp-content\/uploads\/2021\/03\/Andrea_-colors-300-250x250.png 250w, https:\/\/pamec.energy\/wp-content\/uploads\/2021\/03\/Andrea_-colors-300-150x150.png 150w\" sizes=\"(max-width: 300px) 100vw, 300px\" \/><\/figure><div class=\"wp-block-media-text__content\">\n<div style=\"height:5px\" aria-hidden=\"true\" class=\"wp-block-spacer\"><\/div>\n\n\n\n<h2 class=\"wp-block-heading\">andrea copping<\/h2>\n\n\n\n<h3 class=\"wp-block-heading\">Representante de los Estados Unidos<\/h3>\n\n\n\n<p>Licenciatura, m\u00e1ster y doctorado<\/p>\n<\/div><\/div>\n\n<div class=\"wp-block-columns is-layout-flex wp-container-core-columns-is-layout-9d6595d7 wp-block-columns-is-layout-flex\">\n<div class=\"wp-block-column is-layout-flow wp-block-column-is-layout-flow\" style=\"flex-basis:100%\">\n<p>Andrea es BSc. en biolog\u00eda marina, y un m\u00e1ster y un doctorado. en oceanograf\u00eda biol\u00f3gica. Andrea ha dedicado la mayor parte de su carrera profesional a las interacciones entre las actividades humanas y el medio marino en zonas costeras y estuarinas. Andrea se incorpor\u00f3 al <a href=\"https:\/\/www.pnnl.gov\/\">Laboratorio Nacional del Noroeste del Pac\u00edfico<\/a> en 2006.<\/p>\n\n\n\n<p>Anteriormente, Andrea fue Directora Asociada de Washington Sea Grant, Universidad de Washington. Desde su incorporaci\u00f3n al PNNL, Andrea ha dirigido un equipo de cient\u00edficos e ingenieros que aplican enfoques basados en el riesgo para comprender los posibles efectos medioambientales de las energ\u00edas renovables marinas y la energ\u00eda e\u00f3lica marina. El Dr. Copping tambi\u00e9n dirige la investigaci\u00f3n y el desarrollo de energ\u00edas marinas para la Econom\u00eda Azul. El Dr. Copping es Profesor Distinguido de la Universidad de Washington y Editor Asociado del Coastal Management Journal.<\/p>\n<\/div>\n<\/div>\n\n<p><a href=\"https:\/\/pamec.energy\/es\/acerca-de-pamec\/estructura-organizacional\/junta-directiva\/\"><\/a><a href=\"https:\/\/pamec.energy\/es\/acerca-de-pamec\/estructura-organizacional\/junta-directiva\/\">\u2190 Ir a Junta Directiva<\/a><\/p>\n","protected":false},"excerpt":{"rendered":"<p>Junta Directiva Andrea es BSc. en biolog\u00eda marina, y un m\u00e1ster y un doctorado. en oceanograf\u00eda biol\u00f3gica. Andrea ha dedicado la mayor parte de su carrera profesional a las interacciones entre las actividades humanas y el medio marino en zonas costeras y estuarinas. Andrea se incorpor\u00f3 al Laboratorio Nacional del Noroeste del Pac\u00edfico en 2006. &#8230; <a title=\"andrea copping\" class=\"read-more\" href=\"https:\/\/pamec.energy\/es\/acerca-de-pamec\/estructura-organizacional\/junta-directiva\/andrea-copping\/\" aria-label=\"Leer m\u00e1s sobre andrea copping\">Leer m\u00e1s<\/a><\/p>\n","protected":false},"author":3,"featured_media":0,"parent":2185,"menu_order":7,"comment_status":"closed","ping_status":"closed","template":"","meta":{"generate_page_header":"","footnotes":""},"class_list":["post-2210","page","type-page","status-publish"],"_links":{"self":[{"href":"https:\/\/pamec.energy\/es\/wp-json\/wp\/v2\/pages\/2210","targetHints":{"allow":["GET"]}}],"collection":[{"href":"https:\/\/pamec.energy\/es\/wp-json\/wp\/v2\/pages"}],"about":[{"href":"https:\/\/pamec.energy\/es\/wp-json\/wp\/v2\/types\/page"}],"author":[{"embeddable":true,"href":"https:\/\/pamec.energy\/es\/wp-json\/wp\/v2\/users\/3"}],"replies":[{"embeddable":true,"href":"https:\/\/pamec.energy\/es\/wp-json\/wp\/v2\/comments?post=2210"}],"version-history":[{"count":9,"href":"https:\/\/pamec.energy\/es\/wp-json\/wp\/v2\/pages\/2210\/revisions"}],"predecessor-version":[{"id":5973,"href":"https:\/\/pamec.energy\/es\/wp-json\/wp\/v2\/pages\/2210\/revisions\/5973"}],"up":[{"embeddable":true,"href":"https:\/\/pamec.energy\/es\/wp-json\/wp\/v2\/pages\/2185"}],"wp:attachment":[{"href":"https:\/\/pamec.energy\/es\/wp-json\/wp\/v2\/media?parent=2210"}],"curies":[{"name":"wp","href":"https:\/\/api.w.org\/{rel}","templated":true}]}}