{"id":2211,"date":"2021-04-16T22:05:01","date_gmt":"2021-04-17T01:05:01","guid":{"rendered":"https:\/\/pamec.energy\/?page_id=2211"},"modified":"2022-05-27T15:06:47","modified_gmt":"2022-05-27T18:06:47","slug":"andres-osorio","status":"publish","type":"page","link":"https:\/\/pamec.energy\/es\/acerca-de-pamec\/estructura-organizacional\/junta-directiva\/andres-osorio\/","title":{"rendered":"Andres Osorio"},"content":{"rendered":"\n<h1 class=\"wp-block-heading\">Junta Directiva<\/h1>\n\n<div class=\"wp-block-media-text is-stacked-on-mobile is-vertically-aligned-center\" style=\"grid-template-columns:34% auto\"><figure class=\"wp-block-media-text__media\"><img fetchpriority=\"high\" decoding=\"async\" width=\"300\" height=\"300\" src=\"https:\/\/pamec.energy\/wp-content\/uploads\/2021\/03\/Andres_-colors-300.png\" alt=\"\" class=\"wp-image-1584 size-full\" srcset=\"https:\/\/pamec.energy\/wp-content\/uploads\/2021\/03\/Andres_-colors-300.png 300w, https:\/\/pamec.energy\/wp-content\/uploads\/2021\/03\/Andres_-colors-300-250x250.png 250w, https:\/\/pamec.energy\/wp-content\/uploads\/2021\/03\/Andres_-colors-300-150x150.png 150w\" sizes=\"(max-width: 300px) 100vw, 300px\" \/><\/figure><div class=\"wp-block-media-text__content\">\n<div style=\"height:5px\" aria-hidden=\"true\" class=\"wp-block-spacer\"><\/div>\n\n\n\n<h2 class=\"wp-block-heading\">Andr\u00e9s Fernando Osorio Arias<\/h2>\n\n\n\n<h3 class=\"wp-block-heading\">Presidente del Comit\u00e9 T\u00e9cnico y Representante de Sudam\u00e9rica<\/h3>\n\n\n\n<p>Doctor<\/p>\n<\/div><\/div>\n\n<div class=\"wp-block-columns is-layout-flex wp-container-core-columns-is-layout-9d6595d7 wp-block-columns-is-layout-flex\">\n<div class=\"wp-block-column is-layout-flow wp-block-column-is-layout-flow\" style=\"flex-basis:100%\">\n<p>Andr\u00e9s F. Osorio es profesor de la Universidad Nacional de Colombia y director del grupo de investigaci\u00f3n <a href=\"https:\/\/minas.medellin.unal.edu.co\/gruposdeinvestigacion\/oceanicos\/\" data-type=\"URL\" data-id=\"https:\/\/minas.medellin.unal.edu.co\/gruposdeinvestigacion\/oceanicos\/\">OCEANICOS<\/a> . Tambi\u00e9n es director del Centro de Excelencia en Ciencias Marinas &#8211; CEMarin ( <a href=\"http:\/\/www.cemarin.org\">www.cemarin.org<\/a> ). Tiene experiencia en gesti\u00f3n de zonas oce\u00e1nicas y costeras (GZOC), energ\u00edas renovables marinas, modelado num\u00e9rico para rean\u00e1lisis, y pron\u00f3stico y dise\u00f1o de soluciones para ingenier\u00eda de costas y oc\u00e9anos. <\/p>\n\n\n\n<p>Ha estado involucrado en proyectos internacionales como: CoastView (vigilancia de sistemas costeros en pa\u00edses europeos), desarrollo de software de SMC (Sistema de Modelado Costero), y una estrategia tecnol\u00f3gica para el cambio clim\u00e1tico realizada para Medio Ambiente y Desarrollo Sostenible de Colombia y UNEP-Riso. Su experiencia como profesor, investigador internacional y consultor lo ubica como parte de los expertos internacionales en Ingenier\u00eda Costera, Energ\u00eda Marina y GZOC en Centro y Sudam\u00e9rica.<\/p>\n<\/div>\n<\/div>\n\n<p><a href=\"https:\/\/pamec.energy\/es\/acerca-de-pamec\/estructura-organizacional\/junta-directiva\/\">\u2190 Volver<\/a><\/p>\n","protected":false},"excerpt":{"rendered":"<p>Junta Directiva Andr\u00e9s F. Osorio es profesor de la Universidad Nacional de Colombia y director del grupo de investigaci\u00f3n OCEANICOS . Tambi\u00e9n es director del Centro de Excelencia en Ciencias Marinas &#8211; CEMarin ( www.cemarin.org ). Tiene experiencia en gesti\u00f3n de zonas oce\u00e1nicas y costeras (GZOC), energ\u00edas renovables marinas, modelado num\u00e9rico para rean\u00e1lisis, y pron\u00f3stico &#8230; <a title=\"Andres Osorio\" class=\"read-more\" href=\"https:\/\/pamec.energy\/es\/acerca-de-pamec\/estructura-organizacional\/junta-directiva\/andres-osorio\/\" aria-label=\"Leer m\u00e1s sobre Andres Osorio\">Leer m\u00e1s<\/a><\/p>\n","protected":false},"author":3,"featured_media":0,"parent":2185,"menu_order":8,"comment_status":"closed","ping_status":"closed","template":"","meta":{"generate_page_header":"","footnotes":""},"class_list":["post-2211","page","type-page","status-publish"],"_links":{"self":[{"href":"https:\/\/pamec.energy\/es\/wp-json\/wp\/v2\/pages\/2211","targetHints":{"allow":["GET"]}}],"collection":[{"href":"https:\/\/pamec.energy\/es\/wp-json\/wp\/v2\/pages"}],"about":[{"href":"https:\/\/pamec.energy\/es\/wp-json\/wp\/v2\/types\/page"}],"author":[{"embeddable":true,"href":"https:\/\/pamec.energy\/es\/wp-json\/wp\/v2\/users\/3"}],"replies":[{"embeddable":true,"href":"https:\/\/pamec.energy\/es\/wp-json\/wp\/v2\/comments?post=2211"}],"version-history":[{"count":8,"href":"https:\/\/pamec.energy\/es\/wp-json\/wp\/v2\/pages\/2211\/revisions"}],"predecessor-version":[{"id":3456,"href":"https:\/\/pamec.energy\/es\/wp-json\/wp\/v2\/pages\/2211\/revisions\/3456"}],"up":[{"embeddable":true,"href":"https:\/\/pamec.energy\/es\/wp-json\/wp\/v2\/pages\/2185"}],"wp:attachment":[{"href":"https:\/\/pamec.energy\/es\/wp-json\/wp\/v2\/media?parent=2211"}],"curies":[{"name":"wp","href":"https:\/\/api.w.org\/{rel}","templated":true}]}}