{"id":2284,"date":"2021-04-16T23:13:54","date_gmt":"2021-04-17T02:13:54","guid":{"rendered":"https:\/\/pamec.energy\/?page_id=2284"},"modified":"2023-04-10T12:41:35","modified_gmt":"2023-04-10T15:41:35","slug":"junta-tecnica-y-de-programas","status":"publish","type":"page","link":"https:\/\/pamec.energy\/es\/acerca-de-pamec\/estructura-organizacional\/junta-tecnica-y-de-programas\/","title":{"rendered":"Comit\u00e9 T\u00e9cnico y de Programa"},"content":{"rendered":"<h5><em>\u00daltima actualizaci\u00f3n: febrero 2021<\/em><\/h5>\n<p><span style=\"font-weight: 400;\"><strong>Andr\u00e9s Fernando Osorio Arias<\/strong>, Presidente, Profesor de la Universidad Nacional de Colombia, (Colombia)<\/span><\/p>\n<p><span style=\"font-weight: 400;\"><strong>Bruce Cameron,<\/strong> Presidente de PAMEC.Energy Association (Canad\u00e1)<\/span><\/p>\n<p><span style=\"font-weight: 400;\"><strong>Tattiana Hern\u00e1ndez-Madrigal<\/strong>, Vicepresidenta, Asociaci\u00f3n PAMEC.Energ\u00eda (Costa Rica)<\/span><\/p>\n<p><span style=\"font-weight: 400;\"><strong>Jos\u00e9 Rodrigo Rojas Morales<\/strong>, Director de la Asociaci\u00f3n PAMEC.Energ\u00eda (Costa Rica)<\/span><\/p>\n<p><span style=\"font-weight: 400;\"><strong>Rodolfo Silva Casar\u00edn<\/strong>, Universidad Nacional Aut\u00f3noma de M\u00e9xico (M\u00e9xico)<\/span><\/p>\n<p><span style=\"font-weight: 400;\"><strong>Andrea Copping<\/strong>, Pacific Northwest Labs (EE.UU.)<\/span><\/p>\n<p><span style=\"font-weight: 400;\"><strong>Richard Karsten<\/strong>, Universidad de Acadia (Canad\u00e1)<\/span><\/p>\n<p><span style=\"font-weight: 400;\"><strong>Sandra Farwell<\/strong>, Departamento de Energ\u00eda y Minas de Nueva Escocia (Canad\u00e1)<\/span><\/p>\n<p><span style=\"font-weight: 400;\"><strong>Justine McMillan<\/strong>, Cient\u00edfica de Rockland Scientific Inc. (Canad\u00e1)<\/span><\/p>\n<p><span style=\"font-weight: 400;\"><strong>Diego Acevedo<\/strong>, Vicepresidente de Desarrollo Empresarial, Bluerise BV (Aruba)<\/span><\/p>\n<p><span style=\"font-weight: 400;\"><strong>Manuel Alejandro Rubio<\/strong>, Universidad Central de las Villas en Cuba (Cuba)<\/span><\/p>\n<p><span style=\"font-weight: 400;\"><strong>Georges Govaere<\/strong>, Profesor de Ingenier\u00eda en la Universidad de Costa Rica (Costa Rica)<\/span><\/p>\n<p><span style=\"font-weight: 400;\"><strong>Bruno Souza Carmo<\/strong>, Universidad de San Pablo (Brasil)<\/span><\/p>\n<p><span style=\"font-weight: 400;\"><strong>Robynne Murray<\/strong>, National Renewable Energy Labs, (EE.UU.)<\/span><\/p>\n<p><span style=\"font-weight: 400;\"><strong>Stephanie Ord\u00f3\u00f1ez-S\u00e1nchez<\/strong>, Chancellor&#8217;s Fellow de la Universidad de Strathclyde (Reino Unido)<\/span><\/p>\n<p><span style=\"font-weight: 400;\">El Consejo T\u00e9cnico y de Programa tambi\u00e9n est\u00e1 planeando a\u00f1adir miembros adicionales, particularmente de las filas de los l\u00edderes emergentes en el campo de la investigaci\u00f3n de las Energ\u00edas Marinas Renovables en Am\u00e9rica Latina. Si est\u00e1 interesado en formar parte del Consejo, p\u00f3ngase en contacto con nosotros en  <\/span><a href=\"mailto:info@pamec.energy\"><br \/>\n  <span style=\"font-weight: 400;\">info@pamec.energy<\/span><br \/>\n<\/a><span style=\"font-weight: 400;\">.<\/span><\/p>\n\n<p><\/p>\n","protected":false},"excerpt":{"rendered":"<p>\u00daltima actualizaci\u00f3n: febrero 2021 Andr\u00e9s Fernando Osorio Arias, Presidente, Profesor de la Universidad Nacional de Colombia, (Colombia) Bruce Cameron, Presidente de PAMEC.Energy Association (Canad\u00e1) Tattiana Hern\u00e1ndez-Madrigal, Vicepresidenta, Asociaci\u00f3n PAMEC.Energ\u00eda (Costa Rica) Jos\u00e9 Rodrigo Rojas Morales, Director de la Asociaci\u00f3n PAMEC.Energ\u00eda (Costa Rica) Rodolfo Silva Casar\u00edn, Universidad Nacional Aut\u00f3noma de M\u00e9xico (M\u00e9xico) Andrea Copping, Pacific Northwest &#8230; <a title=\"Comit\u00e9 T\u00e9cnico y de Programa\" class=\"read-more\" href=\"https:\/\/pamec.energy\/es\/acerca-de-pamec\/estructura-organizacional\/junta-tecnica-y-de-programas\/\" aria-label=\"Leer m\u00e1s sobre Comit\u00e9 T\u00e9cnico y de Programa\">Leer m\u00e1s<\/a><\/p>\n","protected":false},"author":3,"featured_media":0,"parent":2170,"menu_order":2,"comment_status":"closed","ping_status":"closed","template":"","meta":{"generate_page_header":"","footnotes":""},"class_list":["post-2284","page","type-page","status-publish"],"_links":{"self":[{"href":"https:\/\/pamec.energy\/es\/wp-json\/wp\/v2\/pages\/2284","targetHints":{"allow":["GET"]}}],"collection":[{"href":"https:\/\/pamec.energy\/es\/wp-json\/wp\/v2\/pages"}],"about":[{"href":"https:\/\/pamec.energy\/es\/wp-json\/wp\/v2\/types\/page"}],"author":[{"embeddable":true,"href":"https:\/\/pamec.energy\/es\/wp-json\/wp\/v2\/users\/3"}],"replies":[{"embeddable":true,"href":"https:\/\/pamec.energy\/es\/wp-json\/wp\/v2\/comments?post=2284"}],"version-history":[{"count":6,"href":"https:\/\/pamec.energy\/es\/wp-json\/wp\/v2\/pages\/2284\/revisions"}],"predecessor-version":[{"id":5637,"href":"https:\/\/pamec.energy\/es\/wp-json\/wp\/v2\/pages\/2284\/revisions\/5637"}],"up":[{"embeddable":true,"href":"https:\/\/pamec.energy\/es\/wp-json\/wp\/v2\/pages\/2170"}],"wp:attachment":[{"href":"https:\/\/pamec.energy\/es\/wp-json\/wp\/v2\/media?parent=2284"}],"curies":[{"name":"wp","href":"https:\/\/api.w.org\/{rel}","templated":true}]}}