{"id":2289,"date":"2021-04-16T23:46:15","date_gmt":"2021-04-17T02:46:15","guid":{"rendered":"https:\/\/pamec.energy\/?page_id=2289"},"modified":"2023-03-30T18:11:16","modified_gmt":"2023-03-30T21:11:16","slug":"junta-asesora-internacional","status":"publish","type":"page","link":"https:\/\/pamec.energy\/es\/acerca-de-pamec\/estructura-organizacional\/junta-asesora-internacional\/","title":{"rendered":"Junta Consultiva Internacional"},"content":{"rendered":"<p>La creaci\u00f3n del PAMEC cuenta con el apoyo de los principales l\u00edderes en investigaci\u00f3n sobre energ\u00edas marinas renovables de Europa y Asia. Para ayudar a mantener fuertes v\u00ednculos con otras partes del mundo, el PAMEC ha creado un Consejo Asesor Internacional, con l\u00edderes tanto del <a href=\"https:\/\/ewtec.org\/\">EWTEC<\/a> como del <a href=\"https:\/\/awtec2020.com\/\">AWTEC<\/a>.<\/p>\n<h2>Miembros del Consejo Asesor<\/h2>\n<figure id=\"attachment_579\" aria-describedby=\"caption-attachment-579\" style=\"width: 790px\" class=\"wp-caption alignnone\"><img fetchpriority=\"high\" decoding=\"async\" class=\"wp-image-578 size-full\" src=\"https:\/\/pamec.energy\/wp-content\/uploads\/2019\/02\/International_Committee-PAMEC-Energy.jpg\" alt=\"Foto de familia del Comit\u00e9 Internacional de PAMEC Energ\u00eda\" width=\"800\" height=\"568\" srcset=\"https:\/\/pamec.energy\/wp-content\/uploads\/2019\/02\/International_Committee-PAMEC-Energy.jpg 800w, https:\/\/pamec.energy\/wp-content\/uploads\/2019\/02\/International_Committee-PAMEC-Energy-300x213.jpg 300w, https:\/\/pamec.energy\/wp-content\/uploads\/2019\/02\/International_Committee-PAMEC-Energy-768x545.jpg 768w\" sizes=\"(max-width: 800px) 100vw, 800px\" \/><figcaption id=\"caption-attachment-579\" class=\"wp-caption-text\"><em>De izquierda a derecha: Cameron Johnstone, Universidad de Strathclyde (Reino Unido), Chur H, Jo, Universidad de Inha (Corea), Bruce Cameron, Presidente de la Asociaci\u00f3n PAMEC.Energy (Canad\u00e1), Jiahen-Hong Chen, Universidad Nacional Oce\u00e1nica de Taiw\u00e1n (Taiw\u00e1n), AbuBakr Bahaj, Universidad de Southampton (Reino Unido).<\/em><\/figcaption><\/figure>\n<p><strong>Cameron Johnstone<\/strong> es catedr\u00e1tico de la Universidad de Strathclyde (Glasgow, Reino Unido) y director de la Unidad de Investigaci\u00f3n de Sistemas Energ\u00e9ticos. Forma parte del Consejo Ejecutivo de EWTEC y del Comit\u00e9 Asesor de AWTEC. Tambi\u00e9n es Consejero Delegado de Nautricity Ltd.<\/p>\n<p><strong>Chur H Jo<\/strong> &#8211; es profesor de la Universidad de Inha (Corea). Forma parte del Comit\u00e9 Organizador de AWTEC y del Consejo Ejecutivo. Tambi\u00e9n presidi\u00f3 la primera AWTEC en Jejeu (Corea del Sur) en 2012.<\/p>\n<p><strong>Bruce Cameron<\/strong> &#8211; es profesor adjunto de la Universidad de Southampton y Presidente de la Asociaci\u00f3n PAMEC.Energy. Est\u00e1 jubilado tras 20 a\u00f1os de servicio en el Gobierno de Nueva Escocia, con funciones de liderazgo en los \u00e1mbitos de las energ\u00edas renovables y la electricidad. Actualmente es Consultor Principal de Envigour Policy Consulting Inc. (Canad\u00e1).<\/p>\n<p><strong>Jiahen-Hong Chen<\/strong> &#8211; es profesor de la Universidad Nacional Oce\u00e1nica de Taiw\u00e1n, y presidente del Comit\u00e9 Organizador de la4\u00aa AWTEC celebrada en Taip\u00e9i, 2018.<\/p>\n<p><strong>AbuBakr Bahaj<\/strong> &#8211; es catedr\u00e1tico de Energ\u00eda Sostenible en la Universidad de Southampton. Forma parte del Consejo Ejecutivo de EWTEC y del Comit\u00e9 Asesor de AWTEC. Es redactor jefe de la revista International Marine Energy Journal.<\/p>\n","protected":false},"excerpt":{"rendered":"<p>La creaci\u00f3n del PAMEC cuenta con el apoyo de los principales l\u00edderes en investigaci\u00f3n sobre energ\u00edas marinas renovables de Europa y Asia. Para ayudar a mantener fuertes v\u00ednculos con otras partes del mundo, el PAMEC ha creado un Consejo Asesor Internacional, con l\u00edderes tanto del EWTEC como del AWTEC. Miembros del Consejo Asesor Cameron Johnstone &#8230; <a title=\"Junta Consultiva Internacional\" class=\"read-more\" href=\"https:\/\/pamec.energy\/es\/acerca-de-pamec\/estructura-organizacional\/junta-asesora-internacional\/\" aria-label=\"Leer m\u00e1s sobre Junta Consultiva Internacional\">Leer m\u00e1s<\/a><\/p>\n","protected":false},"author":3,"featured_media":0,"parent":2170,"menu_order":3,"comment_status":"closed","ping_status":"closed","template":"","meta":{"generate_page_header":"","footnotes":""},"class_list":["post-2289","page","type-page","status-publish"],"_links":{"self":[{"href":"https:\/\/pamec.energy\/es\/wp-json\/wp\/v2\/pages\/2289","targetHints":{"allow":["GET"]}}],"collection":[{"href":"https:\/\/pamec.energy\/es\/wp-json\/wp\/v2\/pages"}],"about":[{"href":"https:\/\/pamec.energy\/es\/wp-json\/wp\/v2\/types\/page"}],"author":[{"embeddable":true,"href":"https:\/\/pamec.energy\/es\/wp-json\/wp\/v2\/users\/3"}],"replies":[{"embeddable":true,"href":"https:\/\/pamec.energy\/es\/wp-json\/wp\/v2\/comments?post=2289"}],"version-history":[{"count":5,"href":"https:\/\/pamec.energy\/es\/wp-json\/wp\/v2\/pages\/2289\/revisions"}],"predecessor-version":[{"id":4945,"href":"https:\/\/pamec.energy\/es\/wp-json\/wp\/v2\/pages\/2289\/revisions\/4945"}],"up":[{"embeddable":true,"href":"https:\/\/pamec.energy\/es\/wp-json\/wp\/v2\/pages\/2170"}],"wp:attachment":[{"href":"https:\/\/pamec.energy\/es\/wp-json\/wp\/v2\/media?parent=2289"}],"curies":[{"name":"wp","href":"https:\/\/api.w.org\/{rel}","templated":true}]}}