{"id":2301,"date":"2021-04-17T00:47:21","date_gmt":"2021-04-17T03:47:21","guid":{"rendered":"https:\/\/pamec.energy\/?page_id=2301"},"modified":"2023-04-16T14:31:04","modified_gmt":"2023-04-16T17:31:04","slug":"eventos","status":"publish","type":"page","link":"https:\/\/pamec.energy\/es\/eventos\/","title":{"rendered":"Eventos"},"content":{"rendered":"\r\n<p>PAMEC.Asociaci\u00f3n de Energ\u00eda fue creada para ayudar a organizar y dar continuidad a la Conferencia Panamericana de Energ\u00eda Marina (PAMEC). PAMEC es parte de la serie mundial de conferencias sobre energ\u00eda marina que organiza la <a href=\"https:\/\/ewtec.org\/\" target=\"_blank\" rel=\"noreferrer noopener\">Conferencia europea sobre energ\u00eda undimotriz y mareomotriz<\/a> (EWTEC) y la Conferencia <a href=\"https:\/\/www.awtec-headoffice.com\/\" target=\"_blank\" rel=\"noreferrer noopener\" data-type=\"URL\" data-id=\"https:\/\/www.awtec-headoffice.com\/\">asi\u00e1tica sobre energ\u00eda undimotriz y mareomotriz<\/a> (AWTEC).<\/p>\r\n\r\n\r\n\r\n<p>Dado el \u00e9xito de PAMEC 2020 y los eventos paralelos en Costa Rica, PAMEC.Energy Association ha ampliado su alcance al brindar apoyo a eventos m\u00e1s peque\u00f1os junto con las conferencias principales y entre ellas.<\/p>\r\n\r\n\r\n\r\n<h2 class=\"wp-block-heading\">Conferencias Panamericanas de Energ\u00eda Marina<\/h2>\r\n\r\n\r\n\r\n<p>El principal objetivo de PAMEC.Energy Association es organizar las Conferencias Panamericanas de Energ\u00eda Marina cada dos a\u00f1os (aproximadamente). La ubicaci\u00f3n y la hora de estos eventos se basan en la situaci\u00f3n actual del pa\u00eds anfitri\u00f3n interesado y el calendario de eventos de energ\u00eda marina para el a\u00f1o.<\/p>\r\n\r\n\r\n\r\n<figure class=\"wp-block-image size-large\"><img fetchpriority=\"high\" decoding=\"async\" width=\"1000\" height=\"650\" class=\"wp-image-1749\" src=\"https:\/\/pamec.energy\/wp-content\/uploads\/2021\/04\/Template-for-photos.jpg\" alt=\"\" srcset=\"https:\/\/pamec.energy\/wp-content\/uploads\/2021\/04\/Template-for-photos.jpg 1000w, https:\/\/pamec.energy\/wp-content\/uploads\/2021\/04\/Template-for-photos-250x163.jpg 250w, https:\/\/pamec.energy\/wp-content\/uploads\/2021\/04\/Template-for-photos-768x499.jpg 768w\" sizes=\"(max-width: 1000px) 100vw, 1000px\" \/>\r\n<figcaption class=\"wp-element-caption\"><em>Imagen cortes\u00eda de Grupo ICE.<\/em><\/figcaption>\r\n<\/figure>\r\n\r\n\r\n\r\n<p>El primer evento de la serie, PAMEC 2020, se llev\u00f3 a cabo con \u00e9xito en Costa Rica. Actualmente estamos trabajando en nuestro pr\u00f3ximo PAMEC, a realizarse en Ensenada, M\u00e9xico, del 19 al 22 de junio de 2022. Los talleres se llevar\u00edan a cabo del 17 al 18 de junio de 2022. La inscripci\u00f3n estar\u00e1 abierta en abril de 2022. Ya est\u00e1 abierta una convocatoria para res\u00famenes extendidos.<\/p>\r\n\r\n\r\n\r\n<h2 class=\"wp-block-heading\">Talleres de trabajo<\/h2>\r\n\r\n\r\n\r\n<p>Tras el \u00e9xito de los eventos paralelos organizados para PAMEC 2020, la organizaci\u00f3n ofrece sus servicios y apoyo para organizar eventos similares durante el pr\u00f3ximo PAMEC, y como parte de cualquier otra conferencia\/seminario relacionado con la energ\u00eda marina en Panam\u00e9rica.<\/p>\r\n\r\n\r\n\r\n<figure class=\"wp-block-image size-large\"><img decoding=\"async\" width=\"1000\" height=\"650\" class=\"wp-image-1676\" src=\"https:\/\/pamec.energy\/wp-content\/uploads\/2021\/03\/Events.jpg\" alt=\"\" srcset=\"https:\/\/pamec.energy\/wp-content\/uploads\/2021\/03\/Events.jpg 1000w, https:\/\/pamec.energy\/wp-content\/uploads\/2021\/03\/Events-250x163.jpg 250w, https:\/\/pamec.energy\/wp-content\/uploads\/2021\/03\/Events-768x499.jpg 768w\" sizes=\"(max-width: 1000px) 100vw, 1000px\" \/>\r\n<figcaption class=\"wp-element-caption\"><em>Imagen cortes\u00eda de Grupo ICE.<\/em><\/figcaption>\r\n<\/figure>\r\n\r\n\r\n\r\n<p>Para conocer m\u00e1s sobre los talleres organizados con el apoyo de PAMEC.Asociaci\u00f3n de Energ\u00eda, haga clic en los siguientes enlaces:<\/p>\r\n\r\n\r\n\r\n<h4 class=\"wp-block-heading has-text-align-center\"><a href=\"https:\/\/www.chileblueenergy2021.com\/\" target=\"_blank\" rel=\"noreferrer noopener\" data-type=\"URL\" data-id=\"https:\/\/www.chileblueenergy2021.com\/\">PAMEC. Asociaci\u00f3n de Energ\u00eda de Chile, montando la ola de energ\u00eda azul \u2013 Abril 2021<\/a><\/h4>\r\n\r\n\r\n\r\n<h4 class=\"wp-block-heading has-text-align-center\"><a href=\"https:\/\/pamec.energy\/es\/eventos\/colaboraciones\/talleres-de-pamec-2020\/\" data-type=\"URL\" data-id=\"https:\/\/pamec.energy\/events\/collaborations\/pamec-2020-side-workshops\/\">Talleres PAMEC 2020 \u2013 Enero 2020<\/a><\/h4>\r\n\r\n\r\n<hr class=\"wp-block-separator has-css-opacity\" \/>\r\n\r\n\r\n<p><em>Si est\u00e1 interesado y\/o le gustar\u00eda que PAMEC.Energy Association apoye su evento, comun\u00edquese con Tattiana Hern\u00e1ndez-Madrigal en <a href=\"mailto:tattiana@pamec.energy\">tattiana@pamec.energy<\/a> .<\/em><\/p>\r\n","protected":false},"excerpt":{"rendered":"<p>PAMEC.Asociaci\u00f3n de Energ\u00eda fue creada para ayudar a organizar y dar continuidad a la Conferencia Panamericana de Energ\u00eda Marina (PAMEC). PAMEC es parte de la serie mundial de conferencias sobre energ\u00eda marina que organiza la Conferencia europea sobre energ\u00eda undimotriz y mareomotriz (EWTEC) y la Conferencia asi\u00e1tica sobre energ\u00eda undimotriz y mareomotriz (AWTEC). Dado el &#8230; <a title=\"Eventos\" class=\"read-more\" href=\"https:\/\/pamec.energy\/es\/eventos\/\" aria-label=\"Leer m\u00e1s sobre Eventos\">Leer m\u00e1s<\/a><\/p>\n","protected":false},"author":3,"featured_media":0,"parent":0,"menu_order":0,"comment_status":"closed","ping_status":"closed","template":"","meta":{"generate_page_header":"","footnotes":""},"class_list":["post-2301","page","type-page","status-publish"],"_links":{"self":[{"href":"https:\/\/pamec.energy\/es\/wp-json\/wp\/v2\/pages\/2301","targetHints":{"allow":["GET"]}}],"collection":[{"href":"https:\/\/pamec.energy\/es\/wp-json\/wp\/v2\/pages"}],"about":[{"href":"https:\/\/pamec.energy\/es\/wp-json\/wp\/v2\/types\/page"}],"author":[{"embeddable":true,"href":"https:\/\/pamec.energy\/es\/wp-json\/wp\/v2\/users\/3"}],"replies":[{"embeddable":true,"href":"https:\/\/pamec.energy\/es\/wp-json\/wp\/v2\/comments?post=2301"}],"version-history":[{"count":12,"href":"https:\/\/pamec.energy\/es\/wp-json\/wp\/v2\/pages\/2301\/revisions"}],"predecessor-version":[{"id":6018,"href":"https:\/\/pamec.energy\/es\/wp-json\/wp\/v2\/pages\/2301\/revisions\/6018"}],"wp:attachment":[{"href":"https:\/\/pamec.energy\/es\/wp-json\/wp\/v2\/media?parent=2301"}],"curies":[{"name":"wp","href":"https:\/\/api.w.org\/{rel}","templated":true}]}}