{"id":2305,"date":"2021-04-17T00:52:32","date_gmt":"2021-04-17T03:52:32","guid":{"rendered":"https:\/\/pamec.energy\/?page_id=2305"},"modified":"2023-03-30T18:12:09","modified_gmt":"2023-03-30T21:12:09","slug":"colaboraciones","status":"publish","type":"page","link":"https:\/\/pamec.energy\/es\/eventos\/colaboraciones\/","title":{"rendered":"Colaboraciones"},"content":{"rendered":"\n<p>La Asociaci\u00f3n de Energ\u00eda PAMEC tambi\u00e9n ofrece sus servicios y apoyo para la organizaci\u00f3n de eventos o actividades relacionadas con la energ\u00eda marina en Panam\u00e9rica.<\/p>\n\n<p>Anteriormente apoyado:<\/p>\n\n<div style=\"height:25px\" aria-hidden=\"true\" class=\"wp-block-spacer\"><\/div>\n<div class=\"wp-block-image\">\n<figure class=\"aligncenter size-large is-resized\"><a href=\"https:\/\/pamec.energy\/es\/eventos\/colaboraciones\/chile-blue-energy-2021\/\" target=\"_blank\" rel=\"noopener\"><img fetchpriority=\"high\" decoding=\"async\" src=\"https:\/\/pamec.energy\/wp-content\/uploads\/2021\/04\/Logo-1024x354.jpg\" alt=\"\" class=\"wp-image-1767\" width=\"512\" height=\"177\" srcset=\"https:\/\/pamec.energy\/wp-content\/uploads\/2021\/04\/Logo-1024x354.jpg 1024w, https:\/\/pamec.energy\/wp-content\/uploads\/2021\/04\/Logo-250x86.jpg 250w, https:\/\/pamec.energy\/wp-content\/uploads\/2021\/04\/Logo-768x265.jpg 768w, https:\/\/pamec.energy\/wp-content\/uploads\/2021\/04\/Logo.jpg 1048w\" sizes=\"(max-width: 512px) 100vw, 512px\" \/><\/a><\/figure>\n<\/div>\n<div style=\"height:41px\" aria-hidden=\"true\" class=\"wp-block-spacer\"><\/div>\n<div class=\"wp-block-image\">\n<figure class=\"aligncenter size-large is-resized\"><a href=\"https:\/\/pamec.energy\/es\/eventos\/colaboraciones\/talleres-de-pamec-2020\/\" target=\"_blank\" rel=\"noopener\"><img decoding=\"async\" src=\"https:\/\/pamec.energy\/wp-content\/uploads\/2021\/04\/Workshops-Logo.jpg\" alt=\"\" class=\"wp-image-1769\" width=\"446\" height=\"152\" srcset=\"https:\/\/pamec.energy\/wp-content\/uploads\/2021\/04\/Workshops-Logo.jpg 595w, https:\/\/pamec.energy\/wp-content\/uploads\/2021\/04\/Workshops-Logo-250x85.jpg 250w\" sizes=\"(max-width: 446px) 100vw, 446px\" \/><\/a><\/figure>\n<\/div>\n<div style=\"height:25px\" aria-hidden=\"true\" class=\"wp-block-spacer\"><\/div>\n","protected":false},"excerpt":{"rendered":"<p>La Asociaci\u00f3n de Energ\u00eda PAMEC tambi\u00e9n ofrece sus servicios y apoyo para la organizaci\u00f3n de eventos o actividades relacionadas con la energ\u00eda marina en Panam\u00e9rica. Anteriormente apoyado:<\/p>\n","protected":false},"author":3,"featured_media":0,"parent":2301,"menu_order":2,"comment_status":"closed","ping_status":"closed","template":"","meta":{"generate_page_header":"","footnotes":""},"class_list":["post-2305","page","type-page","status-publish"],"_links":{"self":[{"href":"https:\/\/pamec.energy\/es\/wp-json\/wp\/v2\/pages\/2305","targetHints":{"allow":["GET"]}}],"collection":[{"href":"https:\/\/pamec.energy\/es\/wp-json\/wp\/v2\/pages"}],"about":[{"href":"https:\/\/pamec.energy\/es\/wp-json\/wp\/v2\/types\/page"}],"author":[{"embeddable":true,"href":"https:\/\/pamec.energy\/es\/wp-json\/wp\/v2\/users\/3"}],"replies":[{"embeddable":true,"href":"https:\/\/pamec.energy\/es\/wp-json\/wp\/v2\/comments?post=2305"}],"version-history":[{"count":7,"href":"https:\/\/pamec.energy\/es\/wp-json\/wp\/v2\/pages\/2305\/revisions"}],"predecessor-version":[{"id":4949,"href":"https:\/\/pamec.energy\/es\/wp-json\/wp\/v2\/pages\/2305\/revisions\/4949"}],"up":[{"embeddable":true,"href":"https:\/\/pamec.energy\/es\/wp-json\/wp\/v2\/pages\/2301"}],"wp:attachment":[{"href":"https:\/\/pamec.energy\/es\/wp-json\/wp\/v2\/media?parent=2305"}],"curies":[{"name":"wp","href":"https:\/\/api.w.org\/{rel}","templated":true}]}}