{"id":2313,"date":"2021-04-17T01:01:34","date_gmt":"2021-04-17T04:01:34","guid":{"rendered":"https:\/\/pamec.energy\/?page_id=2313"},"modified":"2022-05-02T13:04:14","modified_gmt":"2022-05-02T16:04:14","slug":"pamec-2022","status":"publish","type":"page","link":"https:\/\/pamec.energy\/es\/eventos\/pamec-2022\/","title":{"rendered":"PAMEC 2022- Ensenada, M\u00e9xico 19 al 22 de junio de 2022"},"content":{"rendered":"\n<div style=\"height:100px\" aria-hidden=\"true\" class=\"wp-block-spacer\"><\/div>\n\n<p><\/p><p>La Asociaci\u00f3n Panamericana de la Conferencia de Energ\u00eda Marina (PAMEC) ha decidido proceder con una Conferencia presencial en Ensenada, M\u00e9xico, del 19 al 22 de junio de 2022, con talleres del 17 al 18 de junio. La conferencia ha atra\u00eddo el apoyo y la asistencia internacional. Se han confirmado oradores y presentadores de Canad\u00e1, EE. UU., M\u00e9xico, Costa Rica, Panam\u00e1, Ecuador, Per\u00fa, Colombia y el Reino Unido. <\/p>\n<p>PAMEC 2022 es parte de la familia de conferencias sobre investigaci\u00f3n y desarrollo de energ\u00edas renovables marinas, que incluye la Conferencia europea sobre olas y mareas (EWTEC) y la Conferencia asi\u00e1tica sobre olas y mareas (AWTEC). PAMEC tiene como objetivo reunir a los investigadores cada dos a\u00f1os. La primera fue en 2020 en Costa Rica. <br\/><br\/><\/p>\n\n<p><\/p><h3>Ensenada Ready to Welcome PAMEC 2022<\/h3>\n<p>\u00a0<\/p>\n<p>Ensenada M\u00e9xico es una vibrante ciudad universitaria y tur\u00edstica en la costa del Pac\u00edfico mexicano, a 2 horas en auto al sur de San Diego, EE. UU. La sede de la conferencia ser\u00e1 el <a href=\"https:\/\/www.cicese.edu.mx\/welcome\/acerca\/\">Centro de Investigaci\u00f3n Cient\u00edfica y Estudios Superiores<\/a> de Ensenada, Baja California (CICESE) y la <a href=\"https:\/\/www.uabc.mx\/\">Universidad Aut\u00f3noma de Baja California (UABC)<\/a> , reconocida por su trabajo en energ\u00edas renovables marinas y disciplinas afines. <\/p>\n<p>Tiene muchos hoteles de bajo costo y alojamientos de Airbnb (~$100 USD la noche). La conferencia en s\u00ed tiene una tarifa de inscripci\u00f3n regular de $ 365 USD y $ 265 USD para estudiantes. La Asociaci\u00f3n y los organizadores locales est\u00e1n buscando patrocinios para financiar becas para ayudar a aquellos con medios limitados para apoyar su asistencia. <br\/><br\/>La inscripci\u00f3n para la conferencia y la solicitud de becas se abrir\u00e1n el 15 de abril de 2022.<br\/><br\/>El PAMEC 2022 en M\u00e9xico sigue al muy exitoso PAMEC 2020 en San Jos\u00e9 Costa Rica. M\u00e1s de 200 delegados asistieron a la Conferencia de Costa Rica. Muchos de ellos dijeron que la Conferencia les dio una gran perspectiva de las actividades globales y regionales, as\u00ed como conexiones de investigaci\u00f3n y negocios que no podr\u00edan haber encontrado en ning\u00fan otro lugar. Los res\u00famenes de PAMEC 2022 est\u00e1n disponibles en <a href=\"https:\/\/pamec.energy\/wp-content\/uploads\/2021\/02\/PAMEC-2020_-E-BOOK.pdf\">https:\/\/pamec.energy\/wp-content\/uploads\/2021\/02\/PAMEC-2020_-E-BOOK.pdf<\/a><br\/><br\/><strong>Llegar a Ensenada<\/strong><strong><br\/><\/strong>Hay dos caminos principales a Ensenada en la provincia de Baja California en M\u00e9xico. Consulte las opciones en detalle en el muy \u00fatil <a href=\"https:\/\/www.rome2rio.com\/\">sitio web de Rome2Rio<\/a> . <br\/><br\/>La primera opci\u00f3n es volar a la Ciudad de M\u00e9xico y luego tomar un vuelo a Tijuana, que est\u00e1 a un corto viaje en Uber, taxi o autob\u00fas (aproximadamente una hora y media) de Ensenada. <br\/><br\/>La segunda opci\u00f3n, y la mejor para muchos, es llegar a San Diego, luego rentar un auto con varios colegas para cruzar la frontera M\u00e9xico-Estados Unidos y bajar en auto. Los organizadores de la conferencia proporcionar\u00e1n las direcciones de los sitios web de las empresas que permitir\u00e1n los alquileres transfronterizos. Tambi\u00e9n proporcionar\u00e1n informaci\u00f3n de contacto para los conductores que llevar\u00e1n a peque\u00f1os grupos de personas desde el aeropuerto a Ensenada.<\/p>\n<p><br\/>Otra variaci\u00f3n de esta opci\u00f3n es tomar un taxi\/Uber desde el aeropuerto hasta el centro de San Diego y tomar el transporte p\u00fablico hasta la frontera, luego caminar hasta Tijuana, donde los autobuses y Uber\/Taxis est\u00e1n muy disponibles para llegar a Ensenada (ver Opci\u00f3n 1) . Esta puede ser la mejor opci\u00f3n para regresar, ya que cruzar la frontera puede ser m\u00e1s r\u00e1pido que ingresar a las filas de conductores si tiene el estado de viajero confiable (como Global Entry o Nexus, que incluye la inscripci\u00f3n en Global Entry). <\/p>\n","protected":false},"excerpt":{"rendered":"<p>La Asociaci\u00f3n Panamericana de la Conferencia de Energ\u00eda Marina (PAMEC) ha decidido proceder con una Conferencia presencial en Ensenada, M\u00e9xico, del 19 al 22 de junio de 2022, con talleres del 17 al 18 de junio. La conferencia ha atra\u00eddo el apoyo y la asistencia internacional. Se han confirmado oradores y presentadores de Canad\u00e1, EE. &#8230; <a title=\"PAMEC 2022- Ensenada, M\u00e9xico 19 al 22 de junio de 2022\" class=\"read-more\" href=\"https:\/\/pamec.energy\/es\/eventos\/pamec-2022\/\" aria-label=\"Leer m\u00e1s sobre PAMEC 2022- Ensenada, M\u00e9xico 19 al 22 de junio de 2022\">Leer m\u00e1s<\/a><\/p>\n","protected":false},"author":3,"featured_media":0,"parent":2301,"menu_order":1,"comment_status":"closed","ping_status":"closed","template":"","meta":{"generate_page_header":"","footnotes":""},"class_list":["post-2313","page","type-page","status-publish"],"_links":{"self":[{"href":"https:\/\/pamec.energy\/es\/wp-json\/wp\/v2\/pages\/2313","targetHints":{"allow":["GET"]}}],"collection":[{"href":"https:\/\/pamec.energy\/es\/wp-json\/wp\/v2\/pages"}],"about":[{"href":"https:\/\/pamec.energy\/es\/wp-json\/wp\/v2\/types\/page"}],"author":[{"embeddable":true,"href":"https:\/\/pamec.energy\/es\/wp-json\/wp\/v2\/users\/3"}],"replies":[{"embeddable":true,"href":"https:\/\/pamec.energy\/es\/wp-json\/wp\/v2\/comments?post=2313"}],"version-history":[{"count":15,"href":"https:\/\/pamec.energy\/es\/wp-json\/wp\/v2\/pages\/2313\/revisions"}],"predecessor-version":[{"id":3165,"href":"https:\/\/pamec.energy\/es\/wp-json\/wp\/v2\/pages\/2313\/revisions\/3165"}],"up":[{"embeddable":true,"href":"https:\/\/pamec.energy\/es\/wp-json\/wp\/v2\/pages\/2301"}],"wp:attachment":[{"href":"https:\/\/pamec.energy\/es\/wp-json\/wp\/v2\/media?parent=2313"}],"curies":[{"name":"wp","href":"https:\/\/api.w.org\/{rel}","templated":true}]}}