{"id":2315,"date":"2021-04-17T01:07:40","date_gmt":"2021-04-17T04:07:40","guid":{"rendered":"https:\/\/pamec.energy\/?page_id=2315"},"modified":"2023-04-16T13:42:03","modified_gmt":"2023-04-16T16:42:03","slug":"chile-blue-energy-2021","status":"publish","type":"page","link":"https:\/\/pamec.energy\/es\/eventos\/colaboraciones\/chile-blue-energy-2021\/","title":{"rendered":"Chile Blue Energy 2021"},"content":{"rendered":"\n<div class=\"wp-block-columns is-layout-flex wp-container-core-columns-is-layout-9d6595d7 wp-block-columns-is-layout-flex\">\n<div class=\"wp-block-column is-layout-flow wp-block-column-is-layout-flow\">\n<div class=\"wp-block-image\"><figure class=\"aligncenter size-full is-resized\"><a href=\"https:\/\/www.chileblueenergy2021.com\/form\" target=\"_blank\" rel=\"noopener\"><img fetchpriority=\"high\" decoding=\"async\" src=\"https:\/\/pamec.energy\/wp-content\/uploads\/2021\/03\/unnamed.jpg\" alt=\"\" class=\"wp-image-1701\" width=\"634\" height=\"1871\"\/><\/a><\/figure><\/div>\n<\/div>\n<\/div>\n\n<p>Encontrar\u00e1 m\u00e1s detalles <a rel=\"noreferrer noopener\" href=\"https:\/\/pamec.energy\/wp-content\/uploads\/2021\/03\/CHILE-riding-the-blue-energy-wave-April-12-13-EM-MERIC.pdf\" target=\"_blank\">aqu\u00ed<\/a> y en <a rel=\"noreferrer noopener\" href=\"https:\/\/www.chileblueenergy2021.com\/\" target=\"_blank\">el sitio web<\/a> del evento.<\/p>\n\n<p><a href=\"https:\/\/pamec.energy\/es\/eventos\/colaboraciones\/\">\u2190 Ir a Colaboraciones<\/a><\/p>\n","protected":false},"excerpt":{"rendered":"<p>Encontrar\u00e1 m\u00e1s detalles aqu\u00ed y en el sitio web del evento. \u2190 Ir a Colaboraciones<\/p>\n","protected":false},"author":3,"featured_media":0,"parent":2305,"menu_order":1,"comment_status":"closed","ping_status":"closed","template":"","meta":{"generate_page_header":"","footnotes":""},"class_list":["post-2315","page","type-page","status-publish"],"_links":{"self":[{"href":"https:\/\/pamec.energy\/es\/wp-json\/wp\/v2\/pages\/2315","targetHints":{"allow":["GET"]}}],"collection":[{"href":"https:\/\/pamec.energy\/es\/wp-json\/wp\/v2\/pages"}],"about":[{"href":"https:\/\/pamec.energy\/es\/wp-json\/wp\/v2\/types\/page"}],"author":[{"embeddable":true,"href":"https:\/\/pamec.energy\/es\/wp-json\/wp\/v2\/users\/3"}],"replies":[{"embeddable":true,"href":"https:\/\/pamec.energy\/es\/wp-json\/wp\/v2\/comments?post=2315"}],"version-history":[{"count":5,"href":"https:\/\/pamec.energy\/es\/wp-json\/wp\/v2\/pages\/2315\/revisions"}],"predecessor-version":[{"id":5957,"href":"https:\/\/pamec.energy\/es\/wp-json\/wp\/v2\/pages\/2315\/revisions\/5957"}],"up":[{"embeddable":true,"href":"https:\/\/pamec.energy\/es\/wp-json\/wp\/v2\/pages\/2305"}],"wp:attachment":[{"href":"https:\/\/pamec.energy\/es\/wp-json\/wp\/v2\/media?parent=2315"}],"curies":[{"name":"wp","href":"https:\/\/api.w.org\/{rel}","templated":true}]}}