{"id":2321,"date":"2021-04-17T01:11:10","date_gmt":"2021-04-17T04:11:10","guid":{"rendered":"https:\/\/pamec.energy\/?page_id=2321"},"modified":"2023-04-16T13:42:03","modified_gmt":"2023-04-16T16:42:03","slug":"talleres-de-pamec-2020","status":"publish","type":"page","link":"https:\/\/pamec.energy\/es\/eventos\/colaboraciones\/talleres-de-pamec-2020\/","title":{"rendered":"Talleres paralelos de PAMEC 2020"},"content":{"rendered":"\n<div class=\"wp-block-image\"><figure class=\"aligncenter size-large is-resized\"><img fetchpriority=\"high\" decoding=\"async\" src=\"https:\/\/pamec.energy\/wp-content\/uploads\/2021\/04\/Workshops-Logo.jpg\" alt=\"\" class=\"wp-image-1769\" width=\"446\" height=\"152\" srcset=\"https:\/\/pamec.energy\/wp-content\/uploads\/2021\/04\/Workshops-Logo.jpg 595w, https:\/\/pamec.energy\/wp-content\/uploads\/2021\/04\/Workshops-Logo-250x85.jpg 250w\" sizes=\"(max-width: 446px) 100vw, 446px\" \/><\/figure><\/div>\n\n<figure class=\"wp-block-image size-large\"><img decoding=\"async\" width=\"1000\" height=\"650\" src=\"https:\/\/pamec.energy\/wp-content\/uploads\/2021\/03\/Workshops.jpg\" alt=\"\" class=\"wp-image-1671\" srcset=\"https:\/\/pamec.energy\/wp-content\/uploads\/2021\/03\/Workshops.jpg 1000w, https:\/\/pamec.energy\/wp-content\/uploads\/2021\/03\/Workshops-250x163.jpg 250w, https:\/\/pamec.energy\/wp-content\/uploads\/2021\/03\/Workshops-768x499.jpg 768w\" sizes=\"(max-width: 1000px) 100vw, 1000px\" \/><figcaption><em>Imagen cortes\u00eda de Grupo ICE.<\/em><\/figcaption><\/figure>\n\n<p>Adem\u00e1s de las charlas de los ponentes, organizamos talleres en la Universidad de Costa Rica antes y despu\u00e9s del acto principal. Estos talleres se organizaron con el apoyo de nuestros colaboradores de <a href=\"http:\/\/imares.ucr.ac.cr\/\" data-type=\"URL\" data-id=\"http:\/\/imares.ucr.ac.cr\/\" target=\"_blank\" rel=\"noreferrer noopener\">IMARES<\/a>, <a href=\"https:\/\/www.uned.ac.cr\/\" data-type=\"URL\" data-id=\"https:\/\/www.uned.ac.cr\/\" target=\"_blank\" rel=\"noreferrer noopener\">la UNED<\/a> y <a href=\"https:\/\/marinerenewables.ca\/\" data-type=\"URL\" data-id=\"https:\/\/marinerenewables.ca\/\" target=\"_blank\" rel=\"noreferrer noopener\">Marine Renewables Canada<\/a>. Para m\u00e1s informaci\u00f3n, haga clic en cada enlace.<\/p>\n\n<ul class=\"wp-block-list\"><li><a href=\"https:\/\/pamec.energy\/wp-content\/uploads\/2020\/01\/Certification_POSTER.pdf\" target=\"_blank\" rel=\"noreferrer noopener\">Impulsar la innovaci\u00f3n mediante normas y certificaci\u00f3n<\/a>. En colaboraci\u00f3n con el Centro Holand\u00e9s de Energ\u00eda Marina.<\/li><li><a href=\"https:\/\/pamec.energy\/wp-content\/uploads\/2020\/01\/Integrating-Data_POSTER.pdf\" target=\"_blank\" rel=\"noreferrer noopener\">Integraci\u00f3n de datos<\/a>. En colaboraci\u00f3n con el Laboratorio Nacional del Noroeste del Pac\u00edfico.<\/li><li><a href=\"https:\/\/pamec.energy\/wp-content\/uploads\/2020\/01\/Environment_POSTER.pdf\" target=\"_blank\" rel=\"noreferrer noopener\">Impactos medioambientales y experiencia con la cartograf\u00eda<\/a>. En colaboraci\u00f3n con el Laboratorio Nacional del Noroeste del Pac\u00edfico, Ocean Energy Systems, MERIC y la Universidad de Acadia.<\/li><li><a href=\"https:\/\/pamec.energy\/wp-content\/uploads\/2020\/01\/OpenSource_POSTER.pdf\" target=\"_blank\" rel=\"noreferrer noopener\">Software de c\u00f3digo<\/a> abierto. En colaboraci\u00f3n con Sandia National Labs y NREL.<\/li><li><a href=\"https:\/\/pamec.energy\/wp-content\/uploads\/2020\/01\/TestCentres_POSTER.pdf\" target=\"_blank\" rel=\"noreferrer noopener\">Centros de Ensayo e Investigaci\u00f3n de Energ\u00edas Renovables Marinas<\/a>. En colaboraci\u00f3n con FORCE.<\/li><li><a href=\"https:\/\/pamec.energy\/wp-content\/uploads\/2020\/01\/WEC-Workshop_POSTER.pdf\" target=\"_blank\" rel=\"noreferrer noopener\">Curso de formaci\u00f3n WEC-Sim<\/a>. En colaboraci\u00f3n con NREL, Sandia National Labs e INORE.<\/li><\/ul>\n\n<div class=\"wp-block-columns is-layout-flex wp-container-core-columns-is-layout-9d6595d7 wp-block-columns-is-layout-flex\">\n<div class=\"wp-block-column is-layout-flow wp-block-column-is-layout-flow\">\n<div class=\"wp-block-image\"><figure class=\"aligncenter size-large is-resized\"><a href=\"https:\/\/www.dutchmarineenergy.com\/\" target=\"_blank\" rel=\"noopener\"><img decoding=\"async\" src=\"https:\/\/pamec.energy\/wp-content\/uploads\/2021\/02\/DMEC.png\" alt=\"\" class=\"wp-image-1477\" width=\"150\" height=\"150\" srcset=\"https:\/\/pamec.energy\/wp-content\/uploads\/2021\/02\/DMEC.png 300w, https:\/\/pamec.energy\/wp-content\/uploads\/2021\/02\/DMEC-250x250.png 250w, https:\/\/pamec.energy\/wp-content\/uploads\/2021\/02\/DMEC-150x150.png 150w\" sizes=\"(max-width: 150px) 100vw, 150px\" \/><\/a><\/figure><\/div>\n\n\n\n<div class=\"wp-block-image\"><figure class=\"aligncenter size-large is-resized\"><a href=\"https:\/\/www.meric.cl\/en\/home\/\" target=\"_blank\" rel=\"noopener\"><img loading=\"lazy\" decoding=\"async\" src=\"https:\/\/pamec.energy\/wp-content\/uploads\/2021\/02\/MERIC-e1654016480306.png\" alt=\"\" class=\"wp-image-1465\" width=\"150\" height=\"150\" srcset=\"https:\/\/pamec.energy\/wp-content\/uploads\/2021\/02\/MERIC-e1654016480306.png 250w, https:\/\/pamec.energy\/wp-content\/uploads\/2021\/02\/MERIC-e1654016480306-150x150.png 150w\" sizes=\"(max-width: 150px) 100vw, 150px\" \/><\/a><\/figure><\/div>\n\n\n\n<div class=\"wp-block-image\"><figure class=\"aligncenter size-large is-resized\"><a href=\"https:\/\/www.nrel.gov\/\" target=\"_blank\" rel=\"noopener\"><img loading=\"lazy\" decoding=\"async\" src=\"https:\/\/pamec.energy\/wp-content\/uploads\/2021\/02\/NREL-e1654084337400.png\" alt=\"\" class=\"wp-image-1467\" width=\"150\" height=\"150\"\/><\/a><\/figure><\/div>\n\n\n\n<div class=\"wp-block-image\"><figure class=\"aligncenter size-large is-resized\"><a href=\"https:\/\/www.uned.ac.cr\/\"><img loading=\"lazy\" decoding=\"async\" src=\"https:\/\/pamec.energy\/wp-content\/uploads\/2021\/03\/0-UNED.png\" alt=\"\" class=\"wp-image-1545\" width=\"150\" height=\"150\" srcset=\"https:\/\/pamec.energy\/wp-content\/uploads\/2021\/03\/0-UNED.png 300w, https:\/\/pamec.energy\/wp-content\/uploads\/2021\/03\/0-UNED-250x250.png 250w, https:\/\/pamec.energy\/wp-content\/uploads\/2021\/03\/0-UNED-150x150.png 150w\" sizes=\"(max-width: 150px) 100vw, 150px\" \/><\/a><\/figure><\/div>\n<\/div>\n\n\n\n<div class=\"wp-block-column is-layout-flow wp-block-column-is-layout-flow\">\n<div class=\"wp-block-image\"><figure class=\"aligncenter size-large is-resized\"><a href=\"https:\/\/www.pnnl.gov\/\" target=\"_blank\" rel=\"noopener\"><img loading=\"lazy\" decoding=\"async\" src=\"https:\/\/pamec.energy\/wp-content\/uploads\/2021\/02\/Pacific-Northwest-e1654007574301.png\" alt=\"\" class=\"wp-image-1471\" width=\"150\" height=\"150\" srcset=\"https:\/\/pamec.energy\/wp-content\/uploads\/2021\/02\/Pacific-Northwest-e1654007574301.png 250w, https:\/\/pamec.energy\/wp-content\/uploads\/2021\/02\/Pacific-Northwest-e1654007574301-150x150.png 150w\" sizes=\"(max-width: 150px) 100vw, 150px\" \/><\/a><\/figure><\/div>\n\n\n\n<div class=\"wp-block-image\"><figure class=\"aligncenter size-large is-resized\"><a href=\"https:\/\/www2.acadiau.ca\/home.html\" target=\"_blank\" rel=\"noopener\"><img loading=\"lazy\" decoding=\"async\" src=\"https:\/\/pamec.energy\/wp-content\/uploads\/2021\/02\/Acadia.png\" alt=\"\" class=\"wp-image-1475\" width=\"150\" height=\"150\" srcset=\"https:\/\/pamec.energy\/wp-content\/uploads\/2021\/02\/Acadia.png 300w, https:\/\/pamec.energy\/wp-content\/uploads\/2021\/02\/Acadia-250x250.png 250w, https:\/\/pamec.energy\/wp-content\/uploads\/2021\/02\/Acadia-150x150.png 150w\" sizes=\"(max-width: 150px) 100vw, 150px\" \/><\/a><\/figure><\/div>\n\n\n\n<div class=\"wp-block-image\"><figure class=\"aligncenter size-large is-resized\"><a href=\"https:\/\/fundyforce.ca\/\" target=\"_blank\" rel=\"noopener\"><img loading=\"lazy\" decoding=\"async\" src=\"https:\/\/pamec.energy\/wp-content\/uploads\/2021\/02\/FORCE.png\" alt=\"\" class=\"wp-image-1479\" width=\"150\" height=\"150\" srcset=\"https:\/\/pamec.energy\/wp-content\/uploads\/2021\/02\/FORCE.png 300w, https:\/\/pamec.energy\/wp-content\/uploads\/2021\/02\/FORCE-250x250.png 250w, https:\/\/pamec.energy\/wp-content\/uploads\/2021\/02\/FORCE-150x150.png 150w\" sizes=\"(max-width: 150px) 100vw, 150px\" \/><\/a><\/figure><\/div>\n\n\n\n<div class=\"wp-block-image\"><figure class=\"aligncenter size-large is-resized\"><a href=\"http:\/\/imares.ucr.ac.cr\/\" target=\"_blank\" rel=\"noopener\"><img loading=\"lazy\" decoding=\"async\" src=\"https:\/\/pamec.energy\/wp-content\/uploads\/2021\/02\/iMare.png\" alt=\"\" class=\"wp-image-1461\" width=\"150\" height=\"150\" srcset=\"https:\/\/pamec.energy\/wp-content\/uploads\/2021\/02\/iMare.png 300w, https:\/\/pamec.energy\/wp-content\/uploads\/2021\/02\/iMare-250x250.png 250w, https:\/\/pamec.energy\/wp-content\/uploads\/2021\/02\/iMare-150x150.png 150w\" sizes=\"(max-width: 150px) 100vw, 150px\" \/><\/a><\/figure><\/div>\n<\/div>\n\n\n\n<div class=\"wp-block-column is-layout-flow wp-block-column-is-layout-flow\">\n<div class=\"wp-block-image\"><figure class=\"aligncenter size-large is-resized\"><a href=\"https:\/\/www.ocean-energy-systems.org\/\" target=\"_blank\" rel=\"noopener\"><img loading=\"lazy\" decoding=\"async\" src=\"https:\/\/pamec.energy\/wp-content\/uploads\/2021\/02\/OES.png\" alt=\"\" class=\"wp-image-1469\" width=\"150\" height=\"150\" srcset=\"https:\/\/pamec.energy\/wp-content\/uploads\/2021\/02\/OES.png 300w, https:\/\/pamec.energy\/wp-content\/uploads\/2021\/02\/OES-250x250.png 250w, https:\/\/pamec.energy\/wp-content\/uploads\/2021\/02\/OES-150x150.png 150w\" sizes=\"(max-width: 150px) 100vw, 150px\" \/><\/a><\/figure><\/div>\n\n\n\n<div class=\"wp-block-image\"><figure class=\"aligncenter size-large is-resized\"><a href=\"https:\/\/www.sandia.gov\/\" target=\"_blank\" rel=\"noopener\"><img loading=\"lazy\" decoding=\"async\" src=\"https:\/\/pamec.energy\/wp-content\/uploads\/2021\/02\/Sandia-e1654007404257.png\" alt=\"\" class=\"wp-image-1473\" width=\"150\" height=\"150\" srcset=\"https:\/\/pamec.energy\/wp-content\/uploads\/2021\/02\/Sandia-e1654007404257.png 250w, https:\/\/pamec.energy\/wp-content\/uploads\/2021\/02\/Sandia-e1654007404257-150x150.png 150w\" sizes=\"(max-width: 150px) 100vw, 150px\" \/><\/a><\/figure><\/div>\n\n\n\n<div class=\"wp-block-image\"><figure class=\"aligncenter size-large is-resized\"><a href=\"https:\/\/www.linkedin.com\/company\/inore\/\" target=\"_blank\" rel=\"noopener\"><img loading=\"lazy\" decoding=\"async\" src=\"https:\/\/pamec.energy\/wp-content\/uploads\/2021\/02\/INORE.png\" alt=\"\" class=\"wp-image-1463\" width=\"150\" height=\"150\" srcset=\"https:\/\/pamec.energy\/wp-content\/uploads\/2021\/02\/INORE.png 300w, https:\/\/pamec.energy\/wp-content\/uploads\/2021\/02\/INORE-250x250.png 250w, https:\/\/pamec.energy\/wp-content\/uploads\/2021\/02\/INORE-150x150.png 150w\" sizes=\"(max-width: 150px) 100vw, 150px\" \/><\/a><\/figure><\/div>\n\n\n\n<div class=\"wp-block-image\"><figure class=\"aligncenter size-large is-resized\"><a href=\"https:\/\/marinerenewables.ca\/\" target=\"_blank\" rel=\"noopener\"><img loading=\"lazy\" decoding=\"async\" src=\"https:\/\/pamec.energy\/wp-content\/uploads\/2021\/03\/0-MRC-e1654016377173.png\" alt=\"\" class=\"wp-image-1557\" width=\"150\" height=\"150\" srcset=\"https:\/\/pamec.energy\/wp-content\/uploads\/2021\/03\/0-MRC-e1654016377173.png 250w, https:\/\/pamec.energy\/wp-content\/uploads\/2021\/03\/0-MRC-e1654016377173-150x150.png 150w\" sizes=\"(max-width: 150px) 100vw, 150px\" \/><\/a><\/figure><\/div>\n<\/div>\n<\/div>\n\n<hr class=\"wp-block-separator\"\/>\n\n<h2 class=\"has-text-align-center wp-block-heading\">Organizado con el apoyo de<\/h2>\n\n<div class=\"wp-block-columns is-layout-flex wp-container-core-columns-is-layout-9d6595d7 wp-block-columns-is-layout-flex\">\n<div class=\"wp-block-column is-layout-flow wp-block-column-is-layout-flow\">\n<div class=\"wp-block-image\"><figure class=\"aligncenter size-large is-resized\"><a href=\"https:\/\/www.grupoice.com\/wps\/portal\" target=\"_blank\" rel=\"noopener\"><img loading=\"lazy\" decoding=\"async\" src=\"https:\/\/pamec.energy\/wp-content\/uploads\/2021\/03\/0-Grupo-ICE-e1654111198350.png\" alt=\"\" class=\"wp-image-1553\" width=\"150\" height=\"150\"\/><\/a><\/figure><\/div>\n<\/div>\n\n\n\n<div class=\"wp-block-column is-layout-flow wp-block-column-is-layout-flow\">\n<div class=\"wp-block-image\"><figure class=\"aligncenter size-large is-resized\"><a href=\"https:\/\/www.cecacier.org\/\" target=\"_blank\" rel=\"noopener\"><img loading=\"lazy\" decoding=\"async\" src=\"https:\/\/pamec.energy\/wp-content\/uploads\/2021\/03\/0-CECACIER.png\" alt=\"\" class=\"wp-image-1549\" width=\"150\" height=\"150\" srcset=\"https:\/\/pamec.energy\/wp-content\/uploads\/2021\/03\/0-CECACIER.png 300w, https:\/\/pamec.energy\/wp-content\/uploads\/2021\/03\/0-CECACIER-250x250.png 250w, https:\/\/pamec.energy\/wp-content\/uploads\/2021\/03\/0-CECACIER-150x150.png 150w\" sizes=\"(max-width: 150px) 100vw, 150px\" \/><\/a><\/figure><\/div>\n<\/div>\n\n\n\n<div class=\"wp-block-column is-layout-flow wp-block-column-is-layout-flow\">\n<div class=\"wp-block-image\"><figure class=\"aligncenter size-large is-resized\"><a href=\"https:\/\/www.marviva.net\/\" target=\"_blank\" rel=\"noopener\"><img loading=\"lazy\" decoding=\"async\" src=\"https:\/\/pamec.energy\/wp-content\/uploads\/2021\/03\/0-MarViva.png\" alt=\"\" class=\"wp-image-1555\" width=\"150\" height=\"150\" srcset=\"https:\/\/pamec.energy\/wp-content\/uploads\/2021\/03\/0-MarViva.png 300w, https:\/\/pamec.energy\/wp-content\/uploads\/2021\/03\/0-MarViva-250x250.png 250w, https:\/\/pamec.energy\/wp-content\/uploads\/2021\/03\/0-MarViva-150x150.png 150w\" sizes=\"(max-width: 150px) 100vw, 150px\" \/><\/a><\/figure><\/div>\n<\/div>\n<\/div>\n\n<p><a href=\"https:\/\/pamec.energy\/es\/eventos\/colaboraciones\/\">\u2190 Ir a Colaboraciones<\/a><\/p>\n","protected":false},"excerpt":{"rendered":"<p>Adem\u00e1s de las charlas de los ponentes, organizamos talleres en la Universidad de Costa Rica antes y despu\u00e9s del acto principal. Estos talleres se organizaron con el apoyo de nuestros colaboradores de IMARES, la UNED y Marine Renewables Canada. Para m\u00e1s informaci\u00f3n, haga clic en cada enlace. Impulsar la innovaci\u00f3n mediante normas y certificaci\u00f3n. En &#8230; <a title=\"Talleres paralelos de PAMEC 2020\" class=\"read-more\" href=\"https:\/\/pamec.energy\/es\/eventos\/colaboraciones\/talleres-de-pamec-2020\/\" aria-label=\"Leer m\u00e1s sobre Talleres paralelos de PAMEC 2020\">Leer m\u00e1s<\/a><\/p>\n","protected":false},"author":3,"featured_media":0,"parent":2305,"menu_order":2,"comment_status":"closed","ping_status":"closed","template":"","meta":{"generate_page_header":"","footnotes":""},"class_list":["post-2321","page","type-page","status-publish"],"_links":{"self":[{"href":"https:\/\/pamec.energy\/es\/wp-json\/wp\/v2\/pages\/2321","targetHints":{"allow":["GET"]}}],"collection":[{"href":"https:\/\/pamec.energy\/es\/wp-json\/wp\/v2\/pages"}],"about":[{"href":"https:\/\/pamec.energy\/es\/wp-json\/wp\/v2\/types\/page"}],"author":[{"embeddable":true,"href":"https:\/\/pamec.energy\/es\/wp-json\/wp\/v2\/users\/3"}],"replies":[{"embeddable":true,"href":"https:\/\/pamec.energy\/es\/wp-json\/wp\/v2\/comments?post=2321"}],"version-history":[{"count":8,"href":"https:\/\/pamec.energy\/es\/wp-json\/wp\/v2\/pages\/2321\/revisions"}],"predecessor-version":[{"id":5969,"href":"https:\/\/pamec.energy\/es\/wp-json\/wp\/v2\/pages\/2321\/revisions\/5969"}],"up":[{"embeddable":true,"href":"https:\/\/pamec.energy\/es\/wp-json\/wp\/v2\/pages\/2305"}],"wp:attachment":[{"href":"https:\/\/pamec.energy\/es\/wp-json\/wp\/v2\/media?parent=2321"}],"curies":[{"name":"wp","href":"https:\/\/api.w.org\/{rel}","templated":true}]}}