{"id":2330,"date":"2021-04-17T01:23:49","date_gmt":"2021-04-17T04:23:49","guid":{"rendered":"https:\/\/pamec.energy\/?page_id=2330"},"modified":"2022-06-27T02:34:07","modified_gmt":"2022-06-27T05:34:07","slug":"pamec-2020","status":"publish","type":"page","link":"https:\/\/pamec.energy\/es\/eventos\/pamec-2020\/","title":{"rendered":"PAMEC 2020-San Jos\u00e9, Costa Rica"},"content":{"rendered":"<div class=\"wp-block-image\">\n<figure class=\"aligncenter size-large is-resized\"><img fetchpriority=\"high\" decoding=\"async\" src=\"https:\/\/pamec.energy\/wp-content\/uploads\/2021\/04\/PAMEC-2020-1024x294.png\" alt=\"\" class=\"wp-image-1754\" width=\"450\" height=\"130\" srcset=\"https:\/\/pamec.energy\/wp-content\/uploads\/2021\/04\/PAMEC-2020-1024x294.png 1024w, https:\/\/pamec.energy\/wp-content\/uploads\/2021\/04\/PAMEC-2020-250x72.png 250w, https:\/\/pamec.energy\/wp-content\/uploads\/2021\/04\/PAMEC-2020-768x221.png 768w, https:\/\/pamec.energy\/wp-content\/uploads\/2021\/04\/PAMEC-2020-1536x442.png 1536w, https:\/\/pamec.energy\/wp-content\/uploads\/2021\/04\/PAMEC-2020-2048x589.png 2048w\" sizes=\"(max-width: 450px) 100vw, 450px\" \/><\/figure>\n<\/div><p><span style=\"font-weight: 400;\">Nuestra primera conferencia se llev\u00f3 a cabo en San Jos\u00e9 Costa Rica, del 26 al 28 de enero de 2020. La Conferencia tambi\u00e9n incluy\u00f3 talleres en la Universidad de Costa Rica en San Jos\u00e9 los d\u00edas 24, 25 y 28 de enero de 2020.<\/span><\/p>\n\n<figure class=\"wp-block-image size-large\"><img decoding=\"async\" width=\"1000\" height=\"650\" src=\"https:\/\/pamec.energy\/wp-content\/uploads\/2021\/04\/PAMEC-2020.jpg\" alt=\"\" class=\"wp-image-1757\" srcset=\"https:\/\/pamec.energy\/wp-content\/uploads\/2021\/04\/PAMEC-2020.jpg 1000w, https:\/\/pamec.energy\/wp-content\/uploads\/2021\/04\/PAMEC-2020-250x163.jpg 250w, https:\/\/pamec.energy\/wp-content\/uploads\/2021\/04\/PAMEC-2020-768x499.jpg 768w\" sizes=\"(max-width: 1000px) 100vw, 1000px\" \/><figcaption><em>Imagen cortes\u00eda de Grupo ICE.<\/em><\/figcaption><\/figure>\n\n<p>La Conferencia se llev\u00f3 a cabo bajo los auspicios de PAMEC. Asociaci\u00f3n de Energ\u00eda y un Comit\u00e9 Organizador Local encabezado por la empresa costarricense de servicios p\u00fablicos, ICE, y las principales universidades de San Jos\u00e9, incluida la Universidad de Costa Rica. Los miembros del Comit\u00e9 Organizador Local de PAMEC 2020 fueron:<\/p>\n\n<ul class=\"wp-block-list\"><li>Jos\u00e9 Rodrigo Rojas Morales, Director PAMEC. Asociaci\u00f3n de Energ\u00eda (Costa Rica)<\/li><li>Tattiana Hern\u00e1ndez-Madrigal, Vicepresidenta, PAMEC. Asociaci\u00f3n de Energ\u00eda (Reino Unido\/Costa Rica)<\/li><li>Bruce Cameron, Presidente, PAMEC. Asociaci\u00f3n de Energ\u00eda (Canad\u00e1)<\/li><\/ul>\n\n<p>La supervisi\u00f3n del programa se realiz\u00f3 a trav\u00e9s de la Junta T\u00e9cnica y del Programa de la Asociaci\u00f3n de Energ\u00eda de PAMEC, que inclu\u00eda al Prof. Richard Karsten, Universidad de Acadia, Canad\u00e1; Dra. Andrea Copping, Laboratorio Nacional del Noroeste del Pac\u00edfico, EE. UU.; Dr. Rodolfo Silva Casar\u00edn, Universidad Nacional Aut\u00f3noma de M\u00e9xico, M\u00e9xico; Luc Martin, Gerente General ENERG\u00cdA Marina SpA en Chile; Sandra Farwell, Departamento de Energ\u00eda y Minas de NS, Canad\u00e1; Tattiana Hern\u00e1ndez-Madrigal, candidata a doctorado, Universidad de Cardiff, Reino Unido; Dr. Jos\u00e9 Rodrigo Rojas Morales, ICE, Costa Rica; y Bruce Cameron, Envigour Policy Consulting, Canad\u00e1.<\/p>\n\n<p>La Conferencia tambi\u00e9n cont\u00f3 con el apoyo de un Consejo Asesor que inclu\u00eda al Prof. AbuBakr Bahaj de la Universidad de Southampton y Cameron Johnstone de la Universidad de Strathclyde, en el Reino Unido, en representaci\u00f3n de EWTEC; y el Prof. Chul H Jo de la Universidad de Inha en Corea del Sur, y el Prof. Jiahn-Horng Chen de la Universidad Nacional del Oc\u00e9ano de Taiw\u00e1n, en representaci\u00f3n de AWTEC.<\/p>\n\n<div style=\"height:13px\" aria-hidden=\"true\" class=\"wp-block-spacer\"><\/div>\n\n<h4 class=\"has-text-align-center wp-block-heading\"><a rel=\"noreferrer noopener\" href=\"https:\/\/pamec.energy\/wp-content\/uploads\/2020\/08\/PAMEC2020_Program.pdf\" data-type=\"URL\" data-id=\"https:\/\/pamec.energy\/wp-content\/uploads\/2020\/08\/PAMEC2020_Program.pdf\" target=\"_blank\">Descarga Programa PAMEC 2020 aqu\u00ed<\/a><\/h4>\n\n<h4 class=\"has-text-align-center wp-block-heading\"><a rel=\"noreferrer noopener\" href=\"https:\/\/pamec.energy\/wp-content\/uploads\/2021\/02\/PAMEC-2020_-E-BOOK.pdf\" data-type=\"URL\" data-id=\"https:\/\/pamec.energy\/wp-content\/uploads\/2021\/02\/PAMEC-2020_-E-BOOK.pdf\" target=\"_blank\">Descargue el Libro de Res\u00famenes del PAMEC 2020 aqu\u00ed<\/a><\/h4>\n\n<div style=\"height:14px\" aria-hidden=\"true\" class=\"wp-block-spacer\"><\/div>\n\n<hr class=\"wp-block-separator has-css-opacity aligncenter\"\/>\n\n<h3 class=\"has-text-align-center wp-block-heading\">Organizadores<\/h3>\n\n<div class=\"wp-block-columns is-layout-flex wp-container-core-columns-is-layout-9d6595d7 wp-block-columns-is-layout-flex\">\n<div class=\"wp-block-column is-layout-flow wp-block-column-is-layout-flow\"><div class=\"wp-block-image\">\n<figure class=\"aligncenter size-large is-resized\"><a href=\"https:\/\/www.grupoice.com\/wps\/portal\" target=\"_blank\" rel=\"noopener\"><img decoding=\"async\" src=\"https:\/\/pamec.energy\/wp-content\/uploads\/2021\/03\/0-Grupo-ICE-150x150.png\" alt=\"\" class=\"wp-image-1554\" width=\"150\" height=\"150\" srcset=\"https:\/\/pamec.energy\/wp-content\/uploads\/2021\/03\/0-Grupo-ICE-150x150.png 150w, https:\/\/pamec.energy\/wp-content\/uploads\/2021\/03\/0-Grupo-ICE-250x250.png 250w, https:\/\/pamec.energy\/wp-content\/uploads\/2021\/03\/0-Grupo-ICE.png 300w\" sizes=\"(max-width: 150px) 100vw, 150px\" \/><\/a><\/figure>\n<\/div><\/div>\n\n\n\n<div class=\"wp-block-column is-layout-flow wp-block-column-is-layout-flow\"><div class=\"wp-block-image\">\n<figure class=\"aligncenter size-large is-resized\"><a href=\"https:\/\/pamec.energy\/es\/\" target=\"_blank\" rel=\"noopener\"><img loading=\"lazy\" decoding=\"async\" src=\"https:\/\/pamec.energy\/wp-content\/uploads\/2021\/03\/0-PAMEC-Energy-150x150.png\" alt=\"\" class=\"wp-image-1544\" width=\"150\" height=\"150\" srcset=\"https:\/\/pamec.energy\/wp-content\/uploads\/2021\/03\/0-PAMEC-Energy-150x150.png 150w, https:\/\/pamec.energy\/wp-content\/uploads\/2021\/03\/0-PAMEC-Energy-250x250.png 250w, https:\/\/pamec.energy\/wp-content\/uploads\/2021\/03\/0-PAMEC-Energy.png 300w\" sizes=\"(max-width: 150px) 100vw, 150px\" \/><\/a><\/figure>\n<\/div><\/div>\n\n\n\n<div class=\"wp-block-column is-layout-flow wp-block-column-is-layout-flow\"><div class=\"wp-block-image\">\n<figure class=\"aligncenter size-large is-resized\"><a href=\"https:\/\/www.cecacier.org\/\" target=\"_blank\" rel=\"noopener\"><img loading=\"lazy\" decoding=\"async\" src=\"https:\/\/pamec.energy\/wp-content\/uploads\/2021\/03\/0-CECACIER-150x150.png\" alt=\"\" class=\"wp-image-1550\" width=\"150\" height=\"150\" srcset=\"https:\/\/pamec.energy\/wp-content\/uploads\/2021\/03\/0-CECACIER-150x150.png 150w, https:\/\/pamec.energy\/wp-content\/uploads\/2021\/03\/0-CECACIER-250x250.png 250w, https:\/\/pamec.energy\/wp-content\/uploads\/2021\/03\/0-CECACIER.png 300w\" sizes=\"(max-width: 150px) 100vw, 150px\" \/><\/a><\/figure>\n<\/div><\/div>\n<\/div>\n\n<hr class=\"wp-block-separator has-css-opacity aligncenter\"\/>\n\n<h3 class=\"has-text-align-center wp-block-heading\">Patrocinadores<\/h3>\n\n<div class=\"wp-block-columns is-layout-flex wp-container-core-columns-is-layout-9d6595d7 wp-block-columns-is-layout-flex\">\n<div class=\"wp-block-column is-layout-flow wp-block-column-is-layout-flow\"><div class=\"wp-block-image\">\n<figure class=\"aligncenter size-large is-resized\"><a href=\"https:\/\/www.marviva.net\/\" target=\"_blank\" rel=\"noopener\"><img loading=\"lazy\" decoding=\"async\" src=\"https:\/\/pamec.energy\/wp-content\/uploads\/2021\/03\/0-MarViva-150x150.png\" alt=\"\" class=\"wp-image-1556\" width=\"150\" height=\"150\" srcset=\"https:\/\/pamec.energy\/wp-content\/uploads\/2021\/03\/0-MarViva-150x150.png 150w, https:\/\/pamec.energy\/wp-content\/uploads\/2021\/03\/0-MarViva-250x250.png 250w, https:\/\/pamec.energy\/wp-content\/uploads\/2021\/03\/0-MarViva.png 300w\" sizes=\"(max-width: 150px) 100vw, 150px\" \/><\/a><\/figure>\n<\/div>\n\n<div class=\"wp-block-image\">\n<figure class=\"aligncenter size-large is-resized\"><a href=\"http:\/\/imares.ucr.ac.cr\/\" target=\"_blank\" rel=\"noopener\"><img loading=\"lazy\" decoding=\"async\" src=\"https:\/\/pamec.energy\/wp-content\/uploads\/2021\/02\/iMare-150x150.png\" alt=\"\" class=\"wp-image-1462\" width=\"150\" height=\"150\" srcset=\"https:\/\/pamec.energy\/wp-content\/uploads\/2021\/02\/iMare-150x150.png 150w, https:\/\/pamec.energy\/wp-content\/uploads\/2021\/02\/iMare-250x250.png 250w, https:\/\/pamec.energy\/wp-content\/uploads\/2021\/02\/iMare.png 300w\" sizes=\"(max-width: 150px) 100vw, 150px\" \/><\/a><\/figure>\n<\/div><\/div>\n\n\n\n<div class=\"wp-block-column is-layout-flow wp-block-column-is-layout-flow\"><div class=\"wp-block-image\">\n<figure class=\"aligncenter size-large is-resized\"><a href=\"https:\/\/marinerenewables.ca\/\" target=\"_blank\" rel=\"noopener\"><img loading=\"lazy\" decoding=\"async\" src=\"https:\/\/pamec.energy\/wp-content\/uploads\/2021\/03\/0-MRC-150x150.png\" alt=\"\" class=\"wp-image-1558\" width=\"150\" height=\"150\" srcset=\"https:\/\/pamec.energy\/wp-content\/uploads\/2021\/03\/0-MRC-150x150.png 150w, https:\/\/pamec.energy\/wp-content\/uploads\/2021\/03\/0-MRC-250x250.png 250w, https:\/\/pamec.energy\/wp-content\/uploads\/2021\/03\/0-MRC.png 300w\" sizes=\"(max-width: 150px) 100vw, 150px\" \/><\/a><\/figure>\n<\/div>\n\n\n<div class=\"wp-block-columns is-layout-flex wp-container-core-columns-is-layout-9d6595d7 wp-block-columns-is-layout-flex\">\n<div class=\"wp-block-column is-layout-flow wp-block-column-is-layout-flow\"><div class=\"wp-block-image\">\n<figure class=\"aligncenter size-large is-resized\"><a href=\"https:\/\/www.uned.ac.cr\/\" target=\"_blank\" rel=\"noopener\"><img loading=\"lazy\" decoding=\"async\" src=\"https:\/\/pamec.energy\/wp-content\/uploads\/2021\/03\/0-UNED-150x150.png\" alt=\"\" class=\"wp-image-1546\" width=\"150\" height=\"150\" srcset=\"https:\/\/pamec.energy\/wp-content\/uploads\/2021\/03\/0-UNED-150x150.png 150w, https:\/\/pamec.energy\/wp-content\/uploads\/2021\/03\/0-UNED-250x250.png 250w, https:\/\/pamec.energy\/wp-content\/uploads\/2021\/03\/0-UNED.png 300w\" sizes=\"(max-width: 150px) 100vw, 150px\" \/><\/a><\/figure>\n<\/div><\/div>\n<\/div>\n<\/div>\n<\/div>\n\n<hr class=\"wp-block-separator has-css-opacity aligncenter\"\/>\n\n<h3 class=\"has-text-align-center wp-block-heading\">Reconocido como<\/h3>\n\n<div style=\"height:7px\" aria-hidden=\"true\" class=\"wp-block-spacer\"><\/div>\n\n<div class=\"wp-block-columns is-layout-flex wp-container-core-columns-is-layout-9d6595d7 wp-block-columns-is-layout-flex\">\n<div class=\"wp-block-column is-layout-flow wp-block-column-is-layout-flow\" style=\"flex-basis:100%\">\n<div class=\"wp-block-columns is-layout-flex wp-container-core-columns-is-layout-9d6595d7 wp-block-columns-is-layout-flex\">\n<div class=\"wp-block-column is-layout-flow wp-block-column-is-layout-flow\"><div class=\"wp-block-image\">\n<figure class=\"aligncenter size-large is-resized\"><a href=\"https:\/\/www.esencialcostarica.com\/\" target=\"_blank\" rel=\"noopener\"><img loading=\"lazy\" decoding=\"async\" src=\"https:\/\/pamec.energy\/wp-content\/uploads\/2021\/03\/0-Esencial-150x150.png\" alt=\"\" class=\"wp-image-1552\" width=\"150\" height=\"150\" srcset=\"https:\/\/pamec.energy\/wp-content\/uploads\/2021\/03\/0-Esencial-150x150.png 150w, https:\/\/pamec.energy\/wp-content\/uploads\/2021\/03\/0-Esencial-250x250.png 250w, https:\/\/pamec.energy\/wp-content\/uploads\/2021\/03\/0-Esencial.png 300w\" sizes=\"(max-width: 150px) 100vw, 150px\" \/><\/a><\/figure>\n<\/div><\/div>\n\n\n\n<div class=\"wp-block-column is-layout-flow wp-block-column-is-layout-flow\"><div class=\"wp-block-image\">\n<figure class=\"aligncenter size-large is-resized\"><a href=\"https:\/\/banderaazulecologica.org\/\" target=\"_blank\" rel=\"noopener\"><img loading=\"lazy\" decoding=\"async\" src=\"https:\/\/pamec.energy\/wp-content\/uploads\/2021\/03\/0-Bandera-Azul-150x150.png\" alt=\"\" class=\"wp-image-1548\" width=\"150\" height=\"150\" srcset=\"https:\/\/pamec.energy\/wp-content\/uploads\/2021\/03\/0-Bandera-Azul-150x150.png 150w, https:\/\/pamec.energy\/wp-content\/uploads\/2021\/03\/0-Bandera-Azul-250x250.png 250w, https:\/\/pamec.energy\/wp-content\/uploads\/2021\/03\/0-Bandera-Azul.png 300w\" sizes=\"(max-width: 150px) 100vw, 150px\" \/><\/a><\/figure>\n<\/div><\/div>\n<\/div>\n<\/div>\n<\/div>\n\n<p><\/p>\n","protected":false},"excerpt":{"rendered":"<p>Nuestra primera conferencia se llev\u00f3 a cabo en San Jos\u00e9 Costa Rica, del 26 al 28 de enero de 2020. La Conferencia tambi\u00e9n incluy\u00f3 talleres en la Universidad de Costa Rica en San Jos\u00e9 los d\u00edas 24, 25 y 28 de enero de 2020. La Conferencia se llev\u00f3 a cabo bajo los auspicios de PAMEC. &#8230; <a title=\"PAMEC 2020-San Jos\u00e9, Costa Rica\" class=\"read-more\" href=\"https:\/\/pamec.energy\/es\/eventos\/pamec-2020\/\" aria-label=\"Leer m\u00e1s sobre PAMEC 2020-San Jos\u00e9, Costa Rica\">Leer m\u00e1s<\/a><\/p>\n","protected":false},"author":3,"featured_media":0,"parent":2301,"menu_order":3,"comment_status":"closed","ping_status":"closed","template":"","meta":{"generate_page_header":"","footnotes":""},"class_list":["post-2330","page","type-page","status-publish"],"_links":{"self":[{"href":"https:\/\/pamec.energy\/es\/wp-json\/wp\/v2\/pages\/2330","targetHints":{"allow":["GET"]}}],"collection":[{"href":"https:\/\/pamec.energy\/es\/wp-json\/wp\/v2\/pages"}],"about":[{"href":"https:\/\/pamec.energy\/es\/wp-json\/wp\/v2\/types\/page"}],"author":[{"embeddable":true,"href":"https:\/\/pamec.energy\/es\/wp-json\/wp\/v2\/users\/3"}],"replies":[{"embeddable":true,"href":"https:\/\/pamec.energy\/es\/wp-json\/wp\/v2\/comments?post=2330"}],"version-history":[{"count":8,"href":"https:\/\/pamec.energy\/es\/wp-json\/wp\/v2\/pages\/2330\/revisions"}],"predecessor-version":[{"id":3942,"href":"https:\/\/pamec.energy\/es\/wp-json\/wp\/v2\/pages\/2330\/revisions\/3942"}],"up":[{"embeddable":true,"href":"https:\/\/pamec.energy\/es\/wp-json\/wp\/v2\/pages\/2301"}],"wp:attachment":[{"href":"https:\/\/pamec.energy\/es\/wp-json\/wp\/v2\/media?parent=2330"}],"curies":[{"name":"wp","href":"https:\/\/api.w.org\/{rel}","templated":true}]}}