{"id":2643,"date":"2022-04-08T09:50:19","date_gmt":"2022-04-08T12:50:19","guid":{"rendered":"https:\/\/pamec.energy\/ultimas-noticias\/"},"modified":"2026-01-31T15:31:42","modified_gmt":"2026-01-31T19:31:42","slug":"ultimas-noticias","status":"publish","type":"page","link":"https:\/\/pamec.energy\/es\/ultimas-noticias\/","title":{"rendered":"\u00daltimas noticias"},"content":{"rendered":"\t\t<div data-elementor-type=\"wp-page\" data-elementor-id=\"2643\" class=\"elementor elementor-2643 elementor-2641\">\n\t\t\t\t\t\t<section class=\"elementor-section elementor-top-section elementor-element elementor-element-1affa9e elementor-section-boxed elementor-section-height-default elementor-section-height-default\" data-id=\"1affa9e\" data-element_type=\"section\" data-e-type=\"section\">\n\t\t\t\t\t\t<div class=\"elementor-container elementor-column-gap-default\">\n\t\t\t\t\t<div class=\"elementor-column elementor-col-100 elementor-top-column elementor-element elementor-element-2f29fcb1\" data-id=\"2f29fcb1\" data-element_type=\"column\" data-e-type=\"column\">\n\t\t\t<div class=\"elementor-widget-wrap elementor-element-populated\">\n\t\t\t\t\t\t<div class=\"elementor-element elementor-element-1294dc61 elementor-widget elementor-widget-text-editor\" data-id=\"1294dc61\" data-element_type=\"widget\" data-e-type=\"widget\" data-widget_type=\"text-editor.default\">\n\t\t\t\t<div class=\"elementor-widget-container\">\n\t\t\t\t\t\t\t\t\t<p class=\"has-text-align-center has-medium-font-size\">Para conocer las \u00faltimas noticias, \u00fanete a nuestras redes sociales o suscr\u00edbete al <a href=\"https:\/\/energy.us19.list-manage.com\/subscribe?u=358fd62b4c0fe0e38e671ea4f&amp;id=ee0f4025d0\" target=\"_blank\" rel=\"noreferrer noopener\"><strong>Bolet\u00edn PAMEC.<\/strong><\/a><\/p>\n<ul style=\"margin-top: 0cm;\" type=\"disc\">\n<li class=\"MsoNormal\"><b>LinkedIn<\/b>\n<ul style=\"margin-top: 0cm;\" type=\"circle\">\n<li class=\"MsoNormal\"><a href=\"https:\/\/www.linkedin.com\/company\/pamec-energy-association\/\">https:\/\/www.linkedin.com\/company\/pamec-energy-association\/<\/a><\/li>\n<\/ul>\n<\/li>\n<li class=\"MsoNormal\"><b>Facebook<\/b>\n<ul style=\"margin-top: 0cm;\" type=\"circle\">\n<li class=\"MsoNormal\"><a href=\"https:\/\/www.facebook.com\/PAMECenergy\/\">https:\/\/www.facebook.com\/PAMECenergy\/<\/a><\/li>\n<\/ul>\n<\/li>\n<li class=\"MsoNormal\"><b>Instagram<\/b>\n<ul style=\"margin-top: 0cm;\" type=\"circle\">\n<li class=\"MsoNormal\"><a href=\"https:\/\/www.instagram.com\/pamec.energy\/\">https:\/\/www.instagram.com\/pamec.energy\/<\/a><\/li>\n<\/ul>\n<\/li>\n<\/ul>\n<h4><b>Boletines anteriores<\/b><\/h4>\t\t\t\t\t\t\t\t<\/div>\n\t\t\t\t<\/div>\n\t\t\t\t<div class=\"elementor-element elementor-element-aaaf786 elementor-widget elementor-widget-shortcode\" data-id=\"aaaf786\" data-element_type=\"widget\" data-e-type=\"widget\" data-widget_type=\"shortcode.default\">\n\t\t\t\t<div class=\"elementor-widget-container\">\n\t\t\t\t\t\t\t<div class=\"elementor-shortcode\"><style type=\"text\/css\">\n            .display_archive {font-family: arial,verdana; font-size: 12px;}\n          .campaign {line-height: 125%; margin: 5px;}\n          <\/style>\n          <script language=\"javascript\" src=\"https:\/\/energy.us19.list-manage.com\/generate-js\/?u=358fd62b4c0fe0e38e671ea4f&amp;show=10&amp;fid=27409\" type=\"text\/javascript\"><\/script><\/div>\n\t\t\t\t\t\t<\/div>\n\t\t\t\t<\/div>\n\t\t\t\t\t<\/div>\n\t\t<\/div>\n\t\t\t\t\t<\/div>\n\t\t<\/section>\n\t\t\t\t<\/div>\n\t\t","protected":false},"excerpt":{"rendered":"<p>Para conocer las \u00faltimas noticias, \u00fanete a nuestras redes sociales o suscr\u00edbete al Bolet\u00edn PAMEC. LinkedIn https:\/\/www.linkedin.com\/company\/pamec-energy-association\/ Facebook https:\/\/www.facebook.com\/PAMECenergy\/ Instagram https:\/\/www.instagram.com\/pamec.energy\/ Boletines anteriores<\/p>\n","protected":false},"author":3,"featured_media":0,"parent":0,"menu_order":0,"comment_status":"closed","ping_status":"closed","template":"","meta":{"generate_page_header":"","footnotes":""},"class_list":["post-2643","page","type-page","status-publish"],"_links":{"self":[{"href":"https:\/\/pamec.energy\/es\/wp-json\/wp\/v2\/pages\/2643","targetHints":{"allow":["GET"]}}],"collection":[{"href":"https:\/\/pamec.energy\/es\/wp-json\/wp\/v2\/pages"}],"about":[{"href":"https:\/\/pamec.energy\/es\/wp-json\/wp\/v2\/types\/page"}],"author":[{"embeddable":true,"href":"https:\/\/pamec.energy\/es\/wp-json\/wp\/v2\/users\/3"}],"replies":[{"embeddable":true,"href":"https:\/\/pamec.energy\/es\/wp-json\/wp\/v2\/comments?post=2643"}],"version-history":[{"count":26,"href":"https:\/\/pamec.energy\/es\/wp-json\/wp\/v2\/pages\/2643\/revisions"}],"predecessor-version":[{"id":9436,"href":"https:\/\/pamec.energy\/es\/wp-json\/wp\/v2\/pages\/2643\/revisions\/9436"}],"wp:attachment":[{"href":"https:\/\/pamec.energy\/es\/wp-json\/wp\/v2\/media?parent=2643"}],"curies":[{"name":"wp","href":"https:\/\/api.w.org\/{rel}","templated":true}]}}