{"id":2768,"date":"2022-04-21T17:07:17","date_gmt":"2022-04-21T20:07:17","guid":{"rendered":"https:\/\/pamec.energy\/pamec-2022\/patrocinadores-y-socios\/"},"modified":"2022-06-01T11:48:40","modified_gmt":"2022-06-01T14:48:40","slug":"patrocinadores-y-socios","status":"publish","type":"page","link":"https:\/\/pamec.energy\/es\/pamec-2022\/patrocinadores-y-socios\/","title":{"rendered":"Patrocinadores y simpatizantes corporativos"},"content":{"rendered":"\n<p><strong>Josu\u00e9 Quintanilla<\/strong>, de El Salvador, es un f\u00edsico profesional entusiasta de la energ\u00eda oce\u00e1nica con una certificaci\u00f3n de buceador de rescate. Tiene experiencia en la evaluaci\u00f3n de la modelizaci\u00f3n hidrodin\u00e1mica costera y del oleaje de su condado. Tambi\u00e9n ha colaborado en la elaboraci\u00f3n y actualizaci\u00f3n de libros de ciencias naturales. Actualmente es el embajador de El Salvador para la Red Panamericana de Estudiantes de Energ\u00eda Oce\u00e1nica, POES.  <\/p>\n\n<p><strong>Karina Ram\u00edrez Zamora<\/strong> es ingeniera mecatr\u00f3nica, con experiencia en la industria de equipos m\u00e9dicos. Actualmente, estudia un m\u00e1ster en gesti\u00f3n de la ingenier\u00eda en la Universidad de Debrecen (Hungr\u00eda) y trabaja como asistente de comunicaci\u00f3n en la Asociaci\u00f3n PAMEC.Energy.<\/p>\n\n<hr class=\"wp-block-separator has-css-opacity\"\/>\n\t\t\t<h2>Corporate Sponsors<\/h2>\n\t\t\n\t\t<style>\n\t\t\t#wpls-logo-showcase-slider-1 .wpls-fix-box,\n\t\t\t#wpls-logo-showcase-slider-1 .wpls-fix-box img.wp-post-image{max-height:250px; }\n\t\t<\/style>\n\n\t\t<div class=\"wpls-wrap wpls-logo-showcase-slider-wrp wpls-logo-clearfix wpls-design-1 \" data-conf=\"{&quot;slides_column&quot;:4,&quot;slides_scroll&quot;:1,&quot;dots&quot;:&quot;true&quot;,&quot;arrows&quot;:&quot;true&quot;,&quot;autoplay&quot;:&quot;true&quot;,&quot;autoplay_interval&quot;:3000,&quot;loop&quot;:&quot;true&quot;,&quot;rtl&quot;:&quot;false&quot;,&quot;speed&quot;:600,&quot;center_mode&quot;:&quot;false&quot;,&quot;lazyload&quot;:&quot;&quot;}\">\n\t\t\t<div class=\"wpls-logo-showcase logo_showcase wpls-logo-slider  sliderimage_hide_border \" id=\"wpls-logo-showcase-slider-1\" >\n\t\t\t\t<div class=\"wpls-logo-cnt\">\n\t<div class=\"wpls-fix-box\">\n\t\t\t\t<a href=\"https:\/\/www.teledynemarine.com\" target=\"_blank\">\n\t\t\t<img decoding=\"async\" class=\"wp-post-image\"  src=\"https:\/\/pamec.energy\/wp-content\/uploads\/2022\/06\/tm_2col_2line-e1654300010218.jpg\" alt=\"\" \/>\n\t\t<\/a>\n\t\t\t<\/div>\n\t\t<div class=\"logo-title\">Teledyne Marine<\/div>\n\t<\/div><div class=\"wpls-logo-cnt\">\n\t<div class=\"wpls-fix-box\">\n\t\t\t\t<a href=\"https:\/\/www.nortekgroup.com\/\" target=\"_blank\">\n\t\t\t<img decoding=\"async\" class=\"wp-post-image\"  src=\"https:\/\/pamec.energy\/wp-content\/uploads\/2022\/05\/norteck-e1655214226642.jpg\" alt=\"\" \/>\n\t\t<\/a>\n\t\t\t<\/div>\n\t\t<div class=\"logo-title\">NORTEK<\/div>\n\t<\/div><div class=\"wpls-logo-cnt\">\n\t<div class=\"wpls-fix-box\">\n\t\t\t\t<a href=\"https:\/\/ecalng.com\/\" target=\"_blank\">\n\t\t\t<img decoding=\"async\" class=\"wp-post-image\"  src=\"https:\/\/pamec.energy\/wp-content\/uploads\/2022\/04\/ECALNG-Horizontal-F-CMYK-e1654004940209.png\" alt=\"\" \/>\n\t\t<\/a>\n\t\t\t<\/div>\n\t\t<div class=\"logo-title\">ECA LNG<\/div>\n\t<\/div><div class=\"wpls-logo-cnt\">\n\t<div class=\"wpls-fix-box\">\n\t\t\t\t<a href=\"https:\/\/www.envigour.ca\/\" target=\"_blank\">\n\t\t\t<img decoding=\"async\" class=\"wp-post-image\"  src=\"https:\/\/pamec.energy\/wp-content\/uploads\/2022\/04\/envigour-1.jpg\" alt=\"\" \/>\n\t\t<\/a>\n\t\t\t<\/div>\n\t\t<div class=\"logo-title\">Envigour Policy Consulting<\/div>\n\t<\/div>\t\t\t<\/div>\n\t\t<\/div>\n\n\t\t\n<hr class=\"wp-block-separator has-alpha-channel-opacity\"\/>\n\t\t\t<h2>Organizers<\/h2>\n\t\t\n\t\t<style>\n\t\t\t#wpls-logo-showcase-slider-2 .wpls-fix-box,\n\t\t\t#wpls-logo-showcase-slider-2 .wpls-fix-box img.wp-post-image{max-height:250px; }\n\t\t<\/style>\n\n\t\t<div class=\"wpls-wrap wpls-logo-showcase-slider-wrp wpls-logo-clearfix wpls-design-1 \" data-conf=\"{&quot;slides_column&quot;:4,&quot;slides_scroll&quot;:1,&quot;dots&quot;:&quot;true&quot;,&quot;arrows&quot;:&quot;true&quot;,&quot;autoplay&quot;:&quot;true&quot;,&quot;autoplay_interval&quot;:3000,&quot;loop&quot;:&quot;true&quot;,&quot;rtl&quot;:&quot;false&quot;,&quot;speed&quot;:600,&quot;center_mode&quot;:&quot;false&quot;,&quot;lazyload&quot;:&quot;&quot;}\">\n\t\t\t<div class=\"wpls-logo-showcase logo_showcase wpls-logo-slider  sliderimage_hide_border \" id=\"wpls-logo-showcase-slider-2\" >\n\t\t\t\t<div class=\"wpls-logo-cnt\">\n\t<div class=\"wpls-fix-box\">\n\t\t\t\t<a href=\"https:\/\/pamec.energy\/\" target=\"_blank\">\n\t\t\t<img decoding=\"async\" class=\"wp-post-image\"  src=\"https:\/\/pamec.energy\/wp-content\/uploads\/2022\/04\/pamec-e1654012090643.jpg\" alt=\"\" \/>\n\t\t<\/a>\n\t\t\t<\/div>\n\t\t<div class=\"logo-title\">PAMEC.energy Association<\/div>\n\t<\/div><div class=\"wpls-logo-cnt\">\n\t<div class=\"wpls-fix-box\">\n\t\t\t\t<a href=\"https:\/\/www.uninorte.edu.co\/\" target=\"_blank\">\n\t\t\t<img decoding=\"async\" class=\"wp-post-image\"  src=\"https:\/\/pamec.energy\/wp-content\/uploads\/2022\/05\/Logo-Uninorte_hz-scaled-e1653578150108.jpg\" alt=\"\" \/>\n\t\t<\/a>\n\t\t\t<\/div>\n\t\t<div class=\"logo-title\">Universidad del Norte<\/div>\n\t<\/div><div class=\"wpls-logo-cnt\">\n\t<div class=\"wpls-fix-box\">\n\t\t\t\t<a href=\"https:\/\/www.cicese.edu.mx\/welcome\/acerca\/\" target=\"_blank\">\n\t\t\t<img decoding=\"async\" class=\"wp-post-image\"  src=\"https:\/\/pamec.energy\/wp-content\/uploads\/2022\/04\/cicese-e1654004184789.jpg\" alt=\"\" \/>\n\t\t<\/a>\n\t\t\t<\/div>\n\t\t<div class=\"logo-title\">Centro de Investigaci\u00f3n Cient\u00edfica y de Educaci\u00f3n Superior de Ensenada, Baja California<\/div>\n\t<\/div><div class=\"wpls-logo-cnt\">\n\t<div class=\"wpls-fix-box\">\n\t\t\t\t<a href=\"https:\/\/www.uabc.mx\/\" target=\"_blank\">\n\t\t\t<img decoding=\"async\" class=\"wp-post-image\"  src=\"https:\/\/pamec.energy\/wp-content\/uploads\/2022\/04\/uabc-e1654004109728.jpg\" alt=\"\" \/>\n\t\t<\/a>\n\t\t\t<\/div>\n\t\t<div class=\"logo-title\">Universidad Aut\u00f3noma de Baja California<\/div>\n\t<\/div><div class=\"wpls-logo-cnt\">\n\t<div class=\"wpls-fix-box\">\n\t\t\t\t<a href=\"https:\/\/cemieoceano.mx\/CEMIEOAC\/index.html\" target=\"_blank\">\n\t\t\t<img decoding=\"async\" class=\"wp-post-image\"  src=\"https:\/\/pamec.energy\/wp-content\/uploads\/2022\/04\/coc-2.jpg\" alt=\"\" \/>\n\t\t<\/a>\n\t\t\t<\/div>\n\t\t<div class=\"logo-title\">CEMIE-Oceano A.C<\/div>\n\t<\/div><div class=\"wpls-logo-cnt\">\n\t<div class=\"wpls-fix-box\">\n\t\t\t\t<a href=\"https:\/\/www.cemarin.org\" target=\"_blank\">\n\t\t\t<img decoding=\"async\" class=\"wp-post-image\"  src=\"https:\/\/pamec.energy\/wp-content\/uploads\/2022\/05\/CFMarin-e1653577721665.png\" alt=\"\" \/>\n\t\t<\/a>\n\t\t\t<\/div>\n\t\t<div class=\"logo-title\">CEMarin<\/div>\n\t<\/div>\t\t\t<\/div>\n\t\t<\/div>\n\n\t\t\n<hr class=\"wp-block-separator has-alpha-channel-opacity\"\/>\n\t\t\t<h2>Conference Panelists &amp; Presenters<\/h2>\n\t\t\n\t\t<style>\n\t\t\t#wpls-logo-showcase-slider-3 .wpls-fix-box,\n\t\t\t#wpls-logo-showcase-slider-3 .wpls-fix-box img.wp-post-image{max-height:250px; }\n\t\t<\/style>\n\n\t\t<div class=\"wpls-wrap wpls-logo-showcase-slider-wrp wpls-logo-clearfix wpls-design-1 \" data-conf=\"{&quot;slides_column&quot;:4,&quot;slides_scroll&quot;:1,&quot;dots&quot;:&quot;true&quot;,&quot;arrows&quot;:&quot;true&quot;,&quot;autoplay&quot;:&quot;true&quot;,&quot;autoplay_interval&quot;:3000,&quot;loop&quot;:&quot;true&quot;,&quot;rtl&quot;:&quot;false&quot;,&quot;speed&quot;:600,&quot;center_mode&quot;:&quot;false&quot;,&quot;lazyload&quot;:&quot;&quot;}\">\n\t\t\t<div class=\"wpls-logo-showcase logo_showcase wpls-logo-slider  sliderimage_hide_border \" id=\"wpls-logo-showcase-slider-3\" >\n\t\t\t\t<div class=\"wpls-logo-cnt\">\n\t<div class=\"wpls-fix-box\">\n\t\t\t\t<a href=\"https:\/\/www.cel.gob.sv\/\" target=\"_blank\">\n\t\t\t<img decoding=\"async\" class=\"wp-post-image\"  src=\"https:\/\/pamec.energy\/wp-content\/uploads\/2022\/06\/cel-e1655326148749.jpg\" alt=\"\" \/>\n\t\t<\/a>\n\t\t\t<\/div>\n\t\t<div class=\"logo-title\">Comisi\u00f3n Ejecutiva Hidroel\u00e9ctrica Del R\u00edo Lempa (CEL)<\/div>\n\t<\/div><div class=\"wpls-logo-cnt\">\n\t<div class=\"wpls-fix-box\">\n\t\t\t\t<a href=\"https:\/\/www.worldbank.org\/en\/home\" target=\"_blank\">\n\t\t\t<img decoding=\"async\" class=\"wp-post-image\"  src=\"https:\/\/pamec.energy\/wp-content\/uploads\/2022\/06\/world-bank-group-logo-vector-2021-e1655300497532.png\" alt=\"\" \/>\n\t\t<\/a>\n\t\t\t<\/div>\n\t\t<div class=\"logo-title\">World Bank Group<\/div>\n\t<\/div><div class=\"wpls-logo-cnt\">\n\t<div class=\"wpls-fix-box\">\n\t\t\t\t<a href=\"https:\/\/inorean.org\/\" target=\"_blank\">\n\t\t\t<img decoding=\"async\" class=\"wp-post-image\"  src=\"https:\/\/pamec.energy\/wp-content\/uploads\/2022\/06\/inore-e1655207677334.png\" alt=\"\" \/>\n\t\t<\/a>\n\t\t\t<\/div>\n\t\t<div class=\"logo-title\">International Network on Offshore Renewable Energy (INORE)<\/div>\n\t<\/div><div class=\"wpls-logo-cnt\">\n\t<div class=\"wpls-fix-box\">\n\t\t\t\t<a href=\"https:\/\/www.frba.utn.edu.ar\/\" target=\"_blank\">\n\t\t\t<img decoding=\"async\" class=\"wp-post-image\"  src=\"https:\/\/pamec.energy\/wp-content\/uploads\/2022\/06\/logo-UTNBA-PNC-e1654699205990.png\" alt=\"\" \/>\n\t\t<\/a>\n\t\t\t<\/div>\n\t\t<div class=\"logo-title\">Universidad Tecnol\u00f3gica Nacional Facultad Regional Buenos Aires<\/div>\n\t<\/div><div class=\"wpls-logo-cnt\">\n\t<div class=\"wpls-fix-box\">\n\t\t\t\t<a href=\"https:\/\/www.fing.edu.uy\/imfia\/\" target=\"_blank\">\n\t\t\t<img decoding=\"async\" class=\"wp-post-image\"  src=\"https:\/\/pamec.energy\/wp-content\/uploads\/2022\/06\/imfia-e1654560858642.png\" alt=\"\" \/>\n\t\t<\/a>\n\t\t\t<\/div>\n\t\t<div class=\"logo-title\">Instituto de Mec\u00e1nica de los Fluidos e Ingenier\u00eda Ambiental<\/div>\n\t<\/div><div class=\"wpls-logo-cnt\">\n\t<div class=\"wpls-fix-box\">\n\t\t\t\t<a href=\"https:\/\/unicaribe.edu.do\/\" target=\"_blank\">\n\t\t\t<img decoding=\"async\" class=\"wp-post-image\"  src=\"https:\/\/pamec.energy\/wp-content\/uploads\/2022\/06\/hxp06gs0qdrrtnc4ijtk.webp\" alt=\"\" \/>\n\t\t<\/a>\n\t\t\t<\/div>\n\t\t<div class=\"logo-title\">Universidad del Caribe<\/div>\n\t<\/div><div class=\"wpls-logo-cnt\">\n\t<div class=\"wpls-fix-box\">\n\t\t\t\t<a href=\"http:\/\/rdgroups.ciemat.es\/web\/usep\" target=\"_blank\">\n\t\t\t<img decoding=\"async\" class=\"wp-post-image\"  src=\"https:\/\/pamec.energy\/wp-content\/uploads\/2022\/06\/download-e1654215439908.png\" alt=\"\" \/>\n\t\t<\/a>\n\t\t\t<\/div>\n\t\t<div class=\"logo-title\">USEP &#8211; Unit of Electric Power Systems, CIEMAT<\/div>\n\t<\/div><div class=\"wpls-logo-cnt\">\n\t<div class=\"wpls-fix-box\">\n\t\t\t\t<a href=\"http:\/\/www2.iingen.unam.mx\/es-mx\/SitiosWeb\/Laboratorios\/LIPC\/Paginas\/default.aspx\" target=\"_blank\">\n\t\t\t<img decoding=\"async\" class=\"wp-post-image\"  src=\"https:\/\/pamec.energy\/wp-content\/uploads\/2022\/06\/cropped-LOGO_LIPC-e1654214835680.png\" alt=\"\" \/>\n\t\t<\/a>\n\t\t\t<\/div>\n\t\t<div class=\"logo-title\">Laboratory of Engineering and Coastal Processes (LIPC-II-UNAM)<\/div>\n\t<\/div><div class=\"wpls-logo-cnt\">\n\t<div class=\"wpls-fix-box\">\n\t\t\t\t<a href=\"https:\/\/www.sepi.esiqie.ipn.mx\/\" target=\"_blank\">\n\t\t\t<img decoding=\"async\" class=\"wp-post-image\"  src=\"https:\/\/pamec.energy\/wp-content\/uploads\/2022\/06\/Instituto-Politecnico-Nacional-IPN-logo--e1654111838177.png\" alt=\"\" \/>\n\t\t<\/a>\n\t\t\t<\/div>\n\t\t<div class=\"logo-title\">Instituto Polit\u00e9cnico Nacional<\/div>\n\t<\/div><div class=\"wpls-logo-cnt\">\n\t<div class=\"wpls-fix-box\">\n\t\t\t\t<a href=\"https:\/\/unidad.gdl.cinvestav.mx\/\" target=\"_blank\">\n\t\t\t<img decoding=\"async\" class=\"wp-post-image\"  src=\"https:\/\/pamec.energy\/wp-content\/uploads\/2022\/06\/Cinevestav-logo-e1654216815441.jpg\" alt=\"\" \/>\n\t\t<\/a>\n\t\t\t<\/div>\n\t\t<div class=\"logo-title\">Centro de Investigaci\u00f3n y de Estudios Avanzados del Instituto Polit\u00e9cnico Nacional<\/div>\n\t<\/div><div class=\"wpls-logo-cnt\">\n\t<div class=\"wpls-fix-box\">\n\t\t\t\t<a href=\"https:\/\/www.grupoice.com\/\" target=\"_blank\">\n\t\t\t<img decoding=\"async\" class=\"wp-post-image\"  src=\"https:\/\/pamec.energy\/wp-content\/uploads\/2021\/03\/0-Grupo-ICE-e1702946392732.png\" alt=\"\" \/>\n\t\t<\/a>\n\t\t\t<\/div>\n\t\t<div class=\"logo-title\">Grupo ICE<\/div>\n\t<\/div><div class=\"wpls-logo-cnt\">\n\t<div class=\"wpls-fix-box\">\n\t\t\t\t<a href=\"https:\/\/www.ucol.mx\/\" target=\"_blank\">\n\t\t\t<img decoding=\"async\" class=\"wp-post-image\"  src=\"https:\/\/pamec.energy\/wp-content\/uploads\/2022\/06\/universidad-de-colima-logo-DB0A71E499-seeklogo.com_-e1654101203834.png\" alt=\"\" \/>\n\t\t<\/a>\n\t\t\t<\/div>\n\t\t<div class=\"logo-title\">Universidad de Colima<\/div>\n\t<\/div><div class=\"wpls-logo-cnt\">\n\t<div class=\"wpls-fix-box\">\n\t\t\t\t<a href=\"https:\/\/www.iastate.edu\/\" target=\"_blank\">\n\t\t\t<img decoding=\"async\" class=\"wp-post-image\"  src=\"https:\/\/pamec.energy\/wp-content\/uploads\/2022\/06\/ISU-e1654094379599.jpg\" alt=\"\" \/>\n\t\t<\/a>\n\t\t\t<\/div>\n\t\t<div class=\"logo-title\">Iowa State University<\/div>\n\t<\/div><div class=\"wpls-logo-cnt\">\n\t<div class=\"wpls-fix-box\">\n\t\t\t\t<a href=\"http:\/\/www.iingen.unam.mx\/es-mx\/Paginas\/Splash\/Default.aspx\" target=\"_blank\">\n\t\t\t<img decoding=\"async\" class=\"wp-post-image\"  src=\"https:\/\/pamec.energy\/wp-content\/uploads\/2022\/06\/Instituto_de_Ingenier__a_Unam-logo-8D284E5178-seeklogo.com_-e1654093791135.png\" alt=\"\" \/>\n\t\t<\/a>\n\t\t\t<\/div>\n\t\t<div class=\"logo-title\">UNAM Instituto de Ingenier\u00eda<\/div>\n\t<\/div><div class=\"wpls-logo-cnt\">\n\t<div class=\"wpls-fix-box\">\n\t\t\t\t<a href=\"https:\/\/www.strath.ac.uk\/\" target=\"_blank\">\n\t\t\t<img decoding=\"async\" class=\"wp-post-image\"  src=\"https:\/\/pamec.energy\/wp-content\/uploads\/2022\/05\/engineering-crest-600x300-1-e1703251992658.jpg\" alt=\"\" \/>\n\t\t<\/a>\n\t\t\t<\/div>\n\t\t<div class=\"logo-title\">University of Strathclyde<\/div>\n\t<\/div><div class=\"wpls-logo-cnt\">\n\t<div class=\"wpls-fix-box\">\n\t\t\t\t<a href=\"http:\/\/www.poesenergy.org\/index.php\/en\/\" target=\"_blank\">\n\t\t\t<img decoding=\"async\" class=\"wp-post-image\"  src=\"https:\/\/pamec.energy\/wp-content\/uploads\/2022\/05\/POES-HD-e1654016805523.png\" alt=\"\" \/>\n\t\t<\/a>\n\t\t\t<\/div>\n\t\t<div class=\"logo-title\">Pan-Am\u00e9rica Ocean Energies (POES)<\/div>\n\t<\/div><div class=\"wpls-logo-cnt\">\n\t<div class=\"wpls-fix-box\">\n\t\t\t\t<a href=\"https:\/\/meric.cl\/en\/\" target=\"_blank\">\n\t\t\t<img decoding=\"async\" class=\"wp-post-image\"  src=\"https:\/\/pamec.energy\/wp-content\/uploads\/2021\/02\/MERIC-e1654016480306.png\" alt=\"\" \/>\n\t\t<\/a>\n\t\t\t<\/div>\n\t\t<div class=\"logo-title\">MERIC<\/div>\n\t<\/div><div class=\"wpls-logo-cnt\">\n\t<div class=\"wpls-fix-box\">\n\t\t\t\t<a href=\"https:\/\/marinerenewables.ca\/\" target=\"_blank\">\n\t\t\t<img decoding=\"async\" class=\"wp-post-image\"  src=\"https:\/\/pamec.energy\/wp-content\/uploads\/2021\/03\/0-MRC-e1654016377173.png\" alt=\"\" \/>\n\t\t<\/a>\n\t\t\t<\/div>\n\t\t<div class=\"logo-title\">Marine Renewables Canada<\/div>\n\t<\/div><div class=\"wpls-logo-cnt\">\n\t<div class=\"wpls-fix-box\">\n\t\t\t\t<a href=\"https:\/\/www.envigour.ca\/\" target=\"_blank\">\n\t\t\t<img decoding=\"async\" class=\"wp-post-image\"  src=\"https:\/\/pamec.energy\/wp-content\/uploads\/2022\/04\/envigour-1.jpg\" alt=\"\" \/>\n\t\t<\/a>\n\t\t\t<\/div>\n\t\t<div class=\"logo-title\">Envigour Policy Consulting<\/div>\n\t<\/div><div class=\"wpls-logo-cnt\">\n\t<div class=\"wpls-fix-box\">\n\t\t\t\t<a href=\"https:\/\/www.cicese.edu.mx\/welcome\/acerca\/\" target=\"_blank\">\n\t\t\t<img decoding=\"async\" class=\"wp-post-image\"  src=\"https:\/\/pamec.energy\/wp-content\/uploads\/2022\/04\/cicese-e1654004184789.jpg\" alt=\"\" \/>\n\t\t<\/a>\n\t\t\t<\/div>\n\t\t<div class=\"logo-title\">Centro de Investigaci\u00f3n Cient\u00edfica y de Educaci\u00f3n Superior de Ensenada, Baja California<\/div>\n\t<\/div><div class=\"wpls-logo-cnt\">\n\t<div class=\"wpls-fix-box\">\n\t\t\t\t<a href=\"https:\/\/www.uabc.mx\/\" target=\"_blank\">\n\t\t\t<img decoding=\"async\" class=\"wp-post-image\"  src=\"https:\/\/pamec.energy\/wp-content\/uploads\/2022\/04\/uabc-e1654004109728.jpg\" alt=\"\" \/>\n\t\t<\/a>\n\t\t\t<\/div>\n\t\t<div class=\"logo-title\">Universidad Aut\u00f3noma de Baja California<\/div>\n\t<\/div>\t\t\t<\/div>\n\t\t<\/div>\n\n\t\t\n<hr class=\"wp-block-separator has-alpha-channel-opacity\"\/>\n\t\t\t<h2>Workshop Sponsors &amp; Presenters<\/h2>\n\t\t\n\t\t<style>\n\t\t\t#wpls-logo-showcase-slider-4 .wpls-fix-box,\n\t\t\t#wpls-logo-showcase-slider-4 .wpls-fix-box img.wp-post-image{max-height:250px; }\n\t\t<\/style>\n\n\t\t<div class=\"wpls-wrap wpls-logo-showcase-slider-wrp wpls-logo-clearfix wpls-design-1 \" data-conf=\"{&quot;slides_column&quot;:4,&quot;slides_scroll&quot;:1,&quot;dots&quot;:&quot;true&quot;,&quot;arrows&quot;:&quot;true&quot;,&quot;autoplay&quot;:&quot;true&quot;,&quot;autoplay_interval&quot;:3000,&quot;loop&quot;:&quot;true&quot;,&quot;rtl&quot;:&quot;false&quot;,&quot;speed&quot;:600,&quot;center_mode&quot;:&quot;false&quot;,&quot;lazyload&quot;:&quot;&quot;}\">\n\t\t\t<div class=\"wpls-logo-showcase logo_showcase wpls-logo-slider  sliderimage_hide_border \" id=\"wpls-logo-showcase-slider-4\" >\n\t\t\t\t<div class=\"wpls-logo-cnt\">\n\t<div class=\"wpls-fix-box\">\n\t\t\t\t<a href=\"https:\/\/www.energy.gov\/eere\/office-energy-efficiency-renewable-energy\" target=\"_blank\">\n\t\t\t<img decoding=\"async\" class=\"wp-post-image\"  src=\"https:\/\/pamec.energy\/wp-content\/uploads\/2023\/11\/DOE.png\" alt=\"\" \/>\n\t\t<\/a>\n\t\t\t<\/div>\n\t\t<div class=\"logo-title\">US Department of Energy- Office of ENERGY EFFICIENCY &#038; RENEWABLE ENERGY<\/div>\n\t<\/div><div class=\"wpls-logo-cnt\">\n\t<div class=\"wpls-fix-box\">\n\t\t\t\t<a href=\"https:\/\/www.ocean-energy-systems.org\/\" target=\"_blank\">\n\t\t\t<img decoding=\"async\" class=\"wp-post-image\"  src=\"https:\/\/pamec.energy\/wp-content\/uploads\/2023\/11\/OES-e1705430614314.png\" alt=\"\" \/>\n\t\t<\/a>\n\t\t\t<\/div>\n\t\t<div class=\"logo-title\">Ocean Energy Systems<\/div>\n\t<\/div><div class=\"wpls-logo-cnt\">\n\t<div class=\"wpls-fix-box\">\n\t\t\t\t<a href=\"https:\/\/www.cyted.org\/remar\" target=\"_blank\">\n\t\t\t<img decoding=\"async\" class=\"wp-post-image\"  src=\"https:\/\/pamec.energy\/wp-content\/uploads\/2023\/10\/LOGO_ORIGINAL_OP3.jpg\" alt=\"\" \/>\n\t\t<\/a>\n\t\t\t<\/div>\n\t\t<div class=\"logo-title\">REMAR<\/div>\n\t<\/div><div class=\"wpls-logo-cnt\">\n\t<div class=\"wpls-fix-box\">\n\t\t\t\t<a href=\"https:\/\/www.cyted.org\/remar\" target=\"_blank\">\n\t\t\t<img decoding=\"async\" class=\"wp-post-image\"  src=\"https:\/\/pamec.energy\/wp-content\/uploads\/2023\/10\/2021_CYTED-2.png\" alt=\"\" \/>\n\t\t<\/a>\n\t\t\t<\/div>\n\t\t<div class=\"logo-title\">CYTED REMAR NETWORK<\/div>\n\t<\/div><div class=\"wpls-logo-cnt\">\n\t<div class=\"wpls-fix-box\">\n\t\t\t\t<a href=\"https:\/\/www.nrel.gov\/\" target=\"_blank\">\n\t\t\t<img decoding=\"async\" class=\"wp-post-image\"  src=\"https:\/\/pamec.energy\/wp-content\/uploads\/2021\/02\/NREL-e1654084337400.png\" alt=\"\" \/>\n\t\t<\/a>\n\t\t\t<\/div>\n\t\t<div class=\"logo-title\">National Renewable Energy Laboratory (NREL)<\/div>\n\t<\/div><div class=\"wpls-logo-cnt\">\n\t<div class=\"wpls-fix-box\">\n\t\t\t\t<a href=\"https:\/\/www.pnnl.gov\/\" target=\"_blank\">\n\t\t\t<img decoding=\"async\" class=\"wp-post-image\"  src=\"https:\/\/pamec.energy\/wp-content\/uploads\/2021\/02\/Pacific-Northwest-e1654007574301.png\" alt=\"\" \/>\n\t\t<\/a>\n\t\t\t<\/div>\n\t\t<div class=\"logo-title\">Pacific Northwest National Laboratory<\/div>\n\t<\/div><div class=\"wpls-logo-cnt\">\n\t<div class=\"wpls-fix-box\">\n\t\t\t\t<a href=\"https:\/\/www.sandia.gov\/\" target=\"_blank\">\n\t\t\t<img decoding=\"async\" class=\"wp-post-image\"  src=\"https:\/\/pamec.energy\/wp-content\/uploads\/2021\/02\/Sandia-e1654007404257.png\" alt=\"\" \/>\n\t\t<\/a>\n\t\t\t<\/div>\n\t\t<div class=\"logo-title\">Sandia National Laboratories<\/div>\n\t<\/div><div class=\"wpls-logo-cnt\">\n\t<div class=\"wpls-fix-box\">\n\t\t\t\t<a href=\"https:\/\/fundyforce.ca\/\" target=\"_blank\">\n\t\t\t<img decoding=\"async\" class=\"wp-post-image\"  src=\"https:\/\/pamec.energy\/wp-content\/uploads\/2022\/05\/ForceLogo_CMYK_Print-FullCol-Hor-CROPPED.png\" alt=\"\" \/>\n\t\t<\/a>\n\t\t\t<\/div>\n\t\t<div class=\"logo-title\">Fundy Ocean Research Centre for Energy<\/div>\n\t<\/div>\t\t\t<\/div>\n\t\t<\/div>\n\n\t\t","protected":false},"excerpt":{"rendered":"","protected":false},"author":3,"featured_media":0,"parent":2577,"menu_order":0,"comment_status":"closed","ping_status":"closed","template":"","meta":{"generate_page_header":"","footnotes":""},"class_list":["post-2768","page","type-page","status-publish"],"_links":{"self":[{"href":"https:\/\/pamec.energy\/es\/wp-json\/wp\/v2\/pages\/2768","targetHints":{"allow":["GET"]}}],"collection":[{"href":"https:\/\/pamec.energy\/es\/wp-json\/wp\/v2\/pages"}],"about":[{"href":"https:\/\/pamec.energy\/es\/wp-json\/wp\/v2\/types\/page"}],"author":[{"embeddable":true,"href":"https:\/\/pamec.energy\/es\/wp-json\/wp\/v2\/users\/3"}],"replies":[{"embeddable":true,"href":"https:\/\/pamec.energy\/es\/wp-json\/wp\/v2\/comments?post=2768"}],"version-history":[{"count":18,"href":"https:\/\/pamec.energy\/es\/wp-json\/wp\/v2\/pages\/2768\/revisions"}],"predecessor-version":[{"id":3665,"href":"https:\/\/pamec.energy\/es\/wp-json\/wp\/v2\/pages\/2768\/revisions\/3665"}],"up":[{"embeddable":true,"href":"https:\/\/pamec.energy\/es\/wp-json\/wp\/v2\/pages\/2577"}],"wp:attachment":[{"href":"https:\/\/pamec.energy\/es\/wp-json\/wp\/v2\/media?parent=2768"}],"curies":[{"name":"wp","href":"https:\/\/api.w.org\/{rel}","templated":true}]}}