{"id":3107,"date":"2022-04-27T13:50:16","date_gmt":"2022-04-27T16:50:16","guid":{"rendered":"https:\/\/pamec.energy\/acerca-de-pamec\/estructura-organizacional\/junta-directiva\/francisco-javier-ocampo-torres\/"},"modified":"2022-04-27T13:50:17","modified_gmt":"2022-04-27T16:50:17","slug":"francisco-javier-ocampo-torres","status":"publish","type":"page","link":"https:\/\/pamec.energy\/es\/acerca-de-pamec\/estructura-organizacional\/junta-directiva\/francisco-javier-ocampo-torres\/","title":{"rendered":"Francisco Javier OCAMPO-TORRES"},"content":{"rendered":"\n<h1 class=\"wp-block-heading\">Junta Directiva<\/h1>\n\n\n\n<div class=\"wp-block-media-text alignwide is-stacked-on-mobile\" style=\"grid-template-columns:34% auto\"><figure class=\"wp-block-media-text__media\"><img fetchpriority=\"high\" decoding=\"async\" width=\"250\" height=\"250\" src=\"https:\/\/pamec.energy\/wp-content\/uploads\/2022\/04\/ocampo.jpg\" alt=\"\" class=\"wp-image-3104 size-full\" srcset=\"https:\/\/pamec.energy\/wp-content\/uploads\/2022\/04\/ocampo.jpg 250w, https:\/\/pamec.energy\/wp-content\/uploads\/2022\/04\/ocampo-150x150.jpg 150w\" sizes=\"(max-width: 250px) 100vw, 250px\" \/><\/figure><div class=\"wp-block-media-text__content\">\n<h2 class=\"wp-block-heading\">Francisco Javier OCAMPO-TORRES<\/h2>\n\n\n\n<h2 class=\"wp-block-heading\">Presidente Comit\u00e9 Organizador PAMEC 2022<\/h2>\n\n\n\n<p><\/p>\n<\/div><\/div>\n\n\n\n<p>Ocean\u00f3grafo de la Escuela de Ciencias Marinas de la Universidad de Baja California (1980), MSc en Oceanograf\u00eda F\u00edsica del CICESE (1982) y PhD del Departamento de Oceanograf\u00eda de la Universidad de Southampton (1989), con m\u00e1s de 40 a\u00f1os de experiencia en estudios de oleaje en la superficie del oc\u00e9ano din\u00e1micas y procesos relacionados.<\/p>\n\n\n\n<p>Autor o coautor de m\u00e1s de 40 art\u00edculos cient\u00edficos publicados en revistas de revisi\u00f3n por pares, principalmente asociados con la din\u00e1mica y las aplicaciones de las olas de la superficie del oc\u00e9ano, la interacci\u00f3n aire-mar con \u00e9nfasis en el di\u00f3xido de carbono y la transferencia de momento entre el oc\u00e9ano y la atm\u00f3sfera.<\/p>\n\n\n\n<p>El inter\u00e9s de la investigaci\u00f3n est\u00e1 muy relacionado con realizar observaciones detalladas de las variables f\u00edsicas m\u00e1s relevantes asociadas con la din\u00e1mica de la superficie del mar, haciendo uso de modernos dispositivos que van desde ADCP y detectores de velocidad turbulenta, hasta c\u00e1maras \u00f3pticas y radares a bordo de sat\u00e9lites o aviones. , as\u00ed como desplegados a lo largo de la costa.<\/p>\n\n\n\n<p>M\u00e1s recientemente con gran inter\u00e9s en la energ\u00eda de las olas del mar y su potencial conversi\u00f3n a usos pr\u00e1cticos, ocup\u00e1ndose de la evaluaci\u00f3n de recursos y del desarrollo de experimentos en el laboratorio y en el mar, para avanzar en el dise\u00f1o y construcci\u00f3n de nuevos dispositivos para convertir la energ\u00eda de las olas del mar. Supervisor o co-supervisor de unos 30 estudiantes de posgrado (11 PhD y 21 MSc).<\/p>\n\n\n\n<p>Miembro activo del grupo WISE (Wind Waves in the Earth System) desde 1994, y de su Comit\u00e9 Cient\u00edfico desde 2014. Miembro de la Academia Mexicana de Ciencias desde 2000, y del Sistema Nacional de Investigadores de M\u00e9xico, en el Nivel 3 desde 2016. Miembro fundador de CEMIE-Oc\u00e9ano AC<\/p>\n","protected":false},"excerpt":{"rendered":"<p>Junta Directiva Francisco Javier OCAMPO-TORRES Presidente Comit\u00e9 Organizador PAMEC 2022 Ocean\u00f3grafo de la Escuela de Ciencias Marinas de la Universidad de Baja California (1980), MSc en Oceanograf\u00eda F\u00edsica del CICESE (1982) y PhD del Departamento de Oceanograf\u00eda de la Universidad de Southampton (1989), con m\u00e1s de 40 a\u00f1os de experiencia en estudios de oleaje en &#8230; <a title=\"Francisco Javier OCAMPO-TORRES\" class=\"read-more\" href=\"https:\/\/pamec.energy\/es\/acerca-de-pamec\/estructura-organizacional\/junta-directiva\/francisco-javier-ocampo-torres\/\" aria-label=\"Leer m\u00e1s sobre Francisco Javier OCAMPO-TORRES\">Leer m\u00e1s<\/a><\/p>\n","protected":false},"author":3,"featured_media":0,"parent":2185,"menu_order":0,"comment_status":"closed","ping_status":"closed","template":"","meta":{"generate_page_header":"","footnotes":""},"class_list":["post-3107","page","type-page","status-publish"],"_links":{"self":[{"href":"https:\/\/pamec.energy\/es\/wp-json\/wp\/v2\/pages\/3107","targetHints":{"allow":["GET"]}}],"collection":[{"href":"https:\/\/pamec.energy\/es\/wp-json\/wp\/v2\/pages"}],"about":[{"href":"https:\/\/pamec.energy\/es\/wp-json\/wp\/v2\/types\/page"}],"author":[{"embeddable":true,"href":"https:\/\/pamec.energy\/es\/wp-json\/wp\/v2\/users\/3"}],"replies":[{"embeddable":true,"href":"https:\/\/pamec.energy\/es\/wp-json\/wp\/v2\/comments?post=3107"}],"version-history":[{"count":1,"href":"https:\/\/pamec.energy\/es\/wp-json\/wp\/v2\/pages\/3107\/revisions"}],"predecessor-version":[{"id":3109,"href":"https:\/\/pamec.energy\/es\/wp-json\/wp\/v2\/pages\/3107\/revisions\/3109"}],"up":[{"embeddable":true,"href":"https:\/\/pamec.energy\/es\/wp-json\/wp\/v2\/pages\/2185"}],"wp:attachment":[{"href":"https:\/\/pamec.energy\/es\/wp-json\/wp\/v2\/media?parent=3107"}],"curies":[{"name":"wp","href":"https:\/\/api.w.org\/{rel}","templated":true}]}}