{"id":4007,"date":"2022-07-19T08:52:01","date_gmt":"2022-07-19T11:52:01","guid":{"rendered":"https:\/\/pamec.energy\/acerca-de-pamec\/estructura-organizacional\/junta-directiva\/oscar-alvarez\/"},"modified":"2022-07-19T08:54:14","modified_gmt":"2022-07-19T11:54:14","slug":"oscar-alvarez","status":"publish","type":"page","link":"https:\/\/pamec.energy\/es\/acerca-de-pamec\/estructura-organizacional\/junta-directiva\/oscar-alvarez\/","title":{"rendered":"Oscar \u00c1lvarez"},"content":{"rendered":"\n<h1 class=\"wp-block-heading\">CONSEJO DE ADMINISTRACI\u00d3N<\/h1>\n\n<div class=\"wp-block-media-text is-stacked-on-mobile is-vertically-aligned-center\" style=\"grid-template-columns:34% auto\"><figure class=\"wp-block-media-text__media\"><img decoding=\"async\" src=\"https:\/\/pamec.energy\/wp-content\/uploads\/2022\/07\/oscar-e1658231367548-250x246.jpg\" alt=\"\" class=\"wp-image-1585 size-full\"\/><\/figure><div class=\"wp-block-media-text__content\">\n<div style=\"height:5px\" aria-hidden=\"true\" class=\"wp-block-spacer\"><\/div>\n\n\n\n<h2 class=\"wp-block-heading\">Oscar \u00c1lvarez<\/h2>\n\n\n\n<h3 class=\"wp-block-heading\">Presidente del Comit\u00e9 Organizador de PAMEC 2024<\/h3>\n\n\n\n<p><a href=\"mailto:oalvarezs@uninorte.edu.co\">oalvarezs@uninorte.edu.co<\/a><\/p>\n<\/div><\/div>\n\n<div class=\"wp-block-columns is-layout-flex wp-container-core-columns-is-layout-9d6595d7 wp-block-columns-is-layout-flex\">\n<div class=\"wp-block-column is-layout-flow wp-block-column-is-layout-flow\" style=\"flex-basis:100%\">\n<p>Oscar \u00c1lvarez es Ingeniero Civil, M.Eng. en Recursos H\u00eddricos, y doctorado en Ciencias Marinas. Actualmente es profesor asociado de oceanograf\u00eda f\u00edsica costera en el Departamento de F\u00edsica y Geociencias de la Universidad del Norte en Barranquilla, Colombia. Oscar es investigador principal del sistema nacional de ciencia, tecnolog\u00eda e innovaci\u00f3n de Colombia.  <\/p>\n\n\n\n<p>Su principal campo de trabajo es el an\u00e1lisis de los recursos, la viabilidad de la implantaci\u00f3n y los posibles impactos ambientales de las energ\u00edas marinas, con especial atenci\u00f3n a la energ\u00eda de gradiente de salinidad. Tambi\u00e9n investiga sobre la hidrodin\u00e1mica de los estuarios a partir de datos de campo y de la modelizaci\u00f3n. El delta del r\u00edo Magdalena, que desemboca en el mar Caribe en Barranquilla, ha sido el laboratorio m\u00e1s importante para que su grupo de investigaci\u00f3n se acerque a los procesos estuarinos.<\/p>\n<\/div>\n<\/div>\n","protected":false},"excerpt":{"rendered":"<p>CONSEJO DE ADMINISTRACI\u00d3N Oscar \u00c1lvarez es Ingeniero Civil, M.Eng. en Recursos H\u00eddricos, y doctorado en Ciencias Marinas. Actualmente es profesor asociado de oceanograf\u00eda f\u00edsica costera en el Departamento de F\u00edsica y Geociencias de la Universidad del Norte en Barranquilla, Colombia. Oscar es investigador principal del sistema nacional de ciencia, tecnolog\u00eda e innovaci\u00f3n de Colombia. Su &#8230; <a title=\"Oscar \u00c1lvarez\" class=\"read-more\" href=\"https:\/\/pamec.energy\/es\/acerca-de-pamec\/estructura-organizacional\/junta-directiva\/oscar-alvarez\/\" aria-label=\"Leer m\u00e1s sobre Oscar \u00c1lvarez\">Leer m\u00e1s<\/a><\/p>\n","protected":false},"author":3,"featured_media":0,"parent":2185,"menu_order":0,"comment_status":"closed","ping_status":"closed","template":"","meta":{"generate_page_header":"","footnotes":""},"class_list":["post-4007","page","type-page","status-publish"],"_links":{"self":[{"href":"https:\/\/pamec.energy\/es\/wp-json\/wp\/v2\/pages\/4007","targetHints":{"allow":["GET"]}}],"collection":[{"href":"https:\/\/pamec.energy\/es\/wp-json\/wp\/v2\/pages"}],"about":[{"href":"https:\/\/pamec.energy\/es\/wp-json\/wp\/v2\/types\/page"}],"author":[{"embeddable":true,"href":"https:\/\/pamec.energy\/es\/wp-json\/wp\/v2\/users\/3"}],"replies":[{"embeddable":true,"href":"https:\/\/pamec.energy\/es\/wp-json\/wp\/v2\/comments?post=4007"}],"version-history":[{"count":6,"href":"https:\/\/pamec.energy\/es\/wp-json\/wp\/v2\/pages\/4007\/revisions"}],"predecessor-version":[{"id":4014,"href":"https:\/\/pamec.energy\/es\/wp-json\/wp\/v2\/pages\/4007\/revisions\/4014"}],"up":[{"embeddable":true,"href":"https:\/\/pamec.energy\/es\/wp-json\/wp\/v2\/pages\/2185"}],"wp:attachment":[{"href":"https:\/\/pamec.energy\/es\/wp-json\/wp\/v2\/media?parent=4007"}],"curies":[{"name":"wp","href":"https:\/\/api.w.org\/{rel}","templated":true}]}}