{"id":4028,"date":"2022-07-19T09:00:14","date_gmt":"2022-07-19T12:00:14","guid":{"rendered":"https:\/\/pamec.energy\/acerca-de-pamec\/estructura-organizacional\/junta-directiva\/nathalie-almonacid\/"},"modified":"2022-07-19T13:33:57","modified_gmt":"2022-07-19T16:33:57","slug":"nathalie-almonacid","status":"publish","type":"page","link":"https:\/\/pamec.energy\/es\/acerca-de-pamec\/estructura-organizacional\/junta-directiva\/nathalie-almonacid\/","title":{"rendered":"Nathalie Almonacid"},"content":{"rendered":"\n<h1 class=\"wp-block-heading\">CONSEJO DE ADMINISTRACI\u00d3N<\/h1>\n\n<div class=\"wp-block-media-text is-stacked-on-mobile is-vertically-aligned-center\" style=\"grid-template-columns:34% auto\"><figure class=\"wp-block-media-text__media\"><img fetchpriority=\"high\" decoding=\"async\" width=\"1024\" height=\"1024\" src=\"https:\/\/pamec.energy\/wp-content\/uploads\/2022\/07\/NA_MG_6326-Editar-1024x1024.jpg\" alt=\"\" class=\"wp-image-4051 size-full\" srcset=\"https:\/\/pamec.energy\/wp-content\/uploads\/2022\/07\/NA_MG_6326-Editar-1024x1024.jpg 1024w, https:\/\/pamec.energy\/wp-content\/uploads\/2022\/07\/NA_MG_6326-Editar-250x250.jpg 250w, https:\/\/pamec.energy\/wp-content\/uploads\/2022\/07\/NA_MG_6326-Editar-150x150.jpg 150w, https:\/\/pamec.energy\/wp-content\/uploads\/2022\/07\/NA_MG_6326-Editar-768x768.jpg 768w, https:\/\/pamec.energy\/wp-content\/uploads\/2022\/07\/NA_MG_6326-Editar-1536x1536.jpg 1536w, https:\/\/pamec.energy\/wp-content\/uploads\/2022\/07\/NA_MG_6326-Editar-2048x2048.jpg 2048w\" sizes=\"(max-width: 1024px) 100vw, 1024px\" \/><\/figure><div class=\"wp-block-media-text__content\">\n<div style=\"height:5px\" aria-hidden=\"true\" class=\"wp-block-spacer\"><\/div>\n\n\n\n<h2 class=\"wp-block-heading\">Nathalie Almonacid<\/h2>\n\n\n\n<h3 class=\"wp-block-heading\">Director<\/h3>\n\n\n\n<p><a href=\"mailto:nathalie.almonacid@meric.cl\">nathalie.almonacid@meric.cl<\/a><\/p>\n<\/div><\/div>\n\n<div class=\"wp-block-columns is-layout-flex wp-container-core-columns-is-layout-9d6595d7 wp-block-columns-is-layout-flex\">\n<div class=\"wp-block-column is-layout-flow wp-block-column-is-layout-flow\" style=\"flex-basis:100%\">\n<p>Nathalie es una profesional de la geof\u00edsica de Chile con una maestr\u00eda en energ\u00eda y sostenibilidad. Tiene experiencia en la aplicaci\u00f3n de proyectos de energ\u00edas renovables en Chile y el Reino Unido. Desde 2016, Nathalie trabaja en MERIC (Marine Energy Research and Innovation Center) como coordinadora de I+D, promoviendo la transferencia de conocimiento y la vinculaci\u00f3n entre las l\u00edneas de investigaci\u00f3n del centro, con expertos internacionales y nacionales, de la industria, la academia y las entidades p\u00fablicas. Nathalie ha desarrollado una plataforma tecnol\u00f3gica EMMAP, Energy Marine Map, para la selecci\u00f3n de sitios potenciales en torno a un desarrollo de proyectos de energ\u00eda marina y offshore en Chile.<\/p>\n<\/div>\n<\/div>\n","protected":false},"excerpt":{"rendered":"<p>CONSEJO DE ADMINISTRACI\u00d3N Nathalie es una profesional de la geof\u00edsica de Chile con una maestr\u00eda en energ\u00eda y sostenibilidad. Tiene experiencia en la aplicaci\u00f3n de proyectos de energ\u00edas renovables en Chile y el Reino Unido. Desde 2016, Nathalie trabaja en MERIC (Marine Energy Research and Innovation Center) como coordinadora de I+D, promoviendo la transferencia de &#8230; <a title=\"Nathalie Almonacid\" class=\"read-more\" href=\"https:\/\/pamec.energy\/es\/acerca-de-pamec\/estructura-organizacional\/junta-directiva\/nathalie-almonacid\/\" aria-label=\"Leer m\u00e1s sobre Nathalie Almonacid\">Leer m\u00e1s<\/a><\/p>\n","protected":false},"author":3,"featured_media":0,"parent":2185,"menu_order":0,"comment_status":"closed","ping_status":"closed","template":"","meta":{"generate_page_header":"","footnotes":""},"class_list":["post-4028","page","type-page","status-publish"],"_links":{"self":[{"href":"https:\/\/pamec.energy\/es\/wp-json\/wp\/v2\/pages\/4028","targetHints":{"allow":["GET"]}}],"collection":[{"href":"https:\/\/pamec.energy\/es\/wp-json\/wp\/v2\/pages"}],"about":[{"href":"https:\/\/pamec.energy\/es\/wp-json\/wp\/v2\/types\/page"}],"author":[{"embeddable":true,"href":"https:\/\/pamec.energy\/es\/wp-json\/wp\/v2\/users\/3"}],"replies":[{"embeddable":true,"href":"https:\/\/pamec.energy\/es\/wp-json\/wp\/v2\/comments?post=4028"}],"version-history":[{"count":9,"href":"https:\/\/pamec.energy\/es\/wp-json\/wp\/v2\/pages\/4028\/revisions"}],"predecessor-version":[{"id":4053,"href":"https:\/\/pamec.energy\/es\/wp-json\/wp\/v2\/pages\/4028\/revisions\/4053"}],"up":[{"embeddable":true,"href":"https:\/\/pamec.energy\/es\/wp-json\/wp\/v2\/pages\/2185"}],"wp:attachment":[{"href":"https:\/\/pamec.energy\/es\/wp-json\/wp\/v2\/media?parent=4028"}],"curies":[{"name":"wp","href":"https:\/\/api.w.org\/{rel}","templated":true}]}}