{"id":4098,"date":"2022-07-20T08:35:51","date_gmt":"2022-07-20T11:35:51","guid":{"rendered":"https:\/\/pamec.energy\/milad-shadman\/"},"modified":"2025-11-07T02:24:50","modified_gmt":"2025-11-07T06:24:50","slug":"milad-shadman","status":"publish","type":"page","link":"https:\/\/pamec.energy\/es\/milad-shadman\/","title":{"rendered":"MILAD SHADMAN"},"content":{"rendered":"\n<h1 class=\"wp-block-heading\">Junta Directiva<\/h1>\n\n<div class=\"wp-block-media-text alignwide is-stacked-on-mobile\" style=\"grid-template-columns:34% auto\"><figure class=\"wp-block-media-text__media\"><img fetchpriority=\"high\" decoding=\"async\" width=\"1024\" height=\"929\" src=\"https:\/\/pamec.energy\/wp-content\/uploads\/2022\/07\/Milad-1024x929.jpg\" alt=\"\" class=\"wp-image-4104 size-full\"\/><\/figure><div class=\"wp-block-media-text__content\">\n<h2 class=\"wp-block-heading\">Milad Shadman<\/h2>\n\n\n\n<h2 class=\"wp-block-heading\">Director<\/h2>\n\n\n\n<p>m<a href=\"mailto:milad.shadman@lts.coppe.ufrj.br\">ilad.shadman@lts.coppe.ufrj.br<\/a><\/p>\n\n\n\n<p>\u00a0<\/p>\n<\/div><\/div>\n\n<p>Profesor Adjunto del Departamento de Ingenier\u00eda Oce\u00e1nica de la Universidad Federal de R\u00edo de Janeiro (UFRJ) &#8211; COPPE. Miembro del Grupo de Energ\u00edas Renovables Offshore (GERO) de la UFRJ y del Comit\u00e9 T\u00e9cnico de Energ\u00eda E\u00f3lica y Marina Offshore de la Sociedad Brasile\u00f1a de Ingenier\u00eda Naval (SOBENA). Tiene un D.Sc. en Ingenier\u00eda Oce\u00e1nica de la UFRJ (2017). Durante su tesis doctoral trabaj\u00f3 en el control de los convertidores de energ\u00eda de las olas. Sus principales \u00e1reas de investigaci\u00f3n son el dise\u00f1o y el control de los convertidores de energ\u00eda de las olas, el an\u00e1lisis aero-hidr\u00e1ulico-estructural acoplado de las turbinas e\u00f3licas flotantes, la desalinizaci\u00f3n del agua por las olas y la evaluaci\u00f3n de los recursos renovables en alta mar.<\/p>\n","protected":false},"excerpt":{"rendered":"<p>Junta Directiva Milad Shadman Director milad.shadman@lts.coppe.ufrj.br \u00a0 Profesor Adjunto del Departamento de Ingenier\u00eda Oce\u00e1nica de la Universidad Federal de R\u00edo de Janeiro (UFRJ) &#8211; COPPE. Miembro del Grupo de Energ\u00edas Renovables Offshore (GERO) de la UFRJ y del Comit\u00e9 T\u00e9cnico de Energ\u00eda E\u00f3lica y Marina Offshore de la Sociedad Brasile\u00f1a de Ingenier\u00eda Naval (SOBENA). Tiene &#8230; <a title=\"MILAD SHADMAN\" class=\"read-more\" href=\"https:\/\/pamec.energy\/es\/milad-shadman\/\" aria-label=\"Leer m\u00e1s sobre MILAD SHADMAN\">Leer m\u00e1s<\/a><\/p>\n","protected":false},"author":3,"featured_media":0,"parent":0,"menu_order":0,"comment_status":"closed","ping_status":"closed","template":"","meta":{"generate_page_header":"","footnotes":""},"class_list":["post-4098","page","type-page","status-publish"],"_links":{"self":[{"href":"https:\/\/pamec.energy\/es\/wp-json\/wp\/v2\/pages\/4098","targetHints":{"allow":["GET"]}}],"collection":[{"href":"https:\/\/pamec.energy\/es\/wp-json\/wp\/v2\/pages"}],"about":[{"href":"https:\/\/pamec.energy\/es\/wp-json\/wp\/v2\/types\/page"}],"author":[{"embeddable":true,"href":"https:\/\/pamec.energy\/es\/wp-json\/wp\/v2\/users\/3"}],"replies":[{"embeddable":true,"href":"https:\/\/pamec.energy\/es\/wp-json\/wp\/v2\/comments?post=4098"}],"version-history":[{"count":6,"href":"https:\/\/pamec.energy\/es\/wp-json\/wp\/v2\/pages\/4098\/revisions"}],"predecessor-version":[{"id":9159,"href":"https:\/\/pamec.energy\/es\/wp-json\/wp\/v2\/pages\/4098\/revisions\/9159"}],"wp:attachment":[{"href":"https:\/\/pamec.energy\/es\/wp-json\/wp\/v2\/media?parent=4098"}],"curies":[{"name":"wp","href":"https:\/\/api.w.org\/{rel}","templated":true}]}}