{"id":4203,"date":"2022-12-05T10:08:53","date_gmt":"2022-12-05T14:08:53","guid":{"rendered":"https:\/\/pamec.energy\/eventos\/pamec-2024-barranquilla-colombia\/talleres-previos-a-la-conferencia\/"},"modified":"2023-11-09T11:17:03","modified_gmt":"2023-11-09T15:17:03","slug":"talleres-previos-a-la-conferencia","status":"publish","type":"page","link":"https:\/\/pamec.energy\/es\/eventos\/pamec-2024-barranquilla-colombia\/talleres-previos-a-la-conferencia\/","title":{"rendered":"Talleres previos a la conferencia"},"content":{"rendered":"\t\t<div data-elementor-type=\"wp-page\" data-elementor-id=\"4203\" class=\"elementor elementor-4203 elementor-4201\">\n\t\t\t\t<div class=\"elementor-element elementor-element-a861f05 e-flex e-con-boxed e-con e-parent\" data-id=\"a861f05\" data-element_type=\"container\" data-e-type=\"container\">\n\t\t\t\t\t<div class=\"e-con-inner\">\n\t\t\t\t<div class=\"elementor-element elementor-element-b0f5f24 elementor-widget elementor-widget-image\" data-id=\"b0f5f24\" data-element_type=\"widget\" data-e-type=\"widget\" data-widget_type=\"image.default\">\n\t\t\t\t<div class=\"elementor-widget-container\">\n\t\t\t\t\t\t\t\t\t\t\t\t\t\t\t<img fetchpriority=\"high\" decoding=\"async\" width=\"2000\" height=\"600\" src=\"https:\/\/pamec.energy\/wp-content\/uploads\/2023\/10\/Header-3.png\" class=\"attachment-full size-full wp-image-6294\" alt=\"\" srcset=\"https:\/\/pamec.energy\/wp-content\/uploads\/2023\/10\/Header-3.png 2000w, https:\/\/pamec.energy\/wp-content\/uploads\/2023\/10\/Header-3-250x75.png 250w, https:\/\/pamec.energy\/wp-content\/uploads\/2023\/10\/Header-3-1024x307.png 1024w, https:\/\/pamec.energy\/wp-content\/uploads\/2023\/10\/Header-3-768x230.png 768w, https:\/\/pamec.energy\/wp-content\/uploads\/2023\/10\/Header-3-1536x461.png 1536w\" sizes=\"(max-width: 2000px) 100vw, 2000px\" \/>\t\t\t\t\t\t\t\t\t\t\t\t\t\t\t<\/div>\n\t\t\t\t<\/div>\n\t\t\t\t\t<\/div>\n\t\t\t\t<\/div>\n\t\t\t\t<section class=\"elementor-section elementor-top-section elementor-element elementor-element-ef5665d elementor-section-content-top elementor-section-stretched elementor-section-boxed elementor-section-height-default elementor-section-height-default elementor-invisible\" data-id=\"ef5665d\" data-element_type=\"section\" data-e-type=\"section\" data-settings=\"{&quot;stretch_section&quot;:&quot;section-stretched&quot;,&quot;background_background&quot;:&quot;slideshow&quot;,&quot;background_slideshow_gallery&quot;:[{&quot;id&quot;:6303,&quot;url&quot;:&quot;https:\\\/\\\/pamec.energy\\\/wp-content\\\/uploads\\\/2023\\\/10\\\/1.png&quot;}],&quot;background_slideshow_slide_duration&quot;:8000,&quot;background_slideshow_transition_duration&quot;:2000,&quot;animation&quot;:&quot;fadeIn&quot;,&quot;animation_delay&quot;:3,&quot;background_slideshow_slide_transition&quot;:&quot;fade&quot;}\">\n\t\t\t\t\t\t<div class=\"elementor-container elementor-column-gap-wide\">\n\t\t\t\t\t<div class=\"elementor-column elementor-col-50 elementor-top-column elementor-element elementor-element-2894e2f\" data-id=\"2894e2f\" data-element_type=\"column\" data-e-type=\"column\" data-settings=\"{&quot;background_background&quot;:&quot;classic&quot;}\">\n\t\t\t<div class=\"elementor-widget-wrap elementor-element-populated\">\n\t\t\t\t\t<div class=\"elementor-background-overlay\"><\/div>\n\t\t\t\t<div class=\"elementor-element elementor-element-ad382ee e-flex e-con-boxed e-con e-parent\" data-id=\"ad382ee\" data-element_type=\"container\" data-e-type=\"container\">\n\t\t\t\t\t<div class=\"e-con-inner\">\n\t\t<div class=\"elementor-element elementor-element-ab2b2da e-con-full e-flex e-con e-child\" data-id=\"ab2b2da\" data-element_type=\"container\" data-e-type=\"container\">\n\t\t\t\t<div class=\"elementor-element elementor-element-06e763b elementor-widget elementor-widget-text-editor\" data-id=\"06e763b\" data-element_type=\"widget\" data-e-type=\"widget\" data-widget_type=\"text-editor.default\">\n\t\t\t\t<div class=\"elementor-widget-container\">\n\t\t\t\t\t\t\t\t\t<h2>Talleres previos a la conferencia<\/h2>\n<p>Adem\u00e1s del programa de la Conferencia PAMEC 2024, del 22 al 24 de enero, PAMEC, en colaboraci\u00f3n con socios clave, organiza varios talleres previos a la conferencia, los d\u00edas 19 y 20 de enero. La asistencia es gratuita para todos los delegados.<\/p>\n<p>Para m\u00e1s informaci\u00f3n sobre los talleres, consulte el <a href=\"https:\/\/pamec.energy\/es\/eventos\/pamec-2024-barranquilla-colombia\/programa-de-la-conferencia\/\">programa de la conferencia<\/a>.<\/p>\n<p>Los talleres de PAMEC 2024 incluyen:<\/p>\n<div id=\"nf-field-249-container\" class=\"nf-field-container checkbox-container label-right \">\n<div class=\"nf-field\">\n<div id=\"nf-field-249-wrap\" class=\"field-wrap checkbox-wrap\" data-field-id=\"249\">\n<ol>\n<li class=\"nf-field-label\"><label id=\"nf-label-field-249\" class=\"\" for=\"nf-field-249\">WEC-SIM (Wave Energy Converter SIMulator), el viernes 19 de enero, de 9.00 a 13.00 horas, organizado por Sandia National Laboratories.<\/label><\/li>\n<li>Conversi\u00f3n de energ\u00eda t\u00e9rmica oce\u00e1nica (OTEC), viernes 19 de enero, de 14.00 a 17.00 horas, en el Laboratorio Nacional del Noroeste del Pac\u00edfico.<\/li>\n<li>Tecnolog\u00edas y pol\u00edticas de apoyo a la integraci\u00f3n de las energ\u00edas renovables marinas en la red, s\u00e1bado 20 de enero, de 9.00 a 12.00 horas, organizado por REMAR\/CYTED.<\/li>\n<li>Taller sobre intercambio internacional de datos para las energ\u00edas marinas renovables (PRIMRE), s\u00e1bado 20 de enero, de 9.00 a 11.00 horas, organizado por el Laboratorio Nacional del Noroeste del Pac\u00edfico (PNNL).<\/li>\n<li>Mesa redonda sobre carreras profesionales en el sector de la energ\u00eda marina, s\u00e1bado 20 de enero, de 11.00 a 13.00 horas, organizada por el Laboratorio Nacional de Energ\u00edas Renovables (NREL).<\/li>\n<li>Supervisi\u00f3n de las interacciones entre los animales marinos y los dispositivos de ERM, s\u00e1bado 20 de enero, de 14.00 a 17.00 horas, organizado por el Centro de Investigaci\u00f3n Oce\u00e1nica de Fundy para la Energ\u00eda (FORCE).<\/li>\n<\/ol>\n<\/div>\n<\/div>\n<\/div>\n<p><a href=\"https:\/\/pamec.energy\/es\/pamec-2022\/talleres-previos-a-la-conferencia\/\" target=\"_blank\" rel=\"noopener\">Talleres anteriores<\/a> tambi\u00e9n han incluido una sesi\u00f3n de centros internacionales de investigaci\u00f3n y ensayo con la participaci\u00f3n del Fundy Ocean Research Centre for Energy-FORCE (Canad\u00e1), el European Marine Energy Centre-EMEC (Reino Unido), el Marine Energy Research and Innovation Centre-MERIC (Chile), el Pacific Northwest National Labs (EE.UU.), la Universidad Nacional Aut\u00f3noma de M\u00e9xico (M\u00e9xico), la Universidad Nacional de Colombia y el Dutch Marine Energy Center.<\/p>\n\t\t\t\t\t\t\t\t<\/div>\n\t\t\t\t<\/div>\n\t\t\t\t<\/div>\n\t\t\t\t\t<\/div>\n\t\t\t\t<\/div>\n\t\t\t\t\t<\/div>\n\t\t<\/div>\n\t\t\t\t<div class=\"elementor-column elementor-col-50 elementor-top-column elementor-element elementor-element-ee8093e\" data-id=\"ee8093e\" data-element_type=\"column\" data-e-type=\"column\">\n\t\t\t<div class=\"elementor-widget-wrap elementor-element-populated\">\n\t\t\t\t\t\t<div class=\"elementor-element elementor-element-f805b17 elementor-widget__width-initial elementor-widget elementor-widget-text-editor\" data-id=\"f805b17\" data-element_type=\"widget\" data-e-type=\"widget\" data-widget_type=\"text-editor.default\">\n\t\t\t\t<div class=\"elementor-widget-container\">\n\t\t\t\t\t\t\t\t\t\t\t\t<h2>Workshop Hosts<\/h2>\n\t\t\n\t\t<style>\n\t\t\t#wpls-logo-showcase-slider-1 .wpls-fix-box,\n\t\t\t#wpls-logo-showcase-slider-1 .wpls-fix-box img.wp-post-image{max-height:250px; }\n\t\t<\/style>\n\n\t\t<div class=\"wpls-wrap wpls-logo-showcase-slider-wrp wpls-logo-clearfix wpls-design-1 \" data-conf=\"{&quot;slides_column&quot;:&quot;1&quot;,&quot;slides_scroll&quot;:1,&quot;dots&quot;:&quot;true&quot;,&quot;arrows&quot;:&quot;true&quot;,&quot;autoplay&quot;:&quot;true&quot;,&quot;autoplay_interval&quot;:3000,&quot;loop&quot;:&quot;true&quot;,&quot;rtl&quot;:&quot;false&quot;,&quot;speed&quot;:800,&quot;center_mode&quot;:&quot;true&quot;,&quot;lazyload&quot;:&quot;&quot;}\">\n\t\t\t<div class=\"wpls-logo-showcase logo_showcase wpls-logo-slider wpls-center sliderimage_hide_border \" id=\"wpls-logo-showcase-slider-1\" >\n\t\t\t\t<div class=\"wpls-logo-cnt\">\n\t<div class=\"wpls-fix-box\">\n\t\t\t\t<a href=\"https:\/\/fundyforce.ca\/\" target=\"_self\">\n\t\t\t<img decoding=\"async\" class=\"wp-post-image\"  src=\"https:\/\/pamec.energy\/wp-content\/uploads\/2022\/05\/ForceLogo_CMYK_Print-FullCol-Hor-CROPPED.png\" alt=\"\" \/>\n\t\t<\/a>\n\t\t\t<\/div>\n\t<\/div><div class=\"wpls-logo-cnt\">\n\t<div class=\"wpls-fix-box\">\n\t\t\t\t<a href=\"https:\/\/www.sandia.gov\/\" target=\"_self\">\n\t\t\t<img decoding=\"async\" class=\"wp-post-image\"  src=\"https:\/\/pamec.energy\/wp-content\/uploads\/2021\/02\/Sandia-e1654007404257.png\" alt=\"\" \/>\n\t\t<\/a>\n\t\t\t<\/div>\n\t<\/div><div class=\"wpls-logo-cnt\">\n\t<div class=\"wpls-fix-box\">\n\t\t\t\t<a href=\"https:\/\/www.pnnl.gov\/\" target=\"_self\">\n\t\t\t<img decoding=\"async\" class=\"wp-post-image\"  src=\"https:\/\/pamec.energy\/wp-content\/uploads\/2021\/02\/Pacific-Northwest-e1654007574301.png\" alt=\"\" \/>\n\t\t<\/a>\n\t\t\t<\/div>\n\t<\/div><div class=\"wpls-logo-cnt\">\n\t<div class=\"wpls-fix-box\">\n\t\t\t\t<a href=\"https:\/\/www.nrel.gov\/\" target=\"_self\">\n\t\t\t<img decoding=\"async\" class=\"wp-post-image\"  src=\"https:\/\/pamec.energy\/wp-content\/uploads\/2021\/02\/NREL-e1654084337400.png\" alt=\"\" \/>\n\t\t<\/a>\n\t\t\t<\/div>\n\t<\/div><div class=\"wpls-logo-cnt\">\n\t<div class=\"wpls-fix-box\">\n\t\t\t\t<a href=\"https:\/\/www.cyted.org\/remar\" target=\"_self\">\n\t\t\t<img decoding=\"async\" class=\"wp-post-image\"  src=\"https:\/\/pamec.energy\/wp-content\/uploads\/2023\/10\/2021_CYTED-2.png\" alt=\"\" \/>\n\t\t<\/a>\n\t\t\t<\/div>\n\t<\/div><div class=\"wpls-logo-cnt\">\n\t<div class=\"wpls-fix-box\">\n\t\t\t\t<a href=\"https:\/\/www.cyted.org\/remar\" target=\"_self\">\n\t\t\t<img decoding=\"async\" class=\"wp-post-image\"  src=\"https:\/\/pamec.energy\/wp-content\/uploads\/2023\/10\/LOGO_ORIGINAL_OP3.jpg\" alt=\"\" \/>\n\t\t<\/a>\n\t\t\t<\/div>\n\t<\/div><div class=\"wpls-logo-cnt\">\n\t<div class=\"wpls-fix-box\">\n\t\t\t\t<a href=\"https:\/\/www.ocean-energy-systems.org\/\" target=\"_self\">\n\t\t\t<img decoding=\"async\" class=\"wp-post-image\"  src=\"https:\/\/pamec.energy\/wp-content\/uploads\/2023\/11\/OES-e1705430614314.png\" alt=\"\" \/>\n\t\t<\/a>\n\t\t\t<\/div>\n\t<\/div><div class=\"wpls-logo-cnt\">\n\t<div class=\"wpls-fix-box\">\n\t\t\t\t<a href=\"https:\/\/www.energy.gov\/eere\/office-energy-efficiency-renewable-energy\" target=\"_self\">\n\t\t\t<img decoding=\"async\" class=\"wp-post-image\"  src=\"https:\/\/pamec.energy\/wp-content\/uploads\/2023\/11\/DOE.png\" alt=\"\" \/>\n\t\t<\/a>\n\t\t\t<\/div>\n\t<\/div>\t\t\t<\/div>\n\t\t<\/div>\n\n\t\t\n<\/p>\n\t\t\t<h2>Sponsors<\/h2>\n\t\t\n\t\t<style>\n\t\t\t#wpls-logo-showcase-slider-2 .wpls-fix-box,\n\t\t\t#wpls-logo-showcase-slider-2 .wpls-fix-box img.wp-post-image{max-height:250px; }\n\t\t<\/style>\n\n\t\t<div class=\"wpls-wrap wpls-logo-showcase-slider-wrp wpls-logo-clearfix wpls-design-1 \" data-conf=\"{&quot;slides_column&quot;:&quot;1&quot;,&quot;slides_scroll&quot;:1,&quot;dots&quot;:&quot;true&quot;,&quot;arrows&quot;:&quot;true&quot;,&quot;autoplay&quot;:&quot;true&quot;,&quot;autoplay_interval&quot;:3000,&quot;loop&quot;:&quot;true&quot;,&quot;rtl&quot;:&quot;false&quot;,&quot;speed&quot;:800,&quot;center_mode&quot;:&quot;true&quot;,&quot;lazyload&quot;:&quot;&quot;}\">\n\t\t\t<div class=\"wpls-logo-showcase logo_showcase wpls-logo-slider wpls-center sliderimage_hide_border \" id=\"wpls-logo-showcase-slider-2\" >\n\t\t\t\t<div class=\"wpls-logo-cnt\">\n\t<div class=\"wpls-fix-box\">\n\t\t\t\t<a href=\"https:\/\/www.envigour.ca\/\" target=\"_self\">\n\t\t\t<img decoding=\"async\" class=\"wp-post-image\"  src=\"https:\/\/pamec.energy\/wp-content\/uploads\/2022\/04\/envigour-1.jpg\" alt=\"\" \/>\n\t\t<\/a>\n\t\t\t<\/div>\n\t<\/div><div class=\"wpls-logo-cnt\">\n\t<div class=\"wpls-fix-box\">\n\t\t\t\t<a href=\"https:\/\/www.shell.com\/energy-and-innovation.html\" target=\"_self\">\n\t\t\t<img decoding=\"async\" class=\"wp-post-image\"  src=\"https:\/\/pamec.energy\/wp-content\/uploads\/2023\/10\/ShellMRPLOgo-1.png\" alt=\"\" \/>\n\t\t<\/a>\n\t\t\t<\/div>\n\t<\/div><div class=\"wpls-logo-cnt\">\n\t<div class=\"wpls-fix-box\">\n\t\t\t\t<a href=\"https:\/\/trajects.org\/\" target=\"_self\">\n\t\t\t<img decoding=\"async\" class=\"wp-post-image\"  src=\"https:\/\/pamec.energy\/wp-content\/uploads\/2023\/12\/trajects.png\" alt=\"\" \/>\n\t\t<\/a>\n\t\t\t<\/div>\n\t<\/div><div class=\"wpls-logo-cnt\">\n\t<div class=\"wpls-fix-box\">\n\t\t\t\t<a href=\"https:\/\/www.daad.co\/es\/\" target=\"_self\">\n\t\t\t<img decoding=\"async\" class=\"wp-post-image\"  src=\"https:\/\/pamec.energy\/wp-content\/uploads\/2023\/12\/daad.jpg\" alt=\"\" \/>\n\t\t<\/a>\n\t\t\t<\/div>\n\t<\/div><div class=\"wpls-logo-cnt\">\n\t<div class=\"wpls-fix-box\">\n\t\t\t\t<a href=\"https:\/\/oceanpowertechnologies.com\/\" target=\"_self\">\n\t\t\t<img decoding=\"async\" class=\"wp-post-image\"  src=\"https:\/\/pamec.energy\/wp-content\/uploads\/2023\/12\/opt0-e1702937977615.png\" alt=\"\" \/>\n\t\t<\/a>\n\t\t\t<\/div>\n\t<\/div><div class=\"wpls-logo-cnt\">\n\t<div class=\"wpls-fix-box\">\n\t\t\t\t<a href=\"https:\/\/axys.com\/\" target=\"_self\">\n\t\t\t<img decoding=\"async\" class=\"wp-post-image\"  src=\"https:\/\/pamec.energy\/wp-content\/uploads\/2023\/12\/axyx-e1702938533854.jpg\" alt=\"\" \/>\n\t\t<\/a>\n\t\t\t<\/div>\n\t<\/div>\t\t\t<\/div>\n\t\t<\/div>\n\n\t\t\n<\/p>\n\t\t\t<h2>Organizers<\/h2>\n\t\t\n\t\t<style>\n\t\t\t#wpls-logo-showcase-slider-3 .wpls-fix-box,\n\t\t\t#wpls-logo-showcase-slider-3 .wpls-fix-box img.wp-post-image{max-height:250px; }\n\t\t<\/style>\n\n\t\t<div class=\"wpls-wrap wpls-logo-showcase-slider-wrp wpls-logo-clearfix wpls-design-1 \" data-conf=\"{&quot;slides_column&quot;:&quot;1&quot;,&quot;slides_scroll&quot;:1,&quot;dots&quot;:&quot;true&quot;,&quot;arrows&quot;:&quot;true&quot;,&quot;autoplay&quot;:&quot;true&quot;,&quot;autoplay_interval&quot;:3000,&quot;loop&quot;:&quot;true&quot;,&quot;rtl&quot;:&quot;false&quot;,&quot;speed&quot;:800,&quot;center_mode&quot;:&quot;true&quot;,&quot;lazyload&quot;:&quot;&quot;}\">\n\t\t\t<div class=\"wpls-logo-showcase logo_showcase wpls-logo-slider wpls-center sliderimage_hide_border \" id=\"wpls-logo-showcase-slider-3\" >\n\t\t\t\t<div class=\"wpls-logo-cnt\">\n\t<div class=\"wpls-fix-box\">\n\t\t\t\t<a href=\"https:\/\/www.cemarin.org\" target=\"_self\">\n\t\t\t<img decoding=\"async\" class=\"wp-post-image\"  src=\"https:\/\/pamec.energy\/wp-content\/uploads\/2022\/05\/CFMarin-e1653577721665.png\" alt=\"\" \/>\n\t\t<\/a>\n\t\t\t<\/div>\n\t<\/div><div class=\"wpls-logo-cnt\">\n\t<div class=\"wpls-fix-box\">\n\t\t\t\t<a href=\"https:\/\/www.uninorte.edu.co\/\" target=\"_self\">\n\t\t\t<img decoding=\"async\" class=\"wp-post-image\"  src=\"https:\/\/pamec.energy\/wp-content\/uploads\/2022\/05\/Logo-Uninorte_hz-scaled-e1653578150108.jpg\" alt=\"\" \/>\n\t\t<\/a>\n\t\t\t<\/div>\n\t<\/div><div class=\"wpls-logo-cnt\">\n\t<div class=\"wpls-fix-box\">\n\t\t\t\t<a href=\"https:\/\/pamec.energy\/\" target=\"_self\">\n\t\t\t<img decoding=\"async\" class=\"wp-post-image\"  src=\"https:\/\/pamec.energy\/wp-content\/uploads\/2022\/04\/pamec-e1654012090643.jpg\" alt=\"\" \/>\n\t\t<\/a>\n\t\t\t<\/div>\n\t<\/div>\t\t\t<\/div>\n\t\t<\/div>\n\n\t\t\n<h4> <\/h4>\n<\/p>\n<hr>\n\t\t\t\t\t\t\t\t<\/div>\n\t\t\t\t<\/div>\n\t\t\t\t\t<\/div>\n\t\t<\/div>\n\t\t\t\t\t<\/div>\n\t\t<\/section>\n\t\t\t\t<\/div>\n\t\t","protected":false},"excerpt":{"rendered":"<p>Talleres previos a la conferencia Adem\u00e1s del programa de la Conferencia PAMEC 2024, del 22 al 24 de enero, PAMEC, en colaboraci\u00f3n con socios clave, organiza varios talleres previos a la conferencia, los d\u00edas 19 y 20 de enero. La asistencia es gratuita para todos los delegados. Para m\u00e1s informaci\u00f3n sobre los talleres, consulte el &#8230; <a title=\"PAMEC.energy Association\" class=\"read-more\" href=\"https:\/\/pamec.energy\/es\/logoshowcase\/pamec-energy-association\/\" aria-label=\"Leer m\u00e1s sobre PAMEC.energy Association\">Leer m\u00e1s<\/a><\/p>\n","protected":false},"author":3,"featured_media":0,"parent":4191,"menu_order":0,"comment_status":"closed","ping_status":"closed","template":"elementor_theme","meta":{"generate_page_header":"","footnotes":""},"class_list":["post-4203","page","type-page","status-publish","hentry"],"_links":{"self":[{"href":"https:\/\/pamec.energy\/es\/wp-json\/wp\/v2\/pages\/4203","targetHints":{"allow":["GET"]}}],"collection":[{"href":"https:\/\/pamec.energy\/es\/wp-json\/wp\/v2\/pages"}],"about":[{"href":"https:\/\/pamec.energy\/es\/wp-json\/wp\/v2\/types\/page"}],"author":[{"embeddable":true,"href":"https:\/\/pamec.energy\/es\/wp-json\/wp\/v2\/users\/3"}],"replies":[{"embeddable":true,"href":"https:\/\/pamec.energy\/es\/wp-json\/wp\/v2\/comments?post=4203"}],"version-history":[{"count":41,"href":"https:\/\/pamec.energy\/es\/wp-json\/wp\/v2\/pages\/4203\/revisions"}],"predecessor-version":[{"id":7144,"href":"https:\/\/pamec.energy\/es\/wp-json\/wp\/v2\/pages\/4203\/revisions\/7144"}],"up":[{"embeddable":true,"href":"https:\/\/pamec.energy\/es\/wp-json\/wp\/v2\/pages\/4191"}],"wp:attachment":[{"href":"https:\/\/pamec.energy\/es\/wp-json\/wp\/v2\/media?parent=4203"}],"curies":[{"name":"wp","href":"https:\/\/api.w.org\/{rel}","templated":true}]}}