{"id":4211,"date":"2022-12-05T10:10:18","date_gmt":"2022-12-05T14:10:18","guid":{"rendered":"https:\/\/pamec.energy\/eventos\/pamec-2024-barranquilla-colombia\/viajes-y-alojamiento\/"},"modified":"2023-11-21T06:17:49","modified_gmt":"2023-11-21T10:17:49","slug":"viajes-y-alojamiento","status":"publish","type":"page","link":"https:\/\/pamec.energy\/es\/eventos\/pamec-2024-barranquilla-colombia\/viajes-y-alojamiento\/","title":{"rendered":"Viajar"},"content":{"rendered":"\t\t<div data-elementor-type=\"wp-page\" data-elementor-id=\"4211\" class=\"elementor elementor-4211 elementor-4209\">\n\t\t\t\t\t\t<section class=\"elementor-section elementor-top-section elementor-element elementor-element-21292fa elementor-section-items-top elementor-section-content-top elementor-section-stretched elementor-section-height-full elementor-section-boxed elementor-section-height-default elementor-invisible\" data-id=\"21292fa\" data-element_type=\"section\" data-e-type=\"section\" data-settings=\"{&quot;stretch_section&quot;:&quot;section-stretched&quot;,&quot;background_background&quot;:&quot;slideshow&quot;,&quot;background_slideshow_gallery&quot;:[{&quot;id&quot;:6307,&quot;url&quot;:&quot;https:\\\/\\\/pamec.energy\\\/wp-content\\\/uploads\\\/2023\\\/10\\\/3.png&quot;}],&quot;background_slideshow_slide_duration&quot;:0,&quot;background_slideshow_transition_duration&quot;:0,&quot;animation&quot;:&quot;fadeIn&quot;,&quot;animation_delay&quot;:3,&quot;background_slideshow_slide_transition&quot;:&quot;fade&quot;}\">\n\t\t\t\t\t\t<div class=\"elementor-container elementor-column-gap-narrow\">\n\t\t\t\t\t<div class=\"elementor-column elementor-col-50 elementor-top-column elementor-element elementor-element-846a78d elementor-invisible\" data-id=\"846a78d\" data-element_type=\"column\" data-e-type=\"column\" data-settings=\"{&quot;background_background&quot;:&quot;classic&quot;,&quot;animation&quot;:&quot;fadeIn&quot;,&quot;animation_delay&quot;:1000}\">\n\t\t\t<div class=\"elementor-widget-wrap elementor-element-populated\">\n\t\t\t\t\t<div class=\"elementor-background-overlay\"><\/div>\n\t\t\t\t\t\t<div class=\"elementor-element elementor-element-973f9eb elementor-widget elementor-widget-image\" data-id=\"973f9eb\" data-element_type=\"widget\" data-e-type=\"widget\" data-widget_type=\"image.default\">\n\t\t\t\t<div class=\"elementor-widget-container\">\n\t\t\t\t\t\t\t\t\t\t\t\t\t\t\t<img fetchpriority=\"high\" decoding=\"async\" width=\"2000\" height=\"600\" src=\"https:\/\/pamec.energy\/wp-content\/uploads\/2023\/10\/Header-3.png\" class=\"attachment-full size-full wp-image-6294\" alt=\"\" srcset=\"https:\/\/pamec.energy\/wp-content\/uploads\/2023\/10\/Header-3.png 2000w, https:\/\/pamec.energy\/wp-content\/uploads\/2023\/10\/Header-3-250x75.png 250w, https:\/\/pamec.energy\/wp-content\/uploads\/2023\/10\/Header-3-1024x307.png 1024w, https:\/\/pamec.energy\/wp-content\/uploads\/2023\/10\/Header-3-768x230.png 768w, https:\/\/pamec.energy\/wp-content\/uploads\/2023\/10\/Header-3-1536x461.png 1536w\" sizes=\"(max-width: 2000px) 100vw, 2000px\" \/>\t\t\t\t\t\t\t\t\t\t\t\t\t\t\t<\/div>\n\t\t\t\t<\/div>\n\t\t<div class=\"elementor-element elementor-element-dc50864 e-con-full e-flex e-con e-parent\" data-id=\"dc50864\" data-element_type=\"container\" data-e-type=\"container\">\n\t\t<div class=\"elementor-element elementor-element-7aeee82 e-con-full e-flex e-con e-child\" data-id=\"7aeee82\" data-element_type=\"container\" data-e-type=\"container\">\n\t\t\t\t<div class=\"elementor-element elementor-element-0c53be8 elementor-widget elementor-widget-text-editor\" data-id=\"0c53be8\" data-element_type=\"widget\" data-e-type=\"widget\" data-widget_type=\"text-editor.default\">\n\t\t\t\t<div class=\"elementor-widget-container\">\n\t\t\t\t\t\t\t\t\t<h2>Viajar  <\/h2>\n<p>Barranquilla, tambi\u00e9n conocida como \u00abla Arenosa\u00bb y \u00abCurramba la Bella\u00bb, es una de las principales ciudades de Colombia, as\u00ed como un destino tur\u00edstico clave.<\/p>\n<p>El <strong>aeropuerto internacional Ernesto Cortissoz<\/strong> (BAQ) est\u00e1 al sur de la ciudad y tiene vuelos internacionales desde Miami, Quito, Ciudad de Panam\u00e1 y Curazao.<\/p>\n<p>La mayor\u00eda de los vuelos procedentes de Norteam\u00e9rica y Centroam\u00e9rica conectan a trav\u00e9s del <strong>Aeropuerto Internacional El Dorado <\/strong>(BOG), tambi\u00e9n conocido como <strong>Aeropuerto de Bogot\u00e1<\/strong>.<\/p>\n<p>Tambi\u00e9n hay vuelos estacionales a Barranquilla y a la cercana ciudad hist\u00f3rica de Cartagena. Mientras el transporte a\u00e9reo se recupera de las restricciones impuestas por el COVID, compruebe cuidadosamente los vuelos. Un buen recurso es Rome2Rio.com.<\/p>\n<p>Un taxi a la ciudad cuesta entre 3 y 5 USD, y el servicio de enlace, 15 USD. Para m\u00e1s informaci\u00f3n, consulte <a href=\"https:\/\/www.rome2rio.com\/s\/Barranquilla\/Barranquilla-Airport-BAQ\" target=\"_blank\" rel=\"noreferrer noopener\">https:\/\/www.rome2rio.com\/s\/Barranquilla\/Barranquilla-Airport-BAQ<\/a>.<\/p>\n<p><span style=\"color: #000000; font-family: Arial, sans-serif; font-size: xx-large;\"><b>Transporte local<\/b><\/span><\/p>\n<p>Los delegados a la conferencia dispondr\u00e1n diariamente de un servicio gratuito de transporte de ida y vuelta entre el hotel y la Universidad del Norte.<\/p>\n<p>La sede de la conferencia est\u00e1 en el <a href=\"https:\/\/www.uninorte.edu.co\/web\/campus-ciudad\/campus-ciudad\" target=\"_blank\" rel=\"noreferrer noopener\">campus<\/a> de la Universidad del Norte. La Universidad del Norte est\u00e1 situada en las afueras de la ciudad. Por lo tanto, si quiere llegar al campus puede hacerlo tomando uno de los servicios p\u00fablicos de autobuses y taxis. En la Universidad hay una parada de taxis. Si desea ir del hotel al campus se recomienda llamar a un taxi desde la recepci\u00f3n del hotel. A continuaci\u00f3n se detallan las tarifas habituales:<\/p>\n<p>-Desde la Universidad del Norte hasta el Hotel Barranquilla Plaza: la tarifa regular es de $12000 pesos (US$5.0 aprox.)<br \/>-Desde el Aeropuerto al Hotel Barranquilla Plaza: tarifa regular es de $35000 pesos (US$12.00 aprox)<br \/>-Desde el Aeropuerto a la Universidad del Norte: tarifa regular es de $30000 pesos (US$11.00 aprox)<br \/>-La tarifa m\u00ednima, como referencia en la ciudad: $6.000 pesos (US$ 2,5.00 aprox)<\/p>\n<p>Las tarifas pueden variar en funci\u00f3n de la distancia, el tiempo, etc.<\/p>\n<p>El servicio de autob\u00fas es p\u00fablico y se puede tomar desde la ciudad hasta la universidad y viceversa. La tarifa de este servicio es de 2.000 pesos (menos de un d\u00f3lar)<\/p>\n\t\t\t\t\t\t\t\t<\/div>\n\t\t\t\t<\/div>\n\t\t\t\t<\/div>\n\t\t\t\t<\/div>\n\t\t\t\t\t<\/div>\n\t\t<\/div>\n\t\t\t\t<div class=\"elementor-column elementor-col-50 elementor-top-column elementor-element elementor-element-7f06ce1\" data-id=\"7f06ce1\" data-element_type=\"column\" data-e-type=\"column\">\n\t\t\t<div class=\"elementor-widget-wrap elementor-element-populated\">\n\t\t\t\t\t\t<div class=\"elementor-element elementor-element-24a10bb elementor-widget__width-initial elementor-widget elementor-widget-text-editor\" data-id=\"24a10bb\" data-element_type=\"widget\" data-e-type=\"widget\" data-widget_type=\"text-editor.default\">\n\t\t\t\t<div class=\"elementor-widget-container\">\n\t\t\t\t\t\t\t\t\t<h4> <\/h4>\n<h4 class=\"elementor-image-box-title\" style=\"text-align: center;\"><strong>Patrocinadores<\/strong><\/h4>\n\n\t\t<style>\n\t\t\t#wpls-logo-showcase-slider-1 .wpls-fix-box,\n\t\t\t#wpls-logo-showcase-slider-1 .wpls-fix-box img.wp-post-image{max-height:250px; }\n\t\t<\/style>\n\n\t\t<div class=\"wpls-wrap wpls-logo-showcase-slider-wrp wpls-logo-clearfix wpls-design-1 \" data-conf=\"{&quot;slides_column&quot;:&quot;1&quot;,&quot;slides_scroll&quot;:1,&quot;dots&quot;:&quot;true&quot;,&quot;arrows&quot;:&quot;true&quot;,&quot;autoplay&quot;:&quot;true&quot;,&quot;autoplay_interval&quot;:3000,&quot;loop&quot;:&quot;true&quot;,&quot;rtl&quot;:&quot;false&quot;,&quot;speed&quot;:800,&quot;center_mode&quot;:&quot;true&quot;,&quot;lazyload&quot;:&quot;&quot;}\">\n\t\t\t<div class=\"wpls-logo-showcase logo_showcase wpls-logo-slider wpls-center sliderimage_hide_border \" id=\"wpls-logo-showcase-slider-1\" >\n\t\t\t\t<div class=\"wpls-logo-cnt\">\n\t<div class=\"wpls-fix-box\">\n\t\t\t\t<a href=\"https:\/\/www.envigour.ca\/\" target=\"_self\">\n\t\t\t<img decoding=\"async\" class=\"wp-post-image\"  src=\"https:\/\/pamec.energy\/wp-content\/uploads\/2022\/04\/envigour-1.jpg\" alt=\"\" \/>\n\t\t<\/a>\n\t\t\t<\/div>\n\t<\/div><div class=\"wpls-logo-cnt\">\n\t<div class=\"wpls-fix-box\">\n\t\t\t\t<a href=\"https:\/\/www.shell.com\/energy-and-innovation.html\" target=\"_self\">\n\t\t\t<img decoding=\"async\" class=\"wp-post-image\"  src=\"https:\/\/pamec.energy\/wp-content\/uploads\/2023\/10\/ShellMRPLOgo-1.png\" alt=\"\" \/>\n\t\t<\/a>\n\t\t\t<\/div>\n\t<\/div><div class=\"wpls-logo-cnt\">\n\t<div class=\"wpls-fix-box\">\n\t\t\t\t<a href=\"https:\/\/trajects.org\/\" target=\"_self\">\n\t\t\t<img decoding=\"async\" class=\"wp-post-image\"  src=\"https:\/\/pamec.energy\/wp-content\/uploads\/2023\/12\/trajects.png\" alt=\"\" \/>\n\t\t<\/a>\n\t\t\t<\/div>\n\t<\/div><div class=\"wpls-logo-cnt\">\n\t<div class=\"wpls-fix-box\">\n\t\t\t\t<a href=\"https:\/\/www.daad.co\/es\/\" target=\"_self\">\n\t\t\t<img decoding=\"async\" class=\"wp-post-image\"  src=\"https:\/\/pamec.energy\/wp-content\/uploads\/2023\/12\/daad.jpg\" alt=\"\" \/>\n\t\t<\/a>\n\t\t\t<\/div>\n\t<\/div><div class=\"wpls-logo-cnt\">\n\t<div class=\"wpls-fix-box\">\n\t\t\t\t<a href=\"https:\/\/oceanpowertechnologies.com\/\" target=\"_self\">\n\t\t\t<img decoding=\"async\" class=\"wp-post-image\"  src=\"https:\/\/pamec.energy\/wp-content\/uploads\/2023\/12\/opt0-e1702937977615.png\" alt=\"\" \/>\n\t\t<\/a>\n\t\t\t<\/div>\n\t<\/div><div class=\"wpls-logo-cnt\">\n\t<div class=\"wpls-fix-box\">\n\t\t\t\t<a href=\"https:\/\/axys.com\/\" target=\"_self\">\n\t\t\t<img decoding=\"async\" class=\"wp-post-image\"  src=\"https:\/\/pamec.energy\/wp-content\/uploads\/2023\/12\/axyx-e1702938533854.jpg\" alt=\"\" \/>\n\t\t<\/a>\n\t\t\t<\/div>\n\t<\/div>\t\t\t<\/div>\n\t\t<\/div>\n\n\t\t\n<h4> <\/h4>\n<h4 class=\"elementor-image-box-title\" style=\"text-align: center;\"><strong>Organizadores<\/strong><\/h4>\n\n\t\t<style>\n\t\t\t#wpls-logo-showcase-slider-2 .wpls-fix-box,\n\t\t\t#wpls-logo-showcase-slider-2 .wpls-fix-box img.wp-post-image{max-height:250px; }\n\t\t<\/style>\n\n\t\t<div class=\"wpls-wrap wpls-logo-showcase-slider-wrp wpls-logo-clearfix wpls-design-1 \" data-conf=\"{&quot;slides_column&quot;:&quot;1&quot;,&quot;slides_scroll&quot;:1,&quot;dots&quot;:&quot;true&quot;,&quot;arrows&quot;:&quot;true&quot;,&quot;autoplay&quot;:&quot;true&quot;,&quot;autoplay_interval&quot;:3000,&quot;loop&quot;:&quot;true&quot;,&quot;rtl&quot;:&quot;false&quot;,&quot;speed&quot;:800,&quot;center_mode&quot;:&quot;true&quot;,&quot;lazyload&quot;:&quot;&quot;}\">\n\t\t\t<div class=\"wpls-logo-showcase logo_showcase wpls-logo-slider wpls-center sliderimage_hide_border \" id=\"wpls-logo-showcase-slider-2\" >\n\t\t\t\t<div class=\"wpls-logo-cnt\">\n\t<div class=\"wpls-fix-box\">\n\t\t\t\t<a href=\"https:\/\/www.cemarin.org\" target=\"_self\">\n\t\t\t<img decoding=\"async\" class=\"wp-post-image\"  src=\"https:\/\/pamec.energy\/wp-content\/uploads\/2022\/05\/CFMarin-e1653577721665.png\" alt=\"\" \/>\n\t\t<\/a>\n\t\t\t<\/div>\n\t<\/div><div class=\"wpls-logo-cnt\">\n\t<div class=\"wpls-fix-box\">\n\t\t\t\t<a href=\"https:\/\/www.uninorte.edu.co\/\" target=\"_self\">\n\t\t\t<img decoding=\"async\" class=\"wp-post-image\"  src=\"https:\/\/pamec.energy\/wp-content\/uploads\/2022\/05\/Logo-Uninorte_hz-scaled-e1653578150108.jpg\" alt=\"\" \/>\n\t\t<\/a>\n\t\t\t<\/div>\n\t<\/div><div class=\"wpls-logo-cnt\">\n\t<div class=\"wpls-fix-box\">\n\t\t\t\t<a href=\"https:\/\/pamec.energy\/\" target=\"_self\">\n\t\t\t<img decoding=\"async\" class=\"wp-post-image\"  src=\"https:\/\/pamec.energy\/wp-content\/uploads\/2022\/04\/pamec-e1654012090643.jpg\" alt=\"\" \/>\n\t\t<\/a>\n\t\t\t<\/div>\n\t<\/div>\t\t\t<\/div>\n\t\t<\/div>\n\n\t\t\n<h4> <\/h4>\n<h4 class=\"elementor-image-box-title\" style=\"text-align: center;\"><strong>Anfitriones de los talleres<\/strong><\/h4>\n\n\t\t<style>\n\t\t\t#wpls-logo-showcase-slider-3 .wpls-fix-box,\n\t\t\t#wpls-logo-showcase-slider-3 .wpls-fix-box img.wp-post-image{max-height:250px; }\n\t\t<\/style>\n\n\t\t<div class=\"wpls-wrap wpls-logo-showcase-slider-wrp wpls-logo-clearfix wpls-design-1 \" data-conf=\"{&quot;slides_column&quot;:&quot;1&quot;,&quot;slides_scroll&quot;:1,&quot;dots&quot;:&quot;true&quot;,&quot;arrows&quot;:&quot;true&quot;,&quot;autoplay&quot;:&quot;true&quot;,&quot;autoplay_interval&quot;:3000,&quot;loop&quot;:&quot;true&quot;,&quot;rtl&quot;:&quot;false&quot;,&quot;speed&quot;:800,&quot;center_mode&quot;:&quot;true&quot;,&quot;lazyload&quot;:&quot;&quot;}\">\n\t\t\t<div class=\"wpls-logo-showcase logo_showcase wpls-logo-slider wpls-center sliderimage_hide_border \" id=\"wpls-logo-showcase-slider-3\" >\n\t\t\t\t<div class=\"wpls-logo-cnt\">\n\t<div class=\"wpls-fix-box\">\n\t\t\t\t<a href=\"https:\/\/fundyforce.ca\/\" target=\"_self\">\n\t\t\t<img decoding=\"async\" class=\"wp-post-image\"  src=\"https:\/\/pamec.energy\/wp-content\/uploads\/2022\/05\/ForceLogo_CMYK_Print-FullCol-Hor-CROPPED.png\" alt=\"\" \/>\n\t\t<\/a>\n\t\t\t<\/div>\n\t<\/div><div class=\"wpls-logo-cnt\">\n\t<div class=\"wpls-fix-box\">\n\t\t\t\t<a href=\"https:\/\/www.sandia.gov\/\" target=\"_self\">\n\t\t\t<img decoding=\"async\" class=\"wp-post-image\"  src=\"https:\/\/pamec.energy\/wp-content\/uploads\/2021\/02\/Sandia-e1654007404257.png\" alt=\"\" \/>\n\t\t<\/a>\n\t\t\t<\/div>\n\t<\/div><div class=\"wpls-logo-cnt\">\n\t<div class=\"wpls-fix-box\">\n\t\t\t\t<a href=\"https:\/\/www.pnnl.gov\/\" target=\"_self\">\n\t\t\t<img decoding=\"async\" class=\"wp-post-image\"  src=\"https:\/\/pamec.energy\/wp-content\/uploads\/2021\/02\/Pacific-Northwest-e1654007574301.png\" alt=\"\" \/>\n\t\t<\/a>\n\t\t\t<\/div>\n\t<\/div><div class=\"wpls-logo-cnt\">\n\t<div class=\"wpls-fix-box\">\n\t\t\t\t<a href=\"https:\/\/www.nrel.gov\/\" target=\"_self\">\n\t\t\t<img decoding=\"async\" class=\"wp-post-image\"  src=\"https:\/\/pamec.energy\/wp-content\/uploads\/2021\/02\/NREL-e1654084337400.png\" alt=\"\" \/>\n\t\t<\/a>\n\t\t\t<\/div>\n\t<\/div><div class=\"wpls-logo-cnt\">\n\t<div class=\"wpls-fix-box\">\n\t\t\t\t<a href=\"https:\/\/www.cyted.org\/remar\" target=\"_self\">\n\t\t\t<img decoding=\"async\" class=\"wp-post-image\"  src=\"https:\/\/pamec.energy\/wp-content\/uploads\/2023\/10\/2021_CYTED-2.png\" alt=\"\" \/>\n\t\t<\/a>\n\t\t\t<\/div>\n\t<\/div><div class=\"wpls-logo-cnt\">\n\t<div class=\"wpls-fix-box\">\n\t\t\t\t<a href=\"https:\/\/www.cyted.org\/remar\" target=\"_self\">\n\t\t\t<img decoding=\"async\" class=\"wp-post-image\"  src=\"https:\/\/pamec.energy\/wp-content\/uploads\/2023\/10\/LOGO_ORIGINAL_OP3.jpg\" alt=\"\" \/>\n\t\t<\/a>\n\t\t\t<\/div>\n\t<\/div><div class=\"wpls-logo-cnt\">\n\t<div class=\"wpls-fix-box\">\n\t\t\t\t<a href=\"https:\/\/www.ocean-energy-systems.org\/\" target=\"_self\">\n\t\t\t<img decoding=\"async\" class=\"wp-post-image\"  src=\"https:\/\/pamec.energy\/wp-content\/uploads\/2023\/11\/OES-e1705430614314.png\" alt=\"\" \/>\n\t\t<\/a>\n\t\t\t<\/div>\n\t<\/div><div class=\"wpls-logo-cnt\">\n\t<div class=\"wpls-fix-box\">\n\t\t\t\t<a href=\"https:\/\/www.energy.gov\/eere\/office-energy-efficiency-renewable-energy\" target=\"_self\">\n\t\t\t<img decoding=\"async\" class=\"wp-post-image\"  src=\"https:\/\/pamec.energy\/wp-content\/uploads\/2023\/11\/DOE.png\" alt=\"\" \/>\n\t\t<\/a>\n\t\t\t<\/div>\n\t<\/div>\t\t\t<\/div>\n\t\t<\/div>\n\n\t\t\n<\/p>\n<h4 class=\"elementor-image-box-title\" style=\"text-align: center;\"><strong>Presentadores<\/strong><\/h4>\n\n\t\t<style>\n\t\t\t#wpls-logo-showcase-slider-4 .wpls-fix-box,\n\t\t\t#wpls-logo-showcase-slider-4 .wpls-fix-box img.wp-post-image{max-height:250px; }\n\t\t<\/style>\n\n\t\t<div class=\"wpls-wrap wpls-logo-showcase-slider-wrp wpls-logo-clearfix wpls-design-1 \" data-conf=\"{&quot;slides_column&quot;:&quot;1&quot;,&quot;slides_scroll&quot;:1,&quot;dots&quot;:&quot;true&quot;,&quot;arrows&quot;:&quot;true&quot;,&quot;autoplay&quot;:&quot;true&quot;,&quot;autoplay_interval&quot;:3000,&quot;loop&quot;:&quot;true&quot;,&quot;rtl&quot;:&quot;false&quot;,&quot;speed&quot;:800,&quot;center_mode&quot;:&quot;true&quot;,&quot;lazyload&quot;:&quot;&quot;}\">\n\t\t\t<div class=\"wpls-logo-showcase logo_showcase wpls-logo-slider wpls-center sliderimage_hide_border \" id=\"wpls-logo-showcase-slider-4\" >\n\t\t\t\t<div class=\"wpls-logo-cnt\">\n\t<div class=\"wpls-fix-box\">\n\t\t\t\t<a href=\"https:\/\/www.uabc.mx\/\" target=\"_self\">\n\t\t\t<img decoding=\"async\" class=\"wp-post-image\"  src=\"https:\/\/pamec.energy\/wp-content\/uploads\/2022\/04\/uabc-e1654004109728.jpg\" alt=\"\" \/>\n\t\t<\/a>\n\t\t\t<\/div>\n\t<\/div><div class=\"wpls-logo-cnt\">\n\t<div class=\"wpls-fix-box\">\n\t\t\t\t<a href=\"https:\/\/cemieoceano.mx\/\" target=\"_self\">\n\t\t\t<img decoding=\"async\" class=\"wp-post-image\"  src=\"https:\/\/pamec.energy\/wp-content\/uploads\/2022\/05\/CO_400x400-e1653674530531.jpg\" alt=\"\" \/>\n\t\t<\/a>\n\t\t\t<\/div>\n\t<\/div><div class=\"wpls-logo-cnt\">\n\t<div class=\"wpls-fix-box\">\n\t\t\t\t<a href=\"https:\/\/www.envigour.ca\/\" target=\"_self\">\n\t\t\t<img decoding=\"async\" class=\"wp-post-image\"  src=\"https:\/\/pamec.energy\/wp-content\/uploads\/2022\/04\/envigour-1.jpg\" alt=\"\" \/>\n\t\t<\/a>\n\t\t\t<\/div>\n\t<\/div><div class=\"wpls-logo-cnt\">\n\t<div class=\"wpls-fix-box\">\n\t\t\t\t<a href=\"https:\/\/www.uninorte.edu.co\/\" target=\"_self\">\n\t\t\t<img decoding=\"async\" class=\"wp-post-image\"  src=\"https:\/\/pamec.energy\/wp-content\/uploads\/2022\/05\/Logo-Uninorte_hz-scaled-e1653578150108.jpg\" alt=\"\" \/>\n\t\t<\/a>\n\t\t\t<\/div>\n\t<\/div><div class=\"wpls-logo-cnt\">\n\t<div class=\"wpls-fix-box\">\n\t\t\t\t<a href=\"https:\/\/unal.edu.co\/\" target=\"_self\">\n\t\t\t<img decoding=\"async\" class=\"wp-post-image\"  src=\"https:\/\/pamec.energy\/wp-content\/uploads\/2022\/05\/Logo-UNAL-Colombia-e1653577979361.png\" alt=\"\" \/>\n\t\t<\/a>\n\t\t\t<\/div>\n\t<\/div><div class=\"wpls-logo-cnt\">\n\t<div class=\"wpls-fix-box\">\n\t\t\t\t<a href=\"https:\/\/fundyforce.ca\/\" target=\"_self\">\n\t\t\t<img decoding=\"async\" class=\"wp-post-image\"  src=\"https:\/\/pamec.energy\/wp-content\/uploads\/2022\/05\/ForceLogo_CMYK_Print-FullCol-Hor-CROPPED.png\" alt=\"\" \/>\n\t\t<\/a>\n\t\t\t<\/div>\n\t<\/div><div class=\"wpls-logo-cnt\">\n\t<div class=\"wpls-fix-box\">\n\t\t\t\t<a href=\"https:\/\/www.sandia.gov\/\" target=\"_self\">\n\t\t\t<img decoding=\"async\" class=\"wp-post-image\"  src=\"https:\/\/pamec.energy\/wp-content\/uploads\/2021\/02\/Sandia-e1654007404257.png\" alt=\"\" \/>\n\t\t<\/a>\n\t\t\t<\/div>\n\t<\/div><div class=\"wpls-logo-cnt\">\n\t<div class=\"wpls-fix-box\">\n\t\t\t\t<a href=\"https:\/\/www.pnnl.gov\/\" target=\"_self\">\n\t\t\t<img decoding=\"async\" class=\"wp-post-image\"  src=\"https:\/\/pamec.energy\/wp-content\/uploads\/2021\/02\/Pacific-Northwest-e1654007574301.png\" alt=\"\" \/>\n\t\t<\/a>\n\t\t\t<\/div>\n\t<\/div><div class=\"wpls-logo-cnt\">\n\t<div class=\"wpls-fix-box\">\n\t\t\t\t<a href=\"https:\/\/www.emec.org.uk\/\" target=\"_self\">\n\t\t\t<img decoding=\"async\" class=\"wp-post-image\"  src=\"https:\/\/pamec.energy\/wp-content\/uploads\/2022\/05\/EMEC-colour-PNG-new-e1654007763266.png\" alt=\"\" \/>\n\t\t<\/a>\n\t\t\t<\/div>\n\t<\/div><div class=\"wpls-logo-cnt\">\n\t<div class=\"wpls-fix-box\">\n\t\t\t\t<a href=\"https:\/\/meric.cl\/en\/\" target=\"_self\">\n\t\t\t<img decoding=\"async\" class=\"wp-post-image\"  src=\"https:\/\/pamec.energy\/wp-content\/uploads\/2021\/02\/MERIC-e1654016480306.png\" alt=\"\" \/>\n\t\t<\/a>\n\t\t\t<\/div>\n\t<\/div><div class=\"wpls-logo-cnt\">\n\t<div class=\"wpls-fix-box\">\n\t\t\t\t<a href=\"https:\/\/www.strath.ac.uk\/\" target=\"_self\">\n\t\t\t<img decoding=\"async\" class=\"wp-post-image\"  src=\"https:\/\/pamec.energy\/wp-content\/uploads\/2022\/05\/engineering-crest-600x300-1-e1703251992658.jpg\" alt=\"\" \/>\n\t\t<\/a>\n\t\t\t<\/div>\n\t<\/div><div class=\"wpls-logo-cnt\">\n\t<div class=\"wpls-fix-box\">\n\t\t\t\t<a href=\"https:\/\/www.nrel.gov\/\" target=\"_self\">\n\t\t\t<img decoding=\"async\" class=\"wp-post-image\"  src=\"https:\/\/pamec.energy\/wp-content\/uploads\/2021\/02\/NREL-e1654084337400.png\" alt=\"\" \/>\n\t\t<\/a>\n\t\t\t<\/div>\n\t<\/div><div class=\"wpls-logo-cnt\">\n\t<div class=\"wpls-fix-box\">\n\t\t\t\t<a href=\"https:\/\/www.iastate.edu\/\" target=\"_self\">\n\t\t\t<img decoding=\"async\" class=\"wp-post-image\"  src=\"https:\/\/pamec.energy\/wp-content\/uploads\/2022\/06\/ISU-e1654094379599.jpg\" alt=\"\" \/>\n\t\t<\/a>\n\t\t\t<\/div>\n\t<\/div><div class=\"wpls-logo-cnt\">\n\t<div class=\"wpls-fix-box\">\n\t\t\t\t<a href=\"https:\/\/www.grupoice.com\/\" target=\"_self\">\n\t\t\t<img decoding=\"async\" class=\"wp-post-image\"  src=\"https:\/\/pamec.energy\/wp-content\/uploads\/2021\/03\/0-Grupo-ICE-e1702946392732.png\" alt=\"\" \/>\n\t\t<\/a>\n\t\t\t<\/div>\n\t<\/div><div class=\"wpls-logo-cnt\">\n\t<div class=\"wpls-fix-box\">\n\t\t\t\t<a href=\"https:\/\/unicaribe.edu.do\/\" target=\"_self\">\n\t\t\t<img decoding=\"async\" class=\"wp-post-image\"  src=\"https:\/\/pamec.energy\/wp-content\/uploads\/2022\/06\/hxp06gs0qdrrtnc4ijtk.webp\" alt=\"\" \/>\n\t\t<\/a>\n\t\t\t<\/div>\n\t<\/div>\t\t\t<\/div>\n\t\t<\/div>\n\n\t\t\n<hr>\n\t\t\t\t\t\t\t\t<\/div>\n\t\t\t\t<\/div>\n\t\t\t\t\t<\/div>\n\t\t<\/div>\n\t\t\t\t\t<\/div>\n\t\t<\/section>\n\t\t\t\t<\/div>\n\t\t","protected":false},"excerpt":{"rendered":"<p>Viajar Barranquilla, tambi\u00e9n conocida como \u00abla Arenosa\u00bb y \u00abCurramba la Bella\u00bb, es una de las principales ciudades de Colombia, as\u00ed como un destino tur\u00edstico clave. El aeropuerto internacional Ernesto Cortissoz (BAQ) est\u00e1 al sur de la ciudad y tiene vuelos internacionales desde Miami, Quito, Ciudad de Panam\u00e1 y Curazao. La mayor\u00eda de los vuelos procedentes &#8230; <a title=\"Universidad del Caribe\" class=\"read-more\" href=\"https:\/\/pamec.energy\/es\/logoshowcase\/universidad-del-caribe\/\" aria-label=\"Leer m\u00e1s sobre Universidad del Caribe\">Leer m\u00e1s<\/a><\/p>\n","protected":false},"author":3,"featured_media":0,"parent":4191,"menu_order":0,"comment_status":"closed","ping_status":"closed","template":"","meta":{"generate_page_header":"","footnotes":""},"class_list":["post-4211","page","type-page","status-publish","hentry"],"_links":{"self":[{"href":"https:\/\/pamec.energy\/es\/wp-json\/wp\/v2\/pages\/4211","targetHints":{"allow":["GET"]}}],"collection":[{"href":"https:\/\/pamec.energy\/es\/wp-json\/wp\/v2\/pages"}],"about":[{"href":"https:\/\/pamec.energy\/es\/wp-json\/wp\/v2\/types\/page"}],"author":[{"embeddable":true,"href":"https:\/\/pamec.energy\/es\/wp-json\/wp\/v2\/users\/3"}],"replies":[{"embeddable":true,"href":"https:\/\/pamec.energy\/es\/wp-json\/wp\/v2\/comments?post=4211"}],"version-history":[{"count":35,"href":"https:\/\/pamec.energy\/es\/wp-json\/wp\/v2\/pages\/4211\/revisions"}],"predecessor-version":[{"id":7478,"href":"https:\/\/pamec.energy\/es\/wp-json\/wp\/v2\/pages\/4211\/revisions\/7478"}],"up":[{"embeddable":true,"href":"https:\/\/pamec.energy\/es\/wp-json\/wp\/v2\/pages\/4191"}],"wp:attachment":[{"href":"https:\/\/pamec.energy\/es\/wp-json\/wp\/v2\/media?parent=4211"}],"curies":[{"name":"wp","href":"https:\/\/api.w.org\/{rel}","templated":true}]}}