{"id":4511,"date":"2023-01-11T08:37:07","date_gmt":"2023-01-11T12:37:07","guid":{"rendered":"https:\/\/pamec.energy\/acerca-de-pamec\/estructura-organizacional\/junta-directiva\/dan-hasselman\/"},"modified":"2026-03-09T18:17:55","modified_gmt":"2026-03-09T21:17:55","slug":"dan-hasselman","status":"publish","type":"page","link":"https:\/\/pamec.energy\/es\/acerca-de-pamec\/estructura-organizacional\/junta-directiva\/dan-hasselman\/","title":{"rendered":"Dan Hasselman"},"content":{"rendered":"\n<h1 class=\"wp-block-heading\">CONSEJO DE ADMINISTRACI\u00d3N<\/h1>\n\n<div class=\"wp-block-media-text is-stacked-on-mobile is-vertically-aligned-center\" style=\"grid-template-columns:34% auto\"><figure class=\"wp-block-media-text__media\"><img fetchpriority=\"high\" decoding=\"async\" width=\"1000\" height=\"957\" src=\"https:\/\/pamec.energy\/wp-content\/uploads\/2026\/03\/dhasselman.jpg\" alt=\"\" class=\"wp-image-9600 size-thumbnail\" srcset=\"https:\/\/pamec.energy\/wp-content\/uploads\/2026\/03\/dhasselman.jpg 1000w, https:\/\/pamec.energy\/wp-content\/uploads\/2026\/03\/dhasselman-250x239.jpg 250w, https:\/\/pamec.energy\/wp-content\/uploads\/2026\/03\/dhasselman-768x735.jpg 768w\" sizes=\"(max-width: 1000px) 100vw, 1000px\" \/><\/figure><div class=\"wp-block-media-text__content\">\n<div style=\"height:5px\" aria-hidden=\"true\" class=\"wp-block-spacer\"><\/div>\n\n\n\n<h2 class=\"wp-block-heading\">Dan Hasselman<\/h2>\n\n\n\n<h3 class=\"wp-block-heading\">Representante de Canad\u00e1<\/h3>\n\n\n\n<p><a href=\"mailto:danhasselman@aquaveritas.ca\">danhasselman@aquaveritas.ca<\/a><\/p>\n<\/div><\/div>\n\n<div class=\"wp-block-columns is-layout-flex wp-container-core-columns-is-layout-9d6595d7 wp-block-columns-is-layout-flex\">\n<div class=\"wp-block-column is-layout-flow wp-block-column-is-layout-flow\" style=\"flex-basis:100%\">\n<p>Daniel Hasselman es Fundador y Director de AquaVeritas Research, donde se especializa en planificaci\u00f3n estrat\u00e9gica y ofrece su experiencia en la evaluaci\u00f3n del impacto de las actividades humanas en los ecosistemas acu\u00e1ticos y marinos, centr\u00e1ndose en el desarrollo sostenible de los recursos energ\u00e9ticos marinos renovables en Canad\u00e1. Dan es Doctor en Biolog\u00eda por la Universidad Dalhousie y ha trabajado como Investigador Asociado tanto en la Universidad de Washington como en la Universidad de California, Santa Cruz. Dan cuenta con m\u00e1s de dos d\u00e9cadas de experiencia en colaboraci\u00f3n con la comunidad investigadora internacional, forjando alianzas con organizaciones ind\u00edgenas y colaborando estrechamente con organismos gubernamentales y reguladores tanto en Canad\u00e1 como en Estados Unidos.  <\/p>\n<\/div>\n<\/div>\n","protected":false},"excerpt":{"rendered":"<p>CONSEJO DE ADMINISTRACI\u00d3N Daniel Hasselman es Fundador y Director de AquaVeritas Research, donde se especializa en planificaci\u00f3n estrat\u00e9gica y ofrece su experiencia en la evaluaci\u00f3n del impacto de las actividades humanas en los ecosistemas acu\u00e1ticos y marinos, centr\u00e1ndose en el desarrollo sostenible de los recursos energ\u00e9ticos marinos renovables en Canad\u00e1. Dan es Doctor en Biolog\u00eda &#8230; <a title=\"Dan Hasselman\" class=\"read-more\" href=\"https:\/\/pamec.energy\/es\/acerca-de-pamec\/estructura-organizacional\/junta-directiva\/dan-hasselman\/\" aria-label=\"Leer m\u00e1s sobre Dan Hasselman\">Leer m\u00e1s<\/a><\/p>\n","protected":false},"author":3,"featured_media":0,"parent":2185,"menu_order":0,"comment_status":"closed","ping_status":"closed","template":"","meta":{"generate_page_header":"","footnotes":""},"class_list":["post-4511","page","type-page","status-publish"],"_links":{"self":[{"href":"https:\/\/pamec.energy\/es\/wp-json\/wp\/v2\/pages\/4511","targetHints":{"allow":["GET"]}}],"collection":[{"href":"https:\/\/pamec.energy\/es\/wp-json\/wp\/v2\/pages"}],"about":[{"href":"https:\/\/pamec.energy\/es\/wp-json\/wp\/v2\/types\/page"}],"author":[{"embeddable":true,"href":"https:\/\/pamec.energy\/es\/wp-json\/wp\/v2\/users\/3"}],"replies":[{"embeddable":true,"href":"https:\/\/pamec.energy\/es\/wp-json\/wp\/v2\/comments?post=4511"}],"version-history":[{"count":8,"href":"https:\/\/pamec.energy\/es\/wp-json\/wp\/v2\/pages\/4511\/revisions"}],"predecessor-version":[{"id":9603,"href":"https:\/\/pamec.energy\/es\/wp-json\/wp\/v2\/pages\/4511\/revisions\/9603"}],"up":[{"embeddable":true,"href":"https:\/\/pamec.energy\/es\/wp-json\/wp\/v2\/pages\/2185"}],"wp:attachment":[{"href":"https:\/\/pamec.energy\/es\/wp-json\/wp\/v2\/media?parent=4511"}],"curies":[{"name":"wp","href":"https:\/\/api.w.org\/{rel}","templated":true}]}}