{"id":5271,"date":"2023-03-31T09:42:02","date_gmt":"2023-03-31T12:42:02","guid":{"rendered":"https:\/\/pamec.energy\/eventos\/pamec-2024-barranquilla-colombia\/registro-2\/"},"modified":"2023-10-15T18:07:38","modified_gmt":"2023-10-15T21:07:38","slug":"registro-2","status":"publish","type":"page","link":"https:\/\/pamec.energy\/es\/eventos\/pamec-2024-barranquilla-colombia\/registro-2\/","title":{"rendered":"Inscripci\u00f3n"},"content":{"rendered":"\t\t<div data-elementor-type=\"wp-page\" data-elementor-id=\"5271\" class=\"elementor elementor-5271 elementor-5269\">\n\t\t\t\t\t\t<section class=\"elementor-section elementor-top-section elementor-element elementor-element-26f0e45 elementor-section-height-full elementor-section-items-top elementor-section-content-top elementor-section-stretched elementor-section-boxed elementor-section-height-default\" data-id=\"26f0e45\" data-element_type=\"section\" data-e-type=\"section\" data-settings=\"{&quot;stretch_section&quot;:&quot;section-stretched&quot;,&quot;background_background&quot;:&quot;slideshow&quot;,&quot;background_slideshow_gallery&quot;:[{&quot;id&quot;:5741,&quot;url&quot;:&quot;https:\\\/\\\/pamec.energy\\\/wp-content\\\/uploads\\\/2023\\\/04\\\/7-2.jpg&quot;},{&quot;id&quot;:5743,&quot;url&quot;:&quot;https:\\\/\\\/pamec.energy\\\/wp-content\\\/uploads\\\/2023\\\/04\\\/8-2.jpg&quot;},{&quot;id&quot;:5745,&quot;url&quot;:&quot;https:\\\/\\\/pamec.energy\\\/wp-content\\\/uploads\\\/2023\\\/04\\\/9-3.jpg&quot;},{&quot;id&quot;:5747,&quot;url&quot;:&quot;https:\\\/\\\/pamec.energy\\\/wp-content\\\/uploads\\\/2023\\\/04\\\/10-1.jpg&quot;},{&quot;id&quot;:5749,&quot;url&quot;:&quot;https:\\\/\\\/pamec.energy\\\/wp-content\\\/uploads\\\/2023\\\/04\\\/11-1.jpg&quot;},{&quot;id&quot;:5751,&quot;url&quot;:&quot;https:\\\/\\\/pamec.energy\\\/wp-content\\\/uploads\\\/2023\\\/04\\\/12.jpg&quot;}],&quot;background_slideshow_slide_duration&quot;:8000,&quot;background_slideshow_transition_duration&quot;:2000,&quot;background_slideshow_lazyload&quot;:&quot;yes&quot;,&quot;background_slideshow_loop&quot;:&quot;yes&quot;,&quot;background_slideshow_slide_transition&quot;:&quot;fade&quot;}\">\n\t\t\t\t\t\t<div class=\"elementor-container elementor-column-gap-default\">\n\t\t\t\t\t<div class=\"elementor-column elementor-col-100 elementor-top-column elementor-element elementor-element-dad431e\" data-id=\"dad431e\" data-element_type=\"column\" data-e-type=\"column\" data-settings=\"{&quot;background_background&quot;:&quot;classic&quot;}\">\n\t\t\t<div class=\"elementor-widget-wrap elementor-element-populated\">\n\t\t\t\t\t<div class=\"elementor-background-overlay\"><\/div>\n\t\t\t\t<div class=\"elementor-element elementor-element-c217534 e-flex e-con-boxed e-con e-parent\" data-id=\"c217534\" data-element_type=\"container\" data-e-type=\"container\">\n\t\t\t\t\t<div class=\"e-con-inner\">\n\t\t<div class=\"elementor-element elementor-element-dd46dbc e-con-full e-flex e-con e-child\" data-id=\"dd46dbc\" data-element_type=\"container\" data-e-type=\"container\">\n\t\t\t\t<div class=\"elementor-element elementor-element-f5892fd elementor-position-top elementor-widget elementor-widget-image-box\" data-id=\"f5892fd\" data-element_type=\"widget\" data-e-type=\"widget\" data-widget_type=\"image-box.default\">\n\t\t\t\t<div class=\"elementor-widget-container\">\n\t\t\t\t\t<div class=\"elementor-image-box-wrapper\"><figure class=\"elementor-image-box-img\"><img fetchpriority=\"high\" decoding=\"async\" width=\"797\" height=\"242\" src=\"https:\/\/pamec.energy\/wp-content\/uploads\/2022\/12\/PAMEC2024-Dates-Clear.png\" class=\"attachment-large size-large wp-image-4184\" alt=\"\" srcset=\"https:\/\/pamec.energy\/wp-content\/uploads\/2022\/12\/PAMEC2024-Dates-Clear.png 797w, https:\/\/pamec.energy\/wp-content\/uploads\/2022\/12\/PAMEC2024-Dates-Clear-250x76.png 250w, https:\/\/pamec.energy\/wp-content\/uploads\/2022\/12\/PAMEC2024-Dates-Clear-768x233.png 768w\" sizes=\"(max-width: 797px) 100vw, 797px\" \/><\/figure><\/div>\t\t\t\t<\/div>\n\t\t\t\t<\/div>\n\t\t\t\t<div class=\"elementor-element elementor-element-e8941a2 elementor-widget elementor-widget-text-editor\" data-id=\"e8941a2\" data-element_type=\"widget\" data-e-type=\"widget\" data-widget_type=\"text-editor.default\">\n\t\t\t\t<div class=\"elementor-widget-container\">\n\t\t\t\t\t\t\t\t\t<h2>Inscripci\u00f3n<\/h2>\n<p>La inscripci\u00f3n se abrir\u00e1 en octubre, una vez que se hayan ultimado el programa definitivo y los talleres previos a la conferencia.<\/p>\n<p>La <strong>Conferencia Panamericana de Energ\u00eda Marina 2024<\/strong> (PAMEC 2024) es una Conferencia presencial en Barranquilla, Colombia que se celebrar\u00e1 del 22 al 24 de enero de 2024 con talleres del 19 al 21 de enero en el campus de la <a href=\"https:\/\/www.uninorte.edu.co\/\" target=\"_blank\" rel=\"noreferrer noopener\"><br \/>\n  <strong>Universidad del Norte<\/strong><br \/>\n<\/a>.<\/p>\n<p>Inscripci\u00f3n en el <a href=\"https:\/\/pamec.energy\/events\/pamec-2024-barranquilla-colombia\/conference-program\/\" data-type=\"page\" data-id=\"4205\"><br \/>\n  <strong>programa de la conferencia<\/strong><br \/>\n<\/a> incluye ponentes principales, sesiones plenarias, presentaciones de res\u00famenes, presentaciones de carteles, sesiones de trabajo en grupo y oportunidades para establecer contactos oficiales y privados. Antes de la conferencia se ofrecer\u00e1n varios talleres. Destacan:<\/p>\n<ul>\n<li><a href=\"https:\/\/pamec.energy\/events\/pamec-2024-barranquilla-colombia\/pre-conference-workshops\/\" data-type=\"page\" data-id=\"4201\"><br \/>\n  <strong>Talleres previos a la conferencia<\/strong><br \/>\n<\/a> (viernes y s\u00e1bado)<\/li>\n<li>Recepci\u00f3n de bienvenida (domingo)<\/li>\n<li><a href=\"https:\/\/pamec.energy\/events\/pamec-2024-barranquilla-colombia\/conference-program\/\" data-type=\"page\" data-id=\"4205\"><br \/>\n  <strong>Sesiones plenarias y presentaciones de investigaciones<\/strong><br \/>\n<\/a> (de lunes a mi\u00e9rcoles)<\/li>\n<li>Recepci\u00f3n de carteles (lunes por la tarde)<\/li>\n<li>Almuerzo y refrigerios diarios<\/li>\n<li>Cena de gala (martes)<\/li>\n<li>Redes y actividades culturales<\/li>\n<\/ul>\n\t\t\t\t\t\t\t\t<\/div>\n\t\t\t\t<\/div>\n\t\t<div class=\"elementor-element elementor-element-667e4d2 e-flex e-con-boxed e-con e-child\" data-id=\"667e4d2\" data-element_type=\"container\" data-e-type=\"container\">\n\t\t\t\t\t<div class=\"e-con-inner\">\n\t\t\t\t<div class=\"elementor-element elementor-element-2a5a189 elementor-position-top elementor-widget elementor-widget-image-box\" data-id=\"2a5a189\" data-element_type=\"widget\" data-e-type=\"widget\" data-widget_type=\"image-box.default\">\n\t\t\t\t<div class=\"elementor-widget-container\">\n\t\t\t\t\t<div class=\"elementor-image-box-wrapper\"><figure class=\"elementor-image-box-img\"><a href=\"https:\/\/cemarin.org\/\" target=\"_blank\" tabindex=\"-1\"><img decoding=\"async\" width=\"200\" height=\"176\" src=\"https:\/\/pamec.energy\/wp-content\/uploads\/2023\/04\/CFMarin-e1705934332396.png\" class=\"attachment-medium size-medium wp-image-5546\" alt=\"\" \/><\/a><\/figure><div class=\"elementor-image-box-content\"><h3 class=\"elementor-image-box-title\"><a href=\"https:\/\/cemarin.org\/\" target=\"_blank\">Anfitri\u00f3n de la Conferencia<\/a><\/h3><\/div><\/div>\t\t\t\t<\/div>\n\t\t\t\t<\/div>\n\t\t\t\t<div class=\"elementor-element elementor-element-a08f850 elementor-position-top elementor-widget elementor-widget-image-box\" data-id=\"a08f850\" data-element_type=\"widget\" data-e-type=\"widget\" data-widget_type=\"image-box.default\">\n\t\t\t\t<div class=\"elementor-widget-container\">\n\t\t\t\t\t<div class=\"elementor-image-box-wrapper\"><figure class=\"elementor-image-box-img\"><a href=\"http:\/\/abstracts.pamec.energy\/call-for-abstracts\/\" tabindex=\"-1\"><img decoding=\"async\" width=\"150\" height=\"150\" src=\"https:\/\/pamec.energy\/wp-content\/uploads\/2019\/11\/cropped-PAMEC2020-logo_circle_noback-150x150.png\" class=\"attachment-thumbnail size-thumbnail wp-image-839\" alt=\"\" srcset=\"https:\/\/pamec.energy\/wp-content\/uploads\/2019\/11\/cropped-PAMEC2020-logo_circle_noback-150x150.png 150w, https:\/\/pamec.energy\/wp-content\/uploads\/2019\/11\/cropped-PAMEC2020-logo_circle_noback-300x300.png 300w, https:\/\/pamec.energy\/wp-content\/uploads\/2019\/11\/cropped-PAMEC2020-logo_circle_noback-270x270.png 270w, https:\/\/pamec.energy\/wp-content\/uploads\/2019\/11\/cropped-PAMEC2020-logo_circle_noback-192x192.png 192w, https:\/\/pamec.energy\/wp-content\/uploads\/2019\/11\/cropped-PAMEC2020-logo_circle_noback-180x180.png 180w, https:\/\/pamec.energy\/wp-content\/uploads\/2019\/11\/cropped-PAMEC2020-logo_circle_noback-32x32.png 32w, https:\/\/pamec.energy\/wp-content\/uploads\/2019\/11\/cropped-PAMEC2020-logo_circle_noback.png 512w\" sizes=\"(max-width: 150px) 100vw, 150px\" \/><\/a><\/figure><div class=\"elementor-image-box-content\"><h3 class=\"elementor-image-box-title\"><a href=\"http:\/\/abstracts.pamec.energy\/call-for-abstracts\/\">Enviar resumen<\/a><\/h3><\/div><\/div>\t\t\t\t<\/div>\n\t\t\t\t<\/div>\n\t\t\t\t<div class=\"elementor-element elementor-element-0ab4b30 elementor-position-top elementor-widget elementor-widget-image-box\" data-id=\"0ab4b30\" data-element_type=\"widget\" data-e-type=\"widget\" data-widget_type=\"image-box.default\">\n\t\t\t\t<div class=\"elementor-widget-container\">\n\t\t\t\t\t<div class=\"elementor-image-box-wrapper\"><figure class=\"elementor-image-box-img\"><a href=\"https:\/\/www.uninorte.edu.co\/\" tabindex=\"-1\"><img loading=\"lazy\" decoding=\"async\" width=\"250\" height=\"250\" src=\"https:\/\/pamec.energy\/wp-content\/uploads\/2023\/04\/Logo-Uninorte-250x250.png\" class=\"attachment-medium size-medium wp-image-5550\" alt=\"\" srcset=\"https:\/\/pamec.energy\/wp-content\/uploads\/2023\/04\/Logo-Uninorte-250x250.png 250w, https:\/\/pamec.energy\/wp-content\/uploads\/2023\/04\/Logo-Uninorte-150x150.png 150w, https:\/\/pamec.energy\/wp-content\/uploads\/2023\/04\/Logo-Uninorte.png 380w\" sizes=\"(max-width: 250px) 100vw, 250px\" \/><\/a><\/figure><div class=\"elementor-image-box-content\"><h3 class=\"elementor-image-box-title\"><a href=\"https:\/\/www.uninorte.edu.co\/\">Lugar de la conferencia<\/a><\/h3><\/div><\/div>\t\t\t\t<\/div>\n\t\t\t\t<\/div>\n\t\t\t\t\t<\/div>\n\t\t\t\t<\/div>\n\t\t\t\t<\/div>\n\t\t\t\t\t<\/div>\n\t\t\t\t<\/div>\n\t\t\t\t\t<\/div>\n\t\t<\/div>\n\t\t\t\t\t<\/div>\n\t\t<\/section>\n\t\t\t\t<\/div>\n\t\t","protected":false},"excerpt":{"rendered":"<p>Inscripci\u00f3n La inscripci\u00f3n se abrir\u00e1 en octubre, una vez que se hayan ultimado el programa definitivo y los talleres previos a la conferencia. La Conferencia Panamericana de Energ\u00eda Marina 2024 (PAMEC 2024) es una Conferencia presencial en Barranquilla, Colombia que se celebrar\u00e1 del 22 al 24 de enero de 2024 con talleres del 19 al &#8230; <a title=\"Inscripci\u00f3n\" class=\"read-more\" href=\"https:\/\/pamec.energy\/es\/eventos\/pamec-2024-barranquilla-colombia\/registro-2\/\" aria-label=\"Leer m\u00e1s sobre Inscripci\u00f3n\">Leer m\u00e1s<\/a><\/p>\n","protected":false},"author":3,"featured_media":0,"parent":4191,"menu_order":0,"comment_status":"closed","ping_status":"closed","template":"","meta":{"generate_page_header":"","footnotes":""},"class_list":["post-5271","page","type-page","status-publish"],"_links":{"self":[{"href":"https:\/\/pamec.energy\/es\/wp-json\/wp\/v2\/pages\/5271","targetHints":{"allow":["GET"]}}],"collection":[{"href":"https:\/\/pamec.energy\/es\/wp-json\/wp\/v2\/pages"}],"about":[{"href":"https:\/\/pamec.energy\/es\/wp-json\/wp\/v2\/types\/page"}],"author":[{"embeddable":true,"href":"https:\/\/pamec.energy\/es\/wp-json\/wp\/v2\/users\/3"}],"replies":[{"embeddable":true,"href":"https:\/\/pamec.energy\/es\/wp-json\/wp\/v2\/comments?post=5271"}],"version-history":[{"count":26,"href":"https:\/\/pamec.energy\/es\/wp-json\/wp\/v2\/pages\/5271\/revisions"}],"predecessor-version":[{"id":6715,"href":"https:\/\/pamec.energy\/es\/wp-json\/wp\/v2\/pages\/5271\/revisions\/6715"}],"up":[{"embeddable":true,"href":"https:\/\/pamec.energy\/es\/wp-json\/wp\/v2\/pages\/4191"}],"wp:attachment":[{"href":"https:\/\/pamec.energy\/es\/wp-json\/wp\/v2\/media?parent=5271"}],"curies":[{"name":"wp","href":"https:\/\/api.w.org\/{rel}","templated":true}]}}