{"id":8832,"date":"2025-07-24T08:43:50","date_gmt":"2025-07-24T11:43:50","guid":{"rendered":"https:\/\/pamec.energy\/conferencia-panamericana-de-energia-marina-2026\/"},"modified":"2026-03-30T10:11:01","modified_gmt":"2026-03-30T13:11:01","slug":"conferencia-panamericana-de-energia-marina-2026","status":"publish","type":"page","link":"https:\/\/pamec.energy\/es\/","title":{"rendered":"PAMEC 2026"},"content":{"rendered":"<figure><img fetchpriority=\"high\" decoding=\"async\" src=\"https:\/\/pamec.energy\/wp-content\/uploads\/2025\/07\/3-1024x224.png\" alt=\"\" width=\"1024\" height=\"224\"><\/figure>\n<p>La<sup>4\u00aa<\/sup> Conferencia Panamericana de Energ\u00edas Marinas (PAMEC) volver\u00e1 a reunir a investigadores, gobiernos e industria interesados en las energ\u00edas renovables marinas y offshore en las Am\u00e9ricas (incluido el Caribe). El evento llega por primera vez a <strong>R\u00edo de Janeiro, Brasil,<\/strong> del <strong>10 al 15 de abril de 2026. <\/strong>El esfuerzo est\u00e1 dirigido por el Presidente del <a href=\"https:\/\/pamec.energy\/pan-american-marine-energy-conference-2026\/organizing-committee\/\">Comit\u00e9 Organizador de PAMEC 2026<\/a>, el Dr. Milad Shadman, Profesor Adjunto de <a style=\"background-color: #ffffff;\" href=\"https:\/\/coppe.ufrj.br\/\">COPPE\/UFRJ<\/a>.   <\/p>\n<p>Los Talleres previos a la conferencia est\u00e1n previstos para el viernes y el s\u00e1bado (10 y 11 de abril), con la recepci\u00f3n de apertura en la tarde del domingo<sup>12<\/sup> de abril, antes de que la conferencia comience oficialmente el lunes por la ma\u00f1ana, del 13 al <sup>15<\/sup> de abril. Para inscribirte o consultar el programa de la conferencia, visita <a href=\"https:\/\/pamec2026.exordo.com\/\">https:\/\/pamec2026.exordo.com\/.<\/a><\/p>\n<p>PAMEC 2026 forma parte de la familia de conferencias sobre Investigaci\u00f3n y Desarrollo de Energ\u00edas Renovables Marinas, que incluye la <a href=\"https:\/\/ewtec.org\/\">Conferencia Europea sobre las Olas y las Mareas<\/a> (EWTEC) y la <a href=\"https:\/\/www.awtec-headoffice.com\/\">Conferencia Asi\u00e1tica sobre las Olas y las Mareas<\/a> (AWTEC), y se celebra cada dos a\u00f1os. El primer PAMEC se celebr\u00f3 en <a href=\"https:\/\/pamec.energy\/es\/eventos\/pamec-2020\/\">2020 en Costa Rica<\/a>, seguido <a href=\"https:\/\/pamec.energy\/es\/pamec-2022\/\">del PAMEC 2022 M\u00e9xico<\/a> y <a href=\"https:\/\/pamec.energy\/es\/eventos\/pamec-2024-barranquilla-colombia\/\">el PAMEC 2024 Colombia<\/a>.<\/p>\n<p>Un elemento clave de la conferencia son las presentaciones de los res\u00famenes enviados por los investigadores para su revisi\u00f3n por el Comit\u00e9 Cient\u00edfico y T\u00e9cnico del PAMEC. Entre los temas y asuntos que han surgido se incluyen la socioeconom\u00eda, los efectos medioambientales, la caracterizaci\u00f3n de recursos, la energ\u00eda e\u00f3lica marina, la integraci\u00f3n en la red, las corrientes y mareas, las olas, el gradiente de salinidad y la OTEC.  <\/p>\n<p>Se public\u00f3 una Convocatoria de Res\u00famenes que ya se ha cerrado con el objetivo de completar el proceso y el programa de la conferencia para enero de 2025, momento en el que se abrir\u00e1 la inscripci\u00f3n.<\/p>\n<p>Las cuotas de <a href=\"https:\/\/pamec2026.exordo.com\/\">inscripci\u00f3n<\/a> son:<\/p>\n<ul>\n<li>Estudiantes $265 USD<\/li>\n<li>No estudiantes de Am\u00e9rica Latina y el Caribe (las Am\u00e9ricas pero no Canad\u00e1 y EE.UU.) 395 USD<\/li>\n<li>Todos los dem\u00e1s, 425 USD<\/li>\n<\/ul>\n<p>La inscripci\u00f3n incluye todas las sesiones de la conferencia, los <a href=\"https:\/\/pamec.energy\/es\/talleres-de-trabajo\/\">talleres previos a la conferencia<\/a>, la <a href=\"https:\/\/pamec.energy\/es\/recepcion-y-cena-de-gala\/\">Recepci\u00f3n<\/a> inaugural, la recepci\u00f3n de p\u00f3sters y la <a href=\"https:\/\/pamec.energy\/es\/recepcion-y-cena-de-gala\/\">Cena de Gala<\/a>.<\/p>\n<p><strong>El formato de la Conferencia PAMEC incluye<\/strong><\/p>\n<ul>\n<li><strong>Talleres previos a la conferencia:<\/strong><br \/>Sesiones centradas en temas especializados como la vigilancia medioambiental, la viabilidad de la energ\u00eda e\u00f3lica marina y los marcos de intercambio de datos. Los talleres ofrecen oportunidades de aprendizaje pr\u00e1ctico y fomentan los debates t\u00e9cnicos.<\/li>\n<li><strong>Sesiones plenarias:<\/strong><br \/>Perspectivas globales y regionales a cargo de destacados expertos en energ\u00edas marinas renovables. Estas sesiones marcan el tono del evento y abordan temas urgentes y oportunidades del sector.<\/li>\n<li><strong>Sesiones Cient\u00edficas:<\/strong><br \/>Presentaciones organizadas por \u00e1reas tem\u00e1ticas de investigaci\u00f3n y dise\u00f1adas para mostrar la investigaci\u00f3n de vanguardia, incluidos los resultados de las presentaciones de res\u00famenes ampliados. Estos temas constituyen el n\u00facleo del programa de la conferencia y se desarrollan en colaboraci\u00f3n con el Comit\u00e9 T\u00e9cnico.<\/li>\n<li><strong>Eventos para establecer contactos:<\/strong> las recepciones de<br \/>, la cena de gala y las reuniones informales crean oportunidades para que los asistentes conecten con compa\u00f1eros, profesionales del sector y posibles colaboradores.<\/li>\n<li><strong>Actividades culturales:<\/strong><br \/>Los pa\u00edses anfitriones muestran su patrimonio mediante visitas organizadas, presentaciones culturales y gastronom\u00eda local, garantizando que los participantes experimenten la identidad \u00fanica de la regi\u00f3n.<\/li>\n<li><strong>Eventos paralelos:<\/strong><br \/>Actividades a medida dise\u00f1adas para complementar el programa principal y ofrecer un valor adicional a los participantes.<\/li>\n<\/ul>\n<p>Inscr\u00edbete en nuestra <a href=\"https:\/\/pamec.energy\/es\/contacto\/suscripcion-al-boletin-de-noticias\/\">lista de correo<\/a> o s\u00edguenos en <a href=\"https:\/\/www.facebook.com\/pamec.energy\">Facebook <\/a> y <a href=\"https:\/\/www.linkedin.com\/company\/pamec-energy-association\/\">LinkedIn<\/a> para recibir actualizaciones y avisos sobre la apertura de inscripciones para PAMEC 2026.<\/p>\n","protected":false},"excerpt":{"rendered":"<p>La4\u00aa Conferencia Panamericana de Energ\u00edas Marinas (PAMEC) volver\u00e1 a reunir a investigadores, gobiernos e industria interesados en las energ\u00edas renovables marinas y offshore en las Am\u00e9ricas (incluido el Caribe). El evento llega por primera vez a R\u00edo de Janeiro, Brasil, del 10 al 15 de abril de 2026. El esfuerzo est\u00e1 dirigido por el Presidente &#8230; <a title=\"PAMEC 2026\" class=\"read-more\" href=\"https:\/\/pamec.energy\/es\/\" aria-label=\"Leer m\u00e1s sobre PAMEC 2026\">Leer m\u00e1s<\/a><\/p>\n","protected":false},"author":17,"featured_media":0,"parent":0,"menu_order":0,"comment_status":"closed","ping_status":"closed","template":"","meta":{"generate_page_header":"","footnotes":""},"class_list":["post-8832","page","type-page","status-publish"],"_links":{"self":[{"href":"https:\/\/pamec.energy\/es\/wp-json\/wp\/v2\/pages\/8832","targetHints":{"allow":["GET"]}}],"collection":[{"href":"https:\/\/pamec.energy\/es\/wp-json\/wp\/v2\/pages"}],"about":[{"href":"https:\/\/pamec.energy\/es\/wp-json\/wp\/v2\/types\/page"}],"author":[{"embeddable":true,"href":"https:\/\/pamec.energy\/es\/wp-json\/wp\/v2\/users\/17"}],"replies":[{"embeddable":true,"href":"https:\/\/pamec.energy\/es\/wp-json\/wp\/v2\/comments?post=8832"}],"version-history":[{"count":30,"href":"https:\/\/pamec.energy\/es\/wp-json\/wp\/v2\/pages\/8832\/revisions"}],"predecessor-version":[{"id":9849,"href":"https:\/\/pamec.energy\/es\/wp-json\/wp\/v2\/pages\/8832\/revisions\/9849"}],"wp:attachment":[{"href":"https:\/\/pamec.energy\/es\/wp-json\/wp\/v2\/media?parent=8832"}],"curies":[{"name":"wp","href":"https:\/\/api.w.org\/{rel}","templated":true}]}}