{"id":8987,"date":"2025-08-05T01:06:25","date_gmt":"2025-08-05T04:06:25","guid":{"rendered":"https:\/\/pamec.energy\/junta-directiva\/"},"modified":"2026-03-09T18:20:59","modified_gmt":"2026-03-09T21:20:59","slug":"junta-directiva","status":"publish","type":"page","link":"https:\/\/pamec.energy\/es\/junta-directiva\/","title":{"rendered":"Junta Directiva"},"content":{"rendered":"\n<div class=\"wp-block-media-text is-stacked-on-mobile is-vertically-aligned-center\" style=\"grid-template-columns:34% auto\"><figure class=\"wp-block-media-text__media\"><img fetchpriority=\"high\" decoding=\"async\" width=\"512\" height=\"512\" src=\"https:\/\/pamec.energy\/wp-content\/uploads\/2025\/08\/Erika-Garduno-Ruiz.webp\" alt=\"\" class=\"wp-image-8976 size-full\" srcset=\"https:\/\/pamec.energy\/wp-content\/uploads\/2025\/08\/Erika-Garduno-Ruiz.webp 512w, https:\/\/pamec.energy\/wp-content\/uploads\/2025\/08\/Erika-Garduno-Ruiz-250x250.webp 250w, https:\/\/pamec.energy\/wp-content\/uploads\/2025\/08\/Erika-Garduno-Ruiz-150x150.webp 150w\" sizes=\"(max-width: 512px) 100vw, 512px\" \/><\/figure><div class=\"wp-block-media-text__content\">\n<div style=\"height:5px\" aria-hidden=\"true\" class=\"wp-block-spacer\"><\/div>\n\n\n\n<h2 class=\"wp-block-heading\">Paola Gardu\u00f1o<\/h2>\n\n\n\n<h3 class=\"wp-block-heading\">Director General<\/h3>\n\n\n\n<p>Doctor por la Universidad Nacional Aut\u00f3noma de M\u00e9xico (UNAM)<\/p>\n\n\n\n<p><a href=\"mailto:bruce.cameron@pamec.energy\"><\/a><a href=\"mailto:paola.garduno@cmarl.unam.mx\" target=\"_blank\" rel=\"noreferrer noopener\">paola.garduno@cmarl.unam.mx<\/a> <\/p>\n<\/div><\/div>\n\n<div class=\"wp-block-columns is-layout-flex wp-container-core-columns-is-layout-9d6595d7 wp-block-columns-is-layout-flex\">\n<div class=\"wp-block-column is-layout-flow wp-block-column-is-layout-flow\" style=\"flex-basis:100%\">\n<p>Paola es Licenciada en Qu\u00edmica y tiene una Maestr\u00eda en Ciencias del Mar, especialidad en Qu\u00edmica Acu\u00e1tica, y un Doctorado en Ingenier\u00eda Civil, todos realizados en la Universidad Nacional Aut\u00f3noma de M\u00e9xico (UNAM). Durante su doctorado, se centr\u00f3 en el estudio de la energ\u00eda marina, en particular en la viabilidad de los sistemas de Conversi\u00f3n de Energ\u00eda T\u00e9rmica Oce\u00e1nica (OTEC). Actualmente es investigadora del Instituto de Ciencias del Mar y Limnolog\u00eda de la UNAM, donde dirige proyectos sobre energ\u00eda oce\u00e1nica y sostenibilidad costera.  <\/p>\n\n\n\n<p>Su trabajo se centra en la evaluaci\u00f3n de la viabilidad de los sistemas OTEC y sus aplicaciones, como los sistemas de desalinizaci\u00f3n y refrigeraci\u00f3n, y su uso en la acuicultura y la agricultura de agua fr\u00eda. Durante siete a\u00f1os colabor\u00f3 con el Centro Mexicano de Innovaci\u00f3n en Energ\u00eda Oce\u00e1nica (CEMIE-Oc\u00e9ano), donde particip\u00f3 activamente en la l\u00ednea de gradiente t\u00e9rmico oce\u00e1nico. Durante este periodo, tambi\u00e9n fue tesorera del comit\u00e9 de estudiantes del CEMIE-Oceano y de la Red Panamericana de Estudiantes de Energ\u00eda Oce\u00e1nica (POES.Energy), promoviendo la difusi\u00f3n y el desarrollo de la energ\u00eda oce\u00e1nica en todo el continente americano. Adem\u00e1s, ha trabajado como consultora en la cooperativa Ancegri, facilitando la vinculaci\u00f3n entre instituciones y empresas en proyectos relacionados con la energ\u00eda t\u00e9rmica oce\u00e1nica. Su principal objetivo es promover soluciones sostenibles que impulsen el desarrollo costero y aceleren la transici\u00f3n energ\u00e9tica en M\u00e9xico, utilizando el potencial de las energ\u00edas oce\u00e1nicas.<\/p>\n\n\n\n<p><\/p>\n<\/div>\n<\/div>\n\n<p><a href=\"https:\/\/pamec.energy\/es\/acerca-de-pamec\/estructura-organizacional\/junta-directiva\/\">\u2190 Ir a Junta Directiva<\/a><\/p>\n\n<p><\/p>\n","protected":false},"excerpt":{"rendered":"<p>Paola es Licenciada en Qu\u00edmica y tiene una Maestr\u00eda en Ciencias del Mar, especialidad en Qu\u00edmica Acu\u00e1tica, y un Doctorado en Ingenier\u00eda Civil, todos realizados en la Universidad Nacional Aut\u00f3noma de M\u00e9xico (UNAM). Durante su doctorado, se centr\u00f3 en el estudio de la energ\u00eda marina, en particular en la viabilidad de los sistemas de Conversi\u00f3n &#8230; <a title=\"Junta Directiva\" class=\"read-more\" href=\"https:\/\/pamec.energy\/es\/junta-directiva\/\" aria-label=\"Leer m\u00e1s sobre Junta Directiva\">Leer m\u00e1s<\/a><\/p>\n","protected":false},"author":17,"featured_media":0,"parent":0,"menu_order":0,"comment_status":"closed","ping_status":"closed","template":"","meta":{"generate_page_header":"","footnotes":""},"class_list":["post-8987","page","type-page","status-publish"],"_links":{"self":[{"href":"https:\/\/pamec.energy\/es\/wp-json\/wp\/v2\/pages\/8987","targetHints":{"allow":["GET"]}}],"collection":[{"href":"https:\/\/pamec.energy\/es\/wp-json\/wp\/v2\/pages"}],"about":[{"href":"https:\/\/pamec.energy\/es\/wp-json\/wp\/v2\/types\/page"}],"author":[{"embeddable":true,"href":"https:\/\/pamec.energy\/es\/wp-json\/wp\/v2\/users\/17"}],"replies":[{"embeddable":true,"href":"https:\/\/pamec.energy\/es\/wp-json\/wp\/v2\/comments?post=8987"}],"version-history":[{"count":2,"href":"https:\/\/pamec.energy\/es\/wp-json\/wp\/v2\/pages\/8987\/revisions"}],"predecessor-version":[{"id":9607,"href":"https:\/\/pamec.energy\/es\/wp-json\/wp\/v2\/pages\/8987\/revisions\/9607"}],"wp:attachment":[{"href":"https:\/\/pamec.energy\/es\/wp-json\/wp\/v2\/media?parent=8987"}],"curies":[{"name":"wp","href":"https:\/\/api.w.org\/{rel}","templated":true}]}}