{"id":9010,"date":"2025-08-05T01:15:21","date_gmt":"2025-08-05T04:15:21","guid":{"rendered":"https:\/\/pamec.energy\/junta-directiva-3\/"},"modified":"2026-03-13T09:32:41","modified_gmt":"2026-03-13T12:32:41","slug":"junta-directiva-3","status":"publish","type":"page","link":"https:\/\/pamec.energy\/es\/junta-directiva-3\/","title":{"rendered":"Craig Chandler"},"content":{"rendered":"\n<div class=\"wp-block-media-text is-stacked-on-mobile is-vertically-aligned-center\" style=\"grid-template-columns:33% auto\"><figure class=\"wp-block-media-text__media\"><img fetchpriority=\"high\" decoding=\"async\" width=\"800\" height=\"800\" src=\"https:\/\/pamec.energy\/wp-content\/uploads\/2026\/03\/Chandler-image-2026.jpeg\" alt=\"\" class=\"wp-image-9718 size-full\" srcset=\"https:\/\/pamec.energy\/wp-content\/uploads\/2026\/03\/Chandler-image-2026.jpeg 800w, https:\/\/pamec.energy\/wp-content\/uploads\/2026\/03\/Chandler-image-2026-250x250.jpeg 250w, https:\/\/pamec.energy\/wp-content\/uploads\/2026\/03\/Chandler-image-2026-150x150.jpeg 150w, https:\/\/pamec.energy\/wp-content\/uploads\/2026\/03\/Chandler-image-2026-768x768.jpeg 768w\" sizes=\"(max-width: 800px) 100vw, 800px\" \/><\/figure><div class=\"wp-block-media-text__content\">\n<div style=\"height:5px\" aria-hidden=\"true\" class=\"wp-block-spacer\"><\/div>\n\n\n\n<h2 class=\"wp-block-heading\"><strong>Craig Chandler<\/strong><\/h2>\n\n\n\n<h3 class=\"wp-block-heading\">Miembro  <\/h3>\n\n\n\n<p>Director | Secretario<\/p>\n\n\n\n<p><\/p>\n<\/div><\/div>\n\n<div class=\"wp-block-columns is-layout-flex wp-container-core-columns-is-layout-9d6595d7 wp-block-columns-is-layout-flex\">\n<div class=\"wp-block-column is-layout-flow wp-block-column-is-layout-flow\" style=\"flex-basis:100%\">\n<p><br\/>Craig Chandler es un ingeniero profesional residente en Halifax (Canad\u00e1) con m\u00e1s de 25 a\u00f1os de experiencia<br\/>en energ\u00edas renovables, desarrollo industrial y gesti\u00f3n medioambiental<br\/>. Durante m\u00e1s de una d\u00e9cada, Craig ha trabajado con investigadores y desarrolladores de tecnolog\u00eda de energ\u00edas renovables marinas<br\/>para crear asociaciones y proyectos en<br\/>Canad\u00e1, Europa, Estados Unidos y Sudam\u00e9rica. Habiendo trabajado tanto como parte de los equipos de ejecuci\u00f3n de proyectos de los desarrolladores de<br\/>como asesor del gobierno, Craig tiene un profundo<br\/>conocimiento de los retos que implica la introducci\u00f3n con \u00e9xito de nuevas tecnolog\u00edas<br\/>en un entorno marino.<\/p>\n\n\n\n<p><br\/>Gracias a su participaci\u00f3n regular en conferencias internacionales y talleres de expertos en energ\u00edas renovables marinas<br\/>, Craig cuenta con una amplia red en el sector de las energ\u00edas renovables marinas<br\/>a escala internacional. Esto incluye talleres organizados por OES Environmental y ORJIP<br\/>(Reino Unido), as\u00ed como la asistencia a la mayor\u00eda de las conferencias de EWTEC, AWTEC e ICOE en la \u00faltima d\u00e9cada<br\/>.  <\/p>\n\n\n\n<p><br\/>Craig es miembro de PAMEC desde la primera conferencia en San Jos\u00e9 de Costa<br\/>Rica, y ha asistido a las dos conferencias posteriores en Ensenada (M\u00e9xico) y<br\/>Barranquilla (Colombia). Con una firme creencia en la importancia de compartir informaci\u00f3n,<br\/>habilidades y tecnolog\u00eda a trav\u00e9s de las Am\u00e9ricas, Craig considera que la construcci\u00f3n de s\u00f3lidas relaciones<br\/>es la base para avanzar en los proyectos de energ\u00edas renovables marinas. <br\/>La formaci\u00f3n de Craig incluye una licenciatura en ingenier\u00eda por la Universidad Dalhousie de Nueva<br\/>Escocia (Canad\u00e1).<\/p>\n\n\n\n<p><\/p>\n<\/div>\n<\/div>\n\n<p><a href=\"https:\/\/pamec.energy\/es\/acerca-de-pamec\/estructura-organizacional\/junta-directiva\/\">\u2190 Ir a Junta Directiva<\/a><\/p>\n\n<p><\/p>\n","protected":false},"excerpt":{"rendered":"<p>Craig Chandler es un ingeniero profesional residente en Halifax (Canad\u00e1) con m\u00e1s de 25 a\u00f1os de experienciaen energ\u00edas renovables, desarrollo industrial y gesti\u00f3n medioambiental. Durante m\u00e1s de una d\u00e9cada, Craig ha trabajado con investigadores y desarrolladores de tecnolog\u00eda de energ\u00edas renovables marinaspara crear asociaciones y proyectos enCanad\u00e1, Europa, Estados Unidos y Sudam\u00e9rica. Habiendo trabajado tanto &#8230; <a title=\"Craig Chandler\" class=\"read-more\" href=\"https:\/\/pamec.energy\/es\/junta-directiva-3\/\" aria-label=\"Leer m\u00e1s sobre Craig Chandler\">Leer m\u00e1s<\/a><\/p>\n","protected":false},"author":17,"featured_media":0,"parent":0,"menu_order":0,"comment_status":"closed","ping_status":"closed","template":"","meta":{"generate_page_header":"","footnotes":""},"class_list":["post-9010","page","type-page","status-publish"],"_links":{"self":[{"href":"https:\/\/pamec.energy\/es\/wp-json\/wp\/v2\/pages\/9010","targetHints":{"allow":["GET"]}}],"collection":[{"href":"https:\/\/pamec.energy\/es\/wp-json\/wp\/v2\/pages"}],"about":[{"href":"https:\/\/pamec.energy\/es\/wp-json\/wp\/v2\/types\/page"}],"author":[{"embeddable":true,"href":"https:\/\/pamec.energy\/es\/wp-json\/wp\/v2\/users\/17"}],"replies":[{"embeddable":true,"href":"https:\/\/pamec.energy\/es\/wp-json\/wp\/v2\/comments?post=9010"}],"version-history":[{"count":5,"href":"https:\/\/pamec.energy\/es\/wp-json\/wp\/v2\/pages\/9010\/revisions"}],"predecessor-version":[{"id":9731,"href":"https:\/\/pamec.energy\/es\/wp-json\/wp\/v2\/pages\/9010\/revisions\/9731"}],"wp:attachment":[{"href":"https:\/\/pamec.energy\/es\/wp-json\/wp\/v2\/media?parent=9010"}],"curies":[{"name":"wp","href":"https:\/\/api.w.org\/{rel}","templated":true}]}}