{"id":9020,"date":"2025-08-05T01:21:00","date_gmt":"2025-08-05T04:21:00","guid":{"rendered":"https:\/\/pamec.energy\/junta-directiva-4\/"},"modified":"2026-03-09T19:25:32","modified_gmt":"2026-03-09T22:25:32","slug":"junta-directiva-4","status":"publish","type":"page","link":"https:\/\/pamec.energy\/es\/junta-directiva-4\/","title":{"rendered":"gonzalo tampier"},"content":{"rendered":"\n<p><\/p>\n\n<p><\/p>\n\n<div class=\"wp-block-media-text is-stacked-on-mobile is-vertically-aligned-center\" style=\"grid-template-columns:33% auto\"><figure class=\"wp-block-media-text__media\"><img fetchpriority=\"high\" decoding=\"async\" width=\"708\" height=\"708\" src=\"https:\/\/pamec.energy\/wp-content\/uploads\/2025\/08\/Captura-de-Tela-2025-08-04-as-23.53.09-edited.png\" alt=\"\" class=\"wp-image-8958 size-full\" srcset=\"https:\/\/pamec.energy\/wp-content\/uploads\/2025\/08\/Captura-de-Tela-2025-08-04-as-23.53.09-edited.png 708w, https:\/\/pamec.energy\/wp-content\/uploads\/2025\/08\/Captura-de-Tela-2025-08-04-as-23.53.09-edited-250x250.png 250w, https:\/\/pamec.energy\/wp-content\/uploads\/2025\/08\/Captura-de-Tela-2025-08-04-as-23.53.09-edited-150x150.png 150w\" sizes=\"(max-width: 708px) 100vw, 708px\" \/><\/figure><div class=\"wp-block-media-text__content\">\n<div style=\"height:5px\" aria-hidden=\"true\" class=\"wp-block-spacer\"><\/div>\n\n\n\n<h2 class=\"wp-block-heading\">Gonzalo Tampier<\/h2>\n\n\n\n<h3 class=\"wp-block-heading\">Representante de Sudam\u00e9rica<\/h3>\n\n\n\n<p>Doctor en Ciencias de la Ingenier\u00eda (TU Berl\u00edn)<\/p>\n\n\n\n<p><a href=\"mailto:Gonzalo.tampier@uach.cl\">Gonzalo.tampier@uach.cl<\/a><\/p>\n<\/div><\/div>\n\n<div class=\"wp-block-columns is-layout-flex wp-container-core-columns-is-layout-9d6595d7 wp-block-columns-is-layout-flex\">\n<div class=\"wp-block-column is-layout-flow wp-block-column-is-layout-flow\" style=\"flex-basis:100%\">\n<p>Ingeniero Naval (UACh) y Doctor en Ciencias de la Ingenier\u00eda (TU Berl\u00edn), actualmente Profesor Asociado<br\/>de la Facultad de Ciencias de la Ingenier\u00eda de la Universidad Austral de Chile y en<br\/>encargado del Canal de Ensayos Hidrodin\u00e1micos de esta misma universidad. Adem\u00e1s, es investigador principal<br\/>en el centro MERIC, centrando su inter\u00e9s en el an\u00e1lisis hidrodin\u00e1mico de las tecnolog\u00edas energ\u00e9ticas marinas<br\/>mediante m\u00e9todos num\u00e9ricos y experimentales, as\u00ed como en el desarrollo<br\/>de m\u00e9todos de dise\u00f1o y evaluaci\u00f3n de los aspectos operativos relacionados con la fabricaci\u00f3n,<br\/>instalaci\u00f3n, mantenimiento y desmantelamiento de estos dispositivos.<\/p>\n\n\n\n<p><\/p>\n<\/div>\n<\/div>\n\n<p><a href=\"https:\/\/pamec.energy\/es\/acerca-de-pamec\/estructura-organizacional\/junta-directiva\/\">\u2190 Ir a Junta Directiva<\/a><\/p>\n\n<p><\/p>\n","protected":false},"excerpt":{"rendered":"<p>Ingeniero Naval (UACh) y Doctor en Ciencias de la Ingenier\u00eda (TU Berl\u00edn), actualmente Profesor Asociadode la Facultad de Ciencias de la Ingenier\u00eda de la Universidad Austral de Chile y enencargado del Canal de Ensayos Hidrodin\u00e1micos de esta misma universidad. Adem\u00e1s, es investigador principalen el centro MERIC, centrando su inter\u00e9s en el an\u00e1lisis hidrodin\u00e1mico de las &#8230; <a title=\"gonzalo tampier\" class=\"read-more\" href=\"https:\/\/pamec.energy\/es\/junta-directiva-4\/\" aria-label=\"Leer m\u00e1s sobre gonzalo tampier\">Leer m\u00e1s<\/a><\/p>\n","protected":false},"author":17,"featured_media":0,"parent":0,"menu_order":0,"comment_status":"closed","ping_status":"closed","template":"","meta":{"generate_page_header":"","footnotes":""},"class_list":["post-9020","page","type-page","status-publish"],"_links":{"self":[{"href":"https:\/\/pamec.energy\/es\/wp-json\/wp\/v2\/pages\/9020","targetHints":{"allow":["GET"]}}],"collection":[{"href":"https:\/\/pamec.energy\/es\/wp-json\/wp\/v2\/pages"}],"about":[{"href":"https:\/\/pamec.energy\/es\/wp-json\/wp\/v2\/types\/page"}],"author":[{"embeddable":true,"href":"https:\/\/pamec.energy\/es\/wp-json\/wp\/v2\/users\/17"}],"replies":[{"embeddable":true,"href":"https:\/\/pamec.energy\/es\/wp-json\/wp\/v2\/comments?post=9020"}],"version-history":[{"count":4,"href":"https:\/\/pamec.energy\/es\/wp-json\/wp\/v2\/pages\/9020\/revisions"}],"predecessor-version":[{"id":9632,"href":"https:\/\/pamec.energy\/es\/wp-json\/wp\/v2\/pages\/9020\/revisions\/9632"}],"wp:attachment":[{"href":"https:\/\/pamec.energy\/es\/wp-json\/wp\/v2\/media?parent=9020"}],"curies":[{"name":"wp","href":"https:\/\/api.w.org\/{rel}","templated":true}]}}