{"id":9030,"date":"2025-08-06T16:53:04","date_gmt":"2025-08-06T19:53:04","guid":{"rendered":"https:\/\/pamec.energy\/comite-organizador\/"},"modified":"2026-03-26T21:31:10","modified_gmt":"2026-03-27T00:31:10","slug":"comite-organizador","status":"publish","type":"page","link":"https:\/\/pamec.energy\/es\/conferencia-panamericana-de-energia-marina-2026\/comite-organizador\/","title":{"rendered":"Comit\u00e9 Organizador"},"content":{"rendered":"\t\t<div data-elementor-type=\"wp-page\" data-elementor-id=\"9030\" class=\"elementor elementor-9030 elementor-8859\">\n\t\t\t\t<div class=\"elementor-element elementor-element-21a4ff71 e-flex e-con-boxed e-con e-parent\" data-id=\"21a4ff71\" data-element_type=\"container\" data-e-type=\"container\">\n\t\t\t\t\t<div class=\"e-con-inner\">\n\t\t\t\t<div class=\"elementor-element elementor-element-72797864 elementor-widget elementor-widget-text-editor\" data-id=\"72797864\" data-element_type=\"widget\" data-e-type=\"widget\" data-widget_type=\"text-editor.default\">\n\t\t\t\t<div class=\"elementor-widget-container\">\n\t\t\t\t\t\t\t\t\t<figure class=\"wp-block-image size-large\"><\/figure><p><img fetchpriority=\"high\" decoding=\"async\" class=\"aligncenter wp-image-8898 size-large\" src=\"https:\/\/pamec.energy\/wp-content\/uploads\/2025\/07\/3-1024x224.png\" alt=\"\" width=\"1024\" height=\"224\" srcset=\"https:\/\/pamec.energy\/wp-content\/uploads\/2025\/07\/3-1024x224.png 1024w, https:\/\/pamec.energy\/wp-content\/uploads\/2025\/07\/3-250x55.png 250w, https:\/\/pamec.energy\/wp-content\/uploads\/2025\/07\/3-768x168.png 768w, https:\/\/pamec.energy\/wp-content\/uploads\/2025\/07\/3-1536x336.png 1536w, https:\/\/pamec.energy\/wp-content\/uploads\/2025\/07\/3-2048x448.png 2048w\" sizes=\"(max-width: 1024px) 100vw, 1024px\" \/><\/p><p>La Conferencia PAMEC 2026 est\u00e1 dirigida por un Comit\u00e9 Organizador diverso y experimentado, comprometido con el avance de la colaboraci\u00f3n en materia de energ\u00edas marinas renovables en toda Am\u00e9rica. Bas\u00e1ndose en el \u00e9xito de ediciones anteriores, el equipo re\u00fane a expertos en ciencia, pol\u00edtica, industria y participaci\u00f3n comunitaria. <\/p><h3> <\/h3><h3 class=\"wp-block-heading\">Direcci\u00f3n del Comit\u00e9<\/h3><div class=\"wp-block-columns\"><div class=\"wp-block-column\" style=\"flex-basis: 100%;\"> <\/div><\/div><p><img decoding=\"async\" class=\"size-medium wp-image-8861 alignleft\" src=\"https:\/\/pamec.energy\/wp-content\/uploads\/2025\/07\/milad-250x244.png\" alt=\"\" width=\"250\" height=\"243\"><\/p><p><em><strong> <\/strong><\/em><\/p><p><em><strong>Milad Shadman<\/strong><\/em><\/p><p><em>Presidente del Comit\u00e9 Organizador de PAMEC 2026<\/em><br><strong>M\u00e1s informaci\u00f3n:<\/strong><a href=\"https:\/\/pamec.energy\/es\/milad-shadman\/?utm_source=chatgpt.com\"> https:\/\/pamec.energy\/milad-shadman\/<\/a><\/p><hr><p><img decoding=\"async\" class=\"size-medium wp-image-8863 alignleft\" src=\"https:\/\/pamec.energy\/wp-content\/uploads\/2025\/07\/bruce-250x244.png\" alt=\"\" width=\"248\" height=\"250\"><\/p><p><strong> <\/strong><\/p><p><strong> <\/strong><\/p><p><strong>Bruce Cameron<br><\/strong><em>Ex Presidente, Tesorero, Organizador de PAMEC 2020, 2022 y 2024.<br><\/em><strong>M\u00e1s informaci\u00f3n:<\/strong> <a href=\"https:\/\/pamec.energy\/es\/acerca-de-pamec\/estructura-organizacional\/junta-directiva\/bruce-cameron\/?utm_source=chatgpt.com\">https:\/\/pamec.energy\/bruce-cameron\/<\/a><\/p><p><strong><img loading=\"lazy\" decoding=\"async\" class=\"size-medium wp-image-8865 alignleft\" src=\"https:\/\/pamec.energy\/wp-content\/uploads\/2025\/07\/andrea-250x244.png\" alt=\"\" width=\"250\" height=\"248\"><\/strong><\/p><p><strong> <\/strong><\/p><p><strong>andrea copping<\/strong><\/p><p><em>Vicepresidente Cient\u00edfico y T\u00e9cnico y Presidente del Comit\u00e9 de Socios y Afiliaci\u00f3n<\/em><br><strong>M\u00e1s informaci\u00f3n:<\/strong> <a href=\"https:\/\/pamec.energy\/es\/acerca-de-pamec\/estructura-organizacional\/junta-directiva\/andrea-copping\/\">https:\/\/pamec.energy\/andrea-copping\/<\/a><\/p><p><strong><img loading=\"lazy\" decoding=\"async\" class=\"size-medium wp-image-8871 alignleft\" src=\"https:\/\/pamec.energy\/wp-content\/uploads\/2025\/07\/ocampo-250x244.png\" alt=\"\" width=\"250\" height=\"248\"><\/strong><strong> <\/strong><\/p><p><strong> <\/strong><\/p><p><strong>Paco Ocampo Torres<\/strong><br><em>Director PAMEC, Comit\u00e9 Organizador 2022 (Presidente), 2024, 2026.<\/em><br><strong>M\u00e1s informaci\u00f3n:<\/strong> <a href=\"https:\/\/pamec.energy\/es\/acerca-de-pamec\/estructura-organizacional\/junta-directiva\/francisco-javier-ocampo-torres\/\">https:\/\/pamec.energy\/francisco-javier-ocampo-torres\/<\/a><\/p><p><strong><img loading=\"lazy\" decoding=\"async\" class=\"size-medium wp-image-8869 alignleft\" src=\"https:\/\/pamec.energy\/wp-content\/uploads\/2025\/07\/diego--250x244.png\" alt=\"\" width=\"250\" height=\"248\"><\/strong><\/p><p><strong> <\/strong><\/p><p><strong> <\/strong><\/p><p><strong>Diego Acevedo<\/strong><br><em>Representante para el Caribe, Comit\u00e9 de Socios y Afiliaci\u00f3n<\/em><br><strong>M\u00e1s informaci\u00f3n:<\/strong> <a href=\"https:\/\/pamec.energy\/es\/acerca-de-pamec\/estructura-organizacional\/junta-directiva\/diego-acevedo\/\">https:\/\/pamec.energy\/about-pamec\/diego-acevedo\/<\/a><\/p><p><strong><img loading=\"lazy\" decoding=\"async\" class=\"size-medium wp-image-8867 alignleft\" src=\"https:\/\/pamec.energy\/wp-content\/uploads\/2025\/07\/dana-250x244.png\" alt=\"\" width=\"250\" height=\"250\"><\/strong><\/p><p><strong> <\/strong><\/p><p><strong> <\/strong><\/p><p><strong>Dana Morin<\/strong><br><em> Ex Secretaria y Tesorera, Miembro de los Comit\u00e9s Organizadores de 2022 y 2024<\/em><br><strong>M\u00e1s informaci\u00f3n:<\/strong> <a href=\"https:\/\/pamec.energy\/es\/acerca-de-pamec\/estructura-organizacional\/junta-directiva\/dana-morin\/\">https:\/\/pamec.energy\/dana-morin\/<\/a><\/p><p><img loading=\"lazy\" decoding=\"async\" class=\"size-medium wp-image-9043 alignleft\" src=\"https:\/\/pamec.energy\/wp-content\/uploads\/2025\/08\/Lysel-250x244.png\" alt=\"\" width=\"250\" height=\"250\"><\/p><p><strong> <\/strong><\/p><p><strong> <\/strong><\/p><p><strong>Lysel Garavelli<\/strong><br>Presidenta del Comit\u00e9 Cient\u00edfico y T\u00e9cnico 2024 y Copresidenta 2026<br><strong>M\u00e1s informaci\u00f3n:<\/strong> <a href=\"https:\/\/pamec.energy\/es\/junta-directiva-5\/\">https:\/\/pamec.energy\/lysel-garavelli\/<\/a><\/p><p><img loading=\"lazy\" decoding=\"async\" class=\"size-medium wp-image-9045 alignleft\" src=\"https:\/\/pamec.energy\/wp-content\/uploads\/2025\/08\/Zhaoqing-250x244.png\" alt=\"\" width=\"250\" height=\"250\"><\/p><p><strong> <\/strong><\/p><p><strong> <\/strong><\/p><p><strong>Zhaoqing Yang <\/strong><br>Copresidente del Comit\u00e9 Cient\u00edfico y T\u00e9cnico<br><strong>M\u00e1s informaci\u00f3n:<\/strong> <a href=\"https:\/\/pamec.energy\/zhaoqing-yanglysel\/\">https:\/\/pamec.energy\/zhaoqing-yang\/<\/a><\/p><p> <\/p><hr class=\"wp-block-separator has-alpha-channel-opacity\"><h3 class=\"wp-block-heading\">Con el apoyo de:<\/h3><p><strong>Daniela Leite Correa<\/strong><br>Una colaboradora vital en la log\u00edstica y divulgaci\u00f3n de PAMEC 2026. Daniela est\u00e1 cursando un doctorado en la Universidad Federal de R\u00edo de Janeiro, donde es miembro del Grupo de Energ\u00edas Renovables Oce\u00e1nicas (GERO).   <\/p><p><strong>Gabriel Siqueira machado<\/strong><br>Apoyo a las comunicaciones, compromiso local y operaciones. Gabriel es actualmente doctorando en la UFRJ e investigador del Grupo de Energ\u00edas Renovables Oce\u00e1nicas (GERO).   <\/p><p><strong>Lethicia Am\u00e2ncio<\/strong><br>Comunicaciones para PAMEC 2026. Lethicia es una periodista brasile\u00f1a con una s\u00f3lida formaci\u00f3n en comunicaci\u00f3n digital. <\/p>\t\t\t\t\t\t\t\t<\/div>\n\t\t\t\t<\/div>\n\t\t\t\t\t<\/div>\n\t\t\t\t<\/div>\n\t\t\t\t<\/div>\n\t\t","protected":false},"excerpt":{"rendered":"<p>La Conferencia PAMEC 2026 est\u00e1 dirigida por un Comit\u00e9 Organizador diverso y experimentado, comprometido con el avance de la colaboraci\u00f3n en materia de energ\u00edas marinas renovables en toda Am\u00e9rica. Bas\u00e1ndose en el \u00e9xito de ediciones anteriores, el equipo re\u00fane a expertos en ciencia, pol\u00edtica, industria y participaci\u00f3n comunitaria. Direcci\u00f3n del Comit\u00e9 Milad Shadman Presidente del &#8230; <a title=\"Comit\u00e9 Organizador\" class=\"read-more\" href=\"https:\/\/pamec.energy\/es\/conferencia-panamericana-de-energia-marina-2026\/comite-organizador\/\" aria-label=\"Leer m\u00e1s sobre Comit\u00e9 Organizador\">Leer m\u00e1s<\/a><\/p>\n","protected":false},"author":17,"featured_media":0,"parent":8832,"menu_order":0,"comment_status":"closed","ping_status":"closed","template":"","meta":{"generate_page_header":"","footnotes":""},"class_list":["post-9030","page","type-page","status-publish"],"_links":{"self":[{"href":"https:\/\/pamec.energy\/es\/wp-json\/wp\/v2\/pages\/9030","targetHints":{"allow":["GET"]}}],"collection":[{"href":"https:\/\/pamec.energy\/es\/wp-json\/wp\/v2\/pages"}],"about":[{"href":"https:\/\/pamec.energy\/es\/wp-json\/wp\/v2\/types\/page"}],"author":[{"embeddable":true,"href":"https:\/\/pamec.energy\/es\/wp-json\/wp\/v2\/users\/17"}],"replies":[{"embeddable":true,"href":"https:\/\/pamec.energy\/es\/wp-json\/wp\/v2\/comments?post=9030"}],"version-history":[{"count":34,"href":"https:\/\/pamec.energy\/es\/wp-json\/wp\/v2\/pages\/9030\/revisions"}],"predecessor-version":[{"id":9810,"href":"https:\/\/pamec.energy\/es\/wp-json\/wp\/v2\/pages\/9030\/revisions\/9810"}],"up":[{"embeddable":true,"href":"https:\/\/pamec.energy\/es\/wp-json\/wp\/v2\/pages\/8832"}],"wp:attachment":[{"href":"https:\/\/pamec.energy\/es\/wp-json\/wp\/v2\/media?parent=9030"}],"curies":[{"name":"wp","href":"https:\/\/api.w.org\/{rel}","templated":true}]}}