{"id":9059,"date":"2025-08-28T02:15:32","date_gmt":"2025-08-28T05:15:32","guid":{"rendered":"https:\/\/pamec.energy\/junta-directiva-5\/"},"modified":"2025-08-29T01:13:57","modified_gmt":"2025-08-29T04:13:57","slug":"junta-directiva-5","status":"publish","type":"page","link":"https:\/\/pamec.energy\/es\/junta-directiva-5\/","title":{"rendered":"Junta Directiva"},"content":{"rendered":"\n<h1 class=\"wp-block-heading\"><br\/>Lysel Garavelli  <\/h1>\n\n<h1 class=\"wp-block-heading\" id=\"block-b5eeb6d0-b12d-4749-a86e-39f06212a33a\"><strong>Comit\u00e9 Organizador de PAMEC 2026<\/strong><\/h1>\n\n<p><\/p>\n\n<p><\/p>\n\n<div class=\"wp-block-media-text alignwide is-stacked-on-mobile\" style=\"grid-template-columns:34% auto\"><figure class=\"wp-block-media-text__media\"><img fetchpriority=\"high\" decoding=\"async\" width=\"1024\" height=\"683\" src=\"https:\/\/pamec.energy\/wp-content\/uploads\/2025\/08\/unnamed-1024x683.jpg\" alt=\"\" class=\"wp-image-9054 size-full\"\/><\/figure><div class=\"wp-block-media-text__content\">\n<h2 class=\"wp-block-heading\">Lysel Garavelli  <\/h2>\n\n\n\n<h2 class=\"wp-block-heading\">Presidente del Comit\u00e9 Cient\u00edfico y T\u00e9cnico 2024 y 2026<\/h2>\n\n\n\n<p><a href=\"mailto:lysel.garavelli@pnnl.gov\" target=\"_blank\" rel=\"noreferrer noopener\">lysel.garavelli@pnnl.gov<\/a><\/p>\n<\/div><\/div>\n\n<h2 class=\"wp-block-heading\"><\/h2>\n\n<p><\/p>\n\n<p>La Dra. Lysel Garavelli es Doctora en Oceanograf\u00eda Biol\u00f3gica e Investigadora Cient\u00edfica en el Laboratorio Nacional del Noroeste del Pac\u00edfico, en Seattle, Washington (EE.UU.). Su investigaci\u00f3n se centra en los efectos de las actividades antropog\u00e9nicas en el medio marino. En particular, el Dr. Garavelli trabaja en varias disciplinas cient\u00edficas para determinar las implicaciones de las energ\u00edas renovables marinas y el desarrollo de la energ\u00eda e\u00f3lica marina en los recursos marinos. El Dr. Garavelli dirige OES-Environmental, un proyecto internacional sobre los efectos medioambientales del desarrollo de las energ\u00edas renovables marinas que comparte informaci\u00f3n sobre los efectos medioambientales para beneficiarse de los progresos realizados en todo el mundo, en el marco de los Sistemas de Energ\u00eda Oce\u00e1nica de la Agencia Internacional de la Energ\u00eda. Tambi\u00e9n desempe\u00f1a un papel principal en varios proyectos destinados a identificar las oportunidades de las energ\u00edas renovables marinas para alimentar la acuicultura.<\/p>\n\n<p><\/p>\n","protected":false},"excerpt":{"rendered":"<p>Lysel Garavelli Comit\u00e9 Organizador de PAMEC 2026 Lysel Garavelli Presidente del Comit\u00e9 Cient\u00edfico y T\u00e9cnico 2024 y 2026 lysel.garavelli@pnnl.gov La Dra. Lysel Garavelli es Doctora en Oceanograf\u00eda Biol\u00f3gica e Investigadora Cient\u00edfica en el Laboratorio Nacional del Noroeste del Pac\u00edfico, en Seattle, Washington (EE.UU.). Su investigaci\u00f3n se centra en los efectos de las actividades antropog\u00e9nicas en &#8230; <a title=\"Junta Directiva\" class=\"read-more\" href=\"https:\/\/pamec.energy\/es\/junta-directiva-5\/\" aria-label=\"Leer m\u00e1s sobre Junta Directiva\">Leer m\u00e1s<\/a><\/p>\n","protected":false},"author":17,"featured_media":0,"parent":0,"menu_order":0,"comment_status":"closed","ping_status":"closed","template":"","meta":{"generate_page_header":"","footnotes":""},"class_list":["post-9059","page","type-page","status-publish"],"_links":{"self":[{"href":"https:\/\/pamec.energy\/es\/wp-json\/wp\/v2\/pages\/9059","targetHints":{"allow":["GET"]}}],"collection":[{"href":"https:\/\/pamec.energy\/es\/wp-json\/wp\/v2\/pages"}],"about":[{"href":"https:\/\/pamec.energy\/es\/wp-json\/wp\/v2\/types\/page"}],"author":[{"embeddable":true,"href":"https:\/\/pamec.energy\/es\/wp-json\/wp\/v2\/users\/17"}],"replies":[{"embeddable":true,"href":"https:\/\/pamec.energy\/es\/wp-json\/wp\/v2\/comments?post=9059"}],"version-history":[{"count":3,"href":"https:\/\/pamec.energy\/es\/wp-json\/wp\/v2\/pages\/9059\/revisions"}],"predecessor-version":[{"id":9112,"href":"https:\/\/pamec.energy\/es\/wp-json\/wp\/v2\/pages\/9059\/revisions\/9112"}],"wp:attachment":[{"href":"https:\/\/pamec.energy\/es\/wp-json\/wp\/v2\/media?parent=9059"}],"curies":[{"name":"wp","href":"https:\/\/api.w.org\/{rel}","templated":true}]}}