{"id":9222,"date":"2025-12-02T19:07:00","date_gmt":"2025-12-02T23:07:00","guid":{"rendered":"https:\/\/pamec.energy\/9222-2\/"},"modified":"2026-03-26T21:29:34","modified_gmt":"2026-03-27T00:29:34","slug":"9222-2","status":"publish","type":"page","link":"https:\/\/pamec.energy\/es\/conferencia-panamericana-de-energia-marina-2026\/9222-2\/","title":{"rendered":"Registro de la conferencia"},"content":{"rendered":"\t\t<div data-elementor-type=\"wp-page\" data-elementor-id=\"9222\" class=\"elementor elementor-9222 elementor-9220\">\n\t\t\t\t<div class=\"elementor-element elementor-element-6820d28 e-con-full e-flex e-con e-parent\" data-id=\"6820d28\" data-element_type=\"container\" data-e-type=\"container\">\n\t\t\t\t<div class=\"elementor-element elementor-element-88a398e elementor-widget elementor-widget-text-editor\" data-id=\"88a398e\" data-element_type=\"widget\" data-e-type=\"widget\" data-widget_type=\"text-editor.default\">\n\t\t\t\t<div class=\"elementor-widget-container\">\n\t\t\t\t\t\t\t\t\t<p><img fetchpriority=\"high\" decoding=\"async\" class=\"aligncenter wp-image-8898 size-large\" src=\"https:\/\/pamec.energy\/wp-content\/uploads\/2025\/07\/3-1024x224.png\" alt=\"\" width=\"1024\" height=\"224\" srcset=\"https:\/\/pamec.energy\/wp-content\/uploads\/2025\/07\/3-1024x224.png 1024w, https:\/\/pamec.energy\/wp-content\/uploads\/2025\/07\/3-250x55.png 250w, https:\/\/pamec.energy\/wp-content\/uploads\/2025\/07\/3-768x168.png 768w, https:\/\/pamec.energy\/wp-content\/uploads\/2025\/07\/3-1536x336.png 1536w, https:\/\/pamec.energy\/wp-content\/uploads\/2025\/07\/3-2048x448.png 2048w\" sizes=\"(max-width: 1024px) 100vw, 1024px\" \/><\/p><p>Las cuotas de <a href=\"https:\/\/pamec2026.exordo.com\/\">inscripci\u00f3n<\/a> son:<\/p><ul><li>Estudiantes $265 USD<\/li><li>No estudiantes de Am\u00e9rica Latina y el Caribe (las Am\u00e9ricas pero no Canad\u00e1 y EE.UU.) 395 USD<\/li><li>Todos los dem\u00e1s, 425 USD<\/li><\/ul><p>Ten en cuenta que, dependiendo de tu pa\u00eds de origen, es posible que necesites un visado. Para m\u00e1s detalles, consulta la secci\u00f3n <a href=\"https:\/\/www.brazilevisas.com\/requirements\" target=\"_blank\" rel=\"noopener\">Visados y Requisitos de Entrada a Brasil<\/a>. Los visitantes de Canad\u00e1 y EE.UU. deben adquirir un visado electr\u00f3nico. Para m\u00e1s informaci\u00f3n, consulta <a href=\"https:\/\/brazil.vfsevisa.com\/homepage\" target=\"_blank\" rel=\"noopener\">el sitio web del visado electr\u00f3nico brasile\u00f1o.<\/a>  <\/p><p>Est\u00e1 abierta la inscripci\u00f3n para la<sup>4\u00aa<\/sup> Conferencia Panamericana de Energ\u00eda Marina (PAMEC), que reunir\u00e1 a investigadores, gobiernos y profesionales de la industria interesados en las energ\u00edas renovables marinas y de alta mar en las Am\u00e9ricas (incluido el Caribe). El evento se celebrar\u00e1 en <strong>R\u00edo de Janeiro, Brasil,<\/strong> del <strong>10 al 15 de abril de 2026.<\/strong> Para inscribirte o consultar el programa de la conferencia, visita <strong><a href=\"https:\/\/pamec2026.exordo.com\/\" target=\"_blank\" rel=\"noopener\">https:\/\/pamec2026.exordo.com\/.<\/a><\/strong><\/p><p>Una vez inscrito en PAMEC 2026, tambi\u00e9n obtendr\u00e1s acceso gratuito a los cursos en l\u00ednea sobre energ\u00edas marinas desarrollados por <a href=\"https:\/\/www.deftiq.com\/\">Deftiq<\/a>. Si no has o\u00eddo hablar de estos cursos, consulta su sitio web. Tienes a tu disposici\u00f3n 10 cursos sobre energ\u00edas marinas hasta el 31 de julio de 2026. \u00a1\u00a1\u00a1Te enviaremos por correo electr\u00f3nico el enlace de inscripci\u00f3n cuando se realice tu inscripci\u00f3n en PAMEC!!!<\/p><p>El formato de PAMEC 2026 se centra en presentaciones cient\u00edficas en forma oral y de p\u00f3ster, con una serie de talleres previos a la conferencia. Las sesiones plenarias y magistrales se centrar\u00e1n en los avances de las energ\u00edas renovables marinas en Am\u00e9rica y m\u00e1s all\u00e1, as\u00ed como en foros que aborden los retos y oportunidades en este \u00e1mbito.   <\/p><p><strong>La inscripci\u00f3n a PAMEC 2026 incluye el acceso a:<\/strong><\/p><p><strong>Talleres previos a la conferencia<\/strong><br>Sesiones centradas en temas especializados como la vigilancia medioambiental, la viabilidad de la energ\u00eda e\u00f3lica marina y los marcos de intercambio de datos. Los talleres ofrecer\u00e1n oportunidades de aprendizaje pr\u00e1ctico y fomentar\u00e1n los debates t\u00e9cnicos. <\/p><p><strong>Sesiones plenarias<\/strong><br>Los principales expertos en energ\u00edas renovables marinas ofrecer\u00e1n perspectivas globales y regionales.<\/p><p><strong>Sesiones Cient\u00edficas<\/strong><br>Las presentaciones estar\u00e1n organizadas por \u00e1reas tem\u00e1ticas de investigaci\u00f3n y dise\u00f1adas para mostrar la investigaci\u00f3n de vanguardia.  <\/p><p><strong>Eventos para establecer contactos<\/strong><br>Las recepciones, una cena de gala y las reuniones informales crean oportunidades para que los asistentes conecten con compa\u00f1eros, profesionales del sector y posibles colaboradores.<\/p><p><strong>Actividades culturales<\/strong><br>Como pa\u00eds anfitri\u00f3n, Brasil mostrar\u00e1 su patrimonio a trav\u00e9s de visitas organizadas, presentaciones culturales y gastronom\u00eda local, garantizando que los participantes experimenten la identidad \u00fanica de la regi\u00f3n.<\/p><p><strong>Eventos paralelos<\/strong><br>Se dise\u00f1ar\u00e1n actividades a medida para complementar el programa principal y ofrecer un valor adicional a los participantes.<\/p><p>PAMEC 2026 es presentado por la Junta Directiva de PAMEC, que representa a los pa\u00edses de las Am\u00e9ricas. PAMEC 2026 forma parte de la familia de conferencias sobre Investigaci\u00f3n y Desarrollo de Energ\u00edas Renovables Marinas, que incluye la <a href=\"https:\/\/ewtec.org\/\">Conferencia Europea sobre las Olas y las Mareas<\/a> (EWTEC) y la <a href=\"https:\/\/www.awtec-headoffice.com\/\">Conferencia Asi\u00e1tica sobre las Olas y las Mareas<\/a> (AWTEC), y se celebra cada dos a\u00f1os. El primer PAMEC se celebr\u00f3 en <a href=\"https:\/\/pamec.energy\/es\/eventos\/pamec-2020\/pamec-2020-2\/#main#main\">2020 en Costa Rica<\/a>, seguido <a href=\"https:\/\/pamec.energy\/es\/pamec-2022\/\">del PAMEC 2022 M\u00e9xico<\/a> y <a href=\"https:\/\/pamec.energy\/es\/eventos\/pamec-2024-barranquilla-colombia\/\">el PAMEC 2024 Colombia<\/a>. PAMEC 2026 est\u00e1 dirigido por el Presidente del <a href=\"https:\/\/pamec.energy\/pan-american-marine-energy-conference-2026\/organizing-committee\/\">Comit\u00e9 Organizador de PAMEC 2026<\/a>, el Dr. Milad Shadman, Profesor Adjunto de <a href=\"https:\/\/coppe.ufrj.br\/\">COPPE\/UFRJ<\/a>.  <\/p>\t\t\t\t\t\t\t\t<\/div>\n\t\t\t\t<\/div>\n\t\t\t\t<\/div>\n\t\t\t\t<\/div>\n\t\t","protected":false},"excerpt":{"rendered":"<p>Las cuotas de inscripci\u00f3n son: Estudiantes $265 USD No estudiantes de Am\u00e9rica Latina y el Caribe (las Am\u00e9ricas pero no Canad\u00e1 y EE.UU.) 395 USD Todos los dem\u00e1s, 425 USD Ten en cuenta que, dependiendo de tu pa\u00eds de origen, es posible que necesites un visado. Para m\u00e1s detalles, consulta la secci\u00f3n Visados y Requisitos &#8230; <a title=\"Registro de la conferencia\" class=\"read-more\" href=\"https:\/\/pamec.energy\/es\/conferencia-panamericana-de-energia-marina-2026\/9222-2\/\" aria-label=\"Leer m\u00e1s sobre Registro de la conferencia\">Leer m\u00e1s<\/a><\/p>\n","protected":false},"author":3,"featured_media":0,"parent":8832,"menu_order":0,"comment_status":"closed","ping_status":"closed","template":"","meta":{"generate_page_header":"","footnotes":""},"class_list":["post-9222","page","type-page","status-publish"],"_links":{"self":[{"href":"https:\/\/pamec.energy\/es\/wp-json\/wp\/v2\/pages\/9222","targetHints":{"allow":["GET"]}}],"collection":[{"href":"https:\/\/pamec.energy\/es\/wp-json\/wp\/v2\/pages"}],"about":[{"href":"https:\/\/pamec.energy\/es\/wp-json\/wp\/v2\/types\/page"}],"author":[{"embeddable":true,"href":"https:\/\/pamec.energy\/es\/wp-json\/wp\/v2\/users\/3"}],"replies":[{"embeddable":true,"href":"https:\/\/pamec.energy\/es\/wp-json\/wp\/v2\/comments?post=9222"}],"version-history":[{"count":21,"href":"https:\/\/pamec.energy\/es\/wp-json\/wp\/v2\/pages\/9222\/revisions"}],"predecessor-version":[{"id":9809,"href":"https:\/\/pamec.energy\/es\/wp-json\/wp\/v2\/pages\/9222\/revisions\/9809"}],"up":[{"embeddable":true,"href":"https:\/\/pamec.energy\/es\/wp-json\/wp\/v2\/pages\/8832"}],"wp:attachment":[{"href":"https:\/\/pamec.energy\/es\/wp-json\/wp\/v2\/media?parent=9222"}],"curies":[{"name":"wp","href":"https:\/\/api.w.org\/{rel}","templated":true}]}}