{"id":9514,"date":"2026-03-09T12:17:58","date_gmt":"2026-03-09T15:17:58","guid":{"rendered":"https:\/\/pamec.energy\/talleres-de-trabajo\/"},"modified":"2026-03-26T21:30:41","modified_gmt":"2026-03-27T00:30:41","slug":"talleres-de-trabajo","status":"publish","type":"page","link":"https:\/\/pamec.energy\/es\/talleres-de-trabajo\/","title":{"rendered":"Talleres previos a la conferencia"},"content":{"rendered":"\t\t<div data-elementor-type=\"wp-page\" data-elementor-id=\"9514\" class=\"elementor elementor-9514 elementor-9505\">\n\t\t\t\t<div class=\"elementor-element elementor-element-0b56294 e-flex e-con-boxed e-con e-parent\" data-id=\"0b56294\" data-element_type=\"container\" data-e-type=\"container\">\n\t\t\t\t\t<div class=\"e-con-inner\">\n\t\t\t\t<div class=\"elementor-element elementor-element-dbf9d70 elementor-widget elementor-widget-text-editor\" data-id=\"dbf9d70\" data-element_type=\"widget\" data-e-type=\"widget\" data-widget_type=\"text-editor.default\">\n\t\t\t\t<div class=\"elementor-widget-container\">\n\t\t\t\t\t\t\t\t\t<p><img fetchpriority=\"high\" decoding=\"async\" class=\"aligncenter wp-image-8898 size-large\" src=\"https:\/\/pamec.energy\/wp-content\/uploads\/2025\/07\/3-1024x224.png\" alt=\"\" width=\"1024\" height=\"224\" srcset=\"https:\/\/pamec.energy\/wp-content\/uploads\/2025\/07\/3-1024x224.png 1024w, https:\/\/pamec.energy\/wp-content\/uploads\/2025\/07\/3-250x55.png 250w, https:\/\/pamec.energy\/wp-content\/uploads\/2025\/07\/3-768x168.png 768w, https:\/\/pamec.energy\/wp-content\/uploads\/2025\/07\/3-1536x336.png 1536w, https:\/\/pamec.energy\/wp-content\/uploads\/2025\/07\/3-2048x448.png 2048w\" sizes=\"(max-width: 1024px) 100vw, 1024px\" \/><\/p><p>Los talleres se celebrar\u00e1n el viernes 10 y el s\u00e1bado 11 de abril de 2026 y est\u00e1n incluidos en la <a href=\"https:\/\/pamec2026.exordo.com\/\">inscripci\u00f3n de<\/a> delegados. Al inscribirte en la conferencia, indica en qu\u00e9 talleres participar\u00e1s. <\/p><p>Los talleres incluyen:<\/p><p><strong>a) Taller sobre los Efectos Medioambientales de la Energ\u00eda Marina Comunitaria a Distancia &#8211; Sistemas de Energ\u00eda Oce\u00e1nica<a href=\"https:\/\/www.ocean-energy-systems.org\/\">(<\/a>SEO)<\/strong><\/p><p>En todo el mundo, la mayor parte de la investigaci\u00f3n y el seguimiento de los dispositivos de energ\u00eda marina han tratado de comprender los efectos que impulsar\u00e1n las decisiones normativas para los dispositivos continentales a escala de red. Sin embargo, sabemos que muchos usos a corto plazo y probablemente a largo plazo de la energ\u00eda marina ser\u00e1n para abastecer de energ\u00eda a comunidades costeras e insulares remotas. <\/p><p>Este taller proporcionar\u00e1 algunos antecedentes sobre los usos comunitarios a distancia, y se centrar\u00e1 en sesiones interactivas que examinen y debatan los efectos medioambientales de las aplicaciones de la energ\u00eda marina a distancia con casos de uso que:<\/p><ul><li>Suministrar energ\u00eda a una comunidad insular &#8211; OTEC<\/li><li>Suministrar energ\u00eda a una comunidad costera remota: energ\u00eda de las olas<\/li><\/ul><p>Por favor, \u00fanete a Sistemas de Energ\u00eda Oce\u00e1nica &#8211; Medioambientales<a href=\"https:\/\/tethys.pnnl.gov\/about-oes-environmental\" target=\"_blank\" rel=\"nofollow noopener\">(https:\/\/tethys.pnnl.gov\/about-oes-environmental)<\/a> para explorar los efectos medioambientales que podr\u00edan esperarse de los dispositivos OTEC y de energ\u00eda undimotriz, y para determinar qu\u00e9 informaci\u00f3n adicional se necesita para agilizar el permiso regulador de estos dispositivos.<\/p><p><strong>b) Taller sobre Normas Internacionales y Certificaci\u00f3n &#8211; <a href=\"https:\/\/www.lr.org\/\">Lloyd&#8217;s Register<\/a> y Streamwise Developments<\/strong><\/p><p>Durante d\u00e9cadas, el sector de la energ\u00eda marina ha superado duras realidades, desde prototipos perdidos en el mar hasta prometedores proyectos piloto incapaces de irrumpir en el mercado. Sin embargo, cada desaf\u00edo ha aportado claridad, reforzando nuestra comprensi\u00f3n de los obst\u00e1culos t\u00e9cnicos, econ\u00f3micos y normativos que hay que superar. Este progreso ha llevado a la creaci\u00f3n y mejora de <a href=\"https:\/\/www.iec.ch\/dyn\/www\/f?p=103:7:715406287972873::::FSP_ORG_ID,FSP_LANG_ID:1316,25\" rel=\"nofollow\"><strong>normas IEC<\/strong><\/a> para los sistemas de conversi\u00f3n de energ\u00eda marina, componentes vitales para un futuro m\u00e1s resiliente y escalable.  <\/p><p>Pero las normas por s\u00ed solas no bastan. Acelerar la comercializaci\u00f3n depende, en \u00faltima instancia, de una cosa por encima de todo: La confianza. Confianza en las tecnolog\u00edas, confianza en los datos y, sobre todo, confianza en los sistemas de evaluaci\u00f3n de la conformidad independientes y reconocidos internacionalmente que verifican el rendimiento. Aqu\u00ed es donde el <a href=\"https:\/\/www.iecre.org\/home\" rel=\"nofollow\"><strong>sistema de evaluaci\u00f3n de la conformidad IECRE<\/strong><\/a> desempe\u00f1a un papel vital. Mediante la verificaci\u00f3n de los dise\u00f1os por sus organismos de certificaci\u00f3n aceptados y la validaci\u00f3n de los resultados de las pruebas por sus instalaciones de ensayo aceptadas, garantiza que las declaraciones de rendimiento sean cre\u00edbles, s\u00f3lidas, transparentes y aceptadas en todo el mundo. Este marco reconocido internacionalmente da a los desarrolladores, reguladores e inversores la confianza que necesitan para pasar de prototipos a productos, y de proyectos piloto a implantaciones rentables.     <\/p><p><strong>c) De la investigaci\u00f3n al impacto en el mundo real de la energ\u00eda marina &#8211; Centro Europeo de Energ\u00eda Marina<a href=\"https:\/\/www.emec.org.uk\/\">(EMEC)<\/a> y Centro Fundy de Investigaci\u00f3n Oce\u00e1nica para la Energ\u00eda<a href=\"https:\/\/fundyforce.ca\/\">(FORCE<\/a>)<\/strong><\/p><p>Este taller interactivo explora c\u00f3mo los centros de pruebas de energ\u00eda marina han evolucionado hasta convertirse en socios fundamentales de la investigaci\u00f3n aplicada dentro del ecosistema de la energ\u00eda marina. A medida que han ido madurando la vigilancia medioambiental, los requisitos de datos y las expectativas normativas, los centros de pruebas ya no son meros lugares de demostraci\u00f3n: ahora operan en la intersecci\u00f3n de la investigaci\u00f3n, el despliegue y la pol\u00edtica. Equipados con infraestructura permanente, instrumentaci\u00f3n avanzada y acceso directo a despliegues en vivo, est\u00e1n en una posici\u00f3n \u00fanica para apoyar la investigaci\u00f3n de alto impacto en el mundo real, en colaboraci\u00f3n con instituciones acad\u00e9micas.  <\/p><p>Utilizando ejemplos de iniciativas de colaboraci\u00f3n como las Plataformas de Innovaci\u00f3n de Sensores Oce\u00e1nicos (OSIP) y los centros internacionales de pruebas de energ\u00edas marinas, la sesi\u00f3n examinar\u00e1 c\u00f3mo estas plataformas generan conjuntos de datos compartidos, validan tecnolog\u00edas, informan sobre la regulaci\u00f3n y pretenden reducir el riesgo del despliegue comercial.<\/p><p>Los participantes conocer\u00e1n c\u00f3mo los investigadores pueden colaborar directamente con los centros de pruebas para alinear el trabajo acad\u00e9mico con los retos reales de la industria, acelerar la transferencia de conocimientos y contribuir al avance responsable de la energ\u00eda marina hacia la escala comercial.<\/p><p><strong>d) Taller sobre energ\u00eda e\u00f3lica marina y marina flotante: Normas, ciclo de vida y tecnolog\u00edas de conversi\u00f3n- <a href=\"https:\/\/ww2.eagle.org\/en.html\">American Bureau of Shipping (ABS)<\/a><\/strong><\/p><p>Este taller t\u00e9cnico se centrar\u00e1 en las normas y tecnolog\u00edas que dan forma a las energ\u00edas renovables flotantes en alta mar. La sesi\u00f3n proporcionar\u00e1 una actualizaci\u00f3n concisa de la norma IEC sobre energ\u00eda e\u00f3lica flotante y aclarar\u00e1 la relaci\u00f3n entre IEC TC 88 (energ\u00eda e\u00f3lica) e IEC TC 114 (energ\u00eda marina), haciendo hincapi\u00e9 en lo que estos marcos significan para los promotores, los fabricantes de equipos originales y los inversores en Sudam\u00e9rica (concretamente en Brasil). <\/p><p>Los ponentes y participantes esbozar\u00e1n las consideraciones clave del ciclo de vida de los proyectos e\u00f3licos marinos flotantes, desde la selecci\u00f3n inicial del dise\u00f1o y el concepto hasta la instalaci\u00f3n, el funcionamiento y la gesti\u00f3n de la integridad de los activos. En el taller tambi\u00e9n se destacar\u00e1n los \u00faltimos avances en tecnolog\u00edas de convertidores de energ\u00eda en alta mar, incluidos los convertidores de energ\u00eda de las olas y las corrientes, y se debatir\u00e1n sus v\u00edas de normalizaci\u00f3n y sus retos de certificaci\u00f3n. <\/p>\t\t\t\t\t\t\t\t<\/div>\n\t\t\t\t<\/div>\n\t\t\t\t\t<\/div>\n\t\t\t\t<\/div>\n\t\t\t\t<\/div>\n\t\t","protected":false},"excerpt":{"rendered":"<p>Los talleres se celebrar\u00e1n el viernes 10 y el s\u00e1bado 11 de abril de 2026 y est\u00e1n incluidos en la inscripci\u00f3n de delegados. Al inscribirte en la conferencia, indica en qu\u00e9 talleres participar\u00e1s. Los talleres incluyen: a) Taller sobre los Efectos Medioambientales de la Energ\u00eda Marina Comunitaria a Distancia &#8211; Sistemas de Energ\u00eda Oce\u00e1nica(SEO) En &#8230; <a title=\"Talleres previos a la conferencia\" class=\"read-more\" href=\"https:\/\/pamec.energy\/es\/talleres-de-trabajo\/\" aria-label=\"Leer m\u00e1s sobre Talleres previos a la conferencia\">Leer m\u00e1s<\/a><\/p>\n","protected":false},"author":3,"featured_media":0,"parent":0,"menu_order":0,"comment_status":"closed","ping_status":"closed","template":"","meta":{"generate_page_header":"","footnotes":""},"class_list":["post-9514","page","type-page","status-publish"],"_links":{"self":[{"href":"https:\/\/pamec.energy\/es\/wp-json\/wp\/v2\/pages\/9514","targetHints":{"allow":["GET"]}}],"collection":[{"href":"https:\/\/pamec.energy\/es\/wp-json\/wp\/v2\/pages"}],"about":[{"href":"https:\/\/pamec.energy\/es\/wp-json\/wp\/v2\/types\/page"}],"author":[{"embeddable":true,"href":"https:\/\/pamec.energy\/es\/wp-json\/wp\/v2\/users\/3"}],"replies":[{"embeddable":true,"href":"https:\/\/pamec.energy\/es\/wp-json\/wp\/v2\/comments?post=9514"}],"version-history":[{"count":4,"href":"https:\/\/pamec.energy\/es\/wp-json\/wp\/v2\/pages\/9514\/revisions"}],"predecessor-version":[{"id":9770,"href":"https:\/\/pamec.energy\/es\/wp-json\/wp\/v2\/pages\/9514\/revisions\/9770"}],"wp:attachment":[{"href":"https:\/\/pamec.energy\/es\/wp-json\/wp\/v2\/media?parent=9514"}],"curies":[{"name":"wp","href":"https:\/\/api.w.org\/{rel}","templated":true}]}}