{"id":9542,"date":"2026-03-09T13:22:35","date_gmt":"2026-03-09T16:22:35","guid":{"rendered":"https:\/\/pamec.energy\/programa\/"},"modified":"2026-04-10T07:36:56","modified_gmt":"2026-04-10T10:36:56","slug":"programa","status":"publish","type":"page","link":"https:\/\/pamec.energy\/es\/programa\/","title":{"rendered":"Programa"},"content":{"rendered":"\t\t<div data-elementor-type=\"wp-page\" data-elementor-id=\"9542\" class=\"elementor elementor-9542 elementor-9536\">\n\t\t\t\t<div class=\"elementor-element elementor-element-cab3157 e-flex e-con-boxed e-con e-parent\" data-id=\"cab3157\" data-element_type=\"container\" data-e-type=\"container\">\n\t\t\t\t\t<div class=\"e-con-inner\">\n\t\t\t\t<div class=\"elementor-element elementor-element-3ce5601 elementor-widget elementor-widget-text-editor\" data-id=\"3ce5601\" data-element_type=\"widget\" data-e-type=\"widget\" data-widget_type=\"text-editor.default\">\n\t\t\t\t<div class=\"elementor-widget-container\">\n\t\t\t\t\t\t\t\t\t<p><img fetchpriority=\"high\" decoding=\"async\" class=\"aligncenter wp-image-8898 size-large\" src=\"https:\/\/pamec.energy\/wp-content\/uploads\/2025\/07\/3-1024x224.png\" alt=\"\" width=\"1024\" height=\"224\" srcset=\"https:\/\/pamec.energy\/wp-content\/uploads\/2025\/07\/3-1024x224.png 1024w, https:\/\/pamec.energy\/wp-content\/uploads\/2025\/07\/3-250x55.png 250w, https:\/\/pamec.energy\/wp-content\/uploads\/2025\/07\/3-768x168.png 768w, https:\/\/pamec.energy\/wp-content\/uploads\/2025\/07\/3-1536x336.png 1536w, https:\/\/pamec.energy\/wp-content\/uploads\/2025\/07\/3-2048x448.png 2048w\" sizes=\"(max-width: 1024px) 100vw, 1024px\" \/><\/p><p>Para consultar la informaci\u00f3n m\u00e1s reciente sobre el Programa, visita <a style=\"background-color: #ffffff;\" href=\"https:\/\/pamec2026.exordo.com\/programme\/at-a-glance\">Programa | Conferencia Panamericana de Energ\u00eda Marina 2026 | Ex Ordo<\/a>. Tambi\u00e9n se puede <a style=\"background-color: #ffffff;\" href=\"https:\/\/pamec.energy\/wp-content\/uploads\/2026\/04\/detailed_virtual.pdf\">descargar<\/a> una versi\u00f3n en PDF a partir del 2 de abril de 2026. <\/p>\t\t\t\t\t\t\t\t<\/div>\n\t\t\t\t<\/div>\n\t\t\t\t\t<\/div>\n\t\t\t\t<\/div>\n\t\t\t\t<\/div>\n\t\t","protected":false},"excerpt":{"rendered":"<p>Para consultar la informaci\u00f3n m\u00e1s reciente sobre el Programa, visita Programa | Conferencia Panamericana de Energ\u00eda Marina 2026 | Ex Ordo. Tambi\u00e9n se puede descargar una versi\u00f3n en PDF a partir del 2 de abril de 2026.<\/p>\n","protected":false},"author":3,"featured_media":0,"parent":0,"menu_order":0,"comment_status":"closed","ping_status":"closed","template":"","meta":{"generate_page_header":"","footnotes":""},"class_list":["post-9542","page","type-page","status-publish"],"_links":{"self":[{"href":"https:\/\/pamec.energy\/es\/wp-json\/wp\/v2\/pages\/9542","targetHints":{"allow":["GET"]}}],"collection":[{"href":"https:\/\/pamec.energy\/es\/wp-json\/wp\/v2\/pages"}],"about":[{"href":"https:\/\/pamec.energy\/es\/wp-json\/wp\/v2\/types\/page"}],"author":[{"embeddable":true,"href":"https:\/\/pamec.energy\/es\/wp-json\/wp\/v2\/users\/3"}],"replies":[{"embeddable":true,"href":"https:\/\/pamec.energy\/es\/wp-json\/wp\/v2\/comments?post=9542"}],"version-history":[{"count":3,"href":"https:\/\/pamec.energy\/es\/wp-json\/wp\/v2\/pages\/9542\/revisions"}],"predecessor-version":[{"id":9865,"href":"https:\/\/pamec.energy\/es\/wp-json\/wp\/v2\/pages\/9542\/revisions\/9865"}],"wp:attachment":[{"href":"https:\/\/pamec.energy\/es\/wp-json\/wp\/v2\/media?parent=9542"}],"curies":[{"name":"wp","href":"https:\/\/api.w.org\/{rel}","templated":true}]}}