{"id":9620,"date":"2026-03-09T19:11:03","date_gmt":"2026-03-09T22:11:03","guid":{"rendered":"https:\/\/pamec.energy\/fabian-pierart\/"},"modified":"2026-03-09T19:11:03","modified_gmt":"2026-03-09T22:11:03","slug":"fabian-pierart","status":"publish","type":"page","link":"https:\/\/pamec.energy\/es\/fabian-pierart\/","title":{"rendered":"Fabi\u00e1n Pierart"},"content":{"rendered":"\n<h1 class=\"wp-block-heading\">CONSEJO DE ADMINISTRACI\u00d3N<\/h1>\n\n<div class=\"wp-block-columns is-layout-flex wp-container-core-columns-is-layout-9d6595d7 wp-block-columns-is-layout-flex\">\n<div class=\"wp-block-column is-layout-flow wp-block-column-is-layout-flow\" style=\"flex-basis:100%\">\n<p>\u00a0<\/p>\n\n\n\n<div class=\"wp-block-media-text is-stacked-on-mobile is-vertically-aligned-center\" style=\"grid-template-columns:34% auto\"><figure class=\"wp-block-media-text__media\"><img fetchpriority=\"high\" decoding=\"async\" width=\"768\" height=\"710\" src=\"https:\/\/pamec.energy\/wp-content\/uploads\/2026\/03\/fabian.jpg\" alt=\"\" class=\"wp-image-9611 size-full\" srcset=\"https:\/\/pamec.energy\/wp-content\/uploads\/2026\/03\/fabian.jpg 768w, https:\/\/pamec.energy\/wp-content\/uploads\/2026\/03\/fabian-250x231.jpg 250w\" sizes=\"(max-width: 768px) 100vw, 768px\" \/><\/figure><div class=\"wp-block-media-text__content\">\n<div style=\"height:5px\" aria-hidden=\"true\" class=\"wp-block-spacer\"><\/div>\n\n\n\n<h2 class=\"wp-block-heading\">Fabi\u00e1n Pierart<\/h2>\n\n\n\n<h3 class=\"wp-block-heading\">Miembro General<\/h3>\n\n\n\n<p><a href=\"mailto:fpierart@ubiobio.cl\">fpierart@ubiobio.cl<\/a><\/p>\n<\/div><\/div>\n\n\n\n<p>Ingeniero Mec\u00e1nico y Mag\u00edster en Ciencias de la Ingenier\u00eda de la Universidad de Concepci\u00f3n (UdeC), y Doctor en Ingenier\u00eda Mec\u00e1nica de la Universidad T\u00e9cnica de Dinamarca (DTU). Actualmente es Profesor Asistente en la Facultad de Ingenier\u00eda de la Universidad del B\u00edo-B\u00edo, Chile, donde se desempe\u00f1a como Director del Programa de Mag\u00edster en Ciencias de la Ingenier\u00eda Mec\u00e1nica y Fundador y Director del Grupo de Energ\u00edas Renovables Offshore y undimotrices (GROW-E) desde 2016.<\/p>\n\n\n\n<p>Su investigaci\u00f3n se centra en el dise\u00f1o, modelado y control de los convertidores de energ\u00eda undimotriz (CME). Ha participado en varios proyectos internacionales de investigaci\u00f3n colaborativa y ha dirigido el proyecto del Convertidor de Energ\u00eda de las Olas de Lafkenewen, un CME totalmente dise\u00f1ado y construido por el grupo GROW-E y desplegado con \u00e9xito frente a las costas de Chile en 2025.<\/p>\n\n\n\n<p>\u00a0<\/p>\n<\/div>\n<\/div>\n","protected":false},"excerpt":{"rendered":"<p>CONSEJO DE ADMINISTRACI\u00d3N \u00a0 Fabi\u00e1n Pierart Miembro General fpierart@ubiobio.cl Ingeniero Mec\u00e1nico y Mag\u00edster en Ciencias de la Ingenier\u00eda de la Universidad de Concepci\u00f3n (UdeC), y Doctor en Ingenier\u00eda Mec\u00e1nica de la Universidad T\u00e9cnica de Dinamarca (DTU). Actualmente es Profesor Asistente en la Facultad de Ingenier\u00eda de la Universidad del B\u00edo-B\u00edo, Chile, donde se desempe\u00f1a como &#8230; <a title=\"Fabi\u00e1n Pierart\" class=\"read-more\" href=\"https:\/\/pamec.energy\/es\/fabian-pierart\/\" aria-label=\"Leer m\u00e1s sobre Fabi\u00e1n Pierart\">Leer m\u00e1s<\/a><\/p>\n","protected":false},"author":3,"featured_media":0,"parent":0,"menu_order":0,"comment_status":"closed","ping_status":"closed","template":"","meta":{"generate_page_header":"","footnotes":""},"class_list":["post-9620","page","type-page","status-publish"],"_links":{"self":[{"href":"https:\/\/pamec.energy\/es\/wp-json\/wp\/v2\/pages\/9620","targetHints":{"allow":["GET"]}}],"collection":[{"href":"https:\/\/pamec.energy\/es\/wp-json\/wp\/v2\/pages"}],"about":[{"href":"https:\/\/pamec.energy\/es\/wp-json\/wp\/v2\/types\/page"}],"author":[{"embeddable":true,"href":"https:\/\/pamec.energy\/es\/wp-json\/wp\/v2\/users\/3"}],"replies":[{"embeddable":true,"href":"https:\/\/pamec.energy\/es\/wp-json\/wp\/v2\/comments?post=9620"}],"version-history":[{"count":1,"href":"https:\/\/pamec.energy\/es\/wp-json\/wp\/v2\/pages\/9620\/revisions"}],"predecessor-version":[{"id":9623,"href":"https:\/\/pamec.energy\/es\/wp-json\/wp\/v2\/pages\/9620\/revisions\/9623"}],"wp:attachment":[{"href":"https:\/\/pamec.energy\/es\/wp-json\/wp\/v2\/media?parent=9620"}],"curies":[{"name":"wp","href":"https:\/\/api.w.org\/{rel}","templated":true}]}}