{"id":9643,"date":"2026-03-09T19:27:27","date_gmt":"2026-03-09T22:27:27","guid":{"rendered":"https:\/\/pamec.energy\/luis-carlos-alfaro-monge\/"},"modified":"2026-03-10T19:09:31","modified_gmt":"2026-03-10T22:09:31","slug":"luis-carlos-alfaro-monge","status":"publish","type":"page","link":"https:\/\/pamec.energy\/es\/luis-carlos-alfaro-monge\/","title":{"rendered":"Luis Carlos Alfaro Monge"},"content":{"rendered":"\n<div class=\"wp-block-media-text alignwide is-stacked-on-mobile\" style=\"grid-template-columns:34% auto\"><figure class=\"wp-block-media-text__media\"><img fetchpriority=\"high\" decoding=\"async\" width=\"924\" height=\"728\" src=\"https:\/\/pamec.energy\/wp-content\/uploads\/2025\/08\/Captura-de-Tela-2025-08-04-as-23.52.07-1.png\" alt=\"\" class=\"wp-image-8954 size-full\" srcset=\"https:\/\/pamec.energy\/wp-content\/uploads\/2025\/08\/Captura-de-Tela-2025-08-04-as-23.52.07-1.png 924w, https:\/\/pamec.energy\/wp-content\/uploads\/2025\/08\/Captura-de-Tela-2025-08-04-as-23.52.07-1-250x197.png 250w, https:\/\/pamec.energy\/wp-content\/uploads\/2025\/08\/Captura-de-Tela-2025-08-04-as-23.52.07-1-768x605.png 768w\" sizes=\"(max-width: 924px) 100vw, 924px\" \/><\/figure><div class=\"wp-block-media-text__content\">\n<h2 class=\"wp-block-heading\">Luis Carlos Alfaro Monge<\/h2>\n\n\n\n<h2 class=\"wp-block-heading\">Representante de Centroam\u00e9rica<\/h2>\n\n\n\n<p><\/p>\n<\/div><\/div>\n\n<p><\/p>\n\n<p>Luis Carlos Alfaro Monge es Licenciado en Ingenier\u00eda Civil por la Universidad de Costa Rica, M\u00e1ster Profesional en Ingenier\u00eda Hidr\u00e1ulica por la misma universidad y M\u00e1ster en Ingenier\u00eda Civil con especializaci\u00f3n en Ingenier\u00eda Hidr\u00e1ulica por la Technische Universiteit Delft (TU Delft) de los Pa\u00edses Bajos.<\/p>\n\n<p>Su formaci\u00f3n acad\u00e9mica abarca temas directamente relacionados con la energ\u00eda marina, como la modelizaci\u00f3n computacional del flujo hidr\u00e1ulico, las estructuras hidr\u00e1ulicas, la f\u00edsica de las olas en aguas oce\u00e1nicas y costeras, la ingenier\u00eda hidroel\u00e9ctrica, la din\u00e1mica costera, los puertos y el dragado.<\/p>\n\n<p>Su carrera profesional se ha desarrollado principalmente en el Instituto Costarricense de Electricidad (ICE), instituci\u00f3n reconocida por su compromiso con la sostenibilidad y la implementaci\u00f3n de proyectos de energ\u00edas renovables. Dentro de la instituci\u00f3n, en una primera etapa (2011-2017), trabaj\u00f3 como ingeniero hidr\u00e1ulico, principalmente en proyectos hidroel\u00e9ctricos. En una segunda etapa (2023 hasta la fecha), ha formado parte del \u00c1rea de Energ\u00eda y Desarrollo El\u00e9ctrico de la Divisi\u00f3n de Planificaci\u00f3n y Sostenibilidad del ICE, \u00e1rea encargada de estimar el potencial energ\u00e9tico de las distintas fuentes renovables disponibles y coordinar los estudios de identificaci\u00f3n, prefactibilidad y viabilidad de proyectos energ\u00e9ticos, principalmente de fuentes renovables. En esta segunda etapa, ha participado en la supervisi\u00f3n de estudios para el desarrollo de capacidades para la futura implantaci\u00f3n de la energ\u00eda e\u00f3lica marina en Costa Rica. Estos estudios cubren los aspectos t\u00e9cnicos (infraestructura, clima marino, entre otros), sociales y medioambientales de la implantaci\u00f3n de la tecnolog\u00eda.<\/p>\n\n<p>Paralelamente, desde 2016, se ha desempe\u00f1ado como examinador de tesis en la Universidad Aut\u00f3noma de Centroam\u00e9rica (UACA), espec\u00edficamente en el campo de la ingenier\u00eda hidr\u00e1ulica.<\/p>\n\n<p>A nivel internacional, en 2018 y 2019 trabaj\u00f3 en el departamento de Hidron\u00e1mica de la empresa holandesa Boskalis como consultor de ingenier\u00eda hidr\u00e1ulica y en el desarrollo de su tesis de m\u00e1ster, centrada en el transporte y la gesti\u00f3n de sedimentos durante las operaciones de dragado en v\u00edas navegables y zonas costeras, para cumplir los requisitos medioambientales y desarrollar t\u00e9cnicas de dragado m\u00e1s sostenibles.<\/p>\n\n<p><\/p>\n","protected":false},"excerpt":{"rendered":"<p>Luis Carlos Alfaro Monge Representante de Centroam\u00e9rica Luis Carlos Alfaro Monge es Licenciado en Ingenier\u00eda Civil por la Universidad de Costa Rica, M\u00e1ster Profesional en Ingenier\u00eda Hidr\u00e1ulica por la misma universidad y M\u00e1ster en Ingenier\u00eda Civil con especializaci\u00f3n en Ingenier\u00eda Hidr\u00e1ulica por la Technische Universiteit Delft (TU Delft) de los Pa\u00edses Bajos. Su formaci\u00f3n acad\u00e9mica &#8230; <a title=\"Luis Carlos Alfaro Monge\" class=\"read-more\" href=\"https:\/\/pamec.energy\/es\/luis-carlos-alfaro-monge\/\" aria-label=\"Leer m\u00e1s sobre Luis Carlos Alfaro Monge\">Leer m\u00e1s<\/a><\/p>\n","protected":false},"author":3,"featured_media":0,"parent":0,"menu_order":0,"comment_status":"closed","ping_status":"closed","template":"","meta":{"generate_page_header":"","footnotes":""},"class_list":["post-9643","page","type-page","status-publish"],"_links":{"self":[{"href":"https:\/\/pamec.energy\/es\/wp-json\/wp\/v2\/pages\/9643","targetHints":{"allow":["GET"]}}],"collection":[{"href":"https:\/\/pamec.energy\/es\/wp-json\/wp\/v2\/pages"}],"about":[{"href":"https:\/\/pamec.energy\/es\/wp-json\/wp\/v2\/types\/page"}],"author":[{"embeddable":true,"href":"https:\/\/pamec.energy\/es\/wp-json\/wp\/v2\/users\/3"}],"replies":[{"embeddable":true,"href":"https:\/\/pamec.energy\/es\/wp-json\/wp\/v2\/comments?post=9643"}],"version-history":[{"count":3,"href":"https:\/\/pamec.energy\/es\/wp-json\/wp\/v2\/pages\/9643\/revisions"}],"predecessor-version":[{"id":9680,"href":"https:\/\/pamec.energy\/es\/wp-json\/wp\/v2\/pages\/9643\/revisions\/9680"}],"wp:attachment":[{"href":"https:\/\/pamec.energy\/es\/wp-json\/wp\/v2\/media?parent=9643"}],"curies":[{"name":"wp","href":"https:\/\/api.w.org\/{rel}","templated":true}]}}