{"id":9675,"date":"2026-03-10T19:09:11","date_gmt":"2026-03-10T22:09:11","guid":{"rendered":"https:\/\/pamec.energy\/elena-baca\/"},"modified":"2026-03-11T08:49:55","modified_gmt":"2026-03-11T11:49:55","slug":"elena-baca","status":"publish","type":"page","link":"https:\/\/pamec.energy\/es\/elena-baca\/","title":{"rendered":"Elena Baca"},"content":{"rendered":"\t\t<div data-elementor-type=\"wp-page\" data-elementor-id=\"9675\" class=\"elementor elementor-9675 elementor-9666\">\n\t\t\t\t<div class=\"elementor-element elementor-element-b34603a e-flex e-con-boxed e-con e-parent\" data-id=\"b34603a\" data-element_type=\"container\" data-e-type=\"container\">\n\t\t\t\t\t<div class=\"e-con-inner\">\n\t\t\t\t<div class=\"elementor-element elementor-element-62fbe3c elementor-widget elementor-widget-text-editor\" data-id=\"62fbe3c\" data-element_type=\"widget\" data-e-type=\"widget\" data-widget_type=\"text-editor.default\">\n\t\t\t\t<div class=\"elementor-widget-container\">\n\t\t\t\t\t\t\t\t\t<h1 class=\"wp-block-heading\">CONSEJO DE ADMINISTRACI\u00d3N<\/h1><p><\/p><div class=\"wp-block-media-text is-stacked-on-mobile is-vertically-aligned-center\" style=\"grid-template-columns: 34% auto;\"><figure class=\"wp-block-media-text__media\"><img fetchpriority=\"high\" decoding=\"async\" class=\"alignnone wp-image-9667 \" src=\"https:\/\/pamec.energy\/wp-content\/uploads\/2026\/03\/elena.png\" alt=\"\" width=\"264\" height=\"352\"><\/figure><div class=\"wp-block-media-text__content\"><p><\/p><p><\/p><h2 class=\"wp-block-heading\">Elena Baca<\/h2><p><\/p><h3 class=\"wp-block-heading\">Miembro General<\/h3><p><\/p><a href=\"mailto:Elena.Baca@nrel.gov\">Elena.Baca@nrel.gov<\/a><br><p><\/p><\/div><\/div><p><\/p><div class=\"wp-block-columns\"><p><\/p><div class=\"wp-block-column\" style=\"flex-basis: 100%;\"><p><\/p><p><\/p><p>Elena Baca es ingeniera de investigaci\u00f3n del grupo de Investigaci\u00f3n y Desarrollo sobre Energ\u00eda Marina (ME) <a href=\"https:\/\/www.nrel.gov\/\">del Laboratorio Nacional de Energ\u00edas Renovables<\/a>. Como investigadora principal de la cartera de investigaci\u00f3n de <a href=\"https:\/\/www.nrel.gov\/water\/economic-analysis.html\">an\u00e1lisis tecnoecon\u00f3mico<\/a> de ME, su trabajo se centra en el rendimiento energ\u00e9tico y el modelado econ\u00f3mico de los sistemas ME para investigar posibles v\u00edas de reducci\u00f3n del coste nivelado de la energ\u00eda (LCOE) de las tecnolog\u00edas ME. Adem\u00e1s, dirige el desarrollo del m\u00f3dulo ME del Modelo de Asesor de Sistemas, que es una herramienta de modelizaci\u00f3n normalizada utilizada para estimar la producci\u00f3n anual de energ\u00eda y el LCOE de los sistemas de energ\u00eda undimotriz y mareomotriz. Elena tiene un m\u00e1ster en Ingenier\u00eda de Sistemas Energ\u00e9ticos Avanzados por la Escuela de Minas de Colorado y una licenciatura en Ingenier\u00eda de Sistemas Energ\u00e9ticos por la Universidad Estatal de Oreg\u00f3n. Antes de trabajar en el NREL, Elena tiene experiencia en dise\u00f1o mec\u00e1nico y en la aplicaci\u00f3n de mejoras de eficiencia energ\u00e9tica para sistemas mec\u00e1nicos en los sectores comercial e industrial.<\/p><\/div><\/div>\t\t\t\t\t\t\t\t<\/div>\n\t\t\t\t<\/div>\n\t\t\t\t\t<\/div>\n\t\t\t\t<\/div>\n\t\t\t\t<\/div>\n\t\t","protected":false},"excerpt":{"rendered":"<p>CONSEJO DE ADMINISTRACI\u00d3N Elena Baca Miembro General Elena.Baca@nrel.gov Elena Baca es ingeniera de investigaci\u00f3n del grupo de Investigaci\u00f3n y Desarrollo sobre Energ\u00eda Marina (ME) del Laboratorio Nacional de Energ\u00edas Renovables. Como investigadora principal de la cartera de investigaci\u00f3n de an\u00e1lisis tecnoecon\u00f3mico de ME, su trabajo se centra en el rendimiento energ\u00e9tico y el modelado econ\u00f3mico &#8230; <a title=\"Elena Baca\" class=\"read-more\" href=\"https:\/\/pamec.energy\/es\/elena-baca\/\" aria-label=\"Leer m\u00e1s sobre Elena Baca\">Leer m\u00e1s<\/a><\/p>\n","protected":false},"author":3,"featured_media":0,"parent":0,"menu_order":0,"comment_status":"closed","ping_status":"closed","template":"","meta":{"generate_page_header":"","footnotes":""},"class_list":["post-9675","page","type-page","status-publish"],"_links":{"self":[{"href":"https:\/\/pamec.energy\/es\/wp-json\/wp\/v2\/pages\/9675","targetHints":{"allow":["GET"]}}],"collection":[{"href":"https:\/\/pamec.energy\/es\/wp-json\/wp\/v2\/pages"}],"about":[{"href":"https:\/\/pamec.energy\/es\/wp-json\/wp\/v2\/types\/page"}],"author":[{"embeddable":true,"href":"https:\/\/pamec.energy\/es\/wp-json\/wp\/v2\/users\/3"}],"replies":[{"embeddable":true,"href":"https:\/\/pamec.energy\/es\/wp-json\/wp\/v2\/comments?post=9675"}],"version-history":[{"count":2,"href":"https:\/\/pamec.energy\/es\/wp-json\/wp\/v2\/pages\/9675\/revisions"}],"predecessor-version":[{"id":9692,"href":"https:\/\/pamec.energy\/es\/wp-json\/wp\/v2\/pages\/9675\/revisions\/9692"}],"wp:attachment":[{"href":"https:\/\/pamec.energy\/es\/wp-json\/wp\/v2\/media?parent=9675"}],"curies":[{"name":"wp","href":"https:\/\/api.w.org\/{rel}","templated":true}]}}