{"id":9817,"date":"2026-03-29T17:37:02","date_gmt":"2026-03-29T20:37:02","guid":{"rendered":"https:\/\/pamec.energy\/recepcion-y-cena-de-gala\/"},"modified":"2026-03-29T17:45:24","modified_gmt":"2026-03-29T20:45:24","slug":"recepcion-y-cena-de-gala","status":"publish","type":"page","link":"https:\/\/pamec.energy\/es\/recepcion-y-cena-de-gala\/","title":{"rendered":"Recepci\u00f3n y Cena de Gala"},"content":{"rendered":"\t\t<div data-elementor-type=\"wp-page\" data-elementor-id=\"9817\" class=\"elementor elementor-9817 elementor-9812\">\n\t\t\t\t<div class=\"elementor-element elementor-element-10eb5d4 e-flex e-con-boxed e-con e-parent\" data-id=\"10eb5d4\" data-element_type=\"container\" data-e-type=\"container\">\n\t\t\t\t\t<div class=\"e-con-inner\">\n\t\t\t\t<div class=\"elementor-element elementor-element-397b548 elementor-widget elementor-widget-text-editor\" data-id=\"397b548\" data-element_type=\"widget\" data-e-type=\"widget\" data-widget_type=\"text-editor.default\">\n\t\t\t\t<div class=\"elementor-widget-container\">\n\t\t\t\t\t\t\t\t\t<p><img fetchpriority=\"high\" decoding=\"async\" class=\"aligncenter wp-image-8898 size-large\" src=\"https:\/\/pamec.energy\/wp-content\/uploads\/2025\/07\/3-1024x224.png\" alt=\"\" width=\"1024\" height=\"224\" srcset=\"https:\/\/pamec.energy\/wp-content\/uploads\/2025\/07\/3-1024x224.png 1024w, https:\/\/pamec.energy\/wp-content\/uploads\/2025\/07\/3-250x55.png 250w, https:\/\/pamec.energy\/wp-content\/uploads\/2025\/07\/3-768x168.png 768w, https:\/\/pamec.energy\/wp-content\/uploads\/2025\/07\/3-1536x336.png 1536w, https:\/\/pamec.energy\/wp-content\/uploads\/2025\/07\/3-2048x448.png 2048w\" sizes=\"(max-width: 1024px) 100vw, 1024px\" \/><\/p><p>La Recepci\u00f3n y la Cena de Gala son actos de networking incluidos en el Pase de Delegado. Tambi\u00e9n se pueden comprar entradas para invitados.<\/p><p><strong>La Recepci\u00f3n tendr\u00e1 lugar en el Rufi.bar<\/strong>:<\/p><ul><li><a href=\"https:\/\/www.instagram.com\/rufi.bar\">Instagram<\/a><\/li><li><a href=\"https:\/\/maps.app.goo.gl\/Yf3b3r8JPjbCaf7ZA\">https:\/\/maps.app.goo.gl\/Yf3b3r8JPjbCaf7ZA<\/a><\/li><li>Pra\u00e7a Santos Dumont, 106 azotea &#8211; G\u00e1vea, R\u00edo de Janeiro, R\u00edo de Janeiro 22470100<\/li><\/ul><p><strong>La Cena de Gala se celebrar\u00e1 en <\/strong><strong>Casa da Gl\u00f3ria:<\/strong><\/p><ul><li><a href=\"https:\/\/www.instagram.com\/casadagloria?igsh=MXFmcGxuaTZncThhMA==\">https:\/\/www.instagram.com\/casadagloria?igsh=MXFmcGxuaTZncThhMA==<\/a><\/li><li><a href=\"https:\/\/maps.app.goo.gl\/b3YZhwzRjahHh5ne9?g_st=ic\">https:\/\/maps.app.goo.gl\/b3YZhwzRjahHh5ne9?g_st=ic<\/a><\/li><li>Ladeira da Gl\u00f3ria, 98, Gl\u00f3ria R\u00edo de Janeiro, R\u00edo de Janeiro<\/li><\/ul>\t\t\t\t\t\t\t\t<\/div>\n\t\t\t\t<\/div>\n\t\t\t\t\t<\/div>\n\t\t\t\t<\/div>\n\t\t\t\t<\/div>\n\t\t","protected":false},"excerpt":{"rendered":"<p>La Recepci\u00f3n y la Cena de Gala son actos de networking incluidos en el Pase de Delegado. Tambi\u00e9n se pueden comprar entradas para invitados. La Recepci\u00f3n tendr\u00e1 lugar en el Rufi.bar: Instagram https:\/\/maps.app.goo.gl\/Yf3b3r8JPjbCaf7ZA Pra\u00e7a Santos Dumont, 106 azotea &#8211; G\u00e1vea, R\u00edo de Janeiro, R\u00edo de Janeiro 22470100 La Cena de Gala se celebrar\u00e1 en Casa &#8230; <a title=\"Recepci\u00f3n y Cena de Gala\" class=\"read-more\" href=\"https:\/\/pamec.energy\/es\/recepcion-y-cena-de-gala\/\" aria-label=\"Leer m\u00e1s sobre Recepci\u00f3n y Cena de Gala\">Leer m\u00e1s<\/a><\/p>\n","protected":false},"author":3,"featured_media":0,"parent":0,"menu_order":0,"comment_status":"closed","ping_status":"closed","template":"","meta":{"generate_page_header":"","footnotes":""},"class_list":["post-9817","page","type-page","status-publish"],"_links":{"self":[{"href":"https:\/\/pamec.energy\/es\/wp-json\/wp\/v2\/pages\/9817","targetHints":{"allow":["GET"]}}],"collection":[{"href":"https:\/\/pamec.energy\/es\/wp-json\/wp\/v2\/pages"}],"about":[{"href":"https:\/\/pamec.energy\/es\/wp-json\/wp\/v2\/types\/page"}],"author":[{"embeddable":true,"href":"https:\/\/pamec.energy\/es\/wp-json\/wp\/v2\/users\/3"}],"replies":[{"embeddable":true,"href":"https:\/\/pamec.energy\/es\/wp-json\/wp\/v2\/comments?post=9817"}],"version-history":[{"count":4,"href":"https:\/\/pamec.energy\/es\/wp-json\/wp\/v2\/pages\/9817\/revisions"}],"predecessor-version":[{"id":9833,"href":"https:\/\/pamec.energy\/es\/wp-json\/wp\/v2\/pages\/9817\/revisions\/9833"}],"wp:attachment":[{"href":"https:\/\/pamec.energy\/es\/wp-json\/wp\/v2\/media?parent=9817"}],"curies":[{"name":"wp","href":"https:\/\/api.w.org\/{rel}","templated":true}]}}